{"id":2084,"date":"2025-07-19T15:05:02","date_gmt":"2025-07-19T15:05:02","guid":{"rendered":"https:\/\/www.uees.edu.sv\/premiosoldejusticia\/?page_id=2084"},"modified":"2025-07-19T15:19:20","modified_gmt":"2025-07-19T15:19:20","slug":"galardonado-2025-fundacion-exodo","status":"publish","type":"page","link":"https:\/\/www.uees.edu.sv\/premiosoldejusticia\/galardonado-2025-fundacion-exodo\/","title":{"rendered":"Galardonado 2025 Fundaci\u00f3n \u00c9xodo"},"content":{"rendered":"\t\t<div data-elementor-type=\"wp-page\" data-elementor-id=\"2084\" class=\"elementor elementor-2084\" data-elementor-post-type=\"page\">\n\t\t\t\t\t\t<section class=\"elementor-section elementor-top-section elementor-element elementor-element-1095de37 elementor-section-boxed elementor-section-height-default elementor-section-height-default\" data-id=\"1095de37\" data-element_type=\"section\">\n\t\t\t\t\t\t<div class=\"elementor-container elementor-column-gap-default\">\n\t\t\t\t\t<div class=\"elementor-column elementor-col-100 elementor-top-column elementor-element elementor-element-7c045d52\" data-id=\"7c045d52\" data-element_type=\"column\">\n\t\t\t<div class=\"elementor-widget-wrap elementor-element-populated\">\n\t\t\t\t\t\t<div class=\"elementor-element elementor-element-36719f72 elementor-widget elementor-widget-text-editor\" data-id=\"36719f72\" data-element_type=\"widget\" data-widget_type=\"text-editor.default\">\n\t\t\t\t<div class=\"elementor-widget-container\">\n\t\t\t<style>\/*! elementor - v3.22.0 - 26-06-2024 *\/\n.elementor-widget-text-editor.elementor-drop-cap-view-stacked .elementor-drop-cap{background-color:#69727d;color:#fff}.elementor-widget-text-editor.elementor-drop-cap-view-framed .elementor-drop-cap{color:#69727d;border:3px solid;background-color:transparent}.elementor-widget-text-editor:not(.elementor-drop-cap-view-default) .elementor-drop-cap{margin-top:8px}.elementor-widget-text-editor:not(.elementor-drop-cap-view-default) .elementor-drop-cap-letter{width:1em;height:1em}.elementor-widget-text-editor .elementor-drop-cap{float:left;text-align:center;line-height:1;font-size:50px}.elementor-widget-text-editor .elementor-drop-cap-letter{display:inline-block}<\/style>\t\t\t\t<div class=\"wp-block-cover alignfull has-ast-global-color-2-background-color has-background-dim\" style=\"min-height: 380px;\">\n<div class=\"wp-block-cover__inner-container\">\n<p><!-- wp:heading {\"textAlign\":\"center\",\"level\":1,\"textColor\":\"white\"} --><\/p>\n<h1 class=\"has-text-align-center has-white-color has-text-color\" style=\"text-align: center;\"><span style=\"font-size: 36pt;\">Entrega de Galard\u00f3n<\/span><\/h1>\n<h1 class=\"has-text-align-center has-white-color has-text-color\" style=\"text-align: center;\">\u00abSol de Justicia\u00bb 2025<\/h1>\n<\/div>\n<\/div>\n<p><!-- \/wp:group --><\/p>\t\t\t\t\t\t<\/div>\n\t\t\t\t<\/div>\n\t\t\t\t\t<\/div>\n\t\t<\/div>\n\t\t\t\t\t<\/div>\n\t\t<\/section>\n\t\t\t\t<section class=\"elementor-section elementor-top-section elementor-element elementor-element-cc32815 elementor-hidden-desktop elementor-hidden-tablet elementor-hidden-mobile elementor-section-boxed elementor-section-height-default elementor-section-height-default\" data-id=\"cc32815\" data-element_type=\"section\">\n\t\t\t\t\t\t<div class=\"elementor-container elementor-column-gap-default\">\n\t\t\t\t\t<div class=\"elementor-column elementor-col-100 elementor-top-column elementor-element elementor-element-105bfd3\" data-id=\"105bfd3\" data-element_type=\"column\">\n\t\t\t<div class=\"elementor-widget-wrap elementor-element-populated\">\n\t\t\t\t\t\t<div class=\"elementor-element elementor-element-f88ea06 elementor-widget elementor-widget-heading\" data-id=\"f88ea06\" data-element_type=\"widget\" data-widget_type=\"heading.default\">\n\t\t\t\t<div class=\"elementor-widget-container\">\n\t\t\t<style>\/*! elementor - v3.22.0 - 26-06-2024 *\/\n.elementor-heading-title{padding:0;margin:0;line-height:1}.elementor-widget-heading .elementor-heading-title[class*=elementor-size-]>a{color:inherit;font-size:inherit;line-height:inherit}.elementor-widget-heading .elementor-heading-title.elementor-size-small{font-size:15px}.elementor-widget-heading .elementor-heading-title.elementor-size-medium{font-size:19px}.elementor-widget-heading .elementor-heading-title.elementor-size-large{font-size:29px}.elementor-widget-heading .elementor-heading-title.elementor-size-xl{font-size:39px}.elementor-widget-heading .elementor-heading-title.elementor-size-xxl{font-size:59px}<\/style><h2 class=\"elementor-heading-title elementor-size-default\">Pastor Galardonado<\/h2>\t\t<\/div>\n\t\t\t\t<\/div>\n\t\t\t\t\t<\/div>\n\t\t<\/div>\n\t\t\t\t\t<\/div>\n\t\t<\/section>\n\t\t\t\t<section class=\"elementor-section elementor-top-section elementor-element elementor-element-57b8953 elementor-section-boxed elementor-section-height-default elementor-section-height-default\" data-id=\"57b8953\" data-element_type=\"section\">\n\t\t\t\t\t\t<div class=\"elementor-container elementor-column-gap-default\">\n\t\t\t\t\t<div class=\"elementor-column elementor-col-50 elementor-top-column elementor-element elementor-element-380dcaa\" data-id=\"380dcaa\" data-element_type=\"column\">\n\t\t\t<div class=\"elementor-widget-wrap elementor-element-populated\">\n\t\t\t\t\t\t<div class=\"elementor-element elementor-element-6396be1 elementor-widget elementor-widget-image\" data-id=\"6396be1\" data-element_type=\"widget\" data-widget_type=\"image.default\">\n\t\t\t\t<div class=\"elementor-widget-container\">\n\t\t\t<style>\/*! elementor - v3.22.0 - 26-06-2024 *\/\n.elementor-widget-image{text-align:center}.elementor-widget-image a{display:inline-block}.elementor-widget-image a img[src$=\".svg\"]{width:48px}.elementor-widget-image img{vertical-align:middle;display:inline-block}<\/style>\t\t\t\t\t\t\t\t\t\t<img decoding=\"async\" src=\"https:\/\/www.uees.edu.sv\/premiosoldejusticia\/wp-content\/uploads\/2025\/07\/506027812_23908112982118604_4366612367517209669_n.jpg\" title=\"506027812_23908112982118604_4366612367517209669_n\" alt=\"506027812_23908112982118604_4366612367517209669_n\" loading=\"lazy\" \/>\t\t\t\t\t\t\t\t\t\t\t\t\t<\/div>\n\t\t\t\t<\/div>\n\t\t\t\t<div class=\"elementor-element elementor-element-9724b95 elementor-widget elementor-widget-image\" data-id=\"9724b95\" data-element_type=\"widget\" data-widget_type=\"image.default\">\n\t\t\t\t<div class=\"elementor-widget-container\">\n\t\t\t\t\t\t\t\t\t\t\t\t\t<img decoding=\"async\" src=\"https:\/\/www.uees.edu.sv\/premiosoldejusticia\/wp-content\/uploads\/2025\/07\/bEducational-Center-2.jpg\" title=\"bEducational-Center-2\" alt=\"bEducational-Center-2\" loading=\"lazy\" \/>\t\t\t\t\t\t\t\t\t\t\t\t\t<\/div>\n\t\t\t\t<\/div>\n\t\t\t\t<div class=\"elementor-element elementor-element-1363a6c elementor-widget elementor-widget-image\" data-id=\"1363a6c\" data-element_type=\"widget\" data-widget_type=\"image.default\">\n\t\t\t\t<div class=\"elementor-widget-container\">\n\t\t\t\t\t\t\t\t\t\t\t\t\t<img decoding=\"async\" src=\"https:\/\/www.uees.edu.sv\/premiosoldejusticia\/wp-content\/uploads\/2025\/07\/aChildrens-Homes-2.jpg\" title=\"aChildrens-Homes-2\" alt=\"aChildrens-Homes-2\" loading=\"lazy\" \/>\t\t\t\t\t\t\t\t\t\t\t\t\t<\/div>\n\t\t\t\t<\/div>\n\t\t\t\t\t<\/div>\n\t\t<\/div>\n\t\t\t\t<div class=\"elementor-column elementor-col-50 elementor-top-column elementor-element elementor-element-258294f\" data-id=\"258294f\" data-element_type=\"column\">\n\t\t\t<div class=\"elementor-widget-wrap elementor-element-populated\">\n\t\t\t\t\t\t<div class=\"elementor-element elementor-element-fe73797 elementor-widget elementor-widget-heading\" data-id=\"fe73797\" data-element_type=\"widget\" data-widget_type=\"heading.default\">\n\t\t\t\t<div class=\"elementor-widget-container\">\n\t\t\t<h4 class=\"elementor-heading-title elementor-size-default\">Galardonado 2025<\/h4>\t\t<\/div>\n\t\t\t\t<\/div>\n\t\t\t\t<div class=\"elementor-element elementor-element-9ce2008 elementor-widget elementor-widget-heading\" data-id=\"9ce2008\" data-element_type=\"widget\" data-widget_type=\"heading.default\">\n\t\t\t\t<div class=\"elementor-widget-container\">\n\t\t\t<h2 class=\"elementor-heading-title elementor-size-default\">Fundaci\u00f3n \u00c9xodo<\/h2>\t\t<\/div>\n\t\t\t\t<\/div>\n\t\t\t\t<div class=\"elementor-element elementor-element-25409c8 elementor-hidden-desktop elementor-hidden-tablet elementor-hidden-mobile elementor-widget elementor-widget-heading\" data-id=\"25409c8\" data-element_type=\"widget\" data-widget_type=\"heading.default\">\n\t\t\t\t<div class=\"elementor-widget-container\">\n\t\t\t<h4 class=\"elementor-heading-title elementor-size-default\">Iglesia Familia de Jes\u00fas, San Salvador, El Salvador<\/h4>\t\t<\/div>\n\t\t\t\t<\/div>\n\t\t\t\t<div class=\"elementor-element elementor-element-46b6f1f elementor-widget elementor-widget-text-editor\" data-id=\"46b6f1f\" data-element_type=\"widget\" data-widget_type=\"text-editor.default\">\n\t\t\t\t<div class=\"elementor-widget-container\">\n\t\t\t\t\t\t\t<p>Fundaci\u00f3n \u00c9xodo, bajo la presidencia de la Ing. Patricia Lazo de Parras, conmemora en 2026 treinta a\u00f1os de servicio dedicado a ni\u00f1os y j\u00f3venes en riesgo en El Salvador. Nacida en 1996 a partir de una experiencia en la que Patricia hall\u00f3, en una noche lluviosa, a un ni\u00f1o resguardando a su hermano en una caja de cart\u00f3n, la organizaci\u00f3n se constituy\u00f3 para ofrecer una \u201csegunda oportunidad\u201d a quienes sufren violencia, abandono o extrema pobreza.<br \/>Su campus de diez manzanas, ubicado en el kil\u00f3metro\u202f31 de la carretera Comalapa (San Luis Talpa), acoge a cuarenta residentes de edades que van desde reci\u00e9n nacidos hasta mayores de veinte a\u00f1os. M\u00e1s all\u00e1 de cubrir necesidades b\u00e1sicas\u2014alimentaci\u00f3n, vivienda y vestimenta\u2014, Fundaci\u00f3n \u00c9xodo brinda un acompa\u00f1amiento integral: educaci\u00f3n formal, asistencia m\u00e9dica, apoyo psicol\u00f3gico y seguimiento social, todo con el fin de restaurar cinco dimensiones de la persona: espiritual, f\u00edsica, emocional, educativa y de salud.<br \/>Pionera en su campo, obtuvo una de las primeras certificaciones oficiales para el servicio a menores en riesgo en El Salvador, lo cual avala la rigurosidad de sus protocolos y la calidad de su atenci\u00f3n. Gracias a ello, se ha consolidado como referente nacional en cuidado integral infantil, transformando el temor y la desconfianza que muchos traen consigo en confianza y bienestar en un plazo aproximado de seis a ocho meses.<br \/>Hace diez a\u00f1os, la fundaci\u00f3n implement\u00f3 un Programa de Transici\u00f3n para j\u00f3venes mayores de 18 a\u00f1os, permiti\u00e9ndoles continuar su formaci\u00f3n universitaria o su inserci\u00f3n laboral dentro del mismo campus hasta lograr plena independencia. Este modelo garantiza un apoyo sostenido en vivienda, alimentaci\u00f3n y tutor\u00eda vocacional.<br \/>El nombre \u201c\u00c9xodo\u201d alude a la liberaci\u00f3n de la esclavitud hacia una tierra de promesas: cada ni\u00f1o y joven atendido emprende su propio \u00e9xodo desde la violencia y el abuso hacia una vida de oportunidades. Con la mirada puesto en expandir este enfoque restaurador por Centroam\u00e9rica, Fundaci\u00f3n \u00c9xodo renueva su compromiso de romper ciclos de violencia y sembrar esperanza en cada nueva generaci\u00f3n.<\/p>\t\t\t\t\t\t<\/div>\n\t\t\t\t<\/div>\n\t\t\t\t\t<\/div>\n\t\t<\/div>\n\t\t\t\t\t<\/div>\n\t\t<\/section>\n\t\t\t\t<section class=\"elementor-section elementor-top-section elementor-element elementor-element-809191b elementor-section-boxed elementor-section-height-default elementor-section-height-default\" data-id=\"809191b\" data-element_type=\"section\">\n\t\t\t\t\t\t<div class=\"elementor-container elementor-column-gap-default\">\n\t\t\t\t\t<div class=\"elementor-column elementor-col-100 elementor-top-column elementor-element elementor-element-ebe780f\" data-id=\"ebe780f\" data-element_type=\"column\">\n\t\t\t<div class=\"elementor-widget-wrap elementor-element-populated\">\n\t\t\t\t\t\t<div class=\"elementor-element elementor-element-c72ca8e elementor-widget elementor-widget-video\" data-id=\"c72ca8e\" data-element_type=\"widget\" data-settings=\"{&quot;video_type&quot;:&quot;hosted&quot;,&quot;controls&quot;:&quot;yes&quot;}\" data-widget_type=\"video.default\">\n\t\t\t\t<div class=\"elementor-widget-container\">\n\t\t\t<style>\/*! elementor - v3.22.0 - 26-06-2024 *\/\n.elementor-widget-video .elementor-widget-container{overflow:hidden;transform:translateZ(0)}.elementor-widget-video .elementor-wrapper{aspect-ratio:var(--video-aspect-ratio)}.elementor-widget-video .elementor-wrapper iframe,.elementor-widget-video .elementor-wrapper video{height:100%;width:100%;display:flex;border:none;background-color:#000}@supports not (aspect-ratio:1\/1){.elementor-widget-video .elementor-wrapper{position:relative;overflow:hidden;height:0;padding-bottom:calc(100% \/ var(--video-aspect-ratio))}.elementor-widget-video .elementor-wrapper iframe,.elementor-widget-video .elementor-wrapper video{position:absolute;top:0;right:0;bottom:0;left:0}}.elementor-widget-video .elementor-open-inline .elementor-custom-embed-image-overlay{position:absolute;top:0;right:0;bottom:0;left:0;background-size:cover;background-position:50%}.elementor-widget-video .elementor-custom-embed-image-overlay{cursor:pointer;text-align:center}.elementor-widget-video .elementor-custom-embed-image-overlay:hover .elementor-custom-embed-play i{opacity:1}.elementor-widget-video .elementor-custom-embed-image-overlay img{display:block;width:100%;aspect-ratio:var(--video-aspect-ratio);-o-object-fit:cover;object-fit:cover;-o-object-position:center center;object-position:center center}@supports not (aspect-ratio:1\/1){.elementor-widget-video .elementor-custom-embed-image-overlay{position:relative;overflow:hidden;height:0;padding-bottom:calc(100% \/ var(--video-aspect-ratio))}.elementor-widget-video .elementor-custom-embed-image-overlay img{position:absolute;top:0;right:0;bottom:0;left:0}}.elementor-widget-video .e-hosted-video .elementor-video{-o-object-fit:cover;object-fit:cover}.e-con-inner>.elementor-widget-video,.e-con>.elementor-widget-video{width:var(--container-widget-width);--flex-grow:var(--container-widget-flex-grow)}<\/style>\t\t<div class=\"e-hosted-video elementor-wrapper elementor-open-inline\">\n\t\t\t\t\t<video class=\"elementor-video\" src=\"https:\/\/www.uees.edu.sv\/premiosoldejusticia\/wp-content\/uploads\/2025\/07\/FUNDACION-EXODO.mp4\" controls=\"\" preload=\"metadata\" controlsList=\"nodownload\" poster=\"https:\/\/www.uees.edu.sv\/premiosoldejusticia\/wp-content\/uploads\/2022\/07\/Captura-de-pantalla-2022-07-13-140750.png\"><\/video>\n\t\t\t\t<\/div>\n\t\t\t\t<\/div>\n\t\t\t\t<\/div>\n\t\t\t\t\t<\/div>\n\t\t<\/div>\n\t\t\t\t\t<\/div>\n\t\t<\/section>\n\t\t\t\t<section class=\"elementor-section elementor-top-section elementor-element elementor-element-5719c14 elementor-section-boxed elementor-section-height-default elementor-section-height-default\" data-id=\"5719c14\" data-element_type=\"section\">\n\t\t\t\t\t\t<div class=\"elementor-container elementor-column-gap-default\">\n\t\t\t\t\t<div class=\"elementor-column elementor-col-100 elementor-top-column elementor-element elementor-element-929ed6a\" data-id=\"929ed6a\" data-element_type=\"column\">\n\t\t\t<div class=\"elementor-widget-wrap elementor-element-populated\">\n\t\t\t\t\t\t<div class=\"elementor-element elementor-element-645bf63 elementor-arrows-position-inside elementor-pagination-position-outside elementor-widget elementor-widget-image-carousel\" data-id=\"645bf63\" data-element_type=\"widget\" data-settings=\"{&quot;slides_to_show&quot;:&quot;1&quot;,&quot;pause_on_hover&quot;:&quot;no&quot;,&quot;pause_on_interaction&quot;:&quot;no&quot;,&quot;autoplay_speed&quot;:4000,&quot;navigation&quot;:&quot;both&quot;,&quot;autoplay&quot;:&quot;yes&quot;,&quot;infinite&quot;:&quot;yes&quot;,&quot;effect&quot;:&quot;slide&quot;,&quot;speed&quot;:500}\" data-widget_type=\"image-carousel.default\">\n\t\t\t\t<div class=\"elementor-widget-container\">\n\t\t\t<style>\/*! elementor - v3.22.0 - 26-06-2024 *\/\n.elementor-widget-image-carousel .swiper,.elementor-widget-image-carousel .swiper-container{position:static}.elementor-widget-image-carousel .swiper-container .swiper-slide figure,.elementor-widget-image-carousel .swiper .swiper-slide figure{line-height:inherit}.elementor-widget-image-carousel .swiper-slide{text-align:center}.elementor-image-carousel-wrapper:not(.swiper-container-initialized):not(.swiper-initialized) .swiper-slide{max-width:calc(100% \/ var(--e-image-carousel-slides-to-show, 3))}<\/style>\t\t<div class=\"elementor-image-carousel-wrapper swiper\" dir=\"ltr\">\n\t\t\t<div class=\"elementor-image-carousel swiper-wrapper\" aria-live=\"off\">\n\t\t\t\t\t\t\t\t<div class=\"swiper-slide\" role=\"group\" aria-roledescription=\"slide\" aria-label=\"1 de 5\"><figure class=\"swiper-slide-inner\"><img decoding=\"async\" class=\"swiper-slide-image\" src=\"https:\/\/www.uees.edu.sv\/premiosoldejusticia\/wp-content\/uploads\/2025\/07\/zFree-time-2-e1752937947259.jpg\" alt=\"zFree-time-2\" \/><\/figure><\/div><div class=\"swiper-slide\" role=\"group\" aria-roledescription=\"slide\" aria-label=\"2 de 5\"><figure class=\"swiper-slide-inner\"><img decoding=\"async\" class=\"swiper-slide-image\" src=\"https:\/\/www.uees.edu.sv\/premiosoldejusticia\/wp-content\/uploads\/2025\/07\/aChildrens-Homes-2.jpg\" alt=\"aChildrens-Homes-2\" \/><\/figure><\/div><div class=\"swiper-slide\" role=\"group\" aria-roledescription=\"slide\" aria-label=\"3 de 5\"><figure class=\"swiper-slide-inner\"><img decoding=\"async\" class=\"swiper-slide-image\" src=\"https:\/\/www.uees.edu.sv\/premiosoldejusticia\/wp-content\/uploads\/2025\/07\/bEducational-Center-3-e1752937973940.jpg\" alt=\"bEducational-Center-3\" \/><\/figure><\/div><div class=\"swiper-slide\" role=\"group\" aria-roledescription=\"slide\" aria-label=\"4 de 5\"><figure class=\"swiper-slide-inner\"><img decoding=\"async\" class=\"swiper-slide-image\" src=\"https:\/\/www.uees.edu.sv\/premiosoldejusticia\/wp-content\/uploads\/2025\/07\/dTabernacle-e1752938165879.jpg\" alt=\"dTabernacle\" \/><\/figure><\/div><div class=\"swiper-slide\" role=\"group\" aria-roledescription=\"slide\" aria-label=\"5 de 5\"><figure class=\"swiper-slide-inner\"><img decoding=\"async\" class=\"swiper-slide-image\" src=\"https:\/\/www.uees.edu.sv\/premiosoldejusticia\/wp-content\/uploads\/2025\/07\/iTeens-in-Bible-Study-3-e1752938335220.jpg\" alt=\"iTeens-in-Bible-Study-3\" \/><\/figure><\/div>\t\t\t<\/div>\n\t\t\t\t\t\t\t\t\t\t\t\t<div class=\"elementor-swiper-button elementor-swiper-button-prev\" role=\"button\" tabindex=\"0\">\n\t\t\t\t\t\t<i aria-hidden=\"true\" class=\"eicon-chevron-left\"><\/i>\t\t\t\t\t<\/div>\n\t\t\t\t\t<div class=\"elementor-swiper-button elementor-swiper-button-next\" role=\"button\" tabindex=\"0\">\n\t\t\t\t\t\t<i aria-hidden=\"true\" class=\"eicon-chevron-right\"><\/i>\t\t\t\t\t<\/div>\n\t\t\t\t\n\t\t\t\t\t\t\t\t\t<div class=\"swiper-pagination\"><\/div>\n\t\t\t\t\t\t\t\t\t<\/div>\n\t\t\t\t<\/div>\n\t\t\t\t<\/div>\n\t\t\t\t<div class=\"elementor-element elementor-element-f9e9893 elementor-invisible elementor-widget elementor-widget-heading\" data-id=\"f9e9893\" data-element_type=\"widget\" data-settings=\"{&quot;_animation&quot;:&quot;slideInUp&quot;}\" data-widget_type=\"heading.default\">\n\t\t\t\t<div class=\"elementor-widget-container\">\n\t\t\t<h3 class=\"elementor-heading-title elementor-size-default\"><a href=\"https:\/\/www.uees.edu.sv\/premiosoldejusticia\/historico\/\">Conozca a Nuestros Ex-Galardonados <\/a><\/h3>\t\t<\/div>\n\t\t\t\t<\/div>\n\t\t\t\t\t<\/div>\n\t\t<\/div>\n\t\t\t\t\t<\/div>\n\t\t<\/section>\n\t\t\t\t<\/div>\n\t\t","protected":false},"excerpt":{"rendered":"<p>Entrega de Galard\u00f3n \u00abSol de Justicia\u00bb 2025 Pastor Galardonado Galardonado 2025 Fundaci\u00f3n \u00c9xodo Iglesia Familia de Jes\u00fas, San Salvador, El Salvador Fundaci\u00f3n \u00c9xodo, bajo la presidencia de la Ing. Patricia Lazo de Parras, conmemora en 2026 treinta a\u00f1os de servicio dedicado a ni\u00f1os y j\u00f3venes en riesgo en El Salvador. Nacida en 1996 a partir [&hellip;]<\/p>\n","protected":false},"author":1,"featured_media":0,"parent":0,"menu_order":0,"comment_status":"closed","ping_status":"closed","template":"","meta":{"site-sidebar-layout":"no-sidebar","site-content-layout":"plain-container","ast-site-content-layout":"default","site-content-style":"default","site-sidebar-style":"default","ast-global-header-display":"","ast-banner-title-visibility":"","ast-main-header-display":"","ast-hfb-above-header-display":"","ast-hfb-below-header-display":"","ast-hfb-mobile-header-display":"","site-post-title":"disabled","ast-breadcrumbs-content":"disabled","ast-featured-img":"disabled","footer-sml-layout":"","ast-disable-related-posts":"","theme-transparent-header-meta":"enabled","adv-header-id-meta":"","stick-header-meta":"","header-above-stick-meta":"","header-main-stick-meta":"","header-below-stick-meta":"","astra-migrate-meta-layouts":"default","ast-page-background-enabled":"default","ast-page-background-meta":{"desktop":{"background-color":"var(--ast-global-color-4)","background-image":"","background-repeat":"repeat","background-position":"center center","background-size":"auto","background-attachment":"scroll","background-type":"","background-media":"","overlay-type":"","overlay-color":"","overlay-opacity":"","overlay-gradient":""},"tablet":{"background-color":"","background-image":"","background-repeat":"repeat","background-position":"center center","background-size":"auto","background-attachment":"scroll","background-type":"","background-media":"","overlay-type":"","overlay-color":"","overlay-opacity":"","overlay-gradient":""},"mobile":{"background-color":"","background-image":"","background-repeat":"repeat","background-position":"center center","background-size":"auto","background-attachment":"scroll","background-type":"","background-media":"","overlay-type":"","overlay-color":"","overlay-opacity":"","overlay-gradient":""}},"ast-content-background-meta":{"desktop":{"background-color":"var(--ast-global-color-5)","background-image":"","background-repeat":"repeat","background-position":"center center","background-size":"auto","background-attachment":"scroll","background-type":"","background-media":"","overlay-type":"","overlay-color":"","overlay-opacity":"","overlay-gradient":""},"tablet":{"background-color":"var(--ast-global-color-5)","background-image":"","background-repeat":"repeat","background-position":"center center","background-size":"auto","background-attachment":"scroll","background-type":"","background-media":"","overlay-type":"","overlay-color":"","overlay-opacity":"","overlay-gradient":""},"mobile":{"background-color":"var(--ast-global-color-5)","background-image":"","background-repeat":"repeat","background-position":"center center","background-size":"auto","background-attachment":"scroll","background-type":"","background-media":"","overlay-type":"","overlay-color":"","overlay-opacity":"","overlay-gradient":""}},"footnotes":""},"class_list":["post-2084","page","type-page","status-publish","hentry"],"_links":{"self":[{"href":"https:\/\/www.uees.edu.sv\/premiosoldejusticia\/wp-json\/wp\/v2\/pages\/2084","targetHints":{"allow":["GET"]}}],"collection":[{"href":"https:\/\/www.uees.edu.sv\/premiosoldejusticia\/wp-json\/wp\/v2\/pages"}],"about":[{"href":"https:\/\/www.uees.edu.sv\/premiosoldejusticia\/wp-json\/wp\/v2\/types\/page"}],"author":[{"embeddable":true,"href":"https:\/\/www.uees.edu.sv\/premiosoldejusticia\/wp-json\/wp\/v2\/users\/1"}],"replies":[{"embeddable":true,"href":"https:\/\/www.uees.edu.sv\/premiosoldejusticia\/wp-json\/wp\/v2\/comments?post=2084"}],"version-history":[{"count":7,"href":"https:\/\/www.uees.edu.sv\/premiosoldejusticia\/wp-json\/wp\/v2\/pages\/2084\/revisions"}],"predecessor-version":[{"id":2102,"href":"https:\/\/www.uees.edu.sv\/premiosoldejusticia\/wp-json\/wp\/v2\/pages\/2084\/revisions\/2102"}],"wp:attachment":[{"href":"https:\/\/www.uees.edu.sv\/premiosoldejusticia\/wp-json\/wp\/v2\/media?parent=2084"}],"curies":[{"name":"wp","href":"https:\/\/api.w.org\/{rel}","templated":true}]}}