{"id":2071,"date":"2025-07-19T14:59:31","date_gmt":"2025-07-19T14:59:31","guid":{"rendered":"https:\/\/www.uees.edu.sv\/premiosoldejusticia\/?page_id=2071"},"modified":"2025-07-19T16:03:59","modified_gmt":"2025-07-19T16:03:59","slug":"galardonado-2025-hna-marta-cordova-aleman","status":"publish","type":"page","link":"https:\/\/www.uees.edu.sv\/premiosoldejusticia\/galardonado-2025-hna-marta-cordova-aleman\/","title":{"rendered":"Galardonado 2025 Hna. Marta C\u00f3rdova Alem\u00e1n"},"content":{"rendered":"\t\t<div data-elementor-type=\"wp-page\" data-elementor-id=\"2071\" class=\"elementor elementor-2071\" data-elementor-post-type=\"page\">\n\t\t\t\t\t\t<section class=\"elementor-section elementor-top-section elementor-element elementor-element-1095de37 elementor-section-boxed elementor-section-height-default elementor-section-height-default\" data-id=\"1095de37\" data-element_type=\"section\">\n\t\t\t\t\t\t<div class=\"elementor-container elementor-column-gap-default\">\n\t\t\t\t\t<div class=\"elementor-column elementor-col-100 elementor-top-column elementor-element elementor-element-7c045d52\" data-id=\"7c045d52\" data-element_type=\"column\">\n\t\t\t<div class=\"elementor-widget-wrap elementor-element-populated\">\n\t\t\t\t\t\t<div class=\"elementor-element elementor-element-36719f72 elementor-widget elementor-widget-text-editor\" data-id=\"36719f72\" data-element_type=\"widget\" data-widget_type=\"text-editor.default\">\n\t\t\t\t<div class=\"elementor-widget-container\">\n\t\t\t<style>\/*! elementor - v3.22.0 - 26-06-2024 *\/\n.elementor-widget-text-editor.elementor-drop-cap-view-stacked .elementor-drop-cap{background-color:#69727d;color:#fff}.elementor-widget-text-editor.elementor-drop-cap-view-framed .elementor-drop-cap{color:#69727d;border:3px solid;background-color:transparent}.elementor-widget-text-editor:not(.elementor-drop-cap-view-default) .elementor-drop-cap{margin-top:8px}.elementor-widget-text-editor:not(.elementor-drop-cap-view-default) .elementor-drop-cap-letter{width:1em;height:1em}.elementor-widget-text-editor .elementor-drop-cap{float:left;text-align:center;line-height:1;font-size:50px}.elementor-widget-text-editor .elementor-drop-cap-letter{display:inline-block}<\/style>\t\t\t\t<p><!-- wp:cover {\"overlayColor\":\"ast-global-color-2\",\"minHeight\":380,\"align\":\"full\"} --><\/p>\n<div class=\"wp-block-cover alignfull has-ast-global-color-2-background-color has-background-dim\" style=\"min-height: 380px;\">\n<div class=\"wp-block-cover__inner-container\">\n<p><!-- wp:heading {\"textAlign\":\"center\",\"level\":1,\"textColor\":\"white\"} --><\/p>\n<h1 class=\"has-text-align-center has-white-color has-text-color\" style=\"text-align: center;\"><span style=\"font-size: 36pt;\">Entrega de Galard\u00f3n<\/span><\/h1>\n<h1 class=\"has-text-align-center has-white-color has-text-color\" style=\"text-align: center;\">\u00abSol de Justicia\u00bb 2025<\/h1>\n<\/div>\n<\/div>\n<p><!-- \/wp:group --><\/p>\t\t\t\t\t\t<\/div>\n\t\t\t\t<\/div>\n\t\t\t\t\t<\/div>\n\t\t<\/div>\n\t\t\t\t\t<\/div>\n\t\t<\/section>\n\t\t\t\t<section class=\"elementor-section elementor-top-section elementor-element elementor-element-cc32815 elementor-hidden-desktop elementor-hidden-tablet elementor-hidden-mobile elementor-section-boxed elementor-section-height-default elementor-section-height-default\" data-id=\"cc32815\" data-element_type=\"section\">\n\t\t\t\t\t\t<div class=\"elementor-container elementor-column-gap-default\">\n\t\t\t\t\t<div class=\"elementor-column elementor-col-100 elementor-top-column elementor-element elementor-element-105bfd3\" data-id=\"105bfd3\" data-element_type=\"column\">\n\t\t\t<div class=\"elementor-widget-wrap elementor-element-populated\">\n\t\t\t\t\t\t<div class=\"elementor-element elementor-element-f88ea06 elementor-widget elementor-widget-heading\" data-id=\"f88ea06\" data-element_type=\"widget\" data-widget_type=\"heading.default\">\n\t\t\t\t<div class=\"elementor-widget-container\">\n\t\t\t<style>\/*! elementor - v3.22.0 - 26-06-2024 *\/\n.elementor-heading-title{padding:0;margin:0;line-height:1}.elementor-widget-heading .elementor-heading-title[class*=elementor-size-]>a{color:inherit;font-size:inherit;line-height:inherit}.elementor-widget-heading .elementor-heading-title.elementor-size-small{font-size:15px}.elementor-widget-heading .elementor-heading-title.elementor-size-medium{font-size:19px}.elementor-widget-heading .elementor-heading-title.elementor-size-large{font-size:29px}.elementor-widget-heading .elementor-heading-title.elementor-size-xl{font-size:39px}.elementor-widget-heading .elementor-heading-title.elementor-size-xxl{font-size:59px}<\/style><h2 class=\"elementor-heading-title elementor-size-default\">Pastor Galardonado<\/h2>\t\t<\/div>\n\t\t\t\t<\/div>\n\t\t\t\t\t<\/div>\n\t\t<\/div>\n\t\t\t\t\t<\/div>\n\t\t<\/section>\n\t\t\t\t<section class=\"elementor-section elementor-top-section elementor-element elementor-element-57b8953 elementor-section-boxed elementor-section-height-default elementor-section-height-default\" data-id=\"57b8953\" data-element_type=\"section\">\n\t\t\t\t\t\t<div class=\"elementor-container elementor-column-gap-default\">\n\t\t\t\t\t<div class=\"elementor-column elementor-col-50 elementor-top-column elementor-element elementor-element-380dcaa\" data-id=\"380dcaa\" data-element_type=\"column\">\n\t\t\t<div class=\"elementor-widget-wrap elementor-element-populated\">\n\t\t\t\t\t\t<div class=\"elementor-element elementor-element-6396be1 elementor-widget elementor-widget-image\" data-id=\"6396be1\" data-element_type=\"widget\" data-widget_type=\"image.default\">\n\t\t\t\t<div class=\"elementor-widget-container\">\n\t\t\t<style>\/*! elementor - v3.22.0 - 26-06-2024 *\/\n.elementor-widget-image{text-align:center}.elementor-widget-image a{display:inline-block}.elementor-widget-image a img[src$=\".svg\"]{width:48px}.elementor-widget-image img{vertical-align:middle;display:inline-block}<\/style>\t\t\t\t\t\t\t\t\t\t<img decoding=\"async\" src=\"https:\/\/www.uees.edu.sv\/premiosoldejusticia\/wp-content\/uploads\/2025\/07\/14-Marta-Cordova-Aleman-2023-100-Anos.jpg\" title=\"14-Marta C\u00f3rdova Alem\u00e1n &#8211; 2023 100 A\u00f1os\" alt=\"14-Marta C\u00f3rdova Alem\u00e1n - 2023 100 A\u00f1os\" loading=\"lazy\" \/>\t\t\t\t\t\t\t\t\t\t\t\t\t<\/div>\n\t\t\t\t<\/div>\n\t\t\t\t<div class=\"elementor-element elementor-element-9724b95 elementor-widget elementor-widget-image\" data-id=\"9724b95\" data-element_type=\"widget\" data-widget_type=\"image.default\">\n\t\t\t\t<div class=\"elementor-widget-container\">\n\t\t\t\t\t\t\t\t\t\t\t\t\t<img decoding=\"async\" src=\"https:\/\/www.uees.edu.sv\/premiosoldejusticia\/wp-content\/uploads\/2025\/07\/14-Marta-Cordova-Aleman-2023-100-Anos-1.jpg\" title=\"14-Marta C\u00f3rdova Alem\u00e1n &#8211; 2023 100 A\u00f1os\" alt=\"14-Marta C\u00f3rdova Alem\u00e1n - 2023 100 A\u00f1os\" loading=\"lazy\" \/>\t\t\t\t\t\t\t\t\t\t\t\t\t<\/div>\n\t\t\t\t<\/div>\n\t\t\t\t\t<\/div>\n\t\t<\/div>\n\t\t\t\t<div class=\"elementor-column elementor-col-50 elementor-top-column elementor-element elementor-element-258294f\" data-id=\"258294f\" data-element_type=\"column\">\n\t\t\t<div class=\"elementor-widget-wrap elementor-element-populated\">\n\t\t\t\t\t\t<div class=\"elementor-element elementor-element-fe73797 elementor-widget elementor-widget-heading\" data-id=\"fe73797\" data-element_type=\"widget\" data-widget_type=\"heading.default\">\n\t\t\t\t<div class=\"elementor-widget-container\">\n\t\t\t<h4 class=\"elementor-heading-title elementor-size-default\">Galardonada 2025<\/h4>\t\t<\/div>\n\t\t\t\t<\/div>\n\t\t\t\t<div class=\"elementor-element elementor-element-9ce2008 elementor-widget elementor-widget-heading\" data-id=\"9ce2008\" data-element_type=\"widget\" data-widget_type=\"heading.default\">\n\t\t\t\t<div class=\"elementor-widget-container\">\n\t\t\t<h2 class=\"elementor-heading-title elementor-size-default\">Hna. Marta C\u00f3rdova Alem\u00e1n<\/h2>\t\t<\/div>\n\t\t\t\t<\/div>\n\t\t\t\t<div class=\"elementor-element elementor-element-25409c8 elementor-widget elementor-widget-heading\" data-id=\"25409c8\" data-element_type=\"widget\" data-widget_type=\"heading.default\">\n\t\t\t\t<div class=\"elementor-widget-container\">\n\t\t\t<h4 class=\"elementor-heading-title elementor-size-default\">Iglesia Ciudad de Si\u00f3n, MCA, San Vicente, El Salvador<\/h4>\t\t<\/div>\n\t\t\t\t<\/div>\n\t\t\t\t<div class=\"elementor-element elementor-element-46b6f1f elementor-widget elementor-widget-text-editor\" data-id=\"46b6f1f\" data-element_type=\"widget\" data-widget_type=\"text-editor.default\">\n\t\t\t\t<div class=\"elementor-widget-container\">\n\t\t\t\t\t\t\t<p>Hermana Marta C\u00f3rdova Alem\u00e1n, quien celebr\u00f3 sus 102 a\u00f1os de vida el 16 de junio, es un ejemplo de entrega y fidelidad al Se\u00f1or. Nacida en el seno de una familia profundamente cristiana en Jerusal\u00e9n, departamento de La Paz, recibi\u00f3 de sus abuelos y padres la semilla de la fe que, m\u00e1s tarde, germinar\u00eda en su llamado al ministerio. Motivada por el testimonio de un pastor del Instituto B\u00edblico, ingres\u00f3 al Instituto B\u00edblico de Guatemala \u2014hoy Seminario Teol\u00f3gico Centroamericano\u2014 donde se capacit\u00f3 durante tres a\u00f1os y se gradu\u00f3 como misionera evang\u00e9lica.<br \/>Al poco tiempo de su formaci\u00f3n, acept\u00f3 el encargo de dirigir a las se\u00f1oritas en el Instituto B\u00edblico Centroamericano en Guatemala, cargo que desempe\u00f1\u00f3 por un a\u00f1o, fortaleciendo la ense\u00f1anza b\u00edblica en la regi\u00f3n. De regreso a El Salvador, inici\u00f3 su carrera como obrera de apoyo pastoral en la iglesia de Santiago Nonualco, donde durante tres a\u00f1os se dedic\u00f3 especialmente al trabajo con ni\u00f1os, mujeres y j\u00f3venes.<br \/>Posteriormente, la Iglesia Central en San Salvador la acogi\u00f3 como maestra de Biblia y escuela dominical durante 36 a\u00f1os, periodo en el que dej\u00f3 una huella imborrable en miles de fieles. Paralelamente, desarroll\u00f3 ministerios con j\u00f3venes, pre\u2010j\u00f3venes y la sociedad femenil, y al abrirse el Colegio Evang\u00e9lico, comparti\u00f3 sus conocimientos impartiendo clases b\u00edblicas desde segundo hasta sexto grado.<br \/>Su labor misionera la llev\u00f3, junto a su t\u00edo don Eliseo Hern\u00e1ndez, a recorrer todo el pa\u00eds \u2014desde Perqu\u00edn hasta la frontera con Guatemala\u2014 a trav\u00e9s de Escuelas B\u00edblicas de Vacaciones, llegando a cientos de comunidades con el mensaje de Cristo. Tras casi 35 a\u00f1os de estrecha colaboraci\u00f3n con su t\u00edo, centr\u00f3 su ministerio en la consejer\u00eda espiritual y la intercesi\u00f3n en oraci\u00f3n, prestando apoyo a quienes la solicitan y participando en aniversarios y eventos de iglesias, incluso a distancia mediante grabaciones.<br \/>A lo largo de m\u00e1s de un siglo de vida, Hermana Marta ha cultivado una visi\u00f3n de profunda gratitud, consciente del privilegio de servir en cada rinc\u00f3n de El Salvador. Su consejo a las nuevas generaciones de l\u00edderes es simple pero esencial: \u201cOren al Se\u00f1or y conf\u00eden sus problemas en Sus manos\u201d. Su legado de fe, ense\u00f1anza y servicio contin\u00faa inspirando a toda la comunidad cristiana del pa\u00eds.<\/p>\t\t\t\t\t\t<\/div>\n\t\t\t\t<\/div>\n\t\t\t\t\t<\/div>\n\t\t<\/div>\n\t\t\t\t\t<\/div>\n\t\t<\/section>\n\t\t\t\t<section class=\"elementor-section elementor-top-section elementor-element elementor-element-809191b elementor-section-boxed elementor-section-height-default elementor-section-height-default\" data-id=\"809191b\" data-element_type=\"section\">\n\t\t\t\t\t\t<div class=\"elementor-container elementor-column-gap-default\">\n\t\t\t\t\t<div class=\"elementor-column elementor-col-100 elementor-top-column elementor-element elementor-element-ebe780f\" data-id=\"ebe780f\" data-element_type=\"column\">\n\t\t\t<div class=\"elementor-widget-wrap elementor-element-populated\">\n\t\t\t\t\t\t<div class=\"elementor-element elementor-element-c72ca8e elementor-widget elementor-widget-video\" data-id=\"c72ca8e\" data-element_type=\"widget\" data-settings=\"{&quot;video_type&quot;:&quot;hosted&quot;,&quot;controls&quot;:&quot;yes&quot;}\" data-widget_type=\"video.default\">\n\t\t\t\t<div class=\"elementor-widget-container\">\n\t\t\t<style>\/*! elementor - v3.22.0 - 26-06-2024 *\/\n.elementor-widget-video .elementor-widget-container{overflow:hidden;transform:translateZ(0)}.elementor-widget-video .elementor-wrapper{aspect-ratio:var(--video-aspect-ratio)}.elementor-widget-video .elementor-wrapper iframe,.elementor-widget-video .elementor-wrapper video{height:100%;width:100%;display:flex;border:none;background-color:#000}@supports not (aspect-ratio:1\/1){.elementor-widget-video .elementor-wrapper{position:relative;overflow:hidden;height:0;padding-bottom:calc(100% \/ var(--video-aspect-ratio))}.elementor-widget-video .elementor-wrapper iframe,.elementor-widget-video .elementor-wrapper video{position:absolute;top:0;right:0;bottom:0;left:0}}.elementor-widget-video .elementor-open-inline .elementor-custom-embed-image-overlay{position:absolute;top:0;right:0;bottom:0;left:0;background-size:cover;background-position:50%}.elementor-widget-video .elementor-custom-embed-image-overlay{cursor:pointer;text-align:center}.elementor-widget-video .elementor-custom-embed-image-overlay:hover .elementor-custom-embed-play i{opacity:1}.elementor-widget-video .elementor-custom-embed-image-overlay img{display:block;width:100%;aspect-ratio:var(--video-aspect-ratio);-o-object-fit:cover;object-fit:cover;-o-object-position:center center;object-position:center center}@supports not (aspect-ratio:1\/1){.elementor-widget-video .elementor-custom-embed-image-overlay{position:relative;overflow:hidden;height:0;padding-bottom:calc(100% \/ var(--video-aspect-ratio))}.elementor-widget-video .elementor-custom-embed-image-overlay img{position:absolute;top:0;right:0;bottom:0;left:0}}.elementor-widget-video .e-hosted-video .elementor-video{-o-object-fit:cover;object-fit:cover}.e-con-inner>.elementor-widget-video,.e-con>.elementor-widget-video{width:var(--container-widget-width);--flex-grow:var(--container-widget-flex-grow)}<\/style>\t\t<div class=\"e-hosted-video elementor-wrapper elementor-open-inline\">\n\t\t\t\t\t<video class=\"elementor-video\" src=\"https:\/\/www.uees.edu.sv\/premiosoldejusticia\/wp-content\/uploads\/2025\/07\/HNA.-MARTHA-CORDOVA.mp4\" controls=\"\" preload=\"metadata\" controlsList=\"nodownload\" poster=\"https:\/\/www.uees.edu.sv\/premiosoldejusticia\/wp-content\/uploads\/2022\/07\/Captura-de-pantalla-2022-07-13-140750.png\"><\/video>\n\t\t\t\t<\/div>\n\t\t\t\t<\/div>\n\t\t\t\t<\/div>\n\t\t\t\t\t<\/div>\n\t\t<\/div>\n\t\t\t\t\t<\/div>\n\t\t<\/section>\n\t\t\t\t<section class=\"elementor-section elementor-top-section elementor-element elementor-element-5719c14 elementor-section-boxed elementor-section-height-default elementor-section-height-default\" data-id=\"5719c14\" data-element_type=\"section\">\n\t\t\t\t\t\t<div class=\"elementor-container elementor-column-gap-default\">\n\t\t\t\t\t<div class=\"elementor-column elementor-col-100 elementor-top-column elementor-element elementor-element-929ed6a\" data-id=\"929ed6a\" data-element_type=\"column\">\n\t\t\t<div class=\"elementor-widget-wrap elementor-element-populated\">\n\t\t\t\t\t\t<div class=\"elementor-element elementor-element-645bf63 elementor-arrows-position-inside elementor-pagination-position-outside elementor-widget elementor-widget-image-carousel\" data-id=\"645bf63\" data-element_type=\"widget\" data-settings=\"{&quot;slides_to_show&quot;:&quot;1&quot;,&quot;pause_on_hover&quot;:&quot;no&quot;,&quot;pause_on_interaction&quot;:&quot;no&quot;,&quot;autoplay_speed&quot;:4000,&quot;navigation&quot;:&quot;both&quot;,&quot;autoplay&quot;:&quot;yes&quot;,&quot;infinite&quot;:&quot;yes&quot;,&quot;effect&quot;:&quot;slide&quot;,&quot;speed&quot;:500}\" data-widget_type=\"image-carousel.default\">\n\t\t\t\t<div class=\"elementor-widget-container\">\n\t\t\t<style>\/*! elementor - v3.22.0 - 26-06-2024 *\/\n.elementor-widget-image-carousel .swiper,.elementor-widget-image-carousel .swiper-container{position:static}.elementor-widget-image-carousel .swiper-container .swiper-slide figure,.elementor-widget-image-carousel .swiper .swiper-slide figure{line-height:inherit}.elementor-widget-image-carousel .swiper-slide{text-align:center}.elementor-image-carousel-wrapper:not(.swiper-container-initialized):not(.swiper-initialized) .swiper-slide{max-width:calc(100% \/ var(--e-image-carousel-slides-to-show, 3))}<\/style>\t\t<div class=\"elementor-image-carousel-wrapper swiper\" dir=\"ltr\">\n\t\t\t<div class=\"elementor-image-carousel swiper-wrapper\" aria-live=\"off\">\n\t\t\t\t\t\t\t\t<div class=\"swiper-slide\" role=\"group\" aria-roledescription=\"slide\" aria-label=\"1 de 4\"><figure class=\"swiper-slide-inner\"><img decoding=\"async\" class=\"swiper-slide-image\" src=\"https:\/\/www.uees.edu.sv\/premiosoldejusticia\/wp-content\/uploads\/2025\/07\/15-Homenaje-por-Comite-Directivo-MCA-en-ocasion-de-celebrar-100-anos-de-vida.-Junio-2023-scaled-e1752941027383.jpg\" alt=\"15- Homenaje por Comit\u00e9 Directivo MCA en ocasion de celebrar 100 a\u00f1os de vida. Junio 2023\" \/><\/figure><\/div><div class=\"swiper-slide\" role=\"group\" aria-roledescription=\"slide\" aria-label=\"2 de 4\"><figure class=\"swiper-slide-inner\"><img decoding=\"async\" class=\"swiper-slide-image\" src=\"https:\/\/www.uees.edu.sv\/premiosoldejusticia\/wp-content\/uploads\/2025\/07\/1-Marta-Cordova-Aleman-1948-Ano-de-graduacion-Instituto-Biblico-Centroamericano-Actualmente-SETECA.jpg\" alt=\"1- Marta C\u00f3rdova Alem\u00e1n -1948 A\u00f1o de graduaci\u00f3n Instituto Biblico Centroamericano (Actualmente SETECA)\" \/><\/figure><\/div><div class=\"swiper-slide\" role=\"group\" aria-roledescription=\"slide\" aria-label=\"3 de 4\"><figure class=\"swiper-slide-inner\"><img decoding=\"async\" class=\"swiper-slide-image\" src=\"https:\/\/www.uees.edu.sv\/premiosoldejusticia\/wp-content\/uploads\/2025\/07\/5-Marta-Cordova-Aleman-Obrera-Meritisima-MCA-Ano-2014-003-e1752940912926.jpg\" alt=\"5-Marta C\u00f3rdova Alem\u00e1n - Obrera Meritisima MCA A\u00f1o 2014 (003)\" \/><\/figure><\/div><div class=\"swiper-slide\" role=\"group\" aria-roledescription=\"slide\" aria-label=\"4 de 4\"><figure class=\"swiper-slide-inner\"><img decoding=\"async\" class=\"swiper-slide-image\" src=\"https:\/\/www.uees.edu.sv\/premiosoldejusticia\/wp-content\/uploads\/2025\/07\/6-Diploma-Obrera-Meritisima-Mision-Centroamericana-Enero-2014-e1752940925999.jpg\" alt=\"6-Diploma Obrera Meritisima Misi\u00f3n Centroamericana -Enero 2014\" \/><\/figure><\/div>\t\t\t<\/div>\n\t\t\t\t\t\t\t\t\t\t\t\t<div class=\"elementor-swiper-button elementor-swiper-button-prev\" role=\"button\" tabindex=\"0\">\n\t\t\t\t\t\t<i aria-hidden=\"true\" class=\"eicon-chevron-left\"><\/i>\t\t\t\t\t<\/div>\n\t\t\t\t\t<div class=\"elementor-swiper-button elementor-swiper-button-next\" role=\"button\" tabindex=\"0\">\n\t\t\t\t\t\t<i aria-hidden=\"true\" class=\"eicon-chevron-right\"><\/i>\t\t\t\t\t<\/div>\n\t\t\t\t\n\t\t\t\t\t\t\t\t\t<div class=\"swiper-pagination\"><\/div>\n\t\t\t\t\t\t\t\t\t<\/div>\n\t\t\t\t<\/div>\n\t\t\t\t<\/div>\n\t\t\t\t<div class=\"elementor-element elementor-element-f9e9893 elementor-invisible elementor-widget elementor-widget-heading\" data-id=\"f9e9893\" data-element_type=\"widget\" data-settings=\"{&quot;_animation&quot;:&quot;slideInUp&quot;}\" data-widget_type=\"heading.default\">\n\t\t\t\t<div class=\"elementor-widget-container\">\n\t\t\t<h3 class=\"elementor-heading-title elementor-size-default\"><a href=\"https:\/\/www.uees.edu.sv\/premiosoldejusticia\/historico\/\">Conozca a Nuestros Ex-Galardonados <\/a><\/h3>\t\t<\/div>\n\t\t\t\t<\/div>\n\t\t\t\t\t<\/div>\n\t\t<\/div>\n\t\t\t\t\t<\/div>\n\t\t<\/section>\n\t\t\t\t<\/div>\n\t\t","protected":false},"excerpt":{"rendered":"","protected":false},"author":1,"featured_media":0,"parent":0,"menu_order":0,"comment_status":"closed","ping_status":"closed","template":"","meta":{"site-sidebar-layout":"no-sidebar","site-content-layout":"plain-container","ast-site-content-layout":"default","site-content-style":"default","site-sidebar-style":"default","ast-global-header-display":"","ast-banner-title-visibility":"","ast-main-header-display":"","ast-hfb-above-header-display":"","ast-hfb-below-header-display":"","ast-hfb-mobile-header-display":"","site-post-title":"disabled","ast-breadcrumbs-content":"disabled","ast-featured-img":"disabled","footer-sml-layout":"","ast-disable-related-posts":"","theme-transparent-header-meta":"enabled","adv-header-id-meta":"","stick-header-meta":"","header-above-stick-meta":"","header-main-stick-meta":"","header-below-stick-meta":"","astra-migrate-meta-layouts":"default","ast-page-background-enabled":"default","ast-page-background-meta":{"desktop":{"background-color":"var(--ast-global-color-4)","background-image":"","background-repeat":"repeat","background-position":"center center","background-size":"auto","background-attachment":"scroll","background-type":"","background-media":"","overlay-type":"","overlay-color":"","overlay-opacity":"","overlay-gradient":""},"tablet":{"background-color":"","background-image":"","background-repeat":"repeat","background-position":"center center","background-size":"auto","background-attachment":"scroll","background-type":"","background-media":"","overlay-type":"","overlay-color":"","overlay-opacity":"","overlay-gradient":""},"mobile":{"background-color":"","background-image":"","background-repeat":"repeat","background-position":"center center","background-size":"auto","background-attachment":"scroll","background-type":"","background-media":"","overlay-type":"","overlay-color":"","overlay-opacity":"","overlay-gradient":""}},"ast-content-background-meta":{"desktop":{"background-color":"var(--ast-global-color-5)","background-image":"","background-repeat":"repeat","background-position":"center center","background-size":"auto","background-attachment":"scroll","background-type":"","background-media":"","overlay-type":"","overlay-color":"","overlay-opacity":"","overlay-gradient":""},"tablet":{"background-color":"var(--ast-global-color-5)","background-image":"","background-repeat":"repeat","background-position":"center center","background-size":"auto","background-attachment":"scroll","background-type":"","background-media":"","overlay-type":"","overlay-color":"","overlay-opacity":"","overlay-gradient":""},"mobile":{"background-color":"var(--ast-global-color-5)","background-image":"","background-repeat":"repeat","background-position":"center center","background-size":"auto","background-attachment":"scroll","background-type":"","background-media":"","overlay-type":"","overlay-color":"","overlay-opacity":"","overlay-gradient":""}},"footnotes":""},"class_list":["post-2071","page","type-page","status-publish","hentry"],"_links":{"self":[{"href":"https:\/\/www.uees.edu.sv\/premiosoldejusticia\/wp-json\/wp\/v2\/pages\/2071","targetHints":{"allow":["GET"]}}],"collection":[{"href":"https:\/\/www.uees.edu.sv\/premiosoldejusticia\/wp-json\/wp\/v2\/pages"}],"about":[{"href":"https:\/\/www.uees.edu.sv\/premiosoldejusticia\/wp-json\/wp\/v2\/types\/page"}],"author":[{"embeddable":true,"href":"https:\/\/www.uees.edu.sv\/premiosoldejusticia\/wp-json\/wp\/v2\/users\/1"}],"replies":[{"embeddable":true,"href":"https:\/\/www.uees.edu.sv\/premiosoldejusticia\/wp-json\/wp\/v2\/comments?post=2071"}],"version-history":[{"count":7,"href":"https:\/\/www.uees.edu.sv\/premiosoldejusticia\/wp-json\/wp\/v2\/pages\/2071\/revisions"}],"predecessor-version":[{"id":2121,"href":"https:\/\/www.uees.edu.sv\/premiosoldejusticia\/wp-json\/wp\/v2\/pages\/2071\/revisions\/2121"}],"wp:attachment":[{"href":"https:\/\/www.uees.edu.sv\/premiosoldejusticia\/wp-json\/wp\/v2\/media?parent=2071"}],"curies":[{"name":"wp","href":"https:\/\/api.w.org\/{rel}","templated":true}]}}