{"id":1227,"date":"2022-07-08T13:00:12","date_gmt":"2022-07-08T13:00:12","guid":{"rendered":"https:\/\/www.uees.edu.sv\/premiosoldejusticia\/?page_id=1227"},"modified":"2025-07-19T16:07:16","modified_gmt":"2025-07-19T16:07:16","slug":"home-edit","status":"publish","type":"page","link":"https:\/\/www.uees.edu.sv\/premiosoldejusticia\/","title":{"rendered":"Inicio"},"content":{"rendered":"\r\n<div class=\"wp-block-cover alignfull has-background-dim-80 has-ast-global-color-2-background-color has-background-dim\" style=\"min-height: 860px;aspect-ratio:unset;\"><img fetchpriority=\"high\" decoding=\"async\" class=\"wp-block-cover__image-background alignnone wp-image-1630 size-full\" src=\"https:\/\/www.uees.edu.sv\/premiosoldejusticia\/wp-content\/uploads\/2022\/07\/fotosol046.png\" alt=\"\" width=\"1374\" height=\"860\" data-object-fit=\"cover\" srcset=\"https:\/\/www.uees.edu.sv\/premiosoldejusticia\/wp-content\/uploads\/2022\/07\/fotosol046.png 1374w, https:\/\/www.uees.edu.sv\/premiosoldejusticia\/wp-content\/uploads\/2022\/07\/fotosol046-300x188.png 300w, https:\/\/www.uees.edu.sv\/premiosoldejusticia\/wp-content\/uploads\/2022\/07\/fotosol046-1024x641.png 1024w, https:\/\/www.uees.edu.sv\/premiosoldejusticia\/wp-content\/uploads\/2022\/07\/fotosol046-768x481.png 768w\" sizes=\"(max-width: 1374px) 100vw, 1374px\" \/>\r\n<div class=\"wp-block-cover__inner-container is-layout-flow wp-block-cover-is-layout-flow\"><hr class=\"wp-block-separator aligncenter has-text-color has-background has-white-background-color has-white-color\" \/>\r\n\r\n\r\n<h1 class=\"alignwide has-text-align-center has-white-color has-text-color wp-block-heading\"><em><span style=\"color: #f5cf00;\">Premio<\/span> <\/em><\/h1>\r\n<h1 class=\"alignwide has-text-align-center has-white-color has-text-color\"><span style=\"color: #f5cf00;\"><em>\u00abSol de Justicia\u00bb<\/em><\/span><\/h1>\r\n\r\n\r\n\r\n<div class=\"wp-block-buttons is-content-justification-center is-layout-flex wp-block-buttons-is-layout-flex\">\r\n<div class=\"wp-block-button is-style-fill\"><a class=\"wp-block-button__link has-text-color has-background\" style=\"background-color: #ffffff; color: #1b1f29;\">Otorgado por la Universidad Evang\u00e9lica de El Salvador\u00a0<\/a><\/div>\r\n<\/div>\r\n<\/div>\r\n<\/div>\r\n\r\n\r\n\r\n<div class=\"wp-block-group alignfull has-ast-global-color-5-background-color has-background is-layout-flow wp-block-group-is-layout-flow\"><div class=\"wp-block-group__inner-container\">\r\n<div class=\"wp-block-media-text alignwide is-stacked-on-mobile is-vertically-aligned-center\">\r\n<figure class=\"wp-block-media-text__media\"><img decoding=\"async\" class=\"alignnone wp-image-1231 size-full\" src=\"https:\/\/www.uees.edu.sv\/premiosoldejusticia\/wp-content\/uploads\/2022\/07\/presea-y-diploma.png\" alt=\"\" width=\"504\" height=\"504\" srcset=\"https:\/\/www.uees.edu.sv\/premiosoldejusticia\/wp-content\/uploads\/2022\/07\/presea-y-diploma.png 504w, https:\/\/www.uees.edu.sv\/premiosoldejusticia\/wp-content\/uploads\/2022\/07\/presea-y-diploma-300x300.png 300w, https:\/\/www.uees.edu.sv\/premiosoldejusticia\/wp-content\/uploads\/2022\/07\/presea-y-diploma-150x150.png 150w\" sizes=\"(max-width: 504px) 100vw, 504px\" \/><\/figure>\r\n<div class=\"wp-block-media-text__content\">\r\n<div class=\"wp-block-group is-layout-flow wp-block-group-is-layout-flow\"><div class=\"wp-block-group__inner-container\">\r\n<h2 class=\"wp-block-heading\"><em><img decoding=\"async\" class=\"wp-image-1840  aligncenter\" src=\"https:\/\/www.uees.edu.sv\/premiosoldejusticia\/wp-content\/uploads\/2024\/07\/logo43aniversariouees-300x274.png\" alt=\"\" width=\"215\" height=\"196\" srcset=\"https:\/\/www.uees.edu.sv\/premiosoldejusticia\/wp-content\/uploads\/2024\/07\/logo43aniversariouees-300x274.png 300w, https:\/\/www.uees.edu.sv\/premiosoldejusticia\/wp-content\/uploads\/2024\/07\/logo43aniversariouees-1024x934.png 1024w, https:\/\/www.uees.edu.sv\/premiosoldejusticia\/wp-content\/uploads\/2024\/07\/logo43aniversariouees-768x701.png 768w, https:\/\/www.uees.edu.sv\/premiosoldejusticia\/wp-content\/uploads\/2024\/07\/logo43aniversariouees-1536x1401.png 1536w, https:\/\/www.uees.edu.sv\/premiosoldejusticia\/wp-content\/uploads\/2024\/07\/logo43aniversariouees-2048x1868.png 2048w\" sizes=\"(max-width: 215px) 100vw, 215px\" \/><\/em><\/h2>\r\n<h2><em>Sobre el Galard\u00f3n<\/em><\/h2>\r\n\r\n\r\n\r\n<p><b>El premio &#8216;Sol de justicia\u00bb es el m\u00e1ximo galard\u00f3n que la Universidad Evang\u00e9lica de El Salvador otorga anualmente a personas o instituciones evang\u00e9licas\u00a0 que se destaquen en la vida nacional y que su contribuci\u00f3n ayude a difundir y enaltecer el evangelio de Jesucristo.<\/b><\/p>\r\n\r\n\r\n\r\n<p>Este galard\u00f3n consiste en la presea \u201cSol de Justicia\u201d, un diploma al m\u00e9rito y una generosa ofrenda de amor. Este reconocimiento es entregado en el marco del aniversario de la Instituci\u00f3n y en presencia de representaciones pastorales, sociedad civil y acad\u00e9mica.<\/p>\r\n\r\n\r\n\r\n<div class=\"wp-block-buttons is-layout-flex wp-block-buttons-is-layout-flex\"><\/div>\r\n<\/div><\/div>\r\n<\/div>\r\n<\/div>\r\n<\/div><\/div>\r\n\r\n\r\n\r\n<div class=\"wp-block-group alignfull has-ast-global-color-5-background-color has-background is-layout-flow wp-block-group-is-layout-flow\"><div class=\"wp-block-group__inner-container\">\r\n<figure class=\"wp-block-gallery aligncenter columns-5\">\r\n<figure>\r\n<h2 class=\"has-text-align-center wp-block-heading\"><em>Mas a vosotros los que tem\u00e9is mi nombre, nacer\u00e1 el Sol de justicia, y en sus alas traer\u00e1 salvaci\u00f3n; y saldr\u00e9is, y saltar\u00e9is como becerros de la manada. (Malaqu\u00edas 4:2)<\/em><\/h2>\r\n<\/figure>\r\n<\/figure>\r\n<\/div><\/div>\r\n\r\n\r\n\r\n<div class=\"wp-block-group alignfull has-ast-global-color-5-background-color has-background is-layout-flow wp-block-group-is-layout-flow\"><div class=\"wp-block-group__inner-container\">\r\n<div style=\"aspect-ratio:unset;\" class=\"is-layout-flow wp-block-cover-is-layout-flow\">\r\n<div style=\"width: 1920px;\" class=\"wp-video\"><video class=\"wp-video-shortcode\" id=\"video-1227-1\" width=\"1920\" height=\"1080\" poster=\"https:\/\/www.uees.edu.sv\/premiosoldejusticia\/wp-content\/uploads\/2022\/07\/contra-portada-01-01.png\" preload=\"metadata\" controls=\"controls\"><source type=\"video\/mp4\" src=\"https:\/\/www.uees.edu.sv\/premiosoldejusticia\/wp-content\/uploads\/2023\/07\/2023_EXGALARDONADOS-SOL-DE-JUSTICIA_1080p.mp4?_=1\" \/><a href=\"https:\/\/www.uees.edu.sv\/premiosoldejusticia\/wp-content\/uploads\/2023\/07\/2023_EXGALARDONADOS-SOL-DE-JUSTICIA_1080p.mp4\">https:\/\/www.uees.edu.sv\/premiosoldejusticia\/wp-content\/uploads\/2023\/07\/2023_EXGALARDONADOS-SOL-DE-JUSTICIA_1080p.mp4<\/a><\/video><\/div>\r\n<\/div>\r\n<div class=\"wp-block-cover alignwide\" style=\"min-height: 1px;\">\r\n<div class=\"wp-block-cover__inner-container\">\r\n<div class=\"wp-block-buttons is-content-justification-center\">\r\n<div class=\"wp-block-button\">\u00a0<\/div>\r\n<\/div><\/div>\r\n<\/div>\r\n<\/div>\r\n<!-- \/wp:post-content --><\/div>\r\n<!-- \/wp:group -->\r\n\r\n<!-- wp:group {\"align\":\"full\",\"backgroundColor\":\"ast-global-color-5\"} -->\r\n<div class=\"wp-block-group alignfull has-ast-global-color-5-background-color has-background\"><div class=\"wp-block-group__inner-container\"><!-- wp:columns {\"align\":\"wide\"} -->\r\n<div class=\"wp-block-columns alignwide\"><!-- wp:column -->\r\n<div class=\"wp-block-column\">\r\n<h2><i>Conozca\u00a0a Nuestros Galardonados\u00a0<\/i><\/h2>\r\n<!-- \/wp:heading --><\/div>\r\n<!-- \/wp:column -->\r\n\r\n<!-- wp:column -->\r\n<div class=\"wp-block-column\"><!-- wp:separator {\"color\":\"ast-global-color-0\"} --><hr class=\"wp-block-separator has-text-color has-background has-ast-global-color-0-background-color has-ast-global-color-0-color\" \/><!-- \/wp:separator -->\r\n\r\n<!-- wp:paragraph -->\r\n<div class=\"wp-block-buttons\">\r\n<div class=\"wp-block-button\">\r\n<div class=\"wp-block-column\">\r\n<h2><i>Galardonado 2025<\/i><\/h2>\r\n<\/div>\r\n<div class=\"wp-block-column\"><!-- \/wp:separator -->\r\n\r\n<!-- wp:paragraph -->\r\n<p>Por acuerdo del Directorio Ejecutivo, tomado en sesi\u00f3n ordinaria de trabajo #1579 de fecha 11 de junio de 2025, en el punto VI de la agenda; el honor del Premio Sol de Justicia se somete a votaci\u00f3n y el Directorio Ejecutivo aprueba que se entregue este a\u00f1o el Galard\u00f3n a la Hna. Marta C\u00f3rdova Alem\u00e1n, de Iglesia Ciudad de Si\u00f3n, MCA, San Vicente, El Salvador y a la Fundaci\u00f3n \u00c9xodo.<\/p>\r\n<!-- \/wp:paragraph -->\r\n\r\n<!-- wp:buttons -->\r\n<div class=\"wp-block-buttons\">\r\n<div class=\"wp-block-button\"><a class=\"wp-block-button__link\" href=\"https:\/\/www.uees.edu.sv\/premiosoldejusticia\/galardonado-2025-hna-marta-cordova-aleman\/\">Galardonada Hna. Marta C\u00f3rdova Alem\u00e1n<\/a>\r\n<div class=\"wp-block-buttons\">\r\n<div class=\"wp-block-button\"><a class=\"wp-block-button__link\" href=\"https:\/\/www.uees.edu.sv\/premiosoldejusticia\/galardonado-2025-fundacion-exodo\/\">Fundaci\u00f3n \u00c9xodo<\/a><\/div>\r\n<h2>\u00a0<\/h2>\r\n<\/div>\r\n<div>\r\n<h2><i>Ex-Galardonados<\/i><\/h2>\r\n<p>La Universidad Evang\u00e9lica de El Salvador desde el a\u00f1o 2004, ha realizado la entrega de tan importante reconocimiento a diferentes personas e instituciones que han ayudado a difundir el evangelio de Jesucristo en el Pa\u00eds.<\/p>\r\n<!-- \/wp:paragraph -->\r\n\r\n<!-- wp:buttons -->\r\n<div class=\"wp-block-buttons\">\r\n<div class=\"wp-block-button\"><a class=\"wp-block-button__link\" href=\"https:\/\/www.uees.edu.sv\/premiosoldejusticia\/historico\/\">Ex-Galardonados<\/a><\/div>\r\n<\/div>\r\n<\/div>\r\n<\/div>\r\n<\/div>\r\n<\/div>\r\n<\/div>\r\n<\/div>\r\n<\/div>\r\n<!-- \/wp:group --><\/div>\r\n<\/div><\/div>","protected":false},"excerpt":{"rendered":"<p>Sobre el Galard\u00f3n El premio &#8216;Sol de justicia\u00bb es el m\u00e1ximo galard\u00f3n que la Universidad Evang\u00e9lica de El Salvador otorga anualmente a personas o instituciones evang\u00e9licas\u00a0 que se destaquen en la vida nacional y que su contribuci\u00f3n ayude a difundir y enaltecer el evangelio de Jesucristo. Este galard\u00f3n consiste en la presea \u201cSol de Justicia\u201d, [&hellip;]<\/p>\n","protected":false},"author":3,"featured_media":1477,"parent":0,"menu_order":0,"comment_status":"closed","ping_status":"closed","template":"","meta":{"site-sidebar-layout":"no-sidebar","site-content-layout":"plain-container","ast-site-content-layout":"normal-width-container","site-content-style":"unboxed","site-sidebar-style":"unboxed","ast-global-header-display":"","ast-banner-title-visibility":"","ast-main-header-display":"","ast-hfb-above-header-display":"","ast-hfb-below-header-display":"","ast-hfb-mobile-header-display":"","site-post-title":"disabled","ast-breadcrumbs-content":"disabled","ast-featured-img":"disabled","footer-sml-layout":"","ast-disable-related-posts":"","theme-transparent-header-meta":"enabled","adv-header-id-meta":"","stick-header-meta":"","header-above-stick-meta":"","header-main-stick-meta":"","header-below-stick-meta":"","astra-migrate-meta-layouts":"set","ast-page-background-enabled":"default","ast-page-background-meta":{"desktop":{"background-color":"var(--ast-global-color-4)","background-image":"","background-repeat":"repeat","background-position":"center center","background-size":"auto","background-attachment":"scroll","background-type":"","background-media":"","overlay-type":"","overlay-color":"","overlay-opacity":"","overlay-gradient":""},"tablet":{"background-color":"","background-image":"","background-repeat":"repeat","background-position":"center center","background-size":"auto","background-attachment":"scroll","background-type":"","background-media":"","overlay-type":"","overlay-color":"","overlay-opacity":"","overlay-gradient":""},"mobile":{"background-color":"","background-image":"","background-repeat":"repeat","background-position":"center center","background-size":"auto","background-attachment":"scroll","background-type":"","background-media":"","overlay-type":"","overlay-color":"","overlay-opacity":"","overlay-gradient":""}},"ast-content-background-meta":{"desktop":{"background-color":"var(--ast-global-color-5)","background-image":"","background-repeat":"repeat","background-position":"center center","background-size":"auto","background-attachment":"scroll","background-type":"","background-media":"","overlay-type":"","overlay-color":"","overlay-opacity":"","overlay-gradient":""},"tablet":{"background-color":"var(--ast-global-color-5)","background-image":"","background-repeat":"repeat","background-position":"center center","background-size":"auto","background-attachment":"scroll","background-type":"","background-media":"","overlay-type":"","overlay-color":"","overlay-opacity":"","overlay-gradient":""},"mobile":{"background-color":"var(--ast-global-color-5)","background-image":"","background-repeat":"repeat","background-position":"center center","background-size":"auto","background-attachment":"scroll","background-type":"","background-media":"","overlay-type":"","overlay-color":"","overlay-opacity":"","overlay-gradient":""}},"footnotes":""},"class_list":["post-1227","page","type-page","status-publish","has-post-thumbnail","hentry"],"_links":{"self":[{"href":"https:\/\/www.uees.edu.sv\/premiosoldejusticia\/wp-json\/wp\/v2\/pages\/1227","targetHints":{"allow":["GET"]}}],"collection":[{"href":"https:\/\/www.uees.edu.sv\/premiosoldejusticia\/wp-json\/wp\/v2\/pages"}],"about":[{"href":"https:\/\/www.uees.edu.sv\/premiosoldejusticia\/wp-json\/wp\/v2\/types\/page"}],"author":[{"embeddable":true,"href":"https:\/\/www.uees.edu.sv\/premiosoldejusticia\/wp-json\/wp\/v2\/users\/3"}],"replies":[{"embeddable":true,"href":"https:\/\/www.uees.edu.sv\/premiosoldejusticia\/wp-json\/wp\/v2\/comments?post=1227"}],"version-history":[{"count":98,"href":"https:\/\/www.uees.edu.sv\/premiosoldejusticia\/wp-json\/wp\/v2\/pages\/1227\/revisions"}],"predecessor-version":[{"id":2122,"href":"https:\/\/www.uees.edu.sv\/premiosoldejusticia\/wp-json\/wp\/v2\/pages\/1227\/revisions\/2122"}],"wp:featuredmedia":[{"embeddable":true,"href":"https:\/\/www.uees.edu.sv\/premiosoldejusticia\/wp-json\/wp\/v2\/media\/1477"}],"wp:attachment":[{"href":"https:\/\/www.uees.edu.sv\/premiosoldejusticia\/wp-json\/wp\/v2\/media?parent=1227"}],"curies":[{"name":"wp","href":"https:\/\/api.w.org\/{rel}","templated":true}]}}