{"id":1076,"date":"2021-04-12T05:31:36","date_gmt":"2021-04-12T05:31:36","guid":{"rendered":"https:\/\/www.uees.edu.sv\/premiosoldejusticia\/contact\/"},"modified":"2024-07-08T17:00:37","modified_gmt":"2024-07-08T17:00:37","slug":"contact","status":"publish","type":"page","link":"https:\/\/www.uees.edu.sv\/premiosoldejusticia\/contact\/","title":{"rendered":"Contacto"},"content":{"rendered":"\r\n<div class=\"wp-block-cover alignfull has-background-dim\" style=\"background-color: #1b1f29; min-height: 900px;aspect-ratio:unset;\">\r\n<div class=\"wp-block-cover__inner-container is-layout-flow wp-block-cover-is-layout-flow\">\r\n<div class=\"wp-block-columns alignwide are-vertically-aligned-center is-layout-flex wp-container-core-columns-is-layout-28f84493 wp-block-columns-is-layout-flex\">\r\n<div class=\"wp-block-column is-vertically-aligned-center is-layout-flow wp-block-column-is-layout-flow\">\r\n<h1 class=\"has-white-color has-text-color wp-block-heading\">Cont\u00e1ctenos<\/h1>\r\n\r\n\r\n\r\n<p class=\"has-text-color\" style=\"color: #f8f9fc;\">Le gustar\u00eda conocer m\u00e1s detalles sobre el Galard\u00f3n \u00abSol de Justicia\u00bb o nominar a alg\u00fan pastor u organizaci\u00f3n paraeclesiastica para el pr\u00f3ximo a\u00f1o.<\/p>\r\n<p>&nbsp;<\/p>\r\n\r\n\r\n\r\n<h5 class=\"has-text-color wp-block-heading\" style=\"color: #9599a5;\">Direcci\u00f3n<\/h5>\r\n\r\n\r\n\r\n<h4 class=\"wp-block-heading\">Universidad Evang\u00e9lica de El Salvador<\/h4>\r\n<h4 class=\"has-white-color has-text-color\">Prolongaci\u00f3n Alameda Juan Pablo II, Calle el Carmen, San Antonio Abad,\u00a0San Salvador , El Salvador.<\/h4>\r\n\r\n\r\n<hr class=\"wp-block-separator has-text-color has-background is-style-wide\" style=\"background-color: #4c5262; color: #4c5262;\" \/>\r\n\r\n\r\n<h5 class=\"has-text-color wp-block-heading\" style=\"color: #9599a5;\">Tel\u00e9fono<\/h5>\r\n\r\n\r\n\r\n<h4 class=\"has-white-color has-text-color wp-block-heading\">+503 2275-4046 (Direcci\u00f3n de Capellan\u00eda Universitaria)<\/h4>\r\n\r\n\r\n<hr class=\"wp-block-separator has-text-color has-background is-style-wide\" style=\"background-color: #4c5262; color: #4c5262;\" \/>\r\n\r\n\r\n<h5 class=\"has-text-color wp-block-heading\" style=\"color: #9599a5;\">Correo<\/h5>\r\n\r\n\r\n\r\n<h4 class=\"has-white-color has-text-color wp-block-heading\">dcu.uees@uees.edu.sv<\/h4>\r\n\r\n\r\n<hr class=\"wp-block-separator has-text-color has-background is-style-wide\" style=\"background-color: #4c5262; color: #4c5262;\" \/><\/div>\r\n\r\n\r\n\r\n<div class=\"wp-block-column is-vertically-aligned-center is-layout-flow wp-block-column-is-layout-flow\"><\/div>\r\n<\/div>\r\n<\/div>\r\n<\/div>\r\n\r\n\r\n\r\n<p>&nbsp;<\/p>\r\n","protected":false},"excerpt":{"rendered":"<p>&nbsp;<\/p>\n","protected":false},"author":2,"featured_media":0,"parent":0,"menu_order":0,"comment_status":"closed","ping_status":"closed","template":"","meta":{"site-sidebar-layout":"no-sidebar","site-content-layout":"plain-container","ast-site-content-layout":"normal-width-container","site-content-style":"unboxed","site-sidebar-style":"unboxed","ast-global-header-display":"","ast-banner-title-visibility":"","ast-main-header-display":"","ast-hfb-above-header-display":"","ast-hfb-below-header-display":"","ast-hfb-mobile-header-display":"","site-post-title":"disabled","ast-breadcrumbs-content":"disabled","ast-featured-img":"disabled","footer-sml-layout":"","ast-disable-related-posts":"","theme-transparent-header-meta":"enabled","adv-header-id-meta":"","stick-header-meta":"","header-above-stick-meta":"","header-main-stick-meta":"","header-below-stick-meta":"","astra-migrate-meta-layouts":"set","ast-page-background-enabled":"default","ast-page-background-meta":{"desktop":{"background-color":"var(--ast-global-color-4)","background-image":"","background-repeat":"repeat","background-position":"center center","background-size":"auto","background-attachment":"scroll","background-type":"","background-media":"","overlay-type":"","overlay-color":"","overlay-opacity":"","overlay-gradient":""},"tablet":{"background-color":"","background-image":"","background-repeat":"repeat","background-position":"center center","background-size":"auto","background-attachment":"scroll","background-type":"","background-media":"","overlay-type":"","overlay-color":"","overlay-opacity":"","overlay-gradient":""},"mobile":{"background-color":"","background-image":"","background-repeat":"repeat","background-position":"center center","background-size":"auto","background-attachment":"scroll","background-type":"","background-media":"","overlay-type":"","overlay-color":"","overlay-opacity":"","overlay-gradient":""}},"ast-content-background-meta":{"desktop":{"background-color":"var(--ast-global-color-5)","background-image":"","background-repeat":"repeat","background-position":"center center","background-size":"auto","background-attachment":"scroll","background-type":"","background-media":"","overlay-type":"","overlay-color":"","overlay-opacity":"","overlay-gradient":""},"tablet":{"background-color":"var(--ast-global-color-5)","background-image":"","background-repeat":"repeat","background-position":"center center","background-size":"auto","background-attachment":"scroll","background-type":"","background-media":"","overlay-type":"","overlay-color":"","overlay-opacity":"","overlay-gradient":""},"mobile":{"background-color":"var(--ast-global-color-5)","background-image":"","background-repeat":"repeat","background-position":"center center","background-size":"auto","background-attachment":"scroll","background-type":"","background-media":"","overlay-type":"","overlay-color":"","overlay-opacity":"","overlay-gradient":""}},"footnotes":""},"class_list":["post-1076","page","type-page","status-publish","hentry"],"_links":{"self":[{"href":"https:\/\/www.uees.edu.sv\/premiosoldejusticia\/wp-json\/wp\/v2\/pages\/1076","targetHints":{"allow":["GET"]}}],"collection":[{"href":"https:\/\/www.uees.edu.sv\/premiosoldejusticia\/wp-json\/wp\/v2\/pages"}],"about":[{"href":"https:\/\/www.uees.edu.sv\/premiosoldejusticia\/wp-json\/wp\/v2\/types\/page"}],"author":[{"embeddable":true,"href":"https:\/\/www.uees.edu.sv\/premiosoldejusticia\/wp-json\/wp\/v2\/users\/2"}],"replies":[{"embeddable":true,"href":"https:\/\/www.uees.edu.sv\/premiosoldejusticia\/wp-json\/wp\/v2\/comments?post=1076"}],"version-history":[{"count":13,"href":"https:\/\/www.uees.edu.sv\/premiosoldejusticia\/wp-json\/wp\/v2\/pages\/1076\/revisions"}],"predecessor-version":[{"id":1973,"href":"https:\/\/www.uees.edu.sv\/premiosoldejusticia\/wp-json\/wp\/v2\/pages\/1076\/revisions\/1973"}],"wp:attachment":[{"href":"https:\/\/www.uees.edu.sv\/premiosoldejusticia\/wp-json\/wp\/v2\/media?parent=1076"}],"curies":[{"name":"wp","href":"https:\/\/api.w.org\/{rel}","templated":true}]}}