{"id":1068,"date":"2021-04-12T05:26:35","date_gmt":"2021-04-12T05:26:35","guid":{"rendered":"https:\/\/www.uees.edu.sv\/premiosoldejusticia\/about\/"},"modified":"2024-07-22T14:27:17","modified_gmt":"2024-07-22T14:27:17","slug":"sobreelgalardon","status":"publish","type":"page","link":"https:\/\/www.uees.edu.sv\/premiosoldejusticia\/sobreelgalardon\/","title":{"rendered":"Sobre el galard\u00f3n"},"content":{"rendered":"\t\t<div data-elementor-type=\"wp-page\" data-elementor-id=\"1068\" class=\"elementor elementor-1068\" data-elementor-post-type=\"page\">\n\t\t\t\t\t\t<section class=\"elementor-section elementor-top-section elementor-element elementor-element-5897f0e9 elementor-section-boxed elementor-section-height-default elementor-section-height-default\" data-id=\"5897f0e9\" data-element_type=\"section\">\n\t\t\t\t\t\t<div class=\"elementor-container elementor-column-gap-default\">\n\t\t\t\t\t<div class=\"elementor-column elementor-col-100 elementor-top-column elementor-element elementor-element-3e293c40\" data-id=\"3e293c40\" data-element_type=\"column\">\n\t\t\t<div class=\"elementor-widget-wrap elementor-element-populated\">\n\t\t\t\t\t\t<div class=\"elementor-element elementor-element-718caeb3 elementor-widget elementor-widget-text-editor\" data-id=\"718caeb3\" data-element_type=\"widget\" data-widget_type=\"text-editor.default\">\n\t\t\t\t<div class=\"elementor-widget-container\">\n\t\t\t<style>\/*! elementor - v3.22.0 - 26-06-2024 *\/\n.elementor-widget-text-editor.elementor-drop-cap-view-stacked .elementor-drop-cap{background-color:#69727d;color:#fff}.elementor-widget-text-editor.elementor-drop-cap-view-framed .elementor-drop-cap{color:#69727d;border:3px solid;background-color:transparent}.elementor-widget-text-editor:not(.elementor-drop-cap-view-default) .elementor-drop-cap{margin-top:8px}.elementor-widget-text-editor:not(.elementor-drop-cap-view-default) .elementor-drop-cap-letter{width:1em;height:1em}.elementor-widget-text-editor .elementor-drop-cap{float:left;text-align:center;line-height:1;font-size:50px}.elementor-widget-text-editor .elementor-drop-cap-letter{display:inline-block}<\/style>\t\t\t\t<!-- wp:cover {\"overlayColor\":\"ast-global-color-2\",\"minHeight\":380,\"align\":\"full\"} -->\n<div class=\"wp-block-cover alignfull has-ast-global-color-2-background-color has-background-dim\" style=\"min-height: 380px;\">\n<div class=\"wp-block-cover__inner-container\"><!-- wp:heading {\"textAlign\":\"center\",\"level\":1,\"textColor\":\"white\"} -->\n<h1 class=\"has-text-align-center has-white-color has-text-color\">Sobre El Galard\u00f3n<\/h1>\n<!-- \/wp:heading -->\n\n<!-- wp:paragraph {\"align\":\"center\",\"style\":{\"color\":{\"text\":\"#9599a5\"}}} --><\/div>\n<\/div>\n\t\t\t\t\t\t<\/div>\n\t\t\t\t<\/div>\n\t\t\t\t\t<\/div>\n\t\t<\/div>\n\t\t\t\t\t<\/div>\n\t\t<\/section>\n\t\t\t\t<section class=\"elementor-section elementor-top-section elementor-element elementor-element-f526963 elementor-section-boxed elementor-section-height-default elementor-section-height-default elementor-invisible\" data-id=\"f526963\" data-element_type=\"section\" data-settings=\"{&quot;animation&quot;:&quot;fadeIn&quot;}\">\n\t\t\t\t\t\t<div class=\"elementor-container elementor-column-gap-default\">\n\t\t\t\t\t<div class=\"elementor-column elementor-col-100 elementor-top-column elementor-element elementor-element-c81c8f9\" data-id=\"c81c8f9\" data-element_type=\"column\">\n\t\t\t<div class=\"elementor-widget-wrap elementor-element-populated\">\n\t\t\t\t\t\t<div class=\"elementor-element elementor-element-f8b1f84 elementor-widget elementor-widget-image\" data-id=\"f8b1f84\" data-element_type=\"widget\" data-widget_type=\"image.default\">\n\t\t\t\t<div class=\"elementor-widget-container\">\n\t\t\t<style>\/*! elementor - v3.22.0 - 26-06-2024 *\/\n.elementor-widget-image{text-align:center}.elementor-widget-image a{display:inline-block}.elementor-widget-image a img[src$=\".svg\"]{width:48px}.elementor-widget-image img{vertical-align:middle;display:inline-block}<\/style>\t\t\t\t\t\t\t\t\t\t<img fetchpriority=\"high\" decoding=\"async\" width=\"2560\" height=\"1818\" src=\"https:\/\/www.uees.edu.sv\/premiosoldejusticia\/wp-content\/uploads\/2022\/07\/diploma-y-presea-SOL-DE-J.-2014-scaled.jpg\" class=\"attachment-full size-full wp-image-1381\" alt=\"\" srcset=\"https:\/\/www.uees.edu.sv\/premiosoldejusticia\/wp-content\/uploads\/2022\/07\/diploma-y-presea-SOL-DE-J.-2014-scaled.jpg 2560w, https:\/\/www.uees.edu.sv\/premiosoldejusticia\/wp-content\/uploads\/2022\/07\/diploma-y-presea-SOL-DE-J.-2014-300x213.jpg 300w, https:\/\/www.uees.edu.sv\/premiosoldejusticia\/wp-content\/uploads\/2022\/07\/diploma-y-presea-SOL-DE-J.-2014-1024x727.jpg 1024w, https:\/\/www.uees.edu.sv\/premiosoldejusticia\/wp-content\/uploads\/2022\/07\/diploma-y-presea-SOL-DE-J.-2014-768x545.jpg 768w, https:\/\/www.uees.edu.sv\/premiosoldejusticia\/wp-content\/uploads\/2022\/07\/diploma-y-presea-SOL-DE-J.-2014-1536x1091.jpg 1536w, https:\/\/www.uees.edu.sv\/premiosoldejusticia\/wp-content\/uploads\/2022\/07\/diploma-y-presea-SOL-DE-J.-2014-2048x1454.jpg 2048w\" sizes=\"(max-width: 2560px) 100vw, 2560px\" \/>\t\t\t\t\t\t\t\t\t\t\t\t\t<\/div>\n\t\t\t\t<\/div>\n\t\t\t\t\t<\/div>\n\t\t<\/div>\n\t\t\t\t\t<\/div>\n\t\t<\/section>\n\t\t\t\t<section class=\"elementor-section elementor-top-section elementor-element elementor-element-b82dae8 elementor-section-boxed elementor-section-height-default elementor-section-height-default\" data-id=\"b82dae8\" data-element_type=\"section\">\n\t\t\t\t\t\t<div class=\"elementor-container elementor-column-gap-default\">\n\t\t\t\t\t<div class=\"elementor-column elementor-col-50 elementor-top-column elementor-element elementor-element-bd4b5f8\" data-id=\"bd4b5f8\" data-element_type=\"column\">\n\t\t\t<div class=\"elementor-widget-wrap elementor-element-populated\">\n\t\t\t\t\t\t<div class=\"elementor-element elementor-element-fa1f6b6 elementor-widget elementor-widget-image\" data-id=\"fa1f6b6\" data-element_type=\"widget\" data-widget_type=\"image.default\">\n\t\t\t\t<div class=\"elementor-widget-container\">\n\t\t\t\t\t\t\t\t\t\t\t\t\t<img decoding=\"async\" width=\"1024\" height=\"684\" src=\"https:\/\/www.uees.edu.sv\/premiosoldejusticia\/wp-content\/uploads\/2022\/07\/directorio-entrega-sol-de-justicia-1024x684.jpg\" class=\"attachment-large size-large wp-image-1414\" alt=\"\" srcset=\"https:\/\/www.uees.edu.sv\/premiosoldejusticia\/wp-content\/uploads\/2022\/07\/directorio-entrega-sol-de-justicia-1024x684.jpg 1024w, https:\/\/www.uees.edu.sv\/premiosoldejusticia\/wp-content\/uploads\/2022\/07\/directorio-entrega-sol-de-justicia-300x200.jpg 300w, https:\/\/www.uees.edu.sv\/premiosoldejusticia\/wp-content\/uploads\/2022\/07\/directorio-entrega-sol-de-justicia-768x513.jpg 768w, https:\/\/www.uees.edu.sv\/premiosoldejusticia\/wp-content\/uploads\/2022\/07\/directorio-entrega-sol-de-justicia-1536x1025.jpg 1536w, https:\/\/www.uees.edu.sv\/premiosoldejusticia\/wp-content\/uploads\/2022\/07\/directorio-entrega-sol-de-justicia-2048x1367.jpg 2048w\" sizes=\"(max-width: 1024px) 100vw, 1024px\" \/>\t\t\t\t\t\t\t\t\t\t\t\t\t<\/div>\n\t\t\t\t<\/div>\n\t\t\t\t\t<\/div>\n\t\t<\/div>\n\t\t\t\t<div class=\"elementor-column elementor-col-50 elementor-top-column elementor-element elementor-element-ffa929f\" data-id=\"ffa929f\" data-element_type=\"column\">\n\t\t\t<div class=\"elementor-widget-wrap elementor-element-populated\">\n\t\t\t\t\t\t<div class=\"elementor-element elementor-element-8a0b524 elementor-widget elementor-widget-text-editor\" data-id=\"8a0b524\" data-element_type=\"widget\" data-widget_type=\"text-editor.default\">\n\t\t\t\t<div class=\"elementor-widget-container\">\n\t\t\t\t\t\t\t<p style=\"text-align: justify;\">Siendo la Universidad Evang\u00e9lica de El Salvador, la m\u00e1xima autoridad acad\u00e9mica y educativa en el contexto evang\u00e9lico de nuestro pa\u00eds, con plena confianza de ser un ministerio cristiano evang\u00e9lico, comprometidos con el texto b\u00edblico que dice \u201cy todo lo que hac\u00e9is, sea de palabra o de hecho, hacedlo todo en el nombre del se\u00f1or Jes\u00fas.\u201d Colosenses 3:17. Vemos la necesidad y a la vez el privilegio de reconocer el trabajo realizado por personas o instituciones a favor de la difusi\u00f3n del Evangelio, la expansi\u00f3n del Reino de Dios, junto al servicio a la Comunidad, a la educaci\u00f3n y a los valores y principios cristianos.<br \/>La Universidad Evang\u00e9lica instituye el reconocimiento anual \u201cSol de justicia\u201d, con base b\u00edblica en Malaqu\u00edas 4:2, inspirado en el texto que a nosotros, los que tememos su nombre, nacer\u00e1 el sol de justicia y en sus alas traer\u00e1 salvaci\u00f3n. Creyendo que nuestro Sol de Justicia es la persona de Jes\u00fas, quien se entreg\u00f3 a s\u00ed mismo, para que podamos juntos, Universidad e Iglesia, darle la gloria a Dios por medio de la obra de Jes\u00fas a favor de la salvaci\u00f3n del pueblo.<\/p>\t\t\t\t\t\t<\/div>\n\t\t\t\t<\/div>\n\t\t\t\t\t<\/div>\n\t\t<\/div>\n\t\t\t\t\t<\/div>\n\t\t<\/section>\n\t\t\t\t<section class=\"elementor-section elementor-top-section elementor-element elementor-element-c65b6e9 elementor-section-boxed elementor-section-height-default elementor-section-height-default\" data-id=\"c65b6e9\" data-element_type=\"section\">\n\t\t\t\t\t\t<div class=\"elementor-container elementor-column-gap-default\">\n\t\t\t\t\t<div class=\"elementor-column elementor-col-100 elementor-top-column elementor-element elementor-element-2978d20\" data-id=\"2978d20\" data-element_type=\"column\">\n\t\t\t<div class=\"elementor-widget-wrap elementor-element-populated\">\n\t\t\t\t\t\t<div class=\"elementor-element elementor-element-1334ada elementor-widget elementor-widget-heading\" data-id=\"1334ada\" data-element_type=\"widget\" data-widget_type=\"heading.default\">\n\t\t\t\t<div class=\"elementor-widget-container\">\n\t\t\t<style>\/*! elementor - v3.22.0 - 26-06-2024 *\/\n.elementor-heading-title{padding:0;margin:0;line-height:1}.elementor-widget-heading .elementor-heading-title[class*=elementor-size-]>a{color:inherit;font-size:inherit;line-height:inherit}.elementor-widget-heading .elementor-heading-title.elementor-size-small{font-size:15px}.elementor-widget-heading .elementor-heading-title.elementor-size-medium{font-size:19px}.elementor-widget-heading .elementor-heading-title.elementor-size-large{font-size:29px}.elementor-widget-heading .elementor-heading-title.elementor-size-xl{font-size:39px}.elementor-widget-heading .elementor-heading-title.elementor-size-xxl{font-size:59px}<\/style><h2 class=\"elementor-heading-title elementor-size-default\"><div><div><figure><img decoding=\"async\" src=\"https:\/\/www.uees.edu.sv\/premiosoldejusticia\/wp-content\/uploads\/2021\/04\/quotes.png\" alt=\"\" width=\"30\" height=\"30\"><\/figure><\/div><h2><em>Mas a vosotros los que tem\u00e9is mi nombre, nacer\u00e1 el Sol de justicia, y en sus alas traer\u00e1 salvaci\u00f3n; y saldr\u00e9is, y saltar\u00e9is como becerros de la manada. (Malaqu\u00edas 4:2)<\/em><\/h2><\/div><\/h2>\t\t<\/div>\n\t\t\t\t<\/div>\n\t\t\t\t\t<\/div>\n\t\t<\/div>\n\t\t\t\t\t<\/div>\n\t\t<\/section>\n\t\t\t\t<section class=\"elementor-section elementor-top-section elementor-element elementor-element-dd5f3b2 elementor-section-boxed elementor-section-height-default elementor-section-height-default\" data-id=\"dd5f3b2\" data-element_type=\"section\">\n\t\t\t\t\t\t<div class=\"elementor-container elementor-column-gap-default\">\n\t\t\t\t\t<div class=\"elementor-column elementor-col-100 elementor-top-column elementor-element elementor-element-220adfd\" data-id=\"220adfd\" data-element_type=\"column\">\n\t\t\t<div class=\"elementor-widget-wrap elementor-element-populated\">\n\t\t\t\t\t\t<div class=\"elementor-element elementor-element-2bd8d7e elementor-arrows-position-inside elementor-pagination-position-outside elementor-widget elementor-widget-image-carousel\" data-id=\"2bd8d7e\" data-element_type=\"widget\" data-settings=\"{&quot;slides_to_show&quot;:&quot;1&quot;,&quot;navigation&quot;:&quot;both&quot;,&quot;autoplay&quot;:&quot;yes&quot;,&quot;pause_on_hover&quot;:&quot;yes&quot;,&quot;pause_on_interaction&quot;:&quot;yes&quot;,&quot;autoplay_speed&quot;:5000,&quot;infinite&quot;:&quot;yes&quot;,&quot;effect&quot;:&quot;slide&quot;,&quot;speed&quot;:500}\" data-widget_type=\"image-carousel.default\">\n\t\t\t\t<div class=\"elementor-widget-container\">\n\t\t\t<style>\/*! elementor - v3.22.0 - 26-06-2024 *\/\n.elementor-widget-image-carousel .swiper,.elementor-widget-image-carousel .swiper-container{position:static}.elementor-widget-image-carousel .swiper-container .swiper-slide figure,.elementor-widget-image-carousel .swiper .swiper-slide figure{line-height:inherit}.elementor-widget-image-carousel .swiper-slide{text-align:center}.elementor-image-carousel-wrapper:not(.swiper-container-initialized):not(.swiper-initialized) .swiper-slide{max-width:calc(100% \/ var(--e-image-carousel-slides-to-show, 3))}<\/style>\t\t<div class=\"elementor-image-carousel-wrapper swiper\" dir=\"ltr\">\n\t\t\t<div class=\"elementor-image-carousel swiper-wrapper\" aria-live=\"off\">\n\t\t\t\t\t\t\t\t<div class=\"swiper-slide\" role=\"group\" aria-roledescription=\"slide\" aria-label=\"1 de 7\"><figure class=\"swiper-slide-inner\"><img decoding=\"async\" class=\"swiper-slide-image\" src=\"https:\/\/www.uees.edu.sv\/premiosoldejusticia\/wp-content\/uploads\/2024\/07\/DSC_0414-1024x684.jpg\" alt=\"DSC_0414\" \/><\/figure><\/div><div class=\"swiper-slide\" role=\"group\" aria-roledescription=\"slide\" aria-label=\"2 de 7\"><figure class=\"swiper-slide-inner\"><img decoding=\"async\" class=\"swiper-slide-image\" src=\"https:\/\/www.uees.edu.sv\/premiosoldejusticia\/wp-content\/uploads\/2024\/07\/DSC_0417-1024x684.jpg\" alt=\"DSC_0417\" \/><\/figure><\/div><div class=\"swiper-slide\" role=\"group\" aria-roledescription=\"slide\" aria-label=\"3 de 7\"><figure class=\"swiper-slide-inner\"><img decoding=\"async\" class=\"swiper-slide-image\" src=\"https:\/\/www.uees.edu.sv\/premiosoldejusticia\/wp-content\/uploads\/2024\/07\/DSC_0686-1024x684.jpg\" alt=\"DSC_0686\" \/><\/figure><\/div><div class=\"swiper-slide\" role=\"group\" aria-roledescription=\"slide\" aria-label=\"4 de 7\"><figure class=\"swiper-slide-inner\"><img decoding=\"async\" class=\"swiper-slide-image\" src=\"https:\/\/www.uees.edu.sv\/premiosoldejusticia\/wp-content\/uploads\/2024\/07\/DSC_0848-copia-1024x651.jpg\" alt=\"DSC_0848 copia\" \/><\/figure><\/div><div class=\"swiper-slide\" role=\"group\" aria-roledescription=\"slide\" aria-label=\"5 de 7\"><figure class=\"swiper-slide-inner\"><img decoding=\"async\" class=\"swiper-slide-image\" src=\"https:\/\/www.uees.edu.sv\/premiosoldejusticia\/wp-content\/uploads\/2024\/07\/DSC_0907-1024x684.jpg\" alt=\"DSC_0907\" \/><\/figure><\/div><div class=\"swiper-slide\" role=\"group\" aria-roledescription=\"slide\" aria-label=\"6 de 7\"><figure class=\"swiper-slide-inner\"><img decoding=\"async\" class=\"swiper-slide-image\" src=\"https:\/\/www.uees.edu.sv\/premiosoldejusticia\/wp-content\/uploads\/2024\/07\/DSC_9098-1024x684.jpg\" alt=\"PREMIO SOL DE JUSTICIA\" \/><\/figure><\/div><div class=\"swiper-slide\" role=\"group\" aria-roledescription=\"slide\" aria-label=\"7 de 7\"><figure class=\"swiper-slide-inner\"><img decoding=\"async\" class=\"swiper-slide-image\" src=\"https:\/\/www.uees.edu.sv\/premiosoldejusticia\/wp-content\/uploads\/2024\/07\/DSC_9370-1024x684.jpg\" alt=\"SOL DE JUSTICIA UEES\" \/><\/figure><\/div>\t\t\t<\/div>\n\t\t\t\t\t\t\t\t\t\t\t\t<div class=\"elementor-swiper-button elementor-swiper-button-prev\" role=\"button\" tabindex=\"0\">\n\t\t\t\t\t\t<i aria-hidden=\"true\" class=\"eicon-chevron-left\"><\/i>\t\t\t\t\t<\/div>\n\t\t\t\t\t<div class=\"elementor-swiper-button elementor-swiper-button-next\" role=\"button\" tabindex=\"0\">\n\t\t\t\t\t\t<i aria-hidden=\"true\" class=\"eicon-chevron-right\"><\/i>\t\t\t\t\t<\/div>\n\t\t\t\t\n\t\t\t\t\t\t\t\t\t<div class=\"swiper-pagination\"><\/div>\n\t\t\t\t\t\t\t\t\t<\/div>\n\t\t\t\t<\/div>\n\t\t\t\t<\/div>\n\t\t\t\t\t<\/div>\n\t\t<\/div>\n\t\t\t\t\t<\/div>\n\t\t<\/section>\n\t\t\t\t<\/div>\n\t\t","protected":false},"excerpt":{"rendered":"<p>Siendo la Universidad Evang\u00e9lica de El Salvador, la m\u00e1xima autoridad acad\u00e9mica y educativa en el contexto evang\u00e9lico de nuestro pa\u00eds, con plena confianza de ser un ministerio cristiano evang\u00e9lico, comprometidos con el texto b\u00edblico que dice \u201cy todo lo que hac\u00e9is, sea de palabra o de hecho, hacedlo todo en el nombre del se\u00f1or Jes\u00fas.\u201d [&hellip;]<\/p>\n","protected":false},"author":2,"featured_media":0,"parent":0,"menu_order":0,"comment_status":"closed","ping_status":"closed","template":"","meta":{"site-sidebar-layout":"no-sidebar","site-content-layout":"plain-container","ast-site-content-layout":"default","site-content-style":"default","site-sidebar-style":"default","ast-global-header-display":"","ast-banner-title-visibility":"","ast-main-header-display":"","ast-hfb-above-header-display":"","ast-hfb-below-header-display":"","ast-hfb-mobile-header-display":"","site-post-title":"disabled","ast-breadcrumbs-content":"disabled","ast-featured-img":"disabled","footer-sml-layout":"","ast-disable-related-posts":"","theme-transparent-header-meta":"enabled","adv-header-id-meta":"","stick-header-meta":"","header-above-stick-meta":"","header-main-stick-meta":"","header-below-stick-meta":"","astra-migrate-meta-layouts":"default","ast-page-background-enabled":"default","ast-page-background-meta":{"desktop":{"background-color":"var(--ast-global-color-4)","background-image":"","background-repeat":"repeat","background-position":"center center","background-size":"auto","background-attachment":"scroll","background-type":"","background-media":"","overlay-type":"","overlay-color":"","overlay-opacity":"","overlay-gradient":""},"tablet":{"background-color":"","background-image":"","background-repeat":"repeat","background-position":"center center","background-size":"auto","background-attachment":"scroll","background-type":"","background-media":"","overlay-type":"","overlay-color":"","overlay-opacity":"","overlay-gradient":""},"mobile":{"background-color":"","background-image":"","background-repeat":"repeat","background-position":"center center","background-size":"auto","background-attachment":"scroll","background-type":"","background-media":"","overlay-type":"","overlay-color":"","overlay-opacity":"","overlay-gradient":""}},"ast-content-background-meta":{"desktop":{"background-color":"var(--ast-global-color-5)","background-image":"","background-repeat":"repeat","background-position":"center center","background-size":"auto","background-attachment":"scroll","background-type":"","background-media":"","overlay-type":"","overlay-color":"","overlay-opacity":"","overlay-gradient":""},"tablet":{"background-color":"var(--ast-global-color-5)","background-image":"","background-repeat":"repeat","background-position":"center center","background-size":"auto","background-attachment":"scroll","background-type":"","background-media":"","overlay-type":"","overlay-color":"","overlay-opacity":"","overlay-gradient":""},"mobile":{"background-color":"var(--ast-global-color-5)","background-image":"","background-repeat":"repeat","background-position":"center center","background-size":"auto","background-attachment":"scroll","background-type":"","background-media":"","overlay-type":"","overlay-color":"","overlay-opacity":"","overlay-gradient":""}},"footnotes":""},"class_list":["post-1068","page","type-page","status-publish","hentry"],"_links":{"self":[{"href":"https:\/\/www.uees.edu.sv\/premiosoldejusticia\/wp-json\/wp\/v2\/pages\/1068","targetHints":{"allow":["GET"]}}],"collection":[{"href":"https:\/\/www.uees.edu.sv\/premiosoldejusticia\/wp-json\/wp\/v2\/pages"}],"about":[{"href":"https:\/\/www.uees.edu.sv\/premiosoldejusticia\/wp-json\/wp\/v2\/types\/page"}],"author":[{"embeddable":true,"href":"https:\/\/www.uees.edu.sv\/premiosoldejusticia\/wp-json\/wp\/v2\/users\/2"}],"replies":[{"embeddable":true,"href":"https:\/\/www.uees.edu.sv\/premiosoldejusticia\/wp-json\/wp\/v2\/comments?post=1068"}],"version-history":[{"count":35,"href":"https:\/\/www.uees.edu.sv\/premiosoldejusticia\/wp-json\/wp\/v2\/pages\/1068\/revisions"}],"predecessor-version":[{"id":2022,"href":"https:\/\/www.uees.edu.sv\/premiosoldejusticia\/wp-json\/wp\/v2\/pages\/1068\/revisions\/2022"}],"wp:attachment":[{"href":"https:\/\/www.uees.edu.sv\/premiosoldejusticia\/wp-json\/wp\/v2\/media?parent=1068"}],"curies":[{"name":"wp","href":"https:\/\/api.w.org\/{rel}","templated":true}]}}