{"id":7096,"date":"2021-11-19T12:34:16","date_gmt":"2021-11-19T12:34:16","guid":{"rendered":"https:\/\/www.uees.edu.sv\/juegosdelhonor\/?page_id=7096"},"modified":"2021-11-19T12:48:18","modified_gmt":"2021-11-19T12:48:18","slug":"viernes","status":"publish","type":"page","link":"https:\/\/www.uees.edu.sv\/juegosdelhonor\/viernes\/","title":{"rendered":"Viernes 19"},"content":{"rendered":"\t\t<div data-elementor-type=\"wp-page\" data-elementor-id=\"7096\" class=\"elementor elementor-7096\" data-elementor-settings=\"[]\">\n\t\t\t\t\t\t\t<div class=\"elementor-section-wrap\">\n\t\t\t\t\t\t\t<section class=\"elementor-section elementor-top-section elementor-element elementor-element-65ff7c3 elementor-section-boxed elementor-section-height-default elementor-section-height-default\" data-id=\"65ff7c3\" data-element_type=\"section\">\n\t\t\t\t\t\t<div class=\"elementor-container elementor-column-gap-default\">\n\t\t\t\t\t<div class=\"elementor-column elementor-col-100 elementor-top-column elementor-element elementor-element-511cb6b\" data-id=\"511cb6b\" data-element_type=\"column\">\n\t\t\t<div class=\"elementor-widget-wrap elementor-element-populated\">\n\t\t\t\t\t\t\t\t<div class=\"elementor-element elementor-element-4167d3b elementor-widget elementor-widget-image\" data-id=\"4167d3b\" data-element_type=\"widget\" data-widget_type=\"image.default\">\n\t\t\t\t<div class=\"elementor-widget-container\">\n\t\t\t\t\t\t\t\t\t\t\t\t\t\t\t<img loading=\"lazy\" decoding=\"async\" width=\"950\" height=\"223\" src=\"https:\/\/www.uees.edu.sv\/juegosdelhonor\/wp-content\/uploads\/2021\/11\/VIERNES-BANNER_Mesa-de-trabajo-1-1024x240.png\" class=\"attachment-large size-large\" alt=\"\" srcset=\"https:\/\/www.uees.edu.sv\/juegosdelhonor\/wp-content\/uploads\/2021\/11\/VIERNES-BANNER_Mesa-de-trabajo-1-1024x240.png 1024w, https:\/\/www.uees.edu.sv\/juegosdelhonor\/wp-content\/uploads\/2021\/11\/VIERNES-BANNER_Mesa-de-trabajo-1-300x70.png 300w, https:\/\/www.uees.edu.sv\/juegosdelhonor\/wp-content\/uploads\/2021\/11\/VIERNES-BANNER_Mesa-de-trabajo-1-768x180.png 768w, https:\/\/www.uees.edu.sv\/juegosdelhonor\/wp-content\/uploads\/2021\/11\/VIERNES-BANNER_Mesa-de-trabajo-1.png 1280w\" sizes=\"auto, 100vw\" \/>\t\t\t\t\t\t\t\t\t\t\t\t\t\t\t<\/div>\n\t\t\t\t<\/div>\n\t\t\t\t\t<\/div>\n\t\t<\/div>\n\t\t\t\t\t\t\t<\/div>\n\t\t<\/section>\n\t\t\t\t<section class=\"elementor-section elementor-top-section elementor-element elementor-element-10e20158 elementor-section-boxed elementor-section-height-default elementor-section-height-default\" data-id=\"10e20158\" data-element_type=\"section\">\n\t\t\t\t\t\t<div class=\"elementor-container elementor-column-gap-default\">\n\t\t\t\t\t<div class=\"elementor-column elementor-col-100 elementor-top-column elementor-element elementor-element-4667b81b\" data-id=\"4667b81b\" data-element_type=\"column\">\n\t\t\t<div class=\"elementor-widget-wrap elementor-element-populated\">\n\t\t\t\t\t\t\t\t<div class=\"elementor-element elementor-element-472f5c2f elementor-widget elementor-widget-text-editor\" data-id=\"472f5c2f\" data-element_type=\"widget\" data-widget_type=\"text-editor.default\">\n\t\t\t\t<div class=\"elementor-widget-container\">\n\t\t\t\t\t\t\t<h3 style=\"text-align: center;\"><strong>DEVOCIONAL DEL D\u00cdA<\/strong><\/h3><p style=\"text-align: center;\"><span style=\"font-weight: 400;\">\u00abMas vosotros sois linaje escogido, real sacerdocio, naci\u00f3n santa, pueblo adquirido por Dios, para que anunci\u00e9is las virtudes de aquel que os llam\u00f3 de las tinieblas a su luz admirable;\u00bb<\/span><\/p><p style=\"text-align: center;\"><span style=\"font-weight: 400;\"><strong>1 Pedro 2: 9 (RVR60)<\/strong><\/span><\/p>\t\t\t\t\t\t<\/div>\n\t\t\t\t<\/div>\n\t\t\t\t\t<\/div>\n\t\t<\/div>\n\t\t\t\t\t\t\t<\/div>\n\t\t<\/section>\n\t\t\t\t<section class=\"elementor-section elementor-top-section elementor-element elementor-element-b8a1a40 elementor-section-boxed elementor-section-height-default elementor-section-height-default\" data-id=\"b8a1a40\" data-element_type=\"section\">\n\t\t\t\t\t\t<div class=\"elementor-container elementor-column-gap-default\">\n\t\t\t\t\t<div class=\"elementor-column elementor-col-100 elementor-top-column elementor-element elementor-element-88ade1c\" data-id=\"88ade1c\" data-element_type=\"column\">\n\t\t\t<div class=\"elementor-widget-wrap elementor-element-populated\">\n\t\t\t\t\t\t\t\t<div class=\"elementor-element elementor-element-ddb8f7d elementor-widget elementor-widget-heading\" data-id=\"ddb8f7d\" data-element_type=\"widget\" data-widget_type=\"heading.default\">\n\t\t\t\t<div class=\"elementor-widget-container\">\n\t\t\t<h2 class=\"elementor-heading-title elementor-size-default\">Reflexiona en esto:<\/h2>\t\t<\/div>\n\t\t\t\t<\/div>\n\t\t\t\t\t<\/div>\n\t\t<\/div>\n\t\t\t\t\t\t\t<\/div>\n\t\t<\/section>\n\t\t\t\t<section class=\"elementor-section elementor-top-section elementor-element elementor-element-3c81500 elementor-section-boxed elementor-section-height-default elementor-section-height-default\" data-id=\"3c81500\" data-element_type=\"section\">\n\t\t\t\t\t\t<div class=\"elementor-container elementor-column-gap-default\">\n\t\t\t\t\t<div class=\"elementor-column elementor-col-100 elementor-top-column elementor-element elementor-element-de61035\" data-id=\"de61035\" data-element_type=\"column\">\n\t\t\t<div class=\"elementor-widget-wrap elementor-element-populated\">\n\t\t\t\t\t\t\t\t<div class=\"elementor-element elementor-element-4f4dcd5 elementor-widget elementor-widget-text-editor\" data-id=\"4f4dcd5\" data-element_type=\"widget\" data-widget_type=\"text-editor.default\">\n\t\t\t\t<div class=\"elementor-widget-container\">\n\t\t\t\t\t\t\t<p><span style=\"font-weight: 400;\">\u00bfYa te has puesto a pensar en el enorme legado que recibimos al ser llamados hijos de Dios? y si no lo comprendes de la manera apropiada, puedes caer en el error de creer que hay un sin fin de expectativas inalcanzables al pensar que tienes que ser perfecto en todo. No te confundas, Dios espera de ti nada menos que excelencia, pero la cultura que nos rodea nos ha vendido un concepto que es demasiado inalcanzable como para que siquiera intentemos lograrlo, dej\u00e1ndonos as\u00ed con un sentimiento de culpa y de verg\u00fcenza cuando cometemos alg\u00fan error por peque\u00f1o que pueda llegar a ser, esas expectativas en no mucho tiempo pueden llegar a cansar o a frustrar.\u00a0<\/span><\/p><p><span style=\"font-weight: 400;\">Ante esto necesitas poner menos atenci\u00f3n a lo que la gente pueda esperar de ti, y comenzar a poner m\u00e1s atenci\u00f3n a lo que realmente <em>Dios te est\u00e1 pidiendo<\/em>, y adem\u00e1s, a lo que Dios te ofrece cuando te hace parte de su pueblo adquirido. Dios te dice que al creer en \u00e9l, eres parte de la familia que \u00e9l escoge, y esta familia, este linaje, tiene un prop\u00f3sito definido, recibes una misi\u00f3n por cumplir, la cual <\/span><i><span style=\"font-weight: 400;\">no <\/span><\/i><span style=\"font-weight: 400;\">es la de fingir apariencias de una falsa perfecci\u00f3n, sino la de servir, servir como puedas, donde est\u00e9s, y a todo el mundo, como su real sacerdocio, llevando a toda persona de tu alrededor las buenas noticias de Cristo, la noticia de ese Jes\u00fas que te sac\u00f3 de la oscuridad para vivir en su luz admirable, esto es una vida de excelencia, una vida en la que puedes ir creciendo y madurando, siguiendo el ejemplo de Jes\u00fas para tu vidas.\u00a0<\/span><\/p><p><span style=\"font-weight: 400;\"><strong>Si vives de esta manera, alcanzas el est\u00e1ndar de excelencia que Dios tiene<\/strong>, y si lo ves, realmente s\u00ed es algo alcanzable, es algo que puedes vivir todos los d\u00edas, usando los dones, talentos y la imaginaci\u00f3n que recibes del Se\u00f1or para poder compartir sus buenas noticias de todas las maneras que se te puedan ocurrir, <strong>entendiendo que esto es el privilegio y la honra que recibes ya que ahora eres parte de la familia de Dios<\/strong>, parte de su naci\u00f3n santa, un profesional de excelencia al servicio de tu Padre celestial, honrando al Se\u00f1or en todo lo que haces.<\/span><\/p>\t\t\t\t\t\t<\/div>\n\t\t\t\t<\/div>\n\t\t\t\t\t<\/div>\n\t\t<\/div>\n\t\t\t\t\t\t\t<\/div>\n\t\t<\/section>\n\t\t\t\t<section class=\"elementor-section elementor-top-section elementor-element elementor-element-7ff50d2 elementor-section-boxed elementor-section-height-default elementor-section-height-default\" data-id=\"7ff50d2\" data-element_type=\"section\">\n\t\t\t\t\t\t<div class=\"elementor-container elementor-column-gap-default\">\n\t\t\t\t\t<div class=\"elementor-column elementor-col-100 elementor-top-column elementor-element elementor-element-c7067d9\" data-id=\"c7067d9\" data-element_type=\"column\">\n\t\t\t<div class=\"elementor-widget-wrap elementor-element-populated\">\n\t\t\t\t\t\t\t\t<div class=\"elementor-element elementor-element-f4e7e89 elementor-widget elementor-widget-text-editor\" data-id=\"f4e7e89\" data-element_type=\"widget\" data-widget_type=\"text-editor.default\">\n\t\t\t\t<div class=\"elementor-widget-container\">\n\t\t\t\t\t\t\t<p style=\"line-height: 1.7999999999999998; text-align: justify; margin-top: 0pt; margin-bottom: 0pt;\"><span style=\"font-size: 12pt; font-family: Arial; color: #000000; background-color: transparent; font-weight: bold; font-style: normal; font-variant: normal; text-decoration: none; vertical-align: baseline; white-space: pre-wrap;\">Pong\u00e1moslo a Prueba:<\/span><\/p><p dir=\"ltr\" style=\"line-height: 1.7999999999999998; text-align: justify; margin-top: 0pt; margin-bottom: 0pt;\"><span style=\"font-weight: 400;\">\u00bfQu\u00e9 imagen se viene a tu mente cuando tratas de definir a un \u201cbuen cristiano\u201d? Puede que pienses m\u00e1s en su forma de vestir, de peinarse, cu\u00e1nto tiempo pasa en la iglesia, o la cantidad de ministerios en los que forma parte. Pero, <strong>la excelencia en la fe<\/strong>, a los ojos de Dios, se mide por medios completamente diferentes, y eso es algo muy bueno, pues te permite <span style=\"text-decoration: underline;\"><em>darle honor a Dios<\/em><\/span> de muchas m\u00e1s formas, ya que comprendes que lo importante es saber <span style=\"text-decoration: underline;\">ayudar a otros<\/span>, acompa\u00f1ar al necesitado, y <span style=\"text-decoration: underline;\">reflejar a Jes\u00fas<\/span> en tus acciones con los que te rodean. Por la misericordia de Dios puedes alcanzar la verdadera excelencia en tu vida, al servir y predicar con el ejemplo honras al Se\u00f1or como \u00e9l realmente lo desea.<\/span><\/p>\t\t\t\t\t\t<\/div>\n\t\t\t\t<\/div>\n\t\t\t\t\t<\/div>\n\t\t<\/div>\n\t\t\t\t\t\t\t<\/div>\n\t\t<\/section>\n\t\t\t\t<section class=\"elementor-section elementor-top-section elementor-element elementor-element-1e590b7 elementor-section-boxed elementor-section-height-default elementor-section-height-default\" data-id=\"1e590b7\" data-element_type=\"section\">\n\t\t\t\t\t\t<div class=\"elementor-container elementor-column-gap-default\">\n\t\t\t\t\t<div class=\"elementor-column elementor-col-100 elementor-top-column elementor-element elementor-element-0c671d3\" data-id=\"0c671d3\" data-element_type=\"column\">\n\t\t\t<div class=\"elementor-widget-wrap elementor-element-populated\">\n\t\t\t\t\t\t\t\t<div class=\"elementor-element elementor-element-0644a62 elementor-widget elementor-widget-text-editor\" data-id=\"0644a62\" data-element_type=\"widget\" data-widget_type=\"text-editor.default\">\n\t\t\t\t<div class=\"elementor-widget-container\">\n\t\t\t\t\t\t\t<p><span style=\"color: #000000;\"><strong>Preg\u00fantate esto:<\/strong><\/span><\/p><p><span style=\"color: #000000;\">En esta parte es donde debes de tomar tu cuaderno y tomar notas de las respuestas a estas preguntas.<\/span><\/p><ul><li style=\"font-weight: 400;\" aria-level=\"1\"><span style=\"font-weight: 400;\">\u00bfQu\u00e9 significa para ti la excelencia?<\/span><\/li><li style=\"font-weight: 400;\" aria-level=\"1\"><span style=\"font-weight: 400;\">\u00bfC\u00f3mo puedes alcanzar la excelencia en tu vida?<\/span><\/li><li style=\"font-weight: 400;\" aria-level=\"1\"><span style=\"font-weight: 400;\">\u00bfQu\u00e9 piensas de lo que Dios espera de ti, su pueblo escogido?<\/span><\/li><li style=\"font-weight: 400;\" aria-level=\"1\"><span style=\"font-weight: 400;\">\u00bfC\u00f3mo puedes servir a tu comunidad y predicarles de Cristo?<\/span><\/li><\/ul>\t\t\t\t\t\t<\/div>\n\t\t\t\t<\/div>\n\t\t\t\t\t<\/div>\n\t\t<\/div>\n\t\t\t\t\t\t\t<\/div>\n\t\t<\/section>\n\t\t\t\t<section class=\"elementor-section elementor-top-section elementor-element elementor-element-2de6956 elementor-section-boxed elementor-section-height-default elementor-section-height-default\" data-id=\"2de6956\" data-element_type=\"section\">\n\t\t\t\t\t\t<div class=\"elementor-container elementor-column-gap-default\">\n\t\t\t\t\t<div class=\"elementor-column elementor-col-100 elementor-top-column elementor-element elementor-element-46acb87\" data-id=\"46acb87\" data-element_type=\"column\">\n\t\t\t<div class=\"elementor-widget-wrap elementor-element-populated\">\n\t\t\t\t\t\t\t\t<div class=\"elementor-element elementor-element-7d69302 elementor-widget elementor-widget-image\" data-id=\"7d69302\" data-element_type=\"widget\" data-widget_type=\"image.default\">\n\t\t\t\t<div class=\"elementor-widget-container\">\n\t\t\t\t\t\t\t\t\t\t\t\t\t\t\t<img loading=\"lazy\" decoding=\"async\" width=\"950\" height=\"223\" src=\"https:\/\/www.uees.edu.sv\/juegosdelhonor\/wp-content\/uploads\/2021\/11\/RETO_Mesa-de-trabajo-1-1024x240.png\" class=\"attachment-large size-large\" alt=\"\" srcset=\"https:\/\/www.uees.edu.sv\/juegosdelhonor\/wp-content\/uploads\/2021\/11\/RETO_Mesa-de-trabajo-1-1024x240.png 1024w, https:\/\/www.uees.edu.sv\/juegosdelhonor\/wp-content\/uploads\/2021\/11\/RETO_Mesa-de-trabajo-1-300x70.png 300w, https:\/\/www.uees.edu.sv\/juegosdelhonor\/wp-content\/uploads\/2021\/11\/RETO_Mesa-de-trabajo-1-768x180.png 768w, https:\/\/www.uees.edu.sv\/juegosdelhonor\/wp-content\/uploads\/2021\/11\/RETO_Mesa-de-trabajo-1.png 1280w\" sizes=\"auto, 100vw\" \/>\t\t\t\t\t\t\t\t\t\t\t\t\t\t\t<\/div>\n\t\t\t\t<\/div>\n\t\t\t\t\t<\/div>\n\t\t<\/div>\n\t\t\t\t\t\t\t<\/div>\n\t\t<\/section>\n\t\t\t\t<section class=\"elementor-section elementor-top-section elementor-element elementor-element-0afa04b elementor-section-boxed elementor-section-height-default elementor-section-height-default\" data-id=\"0afa04b\" data-element_type=\"section\">\n\t\t\t\t\t\t<div class=\"elementor-container elementor-column-gap-default\">\n\t\t\t\t\t<div class=\"elementor-column elementor-col-100 elementor-top-column elementor-element elementor-element-cf0bbe2\" data-id=\"cf0bbe2\" data-element_type=\"column\">\n\t\t\t<div class=\"elementor-widget-wrap elementor-element-populated\">\n\t\t\t\t\t\t\t\t<div class=\"elementor-element elementor-element-35102ef elementor-widget elementor-widget-text-editor\" data-id=\"35102ef\" data-element_type=\"widget\" data-widget_type=\"text-editor.default\">\n\t\t\t\t<div class=\"elementor-widget-container\">\n\t\t\t\t\t\t\t<p style=\"text-align: left;\">No hay duda que Dios te ha hablado y te ha mostrado muchas&nbsp; verdades que puedes aplicar a tu vida, ahora <strong>te retamos a que puedas hacer un comentario sobre que importante es buscar la excelencia para vivir en honor.<\/strong><\/p>\n<p>***El espacio para tu comentario lo en contratas al final de esta p\u00e1gina.**<\/p>\t\t\t\t\t\t<\/div>\n\t\t\t\t<\/div>\n\t\t\t\t\t<\/div>\n\t\t<\/div>\n\t\t\t\t\t\t\t<\/div>\n\t\t<\/section>\n\t\t\t\t<section class=\"elementor-section elementor-top-section elementor-element elementor-element-075eed0 elementor-section-boxed elementor-section-height-default elementor-section-height-default\" data-id=\"075eed0\" data-element_type=\"section\">\n\t\t\t\t\t\t<div class=\"elementor-container elementor-column-gap-default\">\n\t\t\t\t\t<div class=\"elementor-column elementor-col-100 elementor-top-column elementor-element elementor-element-bb7cb91\" data-id=\"bb7cb91\" data-element_type=\"column\">\n\t\t\t<div class=\"elementor-widget-wrap elementor-element-populated\">\n\t\t\t\t\t\t\t\t<div class=\"elementor-element elementor-element-7266e99 elementor-widget elementor-widget-image\" data-id=\"7266e99\" data-element_type=\"widget\" data-widget_type=\"image.default\">\n\t\t\t\t<div class=\"elementor-widget-container\">\n\t\t\t\t\t\t\t\t\t\t\t\t\t\t\t<img loading=\"lazy\" decoding=\"async\" width=\"950\" height=\"223\" src=\"https:\/\/www.uees.edu.sv\/juegosdelhonor\/wp-content\/uploads\/2021\/11\/CONFERENCIA-BANNER-ZOOM_Mesa-de-trabajo-1-1024x240.png\" class=\"attachment-large size-large\" alt=\"\" srcset=\"https:\/\/www.uees.edu.sv\/juegosdelhonor\/wp-content\/uploads\/2021\/11\/CONFERENCIA-BANNER-ZOOM_Mesa-de-trabajo-1-1024x240.png 1024w, https:\/\/www.uees.edu.sv\/juegosdelhonor\/wp-content\/uploads\/2021\/11\/CONFERENCIA-BANNER-ZOOM_Mesa-de-trabajo-1-300x70.png 300w, https:\/\/www.uees.edu.sv\/juegosdelhonor\/wp-content\/uploads\/2021\/11\/CONFERENCIA-BANNER-ZOOM_Mesa-de-trabajo-1-768x180.png 768w, https:\/\/www.uees.edu.sv\/juegosdelhonor\/wp-content\/uploads\/2021\/11\/CONFERENCIA-BANNER-ZOOM_Mesa-de-trabajo-1.png 1280w\" sizes=\"auto, 100vw\" \/>\t\t\t\t\t\t\t\t\t\t\t\t\t\t\t<\/div>\n\t\t\t\t<\/div>\n\t\t\t\t\t<\/div>\n\t\t<\/div>\n\t\t\t\t\t\t\t<\/div>\n\t\t<\/section>\n\t\t\t\t<section class=\"elementor-section elementor-top-section elementor-element elementor-element-89790a2 elementor-section-boxed elementor-section-height-default elementor-section-height-default\" data-id=\"89790a2\" data-element_type=\"section\">\n\t\t\t\t\t\t<div class=\"elementor-container elementor-column-gap-default\">\n\t\t\t\t\t<div class=\"elementor-column elementor-col-50 elementor-top-column elementor-element elementor-element-0548eda\" data-id=\"0548eda\" data-element_type=\"column\">\n\t\t\t<div class=\"elementor-widget-wrap elementor-element-populated\">\n\t\t\t\t\t\t\t\t<div class=\"elementor-element elementor-element-8e44429 elementor-widget elementor-widget-image\" data-id=\"8e44429\" data-element_type=\"widget\" data-widget_type=\"image.default\">\n\t\t\t\t<div class=\"elementor-widget-container\">\n\t\t\t\t\t\t\t\t\t\t\t\t\t\t\t<img loading=\"lazy\" decoding=\"async\" width=\"300\" height=\"300\" src=\"https:\/\/www.uees.edu.sv\/juegosdelhonor\/wp-content\/uploads\/2021\/11\/zoom-SAE-UEES-Secretaria-de-asuntos-espirituales.png\" class=\"attachment-large size-large\" alt=\"\" srcset=\"https:\/\/www.uees.edu.sv\/juegosdelhonor\/wp-content\/uploads\/2021\/11\/zoom-SAE-UEES-Secretaria-de-asuntos-espirituales.png 300w, https:\/\/www.uees.edu.sv\/juegosdelhonor\/wp-content\/uploads\/2021\/11\/zoom-SAE-UEES-Secretaria-de-asuntos-espirituales-150x150.png 150w\" sizes=\"auto, 100vw\" \/>\t\t\t\t\t\t\t\t\t\t\t\t\t\t\t<\/div>\n\t\t\t\t<\/div>\n\t\t\t\t\t<\/div>\n\t\t<\/div>\n\t\t\t\t<div class=\"elementor-column elementor-col-50 elementor-top-column elementor-element elementor-element-9f75f77\" data-id=\"9f75f77\" data-element_type=\"column\">\n\t\t\t<div class=\"elementor-widget-wrap elementor-element-populated\">\n\t\t\t\t\t\t\t\t<div class=\"elementor-element elementor-element-d69b318 elementor-widget elementor-widget-text-editor\" data-id=\"d69b318\" data-element_type=\"widget\" data-widget_type=\"text-editor.default\">\n\t\t\t\t<div class=\"elementor-widget-container\">\n\t\t\t\t\t\t\t<p style=\"text-align: center;\"><strong>SESI\u00d3N EN ZOOM: JUEGOS DEL HONOR <\/strong><\/p><p style=\"text-align: center;\">Recuerda reservar el tiempo para vernos por ZOOM, todos los d\u00edas 3:30 pm, donde tendremos un invitado especial.<\/p><p style=\"text-align: center;\">Unirse a la reuni\u00f3n Zoom<br \/><a href=\"https:\/\/zoom.us\/j\/97629823930\">https:\/\/zoom.us\/j\/97629823930<\/a><\/p><p style=\"text-align: center;\">ID de reuni\u00f3n: 976 2982 3930<\/p>\t\t\t\t\t\t<\/div>\n\t\t\t\t<\/div>\n\t\t\t\t\t<\/div>\n\t\t<\/div>\n\t\t\t\t\t\t\t<\/div>\n\t\t<\/section>\n\t\t\t\t<section class=\"elementor-section elementor-top-section elementor-element elementor-element-ea2f5e9 elementor-section-boxed elementor-section-height-default elementor-section-height-default\" data-id=\"ea2f5e9\" data-element_type=\"section\">\n\t\t\t\t\t\t<div class=\"elementor-container elementor-column-gap-default\">\n\t\t\t\t\t<div class=\"elementor-column elementor-col-100 elementor-top-column elementor-element elementor-element-f337563\" data-id=\"f337563\" data-element_type=\"column\">\n\t\t\t<div class=\"elementor-widget-wrap\">\n\t\t\t\t\t\t\t\t\t<\/div>\n\t\t<\/div>\n\t\t\t\t\t\t\t<\/div>\n\t\t<\/section>\n\t\t\t\t\t\t<\/div>\n\t\t\t\t\t<\/div>\n\t\t","protected":false},"excerpt":{"rendered":"<p>DEVOCIONAL DEL D\u00cdA \u00abMas vosotros sois linaje escogido, real sacerdocio, naci\u00f3n santa, pueblo adquirido por Dios, para que anunci\u00e9is las virtudes de aquel que os llam\u00f3 de las tinieblas a su luz admirable;\u00bb 1 Pedro 2: 9 (RVR60) Reflexiona en esto: \u00bfYa te has puesto a pensar en el enorme legado que recibimos al ser &hellip; <\/p>\n<p class=\"link-more\"><a href=\"https:\/\/www.uees.edu.sv\/juegosdelhonor\/viernes\/\" class=\"more-link\">Leer m\u00e1s<span class=\"screen-reader-text\"> \u00abViernes 19\u00bb<\/span><\/a><\/p>\n","protected":false},"author":1,"featured_media":0,"parent":0,"menu_order":0,"comment_status":"open","ping_status":"closed","template":"","meta":{"_monsterinsights_skip_tracking":false,"_monsterinsights_sitenote_active":false,"_monsterinsights_sitenote_note":"","_monsterinsights_sitenote_category":0,"footnotes":""},"class_list":["post-7096","page","type-page","status-publish","hentry"],"_links":{"self":[{"href":"https:\/\/www.uees.edu.sv\/juegosdelhonor\/wp-json\/wp\/v2\/pages\/7096","targetHints":{"allow":["GET"]}}],"collection":[{"href":"https:\/\/www.uees.edu.sv\/juegosdelhonor\/wp-json\/wp\/v2\/pages"}],"about":[{"href":"https:\/\/www.uees.edu.sv\/juegosdelhonor\/wp-json\/wp\/v2\/types\/page"}],"author":[{"embeddable":true,"href":"https:\/\/www.uees.edu.sv\/juegosdelhonor\/wp-json\/wp\/v2\/users\/1"}],"replies":[{"embeddable":true,"href":"https:\/\/www.uees.edu.sv\/juegosdelhonor\/wp-json\/wp\/v2\/comments?post=7096"}],"version-history":[{"count":22,"href":"https:\/\/www.uees.edu.sv\/juegosdelhonor\/wp-json\/wp\/v2\/pages\/7096\/revisions"}],"predecessor-version":[{"id":7126,"href":"https:\/\/www.uees.edu.sv\/juegosdelhonor\/wp-json\/wp\/v2\/pages\/7096\/revisions\/7126"}],"wp:attachment":[{"href":"https:\/\/www.uees.edu.sv\/juegosdelhonor\/wp-json\/wp\/v2\/media?parent=7096"}],"curies":[{"name":"wp","href":"https:\/\/api.w.org\/{rel}","templated":true}]}}