{"id":7016,"date":"2021-11-17T01:17:32","date_gmt":"2021-11-17T01:17:32","guid":{"rendered":"https:\/\/www.uees.edu.sv\/juegosdelhonor\/?page_id=7016"},"modified":"2021-11-17T13:45:27","modified_gmt":"2021-11-17T13:45:27","slug":"miercoles","status":"publish","type":"page","link":"https:\/\/www.uees.edu.sv\/juegosdelhonor\/miercoles\/","title":{"rendered":"Mi\u00e9rcoles 17"},"content":{"rendered":"\t\t<div data-elementor-type=\"wp-page\" data-elementor-id=\"7016\" class=\"elementor elementor-7016\" data-elementor-settings=\"[]\">\n\t\t\t\t\t\t\t<div class=\"elementor-section-wrap\">\n\t\t\t\t\t\t\t<section class=\"elementor-section elementor-top-section elementor-element elementor-element-65ff7c3 elementor-section-boxed elementor-section-height-default elementor-section-height-default\" data-id=\"65ff7c3\" data-element_type=\"section\">\n\t\t\t\t\t\t<div class=\"elementor-container elementor-column-gap-default\">\n\t\t\t\t\t<div class=\"elementor-column elementor-col-100 elementor-top-column elementor-element elementor-element-511cb6b\" data-id=\"511cb6b\" data-element_type=\"column\">\n\t\t\t<div class=\"elementor-widget-wrap elementor-element-populated\">\n\t\t\t\t\t\t\t\t<div class=\"elementor-element elementor-element-4167d3b elementor-widget elementor-widget-image\" data-id=\"4167d3b\" data-element_type=\"widget\" data-widget_type=\"image.default\">\n\t\t\t\t<div class=\"elementor-widget-container\">\n\t\t\t\t\t\t\t\t\t\t\t\t\t\t\t<img loading=\"lazy\" decoding=\"async\" width=\"950\" height=\"223\" src=\"https:\/\/www.uees.edu.sv\/juegosdelhonor\/wp-content\/uploads\/2021\/11\/MIERCOLES-SERVICIO-BANNER_Mesa-de-trabajo-1-1024x240.png\" class=\"attachment-large size-large\" alt=\"\" srcset=\"https:\/\/www.uees.edu.sv\/juegosdelhonor\/wp-content\/uploads\/2021\/11\/MIERCOLES-SERVICIO-BANNER_Mesa-de-trabajo-1-1024x240.png 1024w, https:\/\/www.uees.edu.sv\/juegosdelhonor\/wp-content\/uploads\/2021\/11\/MIERCOLES-SERVICIO-BANNER_Mesa-de-trabajo-1-300x70.png 300w, https:\/\/www.uees.edu.sv\/juegosdelhonor\/wp-content\/uploads\/2021\/11\/MIERCOLES-SERVICIO-BANNER_Mesa-de-trabajo-1-768x180.png 768w, https:\/\/www.uees.edu.sv\/juegosdelhonor\/wp-content\/uploads\/2021\/11\/MIERCOLES-SERVICIO-BANNER_Mesa-de-trabajo-1.png 1280w\" sizes=\"auto, 100vw\" \/>\t\t\t\t\t\t\t\t\t\t\t\t\t\t\t<\/div>\n\t\t\t\t<\/div>\n\t\t\t\t\t<\/div>\n\t\t<\/div>\n\t\t\t\t\t\t\t<\/div>\n\t\t<\/section>\n\t\t\t\t<section class=\"elementor-section elementor-top-section elementor-element elementor-element-10e20158 elementor-section-boxed elementor-section-height-default elementor-section-height-default\" data-id=\"10e20158\" data-element_type=\"section\">\n\t\t\t\t\t\t<div class=\"elementor-container elementor-column-gap-default\">\n\t\t\t\t\t<div class=\"elementor-column elementor-col-100 elementor-top-column elementor-element elementor-element-4667b81b\" data-id=\"4667b81b\" data-element_type=\"column\">\n\t\t\t<div class=\"elementor-widget-wrap elementor-element-populated\">\n\t\t\t\t\t\t\t\t<div class=\"elementor-element elementor-element-472f5c2f elementor-widget elementor-widget-text-editor\" data-id=\"472f5c2f\" data-element_type=\"widget\" data-widget_type=\"text-editor.default\">\n\t\t\t\t<div class=\"elementor-widget-container\">\n\t\t\t\t\t\t\t<h3 style=\"text-align: center;\"><strong>DEVOCIONAL DEL D\u00cdA<\/strong><\/h3><p style=\"text-align: center;\"><span style=\"font-weight: 400;\">\u00abSi alguno me sirve, s\u00edgame; y donde yo estuviere, all\u00ed tambi\u00e9n estar\u00e1 mi servidor. <\/span><span style=\"font-weight: 400;\">Si alguno me sirviere, mi Padre le honrar\u00e1.\u00bb<\/span><\/p><p style=\"text-align: center;\"><span style=\"font-weight: 400;\"> <strong>Juan 12: 26 (RVR60)<\/strong><\/span><\/p>\t\t\t\t\t\t<\/div>\n\t\t\t\t<\/div>\n\t\t\t\t\t<\/div>\n\t\t<\/div>\n\t\t\t\t\t\t\t<\/div>\n\t\t<\/section>\n\t\t\t\t<section class=\"elementor-section elementor-top-section elementor-element elementor-element-b8a1a40 elementor-section-boxed elementor-section-height-default elementor-section-height-default\" data-id=\"b8a1a40\" data-element_type=\"section\">\n\t\t\t\t\t\t<div class=\"elementor-container elementor-column-gap-default\">\n\t\t\t\t\t<div class=\"elementor-column elementor-col-100 elementor-top-column elementor-element elementor-element-88ade1c\" data-id=\"88ade1c\" data-element_type=\"column\">\n\t\t\t<div class=\"elementor-widget-wrap elementor-element-populated\">\n\t\t\t\t\t\t\t\t<div class=\"elementor-element elementor-element-ddb8f7d elementor-widget elementor-widget-heading\" data-id=\"ddb8f7d\" data-element_type=\"widget\" data-widget_type=\"heading.default\">\n\t\t\t\t<div class=\"elementor-widget-container\">\n\t\t\t<h2 class=\"elementor-heading-title elementor-size-default\">Reflexiona en esto:<\/h2>\t\t<\/div>\n\t\t\t\t<\/div>\n\t\t\t\t\t<\/div>\n\t\t<\/div>\n\t\t\t\t\t\t\t<\/div>\n\t\t<\/section>\n\t\t\t\t<section class=\"elementor-section elementor-top-section elementor-element elementor-element-3c81500 elementor-section-boxed elementor-section-height-default elementor-section-height-default\" data-id=\"3c81500\" data-element_type=\"section\">\n\t\t\t\t\t\t<div class=\"elementor-container elementor-column-gap-default\">\n\t\t\t\t\t<div class=\"elementor-column elementor-col-100 elementor-top-column elementor-element elementor-element-de61035\" data-id=\"de61035\" data-element_type=\"column\">\n\t\t\t<div class=\"elementor-widget-wrap elementor-element-populated\">\n\t\t\t\t\t\t\t\t<div class=\"elementor-element elementor-element-4f4dcd5 elementor-widget elementor-widget-text-editor\" data-id=\"4f4dcd5\" data-element_type=\"widget\" data-widget_type=\"text-editor.default\">\n\t\t\t\t<div class=\"elementor-widget-container\">\n\t\t\t\t\t\t\t<p><span style=\"font-weight: 400;\">A veces creemos que servir a Dios se limita solamente a los domingos en una iglesia, cuando el panorama para servir es mucho m\u00e1s amplio a los ojos de Dios, ac\u00e1 Juan nos relata c\u00f3mo Jes\u00fas entiende nuestra misi\u00f3n a servir. Rompe la cajita en la que guardas tu concepto de servicio, Juan te ense\u00f1a que puedes, y debes, <\/span><b><i>servir en todo lugar<\/i><\/b><span style=\"font-weight: 400;\">, es m\u00e1s, te invita a no quedarte est\u00e1tico, te invita a seguirlo, a tomar acci\u00f3n y seguir avanzando. Este avance del que hablamos no es al azar y sin sentido, sino que es acorde a la voluntad del maestro, no est\u00e1s caminando a ciegas, lo vas siguiendo a \u00e9l.<\/span><\/p><p>Para Jes\u00fas, <i><b>seguirlo es sin\u00f3nimo de servicio<\/b><\/i>, as\u00ed que aquellos que nos llamamos sus seguidores estamos permanentemente involucrados en una vida de servicio, as\u00ed se demuestra que vivimos una vida siguiendo los valores de Cristo, sus intereses, y sobre todo, su voluntad. El servicio como un estilo de vida, en la mayor\u00eda de ocasiones tienes que aprenderlo, pues resulta dif\u00edcil servir a otros cuando son personas desconocidas, o cuando son personas a quienes no les agradas, o no te agradan, lo cual puede llegar a suceder; a esto Jes\u00fas te dej\u00f3 en su Palabra una clara respuesta, la de su ejemplo, \u00e9l te demostr\u00f3 con su estilo de vida la clase de servicio que debes ofrecer a los dem\u00e1s, al pr\u00f3jimo y al necesitado.\u00a0<\/p><p>Si sigues a Cristo, y buscas seguir su ejemplo, esto promete una gran recompensa, la honra y el reconocimiento del Padre, es decir, que a los ojos de Dios, <i><b>el servicio es cuesti\u00f3n de honor<\/b><\/i>, el servicio no averg\u00fcenza, sino que da honra, y con una propuesta tan sencilla pero revolucionaria, Jes\u00fas le da vuelta a todo lo que entonces se conoc\u00eda sobre el honor, que muchas veces solo se relaciona con el poder o el orgullo, pero ac\u00e1 Jes\u00fas rompe con el pensamiento de la \u00e9poca y muestra una vida al rev\u00e9s, ahora solo queda en ti la decisi\u00f3n de seguirlo o no, la decisi\u00f3n de disponerte a servir a quien sea que encuentres en el camino mientras vas siguiendo al maestro, y te puedes estar seguro que si tomas esa decisi\u00f3n, valdr\u00e1 la pena.<\/p>\t\t\t\t\t\t<\/div>\n\t\t\t\t<\/div>\n\t\t\t\t\t<\/div>\n\t\t<\/div>\n\t\t\t\t\t\t\t<\/div>\n\t\t<\/section>\n\t\t\t\t<section class=\"elementor-section elementor-top-section elementor-element elementor-element-7ff50d2 elementor-section-boxed elementor-section-height-default elementor-section-height-default\" data-id=\"7ff50d2\" data-element_type=\"section\">\n\t\t\t\t\t\t<div class=\"elementor-container elementor-column-gap-default\">\n\t\t\t\t\t<div class=\"elementor-column elementor-col-100 elementor-top-column elementor-element elementor-element-c7067d9\" data-id=\"c7067d9\" data-element_type=\"column\">\n\t\t\t<div class=\"elementor-widget-wrap elementor-element-populated\">\n\t\t\t\t\t\t\t\t<div class=\"elementor-element elementor-element-f4e7e89 elementor-widget elementor-widget-text-editor\" data-id=\"f4e7e89\" data-element_type=\"widget\" data-widget_type=\"text-editor.default\">\n\t\t\t\t<div class=\"elementor-widget-container\">\n\t\t\t\t\t\t\t<p style=\"line-height: 1.7999999999999998; text-align: justify; margin-top: 0pt; margin-bottom: 0pt;\"><span style=\"font-size: 12pt; font-family: Arial; color: #000000; background-color: transparent; font-weight: bold; font-style: normal; font-variant: normal; text-decoration: none; vertical-align: baseline; white-space: pre-wrap;\">Pong\u00e1moslo a Prueba:<\/span><\/p><p dir=\"ltr\" style=\"line-height: 1.7999999999999998; text-align: justify; margin-top: 0pt; margin-bottom: 0pt;\"><span style=\"font-weight: 400;\">En esta ocasi\u00f3n piensa en las \u00e1reas que m\u00e1s tiempo dedicas a otras personas, la familia, la iglesia, la U, tus amigos, el trabajo, y dem\u00e1s. De cada una de estas \u00e1reas <u>piensa en c\u00f3mo puedes servir de manera activa<\/u>, con peque\u00f1os detalles, pero de manera constante, puedes comenzar identificando ciertas necesidades o pensando en personas espec\u00edficas a quienes puedes brindar una ayuda, por min\u00fascula que parezca en un principio, esto te ayudar\u00e1 para comenzar a adaptar tu forma de pensar y poder enfocarte en ser servidor cuando te encuentres ah\u00ed, y este esfuerzo promete no ser en vano por parte de Dios. <\/span><\/p>\t\t\t\t\t\t<\/div>\n\t\t\t\t<\/div>\n\t\t\t\t\t<\/div>\n\t\t<\/div>\n\t\t\t\t\t\t\t<\/div>\n\t\t<\/section>\n\t\t\t\t<section class=\"elementor-section elementor-top-section elementor-element elementor-element-1e590b7 elementor-section-boxed elementor-section-height-default elementor-section-height-default\" data-id=\"1e590b7\" data-element_type=\"section\">\n\t\t\t\t\t\t<div class=\"elementor-container elementor-column-gap-default\">\n\t\t\t\t\t<div class=\"elementor-column elementor-col-100 elementor-top-column elementor-element elementor-element-0c671d3\" data-id=\"0c671d3\" data-element_type=\"column\">\n\t\t\t<div class=\"elementor-widget-wrap elementor-element-populated\">\n\t\t\t\t\t\t\t\t<div class=\"elementor-element elementor-element-0644a62 elementor-widget elementor-widget-text-editor\" data-id=\"0644a62\" data-element_type=\"widget\" data-widget_type=\"text-editor.default\">\n\t\t\t\t<div class=\"elementor-widget-container\">\n\t\t\t\t\t\t\t<p><span style=\"color: #000000;\"><strong>Preg\u00fantate esto:<\/strong><\/span><\/p><p><span style=\"color: #000000;\">En esta parte es donde debes de tomar tu cuaderno y tomar notas de las respuestas a estas preguntas.<\/span><\/p><ul><li style=\"font-weight: 400;\" aria-level=\"1\"><span style=\"font-weight: 400;\">\u00bfQu\u00e9 prefieres, que te sirvan o servir?<\/span><\/li><li style=\"font-weight: 400;\" aria-level=\"1\"><span style=\"font-weight: 400;\">\u00bfQu\u00e9 honra crees que le esperan de parte de Dios a aquellos que sean servidores de Jes\u00fas?<\/span><\/li><li style=\"font-weight: 400;\" aria-level=\"1\"><span style=\"font-weight: 400;\">\u00bfPor qu\u00e9 te cuesta servir en ocasiones?<\/span><\/li><\/ul>\t\t\t\t\t\t<\/div>\n\t\t\t\t<\/div>\n\t\t\t\t\t<\/div>\n\t\t<\/div>\n\t\t\t\t\t\t\t<\/div>\n\t\t<\/section>\n\t\t\t\t<section class=\"elementor-section elementor-top-section elementor-element elementor-element-2de6956 elementor-section-boxed elementor-section-height-default elementor-section-height-default\" data-id=\"2de6956\" data-element_type=\"section\">\n\t\t\t\t\t\t<div class=\"elementor-container elementor-column-gap-default\">\n\t\t\t\t\t<div class=\"elementor-column elementor-col-100 elementor-top-column elementor-element elementor-element-46acb87\" data-id=\"46acb87\" data-element_type=\"column\">\n\t\t\t<div class=\"elementor-widget-wrap elementor-element-populated\">\n\t\t\t\t\t\t\t\t<div class=\"elementor-element elementor-element-7d69302 elementor-widget elementor-widget-image\" data-id=\"7d69302\" data-element_type=\"widget\" data-widget_type=\"image.default\">\n\t\t\t\t<div class=\"elementor-widget-container\">\n\t\t\t\t\t\t\t\t\t\t\t\t\t\t\t<img loading=\"lazy\" decoding=\"async\" width=\"950\" height=\"223\" src=\"https:\/\/www.uees.edu.sv\/juegosdelhonor\/wp-content\/uploads\/2021\/11\/RETO_Mesa-de-trabajo-1-1024x240.png\" class=\"attachment-large size-large\" alt=\"\" srcset=\"https:\/\/www.uees.edu.sv\/juegosdelhonor\/wp-content\/uploads\/2021\/11\/RETO_Mesa-de-trabajo-1-1024x240.png 1024w, https:\/\/www.uees.edu.sv\/juegosdelhonor\/wp-content\/uploads\/2021\/11\/RETO_Mesa-de-trabajo-1-300x70.png 300w, https:\/\/www.uees.edu.sv\/juegosdelhonor\/wp-content\/uploads\/2021\/11\/RETO_Mesa-de-trabajo-1-768x180.png 768w, https:\/\/www.uees.edu.sv\/juegosdelhonor\/wp-content\/uploads\/2021\/11\/RETO_Mesa-de-trabajo-1.png 1280w\" sizes=\"auto, 100vw\" \/>\t\t\t\t\t\t\t\t\t\t\t\t\t\t\t<\/div>\n\t\t\t\t<\/div>\n\t\t\t\t\t<\/div>\n\t\t<\/div>\n\t\t\t\t\t\t\t<\/div>\n\t\t<\/section>\n\t\t\t\t<section class=\"elementor-section elementor-top-section elementor-element elementor-element-0afa04b elementor-section-boxed elementor-section-height-default elementor-section-height-default\" data-id=\"0afa04b\" data-element_type=\"section\">\n\t\t\t\t\t\t<div class=\"elementor-container elementor-column-gap-default\">\n\t\t\t\t\t<div class=\"elementor-column elementor-col-100 elementor-top-column elementor-element elementor-element-cf0bbe2\" data-id=\"cf0bbe2\" data-element_type=\"column\">\n\t\t\t<div class=\"elementor-widget-wrap elementor-element-populated\">\n\t\t\t\t\t\t\t\t<div class=\"elementor-element elementor-element-35102ef elementor-widget elementor-widget-text-editor\" data-id=\"35102ef\" data-element_type=\"widget\" data-widget_type=\"text-editor.default\">\n\t\t\t\t<div class=\"elementor-widget-container\">\n\t\t\t\t\t\t\t<p>No hay duda que Dios te ha hablado y te ha mostrado muchas\u00a0 verdades que puedes aplicar a tu vida, ahora <strong>te retamos a que puedas escribir en un comentario una forma practica de servir a las personas que tienes a tu alrededor.<\/strong><\/p><p>***El espacio para tu comentario lo en contratas al final de esta p\u00e1gina.***<\/p>\t\t\t\t\t\t<\/div>\n\t\t\t\t<\/div>\n\t\t\t\t\t<\/div>\n\t\t<\/div>\n\t\t\t\t\t\t\t<\/div>\n\t\t<\/section>\n\t\t\t\t<section class=\"elementor-section elementor-top-section elementor-element elementor-element-075eed0 elementor-section-boxed elementor-section-height-default elementor-section-height-default\" data-id=\"075eed0\" data-element_type=\"section\">\n\t\t\t\t\t\t<div class=\"elementor-container elementor-column-gap-default\">\n\t\t\t\t\t<div class=\"elementor-column elementor-col-100 elementor-top-column elementor-element elementor-element-bb7cb91\" data-id=\"bb7cb91\" data-element_type=\"column\">\n\t\t\t<div class=\"elementor-widget-wrap elementor-element-populated\">\n\t\t\t\t\t\t\t\t<div class=\"elementor-element elementor-element-7266e99 elementor-widget elementor-widget-image\" data-id=\"7266e99\" data-element_type=\"widget\" data-widget_type=\"image.default\">\n\t\t\t\t<div class=\"elementor-widget-container\">\n\t\t\t\t\t\t\t\t\t\t\t\t\t\t\t<img loading=\"lazy\" decoding=\"async\" width=\"950\" height=\"223\" src=\"https:\/\/www.uees.edu.sv\/juegosdelhonor\/wp-content\/uploads\/2021\/11\/CONFERENCIA-BANNER-ZOOM_Mesa-de-trabajo-1-1024x240.png\" class=\"attachment-large size-large\" alt=\"\" srcset=\"https:\/\/www.uees.edu.sv\/juegosdelhonor\/wp-content\/uploads\/2021\/11\/CONFERENCIA-BANNER-ZOOM_Mesa-de-trabajo-1-1024x240.png 1024w, https:\/\/www.uees.edu.sv\/juegosdelhonor\/wp-content\/uploads\/2021\/11\/CONFERENCIA-BANNER-ZOOM_Mesa-de-trabajo-1-300x70.png 300w, https:\/\/www.uees.edu.sv\/juegosdelhonor\/wp-content\/uploads\/2021\/11\/CONFERENCIA-BANNER-ZOOM_Mesa-de-trabajo-1-768x180.png 768w, https:\/\/www.uees.edu.sv\/juegosdelhonor\/wp-content\/uploads\/2021\/11\/CONFERENCIA-BANNER-ZOOM_Mesa-de-trabajo-1.png 1280w\" sizes=\"auto, 100vw\" \/>\t\t\t\t\t\t\t\t\t\t\t\t\t\t\t<\/div>\n\t\t\t\t<\/div>\n\t\t\t\t\t<\/div>\n\t\t<\/div>\n\t\t\t\t\t\t\t<\/div>\n\t\t<\/section>\n\t\t\t\t<section class=\"elementor-section elementor-top-section elementor-element elementor-element-89790a2 elementor-section-boxed elementor-section-height-default elementor-section-height-default\" data-id=\"89790a2\" data-element_type=\"section\">\n\t\t\t\t\t\t<div class=\"elementor-container elementor-column-gap-default\">\n\t\t\t\t\t<div class=\"elementor-column elementor-col-50 elementor-top-column elementor-element elementor-element-0548eda\" data-id=\"0548eda\" data-element_type=\"column\">\n\t\t\t<div class=\"elementor-widget-wrap elementor-element-populated\">\n\t\t\t\t\t\t\t\t<div class=\"elementor-element elementor-element-8e44429 elementor-widget elementor-widget-image\" data-id=\"8e44429\" data-element_type=\"widget\" data-widget_type=\"image.default\">\n\t\t\t\t<div class=\"elementor-widget-container\">\n\t\t\t\t\t\t\t\t\t\t\t\t\t\t\t<img loading=\"lazy\" decoding=\"async\" width=\"300\" height=\"300\" src=\"https:\/\/www.uees.edu.sv\/juegosdelhonor\/wp-content\/uploads\/2021\/11\/zoom-SAE-UEES-Secretaria-de-asuntos-espirituales.png\" class=\"attachment-large size-large\" alt=\"\" srcset=\"https:\/\/www.uees.edu.sv\/juegosdelhonor\/wp-content\/uploads\/2021\/11\/zoom-SAE-UEES-Secretaria-de-asuntos-espirituales.png 300w, https:\/\/www.uees.edu.sv\/juegosdelhonor\/wp-content\/uploads\/2021\/11\/zoom-SAE-UEES-Secretaria-de-asuntos-espirituales-150x150.png 150w\" sizes=\"auto, 100vw\" \/>\t\t\t\t\t\t\t\t\t\t\t\t\t\t\t<\/div>\n\t\t\t\t<\/div>\n\t\t\t\t\t<\/div>\n\t\t<\/div>\n\t\t\t\t<div class=\"elementor-column elementor-col-50 elementor-top-column elementor-element elementor-element-9f75f77\" data-id=\"9f75f77\" data-element_type=\"column\">\n\t\t\t<div class=\"elementor-widget-wrap elementor-element-populated\">\n\t\t\t\t\t\t\t\t<div class=\"elementor-element elementor-element-d69b318 elementor-widget elementor-widget-text-editor\" data-id=\"d69b318\" data-element_type=\"widget\" data-widget_type=\"text-editor.default\">\n\t\t\t\t<div class=\"elementor-widget-container\">\n\t\t\t\t\t\t\t<p style=\"text-align: center;\"><strong>SESI\u00d3N EN ZOOM: JUEGOS DEL HONOR <\/strong><\/p><p style=\"text-align: center;\">Recuerda reservar el tiempo para vernos por ZOOM, todos los d\u00edas 3:30 pm, donde tendremos un invitado especial.<\/p><p style=\"text-align: center;\">Unirse a la reuni\u00f3n Zoom<br \/><a href=\"https:\/\/zoom.us\/j\/97629823930\">https:\/\/zoom.us\/j\/97629823930<\/a><\/p><p style=\"text-align: center;\">ID de reuni\u00f3n: 976 2982 3930<\/p>\t\t\t\t\t\t<\/div>\n\t\t\t\t<\/div>\n\t\t\t\t\t<\/div>\n\t\t<\/div>\n\t\t\t\t\t\t\t<\/div>\n\t\t<\/section>\n\t\t\t\t<section class=\"elementor-section elementor-top-section elementor-element elementor-element-ea2f5e9 elementor-section-boxed elementor-section-height-default elementor-section-height-default\" data-id=\"ea2f5e9\" data-element_type=\"section\">\n\t\t\t\t\t\t<div class=\"elementor-container elementor-column-gap-default\">\n\t\t\t\t\t<div class=\"elementor-column elementor-col-100 elementor-top-column elementor-element elementor-element-f337563\" data-id=\"f337563\" data-element_type=\"column\">\n\t\t\t<div class=\"elementor-widget-wrap\">\n\t\t\t\t\t\t\t\t\t<\/div>\n\t\t<\/div>\n\t\t\t\t\t\t\t<\/div>\n\t\t<\/section>\n\t\t\t\t\t\t<\/div>\n\t\t\t\t\t<\/div>\n\t\t","protected":false},"excerpt":{"rendered":"<p>DEVOCIONAL DEL D\u00cdA \u00abSi alguno me sirve, s\u00edgame; y donde yo estuviere, all\u00ed tambi\u00e9n estar\u00e1 mi servidor. Si alguno me sirviere, mi Padre le honrar\u00e1.\u00bb Juan 12: 26 (RVR60) Reflexiona en esto: A veces creemos que servir a Dios se limita solamente a los domingos en una iglesia, cuando el panorama para servir es mucho &hellip; <\/p>\n<p class=\"link-more\"><a href=\"https:\/\/www.uees.edu.sv\/juegosdelhonor\/miercoles\/\" class=\"more-link\">Leer m\u00e1s<span class=\"screen-reader-text\"> \u00abMi\u00e9rcoles 17\u00bb<\/span><\/a><\/p>\n","protected":false},"author":1,"featured_media":0,"parent":0,"menu_order":0,"comment_status":"open","ping_status":"closed","template":"","meta":{"_monsterinsights_skip_tracking":false,"_monsterinsights_sitenote_active":false,"_monsterinsights_sitenote_note":"","_monsterinsights_sitenote_category":0,"footnotes":""},"class_list":["post-7016","page","type-page","status-publish","hentry"],"_links":{"self":[{"href":"https:\/\/www.uees.edu.sv\/juegosdelhonor\/wp-json\/wp\/v2\/pages\/7016","targetHints":{"allow":["GET"]}}],"collection":[{"href":"https:\/\/www.uees.edu.sv\/juegosdelhonor\/wp-json\/wp\/v2\/pages"}],"about":[{"href":"https:\/\/www.uees.edu.sv\/juegosdelhonor\/wp-json\/wp\/v2\/types\/page"}],"author":[{"embeddable":true,"href":"https:\/\/www.uees.edu.sv\/juegosdelhonor\/wp-json\/wp\/v2\/users\/1"}],"replies":[{"embeddable":true,"href":"https:\/\/www.uees.edu.sv\/juegosdelhonor\/wp-json\/wp\/v2\/comments?post=7016"}],"version-history":[{"count":14,"href":"https:\/\/www.uees.edu.sv\/juegosdelhonor\/wp-json\/wp\/v2\/pages\/7016\/revisions"}],"predecessor-version":[{"id":7035,"href":"https:\/\/www.uees.edu.sv\/juegosdelhonor\/wp-json\/wp\/v2\/pages\/7016\/revisions\/7035"}],"wp:attachment":[{"href":"https:\/\/www.uees.edu.sv\/juegosdelhonor\/wp-json\/wp\/v2\/media?parent=7016"}],"curies":[{"name":"wp","href":"https:\/\/api.w.org\/{rel}","templated":true}]}}