{"id":6953,"date":"2021-11-16T02:00:02","date_gmt":"2021-11-16T02:00:02","guid":{"rendered":"https:\/\/www.uees.edu.sv\/juegosdelhonor\/?page_id=6953"},"modified":"2021-11-16T03:21:24","modified_gmt":"2021-11-16T03:21:24","slug":"martes","status":"publish","type":"page","link":"https:\/\/www.uees.edu.sv\/juegosdelhonor\/martes\/","title":{"rendered":"Martes 16"},"content":{"rendered":"\t\t<div data-elementor-type=\"wp-page\" data-elementor-id=\"6953\" class=\"elementor elementor-6953\" data-elementor-settings=\"[]\">\n\t\t\t\t\t\t\t<div class=\"elementor-section-wrap\">\n\t\t\t\t\t\t\t<section class=\"elementor-section elementor-top-section elementor-element elementor-element-65ff7c3 elementor-section-boxed elementor-section-height-default elementor-section-height-default\" data-id=\"65ff7c3\" data-element_type=\"section\">\n\t\t\t\t\t\t<div class=\"elementor-container elementor-column-gap-default\">\n\t\t\t\t\t<div class=\"elementor-column elementor-col-100 elementor-top-column elementor-element elementor-element-511cb6b\" data-id=\"511cb6b\" data-element_type=\"column\">\n\t\t\t<div class=\"elementor-widget-wrap elementor-element-populated\">\n\t\t\t\t\t\t\t\t<div class=\"elementor-element elementor-element-4167d3b elementor-widget elementor-widget-image\" data-id=\"4167d3b\" data-element_type=\"widget\" data-widget_type=\"image.default\">\n\t\t\t\t<div class=\"elementor-widget-container\">\n\t\t\t\t\t\t\t\t\t\t\t\t\t\t\t<img loading=\"lazy\" decoding=\"async\" width=\"950\" height=\"223\" src=\"https:\/\/www.uees.edu.sv\/juegosdelhonor\/wp-content\/uploads\/2021\/11\/MARTES-SOLIDARIDAD-BANNER_Mesa-de-trabajo-1-1024x240.png\" class=\"attachment-large size-large\" alt=\"\" srcset=\"https:\/\/www.uees.edu.sv\/juegosdelhonor\/wp-content\/uploads\/2021\/11\/MARTES-SOLIDARIDAD-BANNER_Mesa-de-trabajo-1-1024x240.png 1024w, https:\/\/www.uees.edu.sv\/juegosdelhonor\/wp-content\/uploads\/2021\/11\/MARTES-SOLIDARIDAD-BANNER_Mesa-de-trabajo-1-300x70.png 300w, https:\/\/www.uees.edu.sv\/juegosdelhonor\/wp-content\/uploads\/2021\/11\/MARTES-SOLIDARIDAD-BANNER_Mesa-de-trabajo-1-768x180.png 768w, https:\/\/www.uees.edu.sv\/juegosdelhonor\/wp-content\/uploads\/2021\/11\/MARTES-SOLIDARIDAD-BANNER_Mesa-de-trabajo-1.png 1280w\" sizes=\"auto, 100vw\" \/>\t\t\t\t\t\t\t\t\t\t\t\t\t\t\t<\/div>\n\t\t\t\t<\/div>\n\t\t\t\t\t<\/div>\n\t\t<\/div>\n\t\t\t\t\t\t\t<\/div>\n\t\t<\/section>\n\t\t\t\t<section class=\"elementor-section elementor-top-section elementor-element elementor-element-10e20158 elementor-section-boxed elementor-section-height-default elementor-section-height-default\" data-id=\"10e20158\" data-element_type=\"section\">\n\t\t\t\t\t\t<div class=\"elementor-container elementor-column-gap-default\">\n\t\t\t\t\t<div class=\"elementor-column elementor-col-100 elementor-top-column elementor-element elementor-element-4667b81b\" data-id=\"4667b81b\" data-element_type=\"column\">\n\t\t\t<div class=\"elementor-widget-wrap elementor-element-populated\">\n\t\t\t\t\t\t\t\t<div class=\"elementor-element elementor-element-472f5c2f elementor-widget elementor-widget-text-editor\" data-id=\"472f5c2f\" data-element_type=\"widget\" data-widget_type=\"text-editor.default\">\n\t\t\t\t<div class=\"elementor-widget-container\">\n\t\t\t\t\t\t\t<h3 style=\"text-align: center;\"><strong>DEVOCIONAL DEL D\u00cdA<\/strong><\/h3><p style=\"text-align: center;\"><span style=\"font-weight: 400;\">\u00abSobrellevad los unos las cargas de los otros, y cumplid as\u00ed la ley de Cristo.\u00bb<\/span><\/p><p style=\"text-align: center;\"><strong>G\u00e1latas 6:2 (RVR60)<\/strong><\/p>\t\t\t\t\t\t<\/div>\n\t\t\t\t<\/div>\n\t\t\t\t\t<\/div>\n\t\t<\/div>\n\t\t\t\t\t\t\t<\/div>\n\t\t<\/section>\n\t\t\t\t<section class=\"elementor-section elementor-top-section elementor-element elementor-element-b8a1a40 elementor-section-boxed elementor-section-height-default elementor-section-height-default\" data-id=\"b8a1a40\" data-element_type=\"section\">\n\t\t\t\t\t\t<div class=\"elementor-container elementor-column-gap-default\">\n\t\t\t\t\t<div class=\"elementor-column elementor-col-100 elementor-top-column elementor-element elementor-element-88ade1c\" data-id=\"88ade1c\" data-element_type=\"column\">\n\t\t\t<div class=\"elementor-widget-wrap elementor-element-populated\">\n\t\t\t\t\t\t\t\t<div class=\"elementor-element elementor-element-ddb8f7d elementor-widget elementor-widget-heading\" data-id=\"ddb8f7d\" data-element_type=\"widget\" data-widget_type=\"heading.default\">\n\t\t\t\t<div class=\"elementor-widget-container\">\n\t\t\t<h2 class=\"elementor-heading-title elementor-size-default\">Reflexiona en esto:<\/h2>\t\t<\/div>\n\t\t\t\t<\/div>\n\t\t\t\t\t<\/div>\n\t\t<\/div>\n\t\t\t\t\t\t\t<\/div>\n\t\t<\/section>\n\t\t\t\t<section class=\"elementor-section elementor-top-section elementor-element elementor-element-3c81500 elementor-section-boxed elementor-section-height-default elementor-section-height-default\" data-id=\"3c81500\" data-element_type=\"section\">\n\t\t\t\t\t\t<div class=\"elementor-container elementor-column-gap-default\">\n\t\t\t\t\t<div class=\"elementor-column elementor-col-100 elementor-top-column elementor-element elementor-element-de61035\" data-id=\"de61035\" data-element_type=\"column\">\n\t\t\t<div class=\"elementor-widget-wrap elementor-element-populated\">\n\t\t\t\t\t\t\t\t<div class=\"elementor-element elementor-element-4f4dcd5 elementor-widget elementor-widget-text-editor\" data-id=\"4f4dcd5\" data-element_type=\"widget\" data-widget_type=\"text-editor.default\">\n\t\t\t\t<div class=\"elementor-widget-container\">\n\t\t\t\t\t\t\t<p><span style=\"font-weight: 400;\">Contin\u00faa tu reflexi\u00f3n sobre <strong><em>c\u00f3mo puedes brindar honor a Dios<\/em><\/strong> y tambi\u00e9n ser honrado por \u00e9l a trav\u00e9s de c\u00f3mo tratas a los dem\u00e1s, pues estos tiempos nos han hecho sobre-enfocarnos en nuestras experiencias personales, sobre todo las negativas, pero hoy queremos que puedas ver que Dios te llama a cosas mejores y as\u00ed recibir la honra del Se\u00f1or de la manera correcta, porque demuestras un genuino amor al pr\u00f3jimo al ayudar unos a otros a poder sobrellevar las cargas. En estos tiempos de pandemia es justo decir que todos hemos recibido una fuerte dosis de cargas extra, cargas emocionales, psicol\u00f3gicas, y espirituales, muchos nos encontramos cansados y agobiados en m\u00e1s de alg\u00fan momento por las mismas, a esto Dios nos manda a que nos ayudemos entre nosotros, reconociendo que esas cargas no tenemos que llevarlas nosotros solos, comparti\u00e9ndolas se vuelven mucho m\u00e1s ligeras, incluso podemos despojarnos de m\u00e1s de alguna, si sabemos confiar entre nosotros lo suficiente como para ser honestos cuando no estamos bien, y siendo pacientes y llenos de amor al momento de escuchar a otros compartir sus cargas, puede que sean completamente diferentes a nuestras cargas, pero es el mismo sentimiento de agotamiento el que le abruma a nuestro hermano o hermana, y eso s\u00ed puedes entenderlo y buscar ayudarlo.\u00a0<\/span><\/p><p><span style=\"font-weight: 400;\">Pablo le dice a los g\u00e1latas que si hacen esto, entonces s\u00ed est\u00e1n cumpliendo con la ley de Cristo para sus vidas, es decir, que el que puedas ayudar a otros es enormemente importante, y sumamente necesario, no es opcional, no es moment\u00e1neo, es la forma de vivir que Jes\u00fas te model\u00f3 con su ejemplo, ayudar a otros con sus cargas y permitir que otros te ayuden con las tuyas puede transformar la realidad de tu comunidad entera, muchas veces no conoces las cargas ni de tus propios amigos, por lo que hoy est\u00e1s llamado a ser m\u00e1s consciente, m\u00e1s paciente, m\u00e1s amable, pues pocas veces sabes por lo que otra persona pueden estar pasando realmente, si trabajas en proyectar una mejor disposici\u00f3n a ayudar, apoyar y escuchar, tambi\u00e9n est\u00e1s honrando al Se\u00f1or.<\/span><\/p>\t\t\t\t\t\t<\/div>\n\t\t\t\t<\/div>\n\t\t\t\t\t<\/div>\n\t\t<\/div>\n\t\t\t\t\t\t\t<\/div>\n\t\t<\/section>\n\t\t\t\t<section class=\"elementor-section elementor-top-section elementor-element elementor-element-7ff50d2 elementor-section-boxed elementor-section-height-default elementor-section-height-default\" data-id=\"7ff50d2\" data-element_type=\"section\">\n\t\t\t\t\t\t<div class=\"elementor-container elementor-column-gap-default\">\n\t\t\t\t\t<div class=\"elementor-column elementor-col-100 elementor-top-column elementor-element elementor-element-c7067d9\" data-id=\"c7067d9\" data-element_type=\"column\">\n\t\t\t<div class=\"elementor-widget-wrap elementor-element-populated\">\n\t\t\t\t\t\t\t\t<div class=\"elementor-element elementor-element-f4e7e89 elementor-widget elementor-widget-text-editor\" data-id=\"f4e7e89\" data-element_type=\"widget\" data-widget_type=\"text-editor.default\">\n\t\t\t\t<div class=\"elementor-widget-container\">\n\t\t\t\t\t\t\t<p style=\"line-height: 1.7999999999999998; text-align: justify; margin-top: 0pt; margin-bottom: 0pt;\"><span style=\"font-size: 12pt; font-family: Arial; color: #000000; background-color: transparent; font-weight: bold; font-style: normal; font-variant: normal; text-decoration: none; vertical-align: baseline; white-space: pre-wrap;\">Pong\u00e1moslo a Prueba:<\/span><\/p><p dir=\"ltr\" style=\"line-height: 1.7999999999999998; text-align: justify; margin-top: 0pt; margin-bottom: 0pt;\"><span style=\"font-weight: 400;\">Creo que todos queremos tener a alguien que nos apoye o nos escuche cuando estamos pasando por dificultades, pero no todo el tiempo nos dedicamos a poder ser esa persona para alguien m\u00e1s, lo que hoy estudiamos te deja en claro cu\u00e1n importante es saber estar ah\u00ed para las personas que tienes cerca, probablemente en tu casa, entre tus amigos o en la iglesia, tienes a alguien muy cercano que est\u00e1 pasando por alguna situaci\u00f3n dif\u00edcil, esa carga puede ser mucho m\u00e1s ligera si te dispones a ayudar, si le permites que la comparta contigo, esto no significa que tienes la soluci\u00f3n a los problemas de los dem\u00e1s todo el tiempo, sino que se trata de poder proyectar el amor del Se\u00f1or al poder disponerte a simplemente estar ah\u00ed para escuchar, para apoyar, aunque sientas que no puedes ayudar como quisieras, podr\u00edas estar haciendo una enorme diferencia en la vida de esa persona si sencillamente est\u00e1s ah\u00ed para sobrellevar sus cargas. <\/span><\/p>\t\t\t\t\t\t<\/div>\n\t\t\t\t<\/div>\n\t\t\t\t\t<\/div>\n\t\t<\/div>\n\t\t\t\t\t\t\t<\/div>\n\t\t<\/section>\n\t\t\t\t<section class=\"elementor-section elementor-top-section elementor-element elementor-element-1e590b7 elementor-section-boxed elementor-section-height-default elementor-section-height-default\" data-id=\"1e590b7\" data-element_type=\"section\">\n\t\t\t\t\t\t<div class=\"elementor-container elementor-column-gap-default\">\n\t\t\t\t\t<div class=\"elementor-column elementor-col-100 elementor-top-column elementor-element elementor-element-0c671d3\" data-id=\"0c671d3\" data-element_type=\"column\">\n\t\t\t<div class=\"elementor-widget-wrap elementor-element-populated\">\n\t\t\t\t\t\t\t\t<div class=\"elementor-element elementor-element-0644a62 elementor-widget elementor-widget-text-editor\" data-id=\"0644a62\" data-element_type=\"widget\" data-widget_type=\"text-editor.default\">\n\t\t\t\t<div class=\"elementor-widget-container\">\n\t\t\t\t\t\t\t<p><span style=\"color: #000000;\"><strong>Preg\u00fantate esto:<\/strong><\/span><\/p><p><span style=\"color: #000000;\">En esta parte es donde debes de tomar tu cuaderno y tomar notas de las respuestas a estas preguntas.<\/span><\/p><ul><li style=\"font-weight: 400;\" aria-level=\"1\"><span style=\"font-weight: 400;\">\u00bfEst\u00e1s compartiendo tus cargas con alguien m\u00e1s? \u00bfDe que forma lo esta haciendo?<\/span><\/li><li style=\"font-weight: 400;\" aria-level=\"1\"><span style=\"font-weight: 400;\">\u00bfEst\u00e1s dispuesto a que otros compartan sus cargas contigo? \u00bfPor qu\u00e9 raz\u00f3n?\u00a0<\/span><\/li><li style=\"font-weight: 400;\" aria-level=\"1\"><span style=\"font-weight: 400;\">\u00bfPor qu\u00e9 es tan importante para Cristo que aprendas a apoyar de esta forma?<\/span><\/li><\/ul>\t\t\t\t\t\t<\/div>\n\t\t\t\t<\/div>\n\t\t\t\t\t<\/div>\n\t\t<\/div>\n\t\t\t\t\t\t\t<\/div>\n\t\t<\/section>\n\t\t\t\t<section class=\"elementor-section elementor-top-section elementor-element elementor-element-2de6956 elementor-section-boxed elementor-section-height-default elementor-section-height-default\" data-id=\"2de6956\" data-element_type=\"section\">\n\t\t\t\t\t\t<div class=\"elementor-container elementor-column-gap-default\">\n\t\t\t\t\t<div class=\"elementor-column elementor-col-100 elementor-top-column elementor-element elementor-element-46acb87\" data-id=\"46acb87\" data-element_type=\"column\">\n\t\t\t<div class=\"elementor-widget-wrap elementor-element-populated\">\n\t\t\t\t\t\t\t\t<div class=\"elementor-element elementor-element-7d69302 elementor-widget elementor-widget-image\" data-id=\"7d69302\" data-element_type=\"widget\" data-widget_type=\"image.default\">\n\t\t\t\t<div class=\"elementor-widget-container\">\n\t\t\t\t\t\t\t\t\t\t\t\t\t\t\t<img loading=\"lazy\" decoding=\"async\" width=\"950\" height=\"223\" src=\"https:\/\/www.uees.edu.sv\/juegosdelhonor\/wp-content\/uploads\/2021\/11\/RETO_Mesa-de-trabajo-1-1024x240.png\" class=\"attachment-large size-large\" alt=\"\" srcset=\"https:\/\/www.uees.edu.sv\/juegosdelhonor\/wp-content\/uploads\/2021\/11\/RETO_Mesa-de-trabajo-1-1024x240.png 1024w, https:\/\/www.uees.edu.sv\/juegosdelhonor\/wp-content\/uploads\/2021\/11\/RETO_Mesa-de-trabajo-1-300x70.png 300w, https:\/\/www.uees.edu.sv\/juegosdelhonor\/wp-content\/uploads\/2021\/11\/RETO_Mesa-de-trabajo-1-768x180.png 768w, https:\/\/www.uees.edu.sv\/juegosdelhonor\/wp-content\/uploads\/2021\/11\/RETO_Mesa-de-trabajo-1.png 1280w\" sizes=\"auto, 100vw\" \/>\t\t\t\t\t\t\t\t\t\t\t\t\t\t\t<\/div>\n\t\t\t\t<\/div>\n\t\t\t\t\t<\/div>\n\t\t<\/div>\n\t\t\t\t\t\t\t<\/div>\n\t\t<\/section>\n\t\t\t\t<section class=\"elementor-section elementor-top-section elementor-element elementor-element-0afa04b elementor-section-boxed elementor-section-height-default elementor-section-height-default\" data-id=\"0afa04b\" data-element_type=\"section\">\n\t\t\t\t\t\t<div class=\"elementor-container elementor-column-gap-default\">\n\t\t\t\t\t<div class=\"elementor-column elementor-col-100 elementor-top-column elementor-element elementor-element-cf0bbe2\" data-id=\"cf0bbe2\" data-element_type=\"column\">\n\t\t\t<div class=\"elementor-widget-wrap elementor-element-populated\">\n\t\t\t\t\t\t\t\t<div class=\"elementor-element elementor-element-35102ef elementor-widget elementor-widget-text-editor\" data-id=\"35102ef\" data-element_type=\"widget\" data-widget_type=\"text-editor.default\">\n\t\t\t\t<div class=\"elementor-widget-container\">\n\t\t\t\t\t\t\t<p>No hay duda que Dios te ha hablado y te ha mostrado muchas&nbsp; verdades que puedes aplicar a tu vida, ahora <strong>te retamos a que puedas redactar un comentario de lo que el Se\u00f1or te ha hablado por medio de este devocional,<\/strong>&nbsp;puedes hacer uso otros vers\u00edculos, reforzar un principio o una frase que te haya dejado este devocional.<\/p><p>***El espacio para tu comentario lo en contratas al final de esta pagina.***<\/p>\n<p><br><\/p>\t\t\t\t\t\t<\/div>\n\t\t\t\t<\/div>\n\t\t\t\t\t<\/div>\n\t\t<\/div>\n\t\t\t\t\t\t\t<\/div>\n\t\t<\/section>\n\t\t\t\t<section class=\"elementor-section elementor-top-section elementor-element elementor-element-075eed0 elementor-section-boxed elementor-section-height-default elementor-section-height-default\" data-id=\"075eed0\" data-element_type=\"section\">\n\t\t\t\t\t\t<div class=\"elementor-container elementor-column-gap-default\">\n\t\t\t\t\t<div class=\"elementor-column elementor-col-100 elementor-top-column elementor-element elementor-element-bb7cb91\" data-id=\"bb7cb91\" data-element_type=\"column\">\n\t\t\t<div class=\"elementor-widget-wrap elementor-element-populated\">\n\t\t\t\t\t\t\t\t<div class=\"elementor-element elementor-element-7266e99 elementor-widget elementor-widget-image\" data-id=\"7266e99\" data-element_type=\"widget\" data-widget_type=\"image.default\">\n\t\t\t\t<div class=\"elementor-widget-container\">\n\t\t\t\t\t\t\t\t\t\t\t\t\t\t\t<img loading=\"lazy\" decoding=\"async\" width=\"950\" height=\"223\" src=\"https:\/\/www.uees.edu.sv\/juegosdelhonor\/wp-content\/uploads\/2021\/11\/CONFERENCIA-BANNER-ZOOM_Mesa-de-trabajo-1-1024x240.png\" class=\"attachment-large size-large\" alt=\"\" srcset=\"https:\/\/www.uees.edu.sv\/juegosdelhonor\/wp-content\/uploads\/2021\/11\/CONFERENCIA-BANNER-ZOOM_Mesa-de-trabajo-1-1024x240.png 1024w, https:\/\/www.uees.edu.sv\/juegosdelhonor\/wp-content\/uploads\/2021\/11\/CONFERENCIA-BANNER-ZOOM_Mesa-de-trabajo-1-300x70.png 300w, https:\/\/www.uees.edu.sv\/juegosdelhonor\/wp-content\/uploads\/2021\/11\/CONFERENCIA-BANNER-ZOOM_Mesa-de-trabajo-1-768x180.png 768w, https:\/\/www.uees.edu.sv\/juegosdelhonor\/wp-content\/uploads\/2021\/11\/CONFERENCIA-BANNER-ZOOM_Mesa-de-trabajo-1.png 1280w\" sizes=\"auto, 100vw\" \/>\t\t\t\t\t\t\t\t\t\t\t\t\t\t\t<\/div>\n\t\t\t\t<\/div>\n\t\t\t\t\t<\/div>\n\t\t<\/div>\n\t\t\t\t\t\t\t<\/div>\n\t\t<\/section>\n\t\t\t\t<section class=\"elementor-section elementor-top-section elementor-element elementor-element-89790a2 elementor-section-boxed elementor-section-height-default elementor-section-height-default\" data-id=\"89790a2\" data-element_type=\"section\">\n\t\t\t\t\t\t<div class=\"elementor-container elementor-column-gap-default\">\n\t\t\t\t\t<div class=\"elementor-column elementor-col-50 elementor-top-column elementor-element elementor-element-0548eda\" data-id=\"0548eda\" data-element_type=\"column\">\n\t\t\t<div class=\"elementor-widget-wrap elementor-element-populated\">\n\t\t\t\t\t\t\t\t<div class=\"elementor-element elementor-element-8e44429 elementor-widget elementor-widget-image\" data-id=\"8e44429\" data-element_type=\"widget\" data-widget_type=\"image.default\">\n\t\t\t\t<div class=\"elementor-widget-container\">\n\t\t\t\t\t\t\t\t\t\t\t\t\t\t\t<img loading=\"lazy\" decoding=\"async\" width=\"300\" height=\"300\" src=\"https:\/\/www.uees.edu.sv\/juegosdelhonor\/wp-content\/uploads\/2021\/11\/zoom-SAE-UEES-Secretaria-de-asuntos-espirituales.png\" class=\"attachment-large size-large\" alt=\"\" srcset=\"https:\/\/www.uees.edu.sv\/juegosdelhonor\/wp-content\/uploads\/2021\/11\/zoom-SAE-UEES-Secretaria-de-asuntos-espirituales.png 300w, https:\/\/www.uees.edu.sv\/juegosdelhonor\/wp-content\/uploads\/2021\/11\/zoom-SAE-UEES-Secretaria-de-asuntos-espirituales-150x150.png 150w\" sizes=\"auto, 100vw\" \/>\t\t\t\t\t\t\t\t\t\t\t\t\t\t\t<\/div>\n\t\t\t\t<\/div>\n\t\t\t\t\t<\/div>\n\t\t<\/div>\n\t\t\t\t<div class=\"elementor-column elementor-col-50 elementor-top-column elementor-element elementor-element-9f75f77\" data-id=\"9f75f77\" data-element_type=\"column\">\n\t\t\t<div class=\"elementor-widget-wrap elementor-element-populated\">\n\t\t\t\t\t\t\t\t<div class=\"elementor-element elementor-element-d69b318 elementor-widget elementor-widget-text-editor\" data-id=\"d69b318\" data-element_type=\"widget\" data-widget_type=\"text-editor.default\">\n\t\t\t\t<div class=\"elementor-widget-container\">\n\t\t\t\t\t\t\t<p style=\"text-align: center;\"><strong>SESI\u00d3N EN ZOOM: JUEGOS DEL HONOR <\/strong><\/p><p style=\"text-align: center;\">Recuerda reservar el tiempo para vernos por ZOOM, todos los d\u00edas 3:30 pm, donde tendremos un invitado especial.<\/p><p style=\"text-align: center;\">Unirse a la reuni\u00f3n Zoom<br \/><a href=\"https:\/\/zoom.us\/j\/97629823930\">https:\/\/zoom.us\/j\/97629823930<\/a><\/p><p style=\"text-align: center;\">ID de reuni\u00f3n: 976 2982 3930<\/p>\t\t\t\t\t\t<\/div>\n\t\t\t\t<\/div>\n\t\t\t\t\t<\/div>\n\t\t<\/div>\n\t\t\t\t\t\t\t<\/div>\n\t\t<\/section>\n\t\t\t\t<section class=\"elementor-section elementor-top-section elementor-element elementor-element-ea2f5e9 elementor-section-boxed elementor-section-height-default elementor-section-height-default\" data-id=\"ea2f5e9\" data-element_type=\"section\">\n\t\t\t\t\t\t<div class=\"elementor-container elementor-column-gap-default\">\n\t\t\t\t\t<div class=\"elementor-column elementor-col-100 elementor-top-column elementor-element elementor-element-f337563\" data-id=\"f337563\" data-element_type=\"column\">\n\t\t\t<div class=\"elementor-widget-wrap\">\n\t\t\t\t\t\t\t\t\t<\/div>\n\t\t<\/div>\n\t\t\t\t\t\t\t<\/div>\n\t\t<\/section>\n\t\t\t\t\t\t<\/div>\n\t\t\t\t\t<\/div>\n\t\t","protected":false},"excerpt":{"rendered":"<p>DEVOCIONAL DEL D\u00cdA \u00abSobrellevad los unos las cargas de los otros, y cumplid as\u00ed la ley de Cristo.\u00bb G\u00e1latas 6:2 (RVR60) Reflexiona en esto: Contin\u00faa tu reflexi\u00f3n sobre c\u00f3mo puedes brindar honor a Dios y tambi\u00e9n ser honrado por \u00e9l a trav\u00e9s de c\u00f3mo tratas a los dem\u00e1s, pues estos tiempos nos han hecho sobre-enfocarnos &hellip; <\/p>\n<p class=\"link-more\"><a href=\"https:\/\/www.uees.edu.sv\/juegosdelhonor\/martes\/\" class=\"more-link\">Leer m\u00e1s<span class=\"screen-reader-text\"> \u00abMartes 16\u00bb<\/span><\/a><\/p>\n","protected":false},"author":1,"featured_media":0,"parent":0,"menu_order":0,"comment_status":"open","ping_status":"closed","template":"","meta":{"_monsterinsights_skip_tracking":false,"_monsterinsights_sitenote_active":false,"_monsterinsights_sitenote_note":"","_monsterinsights_sitenote_category":0,"footnotes":""},"class_list":["post-6953","page","type-page","status-publish","hentry"],"_links":{"self":[{"href":"https:\/\/www.uees.edu.sv\/juegosdelhonor\/wp-json\/wp\/v2\/pages\/6953","targetHints":{"allow":["GET"]}}],"collection":[{"href":"https:\/\/www.uees.edu.sv\/juegosdelhonor\/wp-json\/wp\/v2\/pages"}],"about":[{"href":"https:\/\/www.uees.edu.sv\/juegosdelhonor\/wp-json\/wp\/v2\/types\/page"}],"author":[{"embeddable":true,"href":"https:\/\/www.uees.edu.sv\/juegosdelhonor\/wp-json\/wp\/v2\/users\/1"}],"replies":[{"embeddable":true,"href":"https:\/\/www.uees.edu.sv\/juegosdelhonor\/wp-json\/wp\/v2\/comments?post=6953"}],"version-history":[{"count":23,"href":"https:\/\/www.uees.edu.sv\/juegosdelhonor\/wp-json\/wp\/v2\/pages\/6953\/revisions"}],"predecessor-version":[{"id":6988,"href":"https:\/\/www.uees.edu.sv\/juegosdelhonor\/wp-json\/wp\/v2\/pages\/6953\/revisions\/6988"}],"wp:attachment":[{"href":"https:\/\/www.uees.edu.sv\/juegosdelhonor\/wp-json\/wp\/v2\/media?parent=6953"}],"curies":[{"name":"wp","href":"https:\/\/api.w.org\/{rel}","templated":true}]}}