{"id":18,"date":"2021-11-13T04:00:13","date_gmt":"2021-11-13T04:00:13","guid":{"rendered":"https:\/\/www.uees.edu.sv\/juegosdelhonor\/?page_id=18"},"modified":"2021-11-15T14:40:01","modified_gmt":"2021-11-15T14:40:01","slug":"lunes","status":"publish","type":"page","link":"https:\/\/www.uees.edu.sv\/juegosdelhonor\/lunes\/","title":{"rendered":"Lunes 15"},"content":{"rendered":"\t\t<div data-elementor-type=\"wp-page\" data-elementor-id=\"18\" class=\"elementor elementor-18\" data-elementor-settings=\"[]\">\n\t\t\t\t\t\t\t<div class=\"elementor-section-wrap\">\n\t\t\t\t\t\t\t<section class=\"elementor-section elementor-top-section elementor-element elementor-element-65ff7c3 elementor-section-boxed elementor-section-height-default elementor-section-height-default\" data-id=\"65ff7c3\" data-element_type=\"section\">\n\t\t\t\t\t\t<div class=\"elementor-container elementor-column-gap-default\">\n\t\t\t\t\t<div class=\"elementor-column elementor-col-100 elementor-top-column elementor-element elementor-element-511cb6b\" data-id=\"511cb6b\" data-element_type=\"column\">\n\t\t\t<div class=\"elementor-widget-wrap elementor-element-populated\">\n\t\t\t\t\t\t\t\t<div class=\"elementor-element elementor-element-4167d3b elementor-widget elementor-widget-image\" data-id=\"4167d3b\" data-element_type=\"widget\" data-widget_type=\"image.default\">\n\t\t\t\t<div class=\"elementor-widget-container\">\n\t\t\t\t\t\t\t\t\t\t\t\t\t\t\t<img loading=\"lazy\" decoding=\"async\" width=\"950\" height=\"223\" src=\"https:\/\/www.uees.edu.sv\/juegosdelhonor\/wp-content\/uploads\/2021\/11\/Lunes-banner_Mesa-de-trabajo-1-1024x240.png\" class=\"attachment-large size-large\" alt=\"\" srcset=\"https:\/\/www.uees.edu.sv\/juegosdelhonor\/wp-content\/uploads\/2021\/11\/Lunes-banner_Mesa-de-trabajo-1-1024x240.png 1024w, https:\/\/www.uees.edu.sv\/juegosdelhonor\/wp-content\/uploads\/2021\/11\/Lunes-banner_Mesa-de-trabajo-1-300x70.png 300w, https:\/\/www.uees.edu.sv\/juegosdelhonor\/wp-content\/uploads\/2021\/11\/Lunes-banner_Mesa-de-trabajo-1-768x180.png 768w, https:\/\/www.uees.edu.sv\/juegosdelhonor\/wp-content\/uploads\/2021\/11\/Lunes-banner_Mesa-de-trabajo-1.png 1280w\" sizes=\"auto, 100vw\" \/>\t\t\t\t\t\t\t\t\t\t\t\t\t\t\t<\/div>\n\t\t\t\t<\/div>\n\t\t\t\t\t<\/div>\n\t\t<\/div>\n\t\t\t\t\t\t\t<\/div>\n\t\t<\/section>\n\t\t\t\t<section class=\"elementor-section elementor-top-section elementor-element elementor-element-10e20158 elementor-section-boxed elementor-section-height-default elementor-section-height-default\" data-id=\"10e20158\" data-element_type=\"section\">\n\t\t\t\t\t\t<div class=\"elementor-container elementor-column-gap-default\">\n\t\t\t\t\t<div class=\"elementor-column elementor-col-100 elementor-top-column elementor-element elementor-element-4667b81b\" data-id=\"4667b81b\" data-element_type=\"column\">\n\t\t\t<div class=\"elementor-widget-wrap elementor-element-populated\">\n\t\t\t\t\t\t\t\t<div class=\"elementor-element elementor-element-472f5c2f elementor-widget elementor-widget-text-editor\" data-id=\"472f5c2f\" data-element_type=\"widget\" data-widget_type=\"text-editor.default\">\n\t\t\t\t<div class=\"elementor-widget-container\">\n\t\t\t\t\t\t\t<h3 style=\"text-align: center;\"><strong>DEVOCIONAL DEL D\u00cdA<\/strong><\/h3><p style=\"text-align: center;\"><span style=\"font-weight: 400;\">\u00abReconoce, por tanto, que el Se\u00f1or tu Dios es el Dios verdadero, el Dios fiel, que cumple su pacto generaci\u00f3n tras generaci\u00f3n, y muestra su fiel amor a quienes lo aman y obedecen sus mandamientos.\u00bb\u00a0\u00a0<\/span><\/p><p style=\"text-align: center;\"><strong>-Deuteronomio 7: 9 (NVI)<\/strong><\/p>\t\t\t\t\t\t<\/div>\n\t\t\t\t<\/div>\n\t\t\t\t\t<\/div>\n\t\t<\/div>\n\t\t\t\t\t\t\t<\/div>\n\t\t<\/section>\n\t\t\t\t<section class=\"elementor-section elementor-top-section elementor-element elementor-element-b8a1a40 elementor-section-boxed elementor-section-height-default elementor-section-height-default\" data-id=\"b8a1a40\" data-element_type=\"section\">\n\t\t\t\t\t\t<div class=\"elementor-container elementor-column-gap-default\">\n\t\t\t\t\t<div class=\"elementor-column elementor-col-100 elementor-top-column elementor-element elementor-element-88ade1c\" data-id=\"88ade1c\" data-element_type=\"column\">\n\t\t\t<div class=\"elementor-widget-wrap elementor-element-populated\">\n\t\t\t\t\t\t\t\t<div class=\"elementor-element elementor-element-ddb8f7d elementor-widget elementor-widget-heading\" data-id=\"ddb8f7d\" data-element_type=\"widget\" data-widget_type=\"heading.default\">\n\t\t\t\t<div class=\"elementor-widget-container\">\n\t\t\t<h2 class=\"elementor-heading-title elementor-size-default\">Reflexiona en esto:<\/h2>\t\t<\/div>\n\t\t\t\t<\/div>\n\t\t\t\t\t<\/div>\n\t\t<\/div>\n\t\t\t\t\t\t\t<\/div>\n\t\t<\/section>\n\t\t\t\t<section class=\"elementor-section elementor-top-section elementor-element elementor-element-3c81500 elementor-section-boxed elementor-section-height-default elementor-section-height-default\" data-id=\"3c81500\" data-element_type=\"section\">\n\t\t\t\t\t\t<div class=\"elementor-container elementor-column-gap-default\">\n\t\t\t\t\t<div class=\"elementor-column elementor-col-100 elementor-top-column elementor-element elementor-element-de61035\" data-id=\"de61035\" data-element_type=\"column\">\n\t\t\t<div class=\"elementor-widget-wrap elementor-element-populated\">\n\t\t\t\t\t\t\t\t<div class=\"elementor-element elementor-element-4f4dcd5 elementor-widget elementor-widget-text-editor\" data-id=\"4f4dcd5\" data-element_type=\"widget\" data-widget_type=\"text-editor.default\">\n\t\t\t\t<div class=\"elementor-widget-container\">\n\t\t\t\t\t\t\t<p dir=\"ltr\" style=\"line-height: 1.7999999999999998; text-align: justify; margin-top: 0pt; margin-bottom: 0pt;\"><span style=\"font-size: 12pt; font-family: Arial; color: #000000; background-color: transparent; font-weight: 400; font-style: normal; font-variant: normal; text-decoration: none; vertical-align: baseline; white-space: pre-wrap;\">\u00bfAlguna vez te has preguntado si Dios realmente cumple lo que promete? la historia misma de la humanidad nos muestra que no se ha alejado de nosotros, aunque en ocasiones parece ser que no es as\u00ed, as\u00ed que detente un momento a pensar en lo que este vers\u00edculo te dice.\u00a0<\/span><\/p><p dir=\"ltr\" style=\"line-height: 1.7999999999999998; text-align: justify; margin-top: 0pt; margin-bottom: 0pt;\"><span style=\"font-size: 12pt; font-family: Arial; color: #000000; background-color: transparent; font-weight: 400; font-style: normal; font-variant: normal; text-decoration: none; vertical-align: baseline; white-space: pre-wrap;\">De entrada, hablar de reconocimiento es un t\u00e9rmino de peso, si reconocer es la acci\u00f3n de identificar o destacar algo o a alguien, el reconocimiento es el sentimiento que motiva tales acciones, y en este sentido, el sentimiento busca expresar agradecimiento, devoci\u00f3n, admiraci\u00f3n y un profundo sentido de respeto hacia el que es reconocido.\u00a0<\/span><\/p><p dir=\"ltr\" style=\"line-height: 1.7999999999999998; text-align: justify; margin-top: 0pt; margin-bottom: 0pt;\"><span style=\"font-size: 12pt; font-family: Arial; color: #000000; background-color: transparent; font-weight: 400; font-style: normal; font-variant: normal; text-decoration: none; vertical-align: baseline; white-space: pre-wrap;\">Con esto en mente, piensa un momento, \u00bfcu\u00e1ndo fue la \u00faltima vez que t\u00fa, de manera consciente, tomaste tiempo para dar un reconocimiento a Dios? conocemos las cosas que \u00e9l hace por nosotros, por ejemplo, te cuida, te bendice, te ayuda, te dirige, y mucho m\u00e1s, pero, \u00bfpor qu\u00e9 lo hace? \u00bfQu\u00e9 lo motiva? la respuesta es muy clara en este vers\u00edculo, porque \u00e9l es fiel, fiel a su palabra, fiel a sus promesas, y esa fidelidad est\u00e1 fundamentada en un amor incomparable, esto significa que <\/span><span style=\"font-size: 12pt; font-family: Arial; color: #000000; background-color: transparent; font-weight: 400; font-style: italic; font-variant: normal; text-decoration: none; vertical-align: baseline; white-space: pre-wrap;\">Dios <\/span><span style=\"font-size: 12pt; font-family: Arial; color: #000000; background-color: transparent; font-style: italic; font-variant: normal; text-decoration: none; vertical-align: baseline; white-space: pre-wrap;\"><b>est\u00e1 genuinamente comprometido con nosotros<\/b><\/span><span style=\"font-size: 12pt; font-family: Arial; color: #000000; background-color: transparent; font-weight: 400; font-style: normal; font-variant: normal; text-decoration: none; vertical-align: baseline; white-space: pre-wrap;\">, pi\u00e9nsalo por un segundo, cuando amamos a alguien no nos pesa cumplir nuestras promesas, nos hace felices, y con Dios no es nada distinto, sino que esta realidad se ve potenciada exponencialmente gracias a su fiel amor.\u00a0<\/span><\/p><p dir=\"ltr\" style=\"line-height: 1.7999999999999998; text-align: justify; margin-top: 0pt; margin-bottom: 0pt;\"><span style=\"background-color: transparent; color: #000000; font-family: Arial; font-size: 12pt; white-space: pre-wrap;\">Este reconocimiento del que hoy empezamos a hablar se trata tambi\u00e9n de dar honor, dar honra a Dios d\u00e1ndole el lugar que le pertenece solo a \u00e9l en nuestras prioridades diarias. Pon mucha atenci\u00f3n a lo que Deuteronomio nos ense\u00f1a hoy, pues nos muestra que el Se\u00f1or tambi\u00e9n honra a los que lo aman y a los que obedecen sus mandamientos, Dios no busca una fe ciega ni obligada de parte nuestra, sino obediencia fundada en amarlo, as\u00ed como \u00e9l no est\u00e1 obligado por nada ni nadie a cumplir su pacto, sino que es motivado por su infinito y fiel amor por nosotros, amor que merece ser correspondido de parte nuestra, reconoci\u00e9ndole como el Dios verdadero, el Dios fiel.<\/span><\/p>\t\t\t\t\t\t<\/div>\n\t\t\t\t<\/div>\n\t\t\t\t\t<\/div>\n\t\t<\/div>\n\t\t\t\t\t\t\t<\/div>\n\t\t<\/section>\n\t\t\t\t<section class=\"elementor-section elementor-top-section elementor-element elementor-element-7ff50d2 elementor-section-boxed elementor-section-height-default elementor-section-height-default\" data-id=\"7ff50d2\" data-element_type=\"section\">\n\t\t\t\t\t\t<div class=\"elementor-container elementor-column-gap-default\">\n\t\t\t\t\t<div class=\"elementor-column elementor-col-100 elementor-top-column elementor-element elementor-element-c7067d9\" data-id=\"c7067d9\" data-element_type=\"column\">\n\t\t\t<div class=\"elementor-widget-wrap elementor-element-populated\">\n\t\t\t\t\t\t\t\t<div class=\"elementor-element elementor-element-f4e7e89 elementor-widget elementor-widget-text-editor\" data-id=\"f4e7e89\" data-element_type=\"widget\" data-widget_type=\"text-editor.default\">\n\t\t\t\t<div class=\"elementor-widget-container\">\n\t\t\t\t\t\t\t<p style=\"line-height: 1.7999999999999998; text-align: justify; margin-top: 0pt; margin-bottom: 0pt;\"><span style=\"font-size: 12pt; font-family: Arial; color: #000000; background-color: transparent; font-weight: bold; font-style: normal; font-variant: normal; text-decoration: none; vertical-align: baseline; white-space: pre-wrap;\">Pong\u00e1moslo a Prueba:<\/span><\/p><p dir=\"ltr\" style=\"line-height: 1.7999999999999998; text-align: justify; margin-top: 0pt; margin-bottom: 0pt;\"><span style=\"background-color: transparent; color: #000000; font-family: Arial; font-size: 12pt; white-space: pre-wrap;\">Toma el tiempo para pensar y haz una lista en un cuaderno, en tu tel\u00e9fono o donde puedas, de las promesas que t\u00fa consideras que Dios ha cumplido en tu vida, cualquier promesa b\u00edblica que tu conozcas (si Googleas \u201c\u00bfcu\u00e1ntas promesas hay en la Biblia?\u201d el resultado es m\u00e1s de 3,500, as\u00ed que tienes muchas para elegir) anota cuantas puedas, y cada una de esas promesas que t\u00fa consideres cumplida en tu vida ser\u00e1 una prueba de que Deuteronomio 7:9 nos dice la verdad, cada promesa que reconoces que te ha cumplido te demuestra m\u00e1s y m\u00e1s la fidelidad del Se\u00f1or para contigo. Este ejercicio te ayudar\u00e1 a enfocar tu atenci\u00f3n en honrar al Se\u00f1or, amarle de mejor manera y obedecer sus mandamientos, en lugar de quedarte distra\u00eddo y\/o abrumado por los problemas pasajeros o las situaciones que puedas estar pasando. <\/span><\/p>\t\t\t\t\t\t<\/div>\n\t\t\t\t<\/div>\n\t\t\t\t\t<\/div>\n\t\t<\/div>\n\t\t\t\t\t\t\t<\/div>\n\t\t<\/section>\n\t\t\t\t<section class=\"elementor-section elementor-top-section elementor-element elementor-element-1e590b7 elementor-section-boxed elementor-section-height-default elementor-section-height-default\" data-id=\"1e590b7\" data-element_type=\"section\">\n\t\t\t\t\t\t<div class=\"elementor-container elementor-column-gap-default\">\n\t\t\t\t\t<div class=\"elementor-column elementor-col-100 elementor-top-column elementor-element elementor-element-0c671d3\" data-id=\"0c671d3\" data-element_type=\"column\">\n\t\t\t<div class=\"elementor-widget-wrap elementor-element-populated\">\n\t\t\t\t\t\t\t\t<div class=\"elementor-element elementor-element-0644a62 elementor-widget elementor-widget-text-editor\" data-id=\"0644a62\" data-element_type=\"widget\" data-widget_type=\"text-editor.default\">\n\t\t\t\t<div class=\"elementor-widget-container\">\n\t\t\t\t\t\t\t<p><span style=\"color: #000000;\"><strong>Preg\u00fantate esto:<\/strong><\/span><\/p><p><span style=\"color: #000000;\">En esta parte es donde debes de tomar tu cuaderno y poner la respuestas a estas preguntas.<\/span><\/p><ul><li style=\"font-weight: 400;\" aria-level=\"1\"><span style=\"font-weight: 400; color: #000000;\">Escribe tres formas de como honras la fidelidad y el compromiso de Dios.<\/span><\/li><li style=\"font-weight: 400;\" aria-level=\"1\"><span style=\"font-weight: 400; color: #000000;\">\u00bfExiste algo en tu vida que te detenga de corresponder el fiel amor de Dios d\u00e1ndole la honra que se merece?<\/span><\/li><li style=\"font-weight: 400;\" aria-level=\"1\"><span style=\"font-weight: 400; color: #000000;\">\u00bfQu\u00e9 acciones podr\u00edas tomar para comprometerte con el Se\u00f1or?<\/span><\/li><\/ul>\t\t\t\t\t\t<\/div>\n\t\t\t\t<\/div>\n\t\t\t\t\t<\/div>\n\t\t<\/div>\n\t\t\t\t\t\t\t<\/div>\n\t\t<\/section>\n\t\t\t\t<section class=\"elementor-section elementor-top-section elementor-element elementor-element-2de6956 elementor-section-boxed elementor-section-height-default elementor-section-height-default\" data-id=\"2de6956\" data-element_type=\"section\">\n\t\t\t\t\t\t<div class=\"elementor-container elementor-column-gap-default\">\n\t\t\t\t\t<div class=\"elementor-column elementor-col-100 elementor-top-column elementor-element elementor-element-46acb87\" data-id=\"46acb87\" data-element_type=\"column\">\n\t\t\t<div class=\"elementor-widget-wrap elementor-element-populated\">\n\t\t\t\t\t\t\t\t<div class=\"elementor-element elementor-element-7d69302 elementor-widget elementor-widget-image\" data-id=\"7d69302\" data-element_type=\"widget\" data-widget_type=\"image.default\">\n\t\t\t\t<div class=\"elementor-widget-container\">\n\t\t\t\t\t\t\t\t\t\t\t\t\t\t\t<img loading=\"lazy\" decoding=\"async\" width=\"950\" height=\"223\" src=\"https:\/\/www.uees.edu.sv\/juegosdelhonor\/wp-content\/uploads\/2021\/11\/RETO_Mesa-de-trabajo-1-1024x240.png\" class=\"attachment-large size-large\" alt=\"\" srcset=\"https:\/\/www.uees.edu.sv\/juegosdelhonor\/wp-content\/uploads\/2021\/11\/RETO_Mesa-de-trabajo-1-1024x240.png 1024w, https:\/\/www.uees.edu.sv\/juegosdelhonor\/wp-content\/uploads\/2021\/11\/RETO_Mesa-de-trabajo-1-300x70.png 300w, https:\/\/www.uees.edu.sv\/juegosdelhonor\/wp-content\/uploads\/2021\/11\/RETO_Mesa-de-trabajo-1-768x180.png 768w, https:\/\/www.uees.edu.sv\/juegosdelhonor\/wp-content\/uploads\/2021\/11\/RETO_Mesa-de-trabajo-1.png 1280w\" sizes=\"auto, 100vw\" \/>\t\t\t\t\t\t\t\t\t\t\t\t\t\t\t<\/div>\n\t\t\t\t<\/div>\n\t\t\t\t\t<\/div>\n\t\t<\/div>\n\t\t\t\t\t\t\t<\/div>\n\t\t<\/section>\n\t\t\t\t<section class=\"elementor-section elementor-top-section elementor-element elementor-element-0afa04b elementor-section-boxed elementor-section-height-default elementor-section-height-default\" data-id=\"0afa04b\" data-element_type=\"section\">\n\t\t\t\t\t\t<div class=\"elementor-container elementor-column-gap-default\">\n\t\t\t\t\t<div class=\"elementor-column elementor-col-50 elementor-top-column elementor-element elementor-element-cf0bbe2\" data-id=\"cf0bbe2\" data-element_type=\"column\">\n\t\t\t<div class=\"elementor-widget-wrap elementor-element-populated\">\n\t\t\t\t\t\t\t\t<div class=\"elementor-element elementor-element-35102ef elementor-widget elementor-widget-text-editor\" data-id=\"35102ef\" data-element_type=\"widget\" data-widget_type=\"text-editor.default\">\n\t\t\t\t<div class=\"elementor-widget-container\">\n\t\t\t\t\t\t\t<p>No hay duda que Dios te ha hablado y te ha mostrado muchas\u00a0 verdades que puedes aplicar a tu vida, ahora <strong>te retamos a que elabores una historia para tus redes sociales,<\/strong> donde muestres un vers\u00edculo, un principio o una frase que te haya dejado este devocional.<\/p><p>As\u00ed que\u00a0 usa tu creatividad, <strong>NO OLVIDES ETIQUETARNOS<\/strong> @SAEUEES y <strong>USAR EL HASHTAG<\/strong> #JuegosDelHonor #SAEUEES<\/p><p>**Estaremos compartiendo las historia en nuestro perfil :t<\/p>\t\t\t\t\t\t<\/div>\n\t\t\t\t<\/div>\n\t\t\t\t\t<\/div>\n\t\t<\/div>\n\t\t\t\t<div class=\"elementor-column elementor-col-50 elementor-top-column elementor-element elementor-element-f9d1a27\" data-id=\"f9d1a27\" data-element_type=\"column\">\n\t\t\t<div class=\"elementor-widget-wrap elementor-element-populated\">\n\t\t\t\t\t\t\t\t<div class=\"elementor-element elementor-element-eda3f5b elementor-widget elementor-widget-image\" data-id=\"eda3f5b\" data-element_type=\"widget\" data-widget_type=\"image.default\">\n\t\t\t\t<div class=\"elementor-widget-container\">\n\t\t\t\t\t\t\t\t\t\t\t\t\t\t\t<img loading=\"lazy\" decoding=\"async\" width=\"768\" height=\"960\" src=\"https:\/\/www.uees.edu.sv\/juegosdelhonor\/wp-content\/uploads\/2021\/11\/como-hacer-videos-para-instagram-768x960.gif\" class=\"attachment-medium_large size-medium_large\" alt=\"\" srcset=\"https:\/\/www.uees.edu.sv\/juegosdelhonor\/wp-content\/uploads\/2021\/11\/como-hacer-videos-para-instagram-768x960.gif 768w, https:\/\/www.uees.edu.sv\/juegosdelhonor\/wp-content\/uploads\/2021\/11\/como-hacer-videos-para-instagram-240x300.gif 240w\" sizes=\"auto, 100vw\" \/>\t\t\t\t\t\t\t\t\t\t\t\t\t\t\t<\/div>\n\t\t\t\t<\/div>\n\t\t\t\t\t<\/div>\n\t\t<\/div>\n\t\t\t\t\t\t\t<\/div>\n\t\t<\/section>\n\t\t\t\t<section class=\"elementor-section elementor-top-section elementor-element elementor-element-075eed0 elementor-section-boxed elementor-section-height-default elementor-section-height-default\" data-id=\"075eed0\" data-element_type=\"section\">\n\t\t\t\t\t\t<div class=\"elementor-container elementor-column-gap-default\">\n\t\t\t\t\t<div class=\"elementor-column elementor-col-100 elementor-top-column elementor-element elementor-element-bb7cb91\" data-id=\"bb7cb91\" data-element_type=\"column\">\n\t\t\t<div class=\"elementor-widget-wrap elementor-element-populated\">\n\t\t\t\t\t\t\t\t<div class=\"elementor-element elementor-element-7266e99 elementor-widget elementor-widget-image\" data-id=\"7266e99\" data-element_type=\"widget\" data-widget_type=\"image.default\">\n\t\t\t\t<div class=\"elementor-widget-container\">\n\t\t\t\t\t\t\t\t\t\t\t\t\t\t\t<img loading=\"lazy\" decoding=\"async\" width=\"950\" height=\"223\" src=\"https:\/\/www.uees.edu.sv\/juegosdelhonor\/wp-content\/uploads\/2021\/11\/CONFERENCIA-BANNER-ZOOM_Mesa-de-trabajo-1-1024x240.png\" class=\"attachment-large size-large\" alt=\"\" srcset=\"https:\/\/www.uees.edu.sv\/juegosdelhonor\/wp-content\/uploads\/2021\/11\/CONFERENCIA-BANNER-ZOOM_Mesa-de-trabajo-1-1024x240.png 1024w, https:\/\/www.uees.edu.sv\/juegosdelhonor\/wp-content\/uploads\/2021\/11\/CONFERENCIA-BANNER-ZOOM_Mesa-de-trabajo-1-300x70.png 300w, https:\/\/www.uees.edu.sv\/juegosdelhonor\/wp-content\/uploads\/2021\/11\/CONFERENCIA-BANNER-ZOOM_Mesa-de-trabajo-1-768x180.png 768w, https:\/\/www.uees.edu.sv\/juegosdelhonor\/wp-content\/uploads\/2021\/11\/CONFERENCIA-BANNER-ZOOM_Mesa-de-trabajo-1.png 1280w\" sizes=\"auto, 100vw\" \/>\t\t\t\t\t\t\t\t\t\t\t\t\t\t\t<\/div>\n\t\t\t\t<\/div>\n\t\t\t\t\t<\/div>\n\t\t<\/div>\n\t\t\t\t\t\t\t<\/div>\n\t\t<\/section>\n\t\t\t\t<section class=\"elementor-section elementor-top-section elementor-element elementor-element-89790a2 elementor-section-boxed elementor-section-height-default elementor-section-height-default\" data-id=\"89790a2\" data-element_type=\"section\">\n\t\t\t\t\t\t<div class=\"elementor-container elementor-column-gap-default\">\n\t\t\t\t\t<div class=\"elementor-column elementor-col-50 elementor-top-column elementor-element elementor-element-0548eda\" data-id=\"0548eda\" data-element_type=\"column\">\n\t\t\t<div class=\"elementor-widget-wrap elementor-element-populated\">\n\t\t\t\t\t\t\t\t<div class=\"elementor-element elementor-element-8e44429 elementor-widget elementor-widget-image\" data-id=\"8e44429\" data-element_type=\"widget\" data-widget_type=\"image.default\">\n\t\t\t\t<div class=\"elementor-widget-container\">\n\t\t\t\t\t\t\t\t\t\t\t\t\t\t\t<img loading=\"lazy\" decoding=\"async\" width=\"300\" height=\"300\" src=\"https:\/\/www.uees.edu.sv\/juegosdelhonor\/wp-content\/uploads\/2021\/11\/zoom-SAE-UEES-Secretaria-de-asuntos-espirituales.png\" class=\"attachment-large size-large\" alt=\"\" srcset=\"https:\/\/www.uees.edu.sv\/juegosdelhonor\/wp-content\/uploads\/2021\/11\/zoom-SAE-UEES-Secretaria-de-asuntos-espirituales.png 300w, https:\/\/www.uees.edu.sv\/juegosdelhonor\/wp-content\/uploads\/2021\/11\/zoom-SAE-UEES-Secretaria-de-asuntos-espirituales-150x150.png 150w\" sizes=\"auto, 100vw\" \/>\t\t\t\t\t\t\t\t\t\t\t\t\t\t\t<\/div>\n\t\t\t\t<\/div>\n\t\t\t\t\t<\/div>\n\t\t<\/div>\n\t\t\t\t<div class=\"elementor-column elementor-col-50 elementor-top-column elementor-element elementor-element-9f75f77\" data-id=\"9f75f77\" data-element_type=\"column\">\n\t\t\t<div class=\"elementor-widget-wrap elementor-element-populated\">\n\t\t\t\t\t\t\t\t<div class=\"elementor-element elementor-element-d69b318 elementor-widget elementor-widget-text-editor\" data-id=\"d69b318\" data-element_type=\"widget\" data-widget_type=\"text-editor.default\">\n\t\t\t\t<div class=\"elementor-widget-container\">\n\t\t\t\t\t\t\t<p style=\"text-align: center;\"><strong>SESI\u00d3N EN ZOOM: JUEGOS DEL HONOR <\/strong><\/p><p style=\"text-align: center;\">Recuerda reservar el tiempo para vernos por ZOOM, todos los d\u00edas 3:30 pm, donde tendremos un invitado especial.<\/p><p style=\"text-align: center;\">Unirse a la reuni\u00f3n Zoom<br \/><a href=\"https:\/\/zoom.us\/j\/97629823930\">https:\/\/zoom.us\/j\/97629823930<\/a><\/p><p style=\"text-align: center;\">ID de reuni\u00f3n: 976 2982 3930<\/p>\t\t\t\t\t\t<\/div>\n\t\t\t\t<\/div>\n\t\t\t\t\t<\/div>\n\t\t<\/div>\n\t\t\t\t\t\t\t<\/div>\n\t\t<\/section>\n\t\t\t\t<section class=\"elementor-section elementor-top-section elementor-element elementor-element-ea2f5e9 elementor-section-boxed elementor-section-height-default elementor-section-height-default\" data-id=\"ea2f5e9\" data-element_type=\"section\">\n\t\t\t\t\t\t<div class=\"elementor-container elementor-column-gap-default\">\n\t\t\t\t\t<div class=\"elementor-column elementor-col-100 elementor-top-column elementor-element elementor-element-f337563\" data-id=\"f337563\" data-element_type=\"column\">\n\t\t\t<div class=\"elementor-widget-wrap\">\n\t\t\t\t\t\t\t\t\t<\/div>\n\t\t<\/div>\n\t\t\t\t\t\t\t<\/div>\n\t\t<\/section>\n\t\t\t\t\t\t<\/div>\n\t\t\t\t\t<\/div>\n\t\t","protected":false},"excerpt":{"rendered":"<p>DEVOCIONAL DEL D\u00cdA \u00abReconoce, por tanto, que el Se\u00f1or tu Dios es el Dios verdadero, el Dios fiel, que cumple su pacto generaci\u00f3n tras generaci\u00f3n, y muestra su fiel amor a quienes lo aman y obedecen sus mandamientos.\u00bb\u00a0\u00a0 -Deuteronomio 7: 9 (NVI) Reflexiona en esto: \u00bfAlguna vez te has preguntado si Dios realmente cumple lo &hellip; <\/p>\n<p class=\"link-more\"><a href=\"https:\/\/www.uees.edu.sv\/juegosdelhonor\/lunes\/\" class=\"more-link\">Leer m\u00e1s<span class=\"screen-reader-text\"> \u00abLunes 15\u00bb<\/span><\/a><\/p>\n","protected":false},"author":1,"featured_media":0,"parent":0,"menu_order":0,"comment_status":"closed","ping_status":"closed","template":"","meta":{"_monsterinsights_skip_tracking":false,"_monsterinsights_sitenote_active":false,"_monsterinsights_sitenote_note":"","_monsterinsights_sitenote_category":0,"footnotes":""},"class_list":["post-18","page","type-page","status-publish","hentry"],"_links":{"self":[{"href":"https:\/\/www.uees.edu.sv\/juegosdelhonor\/wp-json\/wp\/v2\/pages\/18","targetHints":{"allow":["GET"]}}],"collection":[{"href":"https:\/\/www.uees.edu.sv\/juegosdelhonor\/wp-json\/wp\/v2\/pages"}],"about":[{"href":"https:\/\/www.uees.edu.sv\/juegosdelhonor\/wp-json\/wp\/v2\/types\/page"}],"author":[{"embeddable":true,"href":"https:\/\/www.uees.edu.sv\/juegosdelhonor\/wp-json\/wp\/v2\/users\/1"}],"replies":[{"embeddable":true,"href":"https:\/\/www.uees.edu.sv\/juegosdelhonor\/wp-json\/wp\/v2\/comments?post=18"}],"version-history":[{"count":77,"href":"https:\/\/www.uees.edu.sv\/juegosdelhonor\/wp-json\/wp\/v2\/pages\/18\/revisions"}],"predecessor-version":[{"id":6919,"href":"https:\/\/www.uees.edu.sv\/juegosdelhonor\/wp-json\/wp\/v2\/pages\/18\/revisions\/6919"}],"wp:attachment":[{"href":"https:\/\/www.uees.edu.sv\/juegosdelhonor\/wp-json\/wp\/v2\/media?parent=18"}],"curies":[{"name":"wp","href":"https:\/\/api.w.org\/{rel}","templated":true}]}}