{"id":33978,"date":"2022-07-29T21:14:19","date_gmt":"2022-07-29T21:14:19","guid":{"rendered":"https:\/\/www.uees.edu.sv\/faculty-of-legal-sciences\/"},"modified":"2023-12-05T14:37:47","modified_gmt":"2023-12-05T14:37:47","slug":"school-of-law","status":"publish","type":"page","link":"https:\/\/www.uees.edu.sv\/en\/school-of-law\/","title":{"rendered":"SCHOOL OF LAW"},"content":{"rendered":"<div id=\"pl-33978\"  class=\"panel-layout\" ><div id=\"pg-33978-0\"  class=\"panel-grid panel-no-style\" ><div id=\"pgc-33978-0-0\"  class=\"panel-grid-cell\" ><div id=\"panel-33978-0-0-0\" class=\"so-panel widget widget_sow-editor panel-first-child panel-last-child\" data-index=\"0\" ><div class=\"so-widget-sow-editor so-widget-sow-editor-base\">\n<div class=\"siteorigin-widget-tinymce textwidget\">\n\t<p><iframe title=\"#Proyecci\u00f3nSocial - Facultad de de Ciencias Jur\u00eddicas en Transforma Caba\u00f1as\" width=\"1170\" height=\"658\" src=\"https:\/\/www.youtube.com\/embed\/87a04Wdc8Rs?feature=oembed\" frameborder=\"0\" allow=\"accelerometer; autoplay; clipboard-write; encrypted-media; gyroscope; picture-in-picture; web-share\" allowfullscreen><\/iframe><\/p>\n<\/div>\n<\/div><\/div><\/div><\/div><div id=\"pg-33978-1\"  class=\"panel-grid panel-no-style\" ><div id=\"pgc-33978-1-0\"  class=\"panel-grid-cell\" ><div id=\"panel-33978-1-0-0\" class=\"so-panel widget widget_sow-editor panel-first-child\" data-index=\"1\" ><div class=\"so-widget-sow-editor so-widget-sow-editor-base\">\n<div class=\"siteorigin-widget-tinymce textwidget\">\n\t<h2 style=\"text-align: justify;\">SCHOOL OF LAW<\/h2>\n<p style=\"text-align: justify;\">The School of Legal Sciences, through its Social Projection Committee, executes the project \"Integrated Mediation and Legal Aid Center\", this space was created through the signing of an agreement between the Evangelical University of El Salvador with the Supreme Court of Justice and the Attorney General's Office of the Republic, providing different services of conflict mediation, legal attention in civil, criminal, family and labor matters, serving people of limited economic resources in their human right of access to justice.<\/p>\n<p style=\"text-align: justify;\">The Mediation and Legal Aid Center is also a space for the promotion of rights, participating in radio programs, schools, churches and Child Development Centers (CDI), to provide legal guidance and dissemination of laws such as the \"Law for the Integral Protection of Children and Adolescents\" (LEPINA) and the \"Special Integral Law for a Life Free of Violence for Women. This project also implements actions within the framework of the Transforma Caba\u00f1as Community Development Program, which is carried out in association with the Auditorio Cristiano Church in communities in the Municipality of Victoria, in the Department of Caba\u00f1as.<\/p>\n<p>&nbsp;<\/p>\n<p><img class=\"size-full wp-image-19289 aligncenter\" src=\"https:\/\/www.uees.edu.sv\/wp-content\/uploads\/2022\/07\/cienciasjuridicas3.jpg\" alt=\"\" width=\"900\" height=\"506\" srcset=\"https:\/\/www.uees.edu.sv\/wp-content\/uploads\/2022\/07\/cienciasjuridicas3.jpg 900w, https:\/\/www.uees.edu.sv\/wp-content\/uploads\/2022\/07\/cienciasjuridicas3-300x169.jpg 300w, https:\/\/www.uees.edu.sv\/wp-content\/uploads\/2022\/07\/cienciasjuridicas3-768x432.jpg 768w, https:\/\/www.uees.edu.sv\/wp-content\/uploads\/2022\/07\/cienciasjuridicas3-270x153.jpg 270w, https:\/\/www.uees.edu.sv\/wp-content\/uploads\/2022\/07\/cienciasjuridicas3-150x84.jpg 150w, https:\/\/www.uees.edu.sv\/wp-content\/uploads\/2022\/07\/cienciasjuridicas3-600x337.jpg 600w\" sizes=\"(max-width: 900px) 100vw, 900px\" \/><\/p>\n<\/div>\n<\/div><\/div><div id=\"panel-33978-1-0-1\" class=\"so-panel widget widget_media_gallery panel-last-child\" data-index=\"2\" ><div id='gallery-1' class='gallery galleryid-33978 gallery-columns-4 gallery-size-medium'><figure class='gallery-item'>\n\t\t\t<div class='gallery-icon landscape'>\n\t\t\t\t<a href='https:\/\/www.uees.edu.sv\/en\/school-of-law\/cienciasjuridicas1-2\/'><img width=\"300\" height=\"169\" src=\"https:\/\/www.uees.edu.sv\/wp-content\/uploads\/2022\/07\/cienciasjuridicas1-300x169.jpg\" class=\"attachment-medium size-medium\" alt=\"\" srcset=\"https:\/\/www.uees.edu.sv\/wp-content\/uploads\/2022\/07\/cienciasjuridicas1-300x169.jpg 300w, https:\/\/www.uees.edu.sv\/wp-content\/uploads\/2022\/07\/cienciasjuridicas1-768x432.jpg 768w, https:\/\/www.uees.edu.sv\/wp-content\/uploads\/2022\/07\/cienciasjuridicas1-270x153.jpg 270w, https:\/\/www.uees.edu.sv\/wp-content\/uploads\/2022\/07\/cienciasjuridicas1-150x84.jpg 150w, https:\/\/www.uees.edu.sv\/wp-content\/uploads\/2022\/07\/cienciasjuridicas1-600x337.jpg 600w, https:\/\/www.uees.edu.sv\/wp-content\/uploads\/2022\/07\/cienciasjuridicas1.jpg 900w\" sizes=\"(max-width: 300px) 100vw, 300px\" \/><\/a>\n\t\t\t<\/div><\/figure><figure class='gallery-item'>\n\t\t\t<div class='gallery-icon landscape'>\n\t\t\t\t<a href='https:\/\/www.uees.edu.sv\/en\/school-of-law\/cienciasjuridicas2-2\/'><img width=\"300\" height=\"169\" src=\"https:\/\/www.uees.edu.sv\/wp-content\/uploads\/2022\/07\/cienciasjuridicas2-300x169.jpg\" class=\"attachment-medium size-medium\" alt=\"\" srcset=\"https:\/\/www.uees.edu.sv\/wp-content\/uploads\/2022\/07\/cienciasjuridicas2-300x169.jpg 300w, https:\/\/www.uees.edu.sv\/wp-content\/uploads\/2022\/07\/cienciasjuridicas2-768x432.jpg 768w, https:\/\/www.uees.edu.sv\/wp-content\/uploads\/2022\/07\/cienciasjuridicas2-270x153.jpg 270w, https:\/\/www.uees.edu.sv\/wp-content\/uploads\/2022\/07\/cienciasjuridicas2-150x84.jpg 150w, https:\/\/www.uees.edu.sv\/wp-content\/uploads\/2022\/07\/cienciasjuridicas2-600x337.jpg 600w, https:\/\/www.uees.edu.sv\/wp-content\/uploads\/2022\/07\/cienciasjuridicas2.jpg 900w\" sizes=\"(max-width: 300px) 100vw, 300px\" \/><\/a>\n\t\t\t<\/div><\/figure><figure class='gallery-item'>\n\t\t\t<div class='gallery-icon landscape'>\n\t\t\t\t<a href='https:\/\/www.uees.edu.sv\/en\/school-of-law\/cienciasjuridicas3-2\/'><img width=\"300\" height=\"169\" src=\"https:\/\/www.uees.edu.sv\/wp-content\/uploads\/2022\/07\/cienciasjuridicas3-300x169.jpg\" class=\"attachment-medium size-medium\" alt=\"\" srcset=\"https:\/\/www.uees.edu.sv\/wp-content\/uploads\/2022\/07\/cienciasjuridicas3-300x169.jpg 300w, https:\/\/www.uees.edu.sv\/wp-content\/uploads\/2022\/07\/cienciasjuridicas3-768x432.jpg 768w, https:\/\/www.uees.edu.sv\/wp-content\/uploads\/2022\/07\/cienciasjuridicas3-270x153.jpg 270w, https:\/\/www.uees.edu.sv\/wp-content\/uploads\/2022\/07\/cienciasjuridicas3-150x84.jpg 150w, https:\/\/www.uees.edu.sv\/wp-content\/uploads\/2022\/07\/cienciasjuridicas3-600x337.jpg 600w, https:\/\/www.uees.edu.sv\/wp-content\/uploads\/2022\/07\/cienciasjuridicas3.jpg 900w\" sizes=\"(max-width: 300px) 100vw, 300px\" \/><\/a>\n\t\t\t<\/div><\/figure><figure class='gallery-item'>\n\t\t\t<div class='gallery-icon landscape'>\n\t\t\t\t<a href='https:\/\/www.uees.edu.sv\/en\/school-of-law\/cienciasjuridicas4-2\/'><img width=\"300\" height=\"169\" src=\"https:\/\/www.uees.edu.sv\/wp-content\/uploads\/2022\/07\/cienciasjuridicas4-300x169.jpg\" class=\"attachment-medium size-medium\" alt=\"\" srcset=\"https:\/\/www.uees.edu.sv\/wp-content\/uploads\/2022\/07\/cienciasjuridicas4-300x169.jpg 300w, https:\/\/www.uees.edu.sv\/wp-content\/uploads\/2022\/07\/cienciasjuridicas4-768x432.jpg 768w, https:\/\/www.uees.edu.sv\/wp-content\/uploads\/2022\/07\/cienciasjuridicas4-270x153.jpg 270w, https:\/\/www.uees.edu.sv\/wp-content\/uploads\/2022\/07\/cienciasjuridicas4-150x84.jpg 150w, https:\/\/www.uees.edu.sv\/wp-content\/uploads\/2022\/07\/cienciasjuridicas4-600x337.jpg 600w, https:\/\/www.uees.edu.sv\/wp-content\/uploads\/2022\/07\/cienciasjuridicas4.jpg 900w\" sizes=\"(max-width: 300px) 100vw, 300px\" \/><\/a>\n\t\t\t<\/div><\/figure>\n\t\t<\/div>\n<\/div><\/div><\/div><div id=\"pg-33978-2\"  class=\"panel-grid panel-no-style\" ><div id=\"pgc-33978-2-0\"  class=\"panel-grid-cell panel-grid-cell-empty\" ><\/div><div id=\"pgc-33978-2-1\"  class=\"panel-grid-cell\" ><div id=\"panel-33978-2-1-0\" class=\"so-panel widget widget_sow-editor panel-first-child panel-last-child\" data-index=\"3\" ><div class=\"so-widget-sow-editor so-widget-sow-editor-base\">\n<div class=\"siteorigin-widget-tinymce textwidget\">\n\t<h2 style=\"text-align: justify;\"><a href=\"https:\/\/www.uees.edu.sv\/en\/\"><img class=\"aligncenter wp-image-33964 size-full\" src=\"https:\/\/www.uees.edu.sv\/wp-content\/uploads\/2023\/12\/back-1.jpg\" alt=\"\" width=\"100\" height=\"50\" srcset=\"https:\/\/www.uees.edu.sv\/wp-content\/uploads\/2023\/12\/back-1.jpg 100w, https:\/\/www.uees.edu.sv\/wp-content\/uploads\/2023\/12\/back-1-60x30.jpg 60w\" sizes=\"(max-width: 100px) 100vw, 100px\" \/><\/a><\/h2>\n<\/div>\n<\/div><\/div><\/div><\/div><div id=\"pg-33978-3\"  class=\"panel-grid panel-no-style\" ><div id=\"pgc-33978-3-0\"  class=\"panel-grid-cell\" ><div id=\"panel-33978-3-0-0\" class=\"so-panel widget widget_sow-editor panel-first-child panel-last-child\" data-index=\"4\" ><div class=\"so-widget-sow-editor so-widget-sow-editor-base\">\n<div class=\"siteorigin-widget-tinymce textwidget\">\n\t<\/p>\n<\/div>\n<\/div><\/div><\/div><\/div><\/div>","protected":false},"excerpt":{"rendered":"<p>https:\/\/youtu.be\/87a04Wdc8Rs SCHOOL OF LAW The School of Legal Sciences, through its Social Projection Committee, executes the project &#8220;Integrated Mediation and Legal Aid Center&#8221;, this space was created through the signing of an agreement between the Evangelical University of El Salvador with the Supreme Court of Justice and the Attorney General&#8217;s Office of the Republic, providing [&hellip;]<\/p>\n","protected":false},"author":1,"featured_media":0,"parent":0,"menu_order":0,"comment_status":"closed","ping_status":"closed","template":"","meta":{"pmpro_default_level":0},"yoast_head":"<!-- This site is optimized with the Yoast SEO plugin v19.6 - https:\/\/yoast.com\/wordpress\/plugins\/seo\/ -->\n<title>SCHOOL OF LAW - Universidad Evang\u00e9lica de El Salvador<\/title>\n<meta name=\"robots\" content=\"index, follow, max-snippet:-1, max-image-preview:large, max-video-preview:-1\" \/>\n<link rel=\"canonical\" href=\"https:\/\/www.uees.edu.sv\/en\/school-of-law\/\" \/>\n<meta property=\"og:locale\" content=\"en_US\" \/>\n<meta property=\"og:type\" content=\"article\" \/>\n<meta property=\"og:title\" content=\"SCHOOL OF LAW - Universidad Evang\u00e9lica de El Salvador\" \/>\n<meta property=\"og:description\" content=\"https:\/\/youtu.be\/87a04Wdc8Rs SCHOOL OF LAW The School of Legal Sciences, through its Social Projection Committee, executes the project &quot;Integrated Mediation and Legal Aid Center&quot;, this space was created through the signing of an agreement between the Evangelical University of El Salvador with the Supreme Court of Justice and the Attorney General&#039;s Office of the Republic, providing [&hellip;]\" \/>\n<meta property=\"og:url\" content=\"https:\/\/www.uees.edu.sv\/en\/school-of-law\/\" \/>\n<meta property=\"og:site_name\" content=\"Universidad Evang\u00e9lica de El Salvador\" \/>\n<meta property=\"article:modified_time\" content=\"2023-12-05T14:37:47+00:00\" \/>\n<meta property=\"og:image\" content=\"https:\/\/www.uees.edu.sv\/wp-content\/uploads\/2022\/07\/cienciasjuridicas3.jpg\" \/>\n<meta name=\"twitter:card\" content=\"summary_large_image\" \/>\n<meta name=\"twitter:label1\" content=\"Est. reading time\" \/>\n\t<meta name=\"twitter:data1\" content=\"2 minutes\" \/>\n<script type=\"application\/ld+json\" class=\"yoast-schema-graph\">{\"@context\":\"https:\/\/schema.org\",\"@graph\":[{\"@type\":\"WebPage\",\"@id\":\"https:\/\/www.uees.edu.sv\/en\/school-of-law\/\",\"url\":\"https:\/\/www.uees.edu.sv\/en\/school-of-law\/\",\"name\":\"SCHOOL OF LAW - Universidad Evang\u00e9lica de El Salvador\",\"isPartOf\":{\"@id\":\"https:\/\/www.uees.edu.sv\/#website\"},\"datePublished\":\"2022-07-29T21:14:19+00:00\",\"dateModified\":\"2023-12-05T14:37:47+00:00\",\"breadcrumb\":{\"@id\":\"https:\/\/www.uees.edu.sv\/en\/school-of-law\/#breadcrumb\"},\"inLanguage\":\"en-US\",\"potentialAction\":[{\"@type\":\"ReadAction\",\"target\":[\"https:\/\/www.uees.edu.sv\/en\/school-of-law\/\"]}]},{\"@type\":\"BreadcrumbList\",\"@id\":\"https:\/\/www.uees.edu.sv\/en\/school-of-law\/#breadcrumb\",\"itemListElement\":[{\"@type\":\"ListItem\",\"position\":1,\"name\":\"Home\",\"item\":\"https:\/\/www.uees.edu.sv\/en\/\"},{\"@type\":\"ListItem\",\"position\":2,\"name\":\"SCHOOL OF LAW\"}]},{\"@type\":\"WebSite\",\"@id\":\"https:\/\/www.uees.edu.sv\/#website\",\"url\":\"https:\/\/www.uees.edu.sv\/\",\"name\":\"Universidad Evang\u00e9lica de El Salvador\",\"description\":\"Universidad Evang\u00e9lica de El Salvador\",\"potentialAction\":[{\"@type\":\"SearchAction\",\"target\":{\"@type\":\"EntryPoint\",\"urlTemplate\":\"https:\/\/www.uees.edu.sv\/?s={search_term_string}\"},\"query-input\":\"required name=search_term_string\"}],\"inLanguage\":\"en-US\"}]}<\/script>\n<!-- \/ Yoast SEO plugin. -->","yoast_head_json":{"title":"SCHOOL OF LAW - Universidad Evang\u00e9lica de El Salvador","robots":{"index":"index","follow":"follow","max-snippet":"max-snippet:-1","max-image-preview":"max-image-preview:large","max-video-preview":"max-video-preview:-1"},"canonical":"https:\/\/www.uees.edu.sv\/en\/school-of-law\/","og_locale":"en_US","og_type":"article","og_title":"SCHOOL OF LAW - Universidad Evang\u00e9lica de El Salvador","og_description":"https:\/\/youtu.be\/87a04Wdc8Rs SCHOOL OF LAW The School of Legal Sciences, through its Social Projection Committee, executes the project \"Integrated Mediation and Legal Aid Center\", this space was created through the signing of an agreement between the Evangelical University of El Salvador with the Supreme Court of Justice and the Attorney General's Office of the Republic, providing [&hellip;]","og_url":"https:\/\/www.uees.edu.sv\/en\/school-of-law\/","og_site_name":"Universidad Evang\u00e9lica de El Salvador","article_modified_time":"2023-12-05T14:37:47+00:00","og_image":[{"url":"https:\/\/www.uees.edu.sv\/wp-content\/uploads\/2022\/07\/cienciasjuridicas3.jpg"}],"twitter_card":"summary_large_image","twitter_misc":{"Est. reading time":"2 minutes"},"schema":{"@context":"https:\/\/schema.org","@graph":[{"@type":"WebPage","@id":"https:\/\/www.uees.edu.sv\/en\/school-of-law\/","url":"https:\/\/www.uees.edu.sv\/en\/school-of-law\/","name":"SCHOOL OF LAW - Universidad Evang\u00e9lica de El Salvador","isPartOf":{"@id":"https:\/\/www.uees.edu.sv\/#website"},"datePublished":"2022-07-29T21:14:19+00:00","dateModified":"2023-12-05T14:37:47+00:00","breadcrumb":{"@id":"https:\/\/www.uees.edu.sv\/en\/school-of-law\/#breadcrumb"},"inLanguage":"en-US","potentialAction":[{"@type":"ReadAction","target":["https:\/\/www.uees.edu.sv\/en\/school-of-law\/"]}]},{"@type":"BreadcrumbList","@id":"https:\/\/www.uees.edu.sv\/en\/school-of-law\/#breadcrumb","itemListElement":[{"@type":"ListItem","position":1,"name":"Home","item":"https:\/\/www.uees.edu.sv\/en\/"},{"@type":"ListItem","position":2,"name":"SCHOOL OF LAW"}]},{"@type":"WebSite","@id":"https:\/\/www.uees.edu.sv\/#website","url":"https:\/\/www.uees.edu.sv\/","name":"Universidad Evang\u00e9lica de El Salvador","description":"Universidad Evang\u00e9lica de El Salvador","potentialAction":[{"@type":"SearchAction","target":{"@type":"EntryPoint","urlTemplate":"https:\/\/www.uees.edu.sv\/?s={search_term_string}"},"query-input":"required name=search_term_string"}],"inLanguage":"en-US"}]}},"_links":{"self":[{"href":"https:\/\/www.uees.edu.sv\/en\/wp-json\/wp\/v2\/pages\/33978"}],"collection":[{"href":"https:\/\/www.uees.edu.sv\/en\/wp-json\/wp\/v2\/pages"}],"about":[{"href":"https:\/\/www.uees.edu.sv\/en\/wp-json\/wp\/v2\/types\/page"}],"author":[{"embeddable":true,"href":"https:\/\/www.uees.edu.sv\/en\/wp-json\/wp\/v2\/users\/1"}],"replies":[{"embeddable":true,"href":"https:\/\/www.uees.edu.sv\/en\/wp-json\/wp\/v2\/comments?post=33978"}],"version-history":[{"count":3,"href":"https:\/\/www.uees.edu.sv\/en\/wp-json\/wp\/v2\/pages\/33978\/revisions"}],"predecessor-version":[{"id":33981,"href":"https:\/\/www.uees.edu.sv\/en\/wp-json\/wp\/v2\/pages\/33978\/revisions\/33981"}],"wp:attachment":[{"href":"https:\/\/www.uees.edu.sv\/en\/wp-json\/wp\/v2\/media?parent=33978"}],"curies":[{"name":"wp","href":"https:\/\/api.w.org\/{rel}","templated":true}]}}