{"id":33724,"date":"2021-05-20T15:53:00","date_gmt":"2021-05-20T15:53:00","guid":{"rendered":"https:\/\/www.uees.edu.sv\/institutional-organization\/"},"modified":"2025-12-19T21:03:23","modified_gmt":"2025-12-19T21:03:23","slug":"institutional-organization","status":"publish","type":"page","link":"https:\/\/www.uees.edu.sv\/en\/institutional-organization\/","title":{"rendered":"Institutional organization"},"content":{"rendered":"<div id=\"pl-33724\"  class=\"panel-layout\" ><div id=\"pg-33724-0\"  class=\"panel-grid panel-no-style\" ><div id=\"pgc-33724-0-0\"  class=\"panel-grid-cell\" ><div id=\"panel-33724-0-0-0\" class=\"so-panel widget widget_sow-editor panel-first-child panel-last-child\" data-index=\"0\" ><div class=\"so-widget-sow-editor so-widget-sow-editor-base\">\n<div class=\"siteorigin-widget-tinymce textwidget\">\n\t<p><img class=\"aligncenter wp-image-39894 size-full\" src=\"https:\/\/www.uees.edu.sv\/wp-content\/uploads\/2025\/10\/Foto-1024x600.jpg\" alt=\"\" width=\"900\" height=\"600\" data-wp-editing=\"1\" \/><\/p>\n<p style=\"text-align: center;\">Seated from left to right: Brother Santiago Reynaldo Di-Majo, Secretary; Rev. Mauricio Balmore Hern\u00e1ndez Rodr\u00edguez, President; Dr. Cristina Ju\u00e1rez de Amaya, President\/Rector; Dr. Mario Ernesto Palencia Trejo, Vice President; Lic. Adiel Hern\u00e1ndez Gald\u00e1mez.<\/p>\n<p style=\"text-align: center;\">Standing from left to right: Lic. Manuel Guillermo Gonz\u00e1lez Hern\u00e1ndez; Lic. Carlos Humberto Vigil Navarrete; Lic. Sandra Yanira P\u00e9rez de Umanzor; Lic. Rafael Antonio Narv\u00e1ez Carranza.<\/p>\n<\/div>\n<\/div><\/div><\/div><\/div><div id=\"pg-33724-1\"  class=\"panel-grid panel-no-style\" ><div id=\"pgc-33724-1-0\"  class=\"panel-grid-cell\" ><div id=\"panel-33724-1-0-0\" class=\"so-panel widget widget_sow-editor panel-first-child\" data-index=\"1\" ><div class=\"so-widget-sow-editor so-widget-sow-editor-base\">\n<div class=\"siteorigin-widget-tinymce textwidget\">\n\t<p style=\"text-align: justify;\">Organizationally, the University has a structure whose main authority is the Executive Board as the highest regulatory and administrative authority, followed by the Rector, who is a member of the Executive Board, an Academic Vice-Rectory, a Vice-Rectory for Research and Social Service, a Vice-Rectory for Innovation and Virtual Education and a General Management with its Management and Operating Departments.<\/p>\n<p style=\"text-align: justify;\">Academically it is structured in Undergraduate School and Graduate School; these are organizations responsible for preserving, promoting and disseminating science, technology and conducting research in their fields; the schools are large academic units responsible for managing the formal and non-formal educational offerings, depending on the Academic Vice Rectory; Organizationally, they have Schools and Departments; and for the development of their academic and research work, they are also coordinated with Officers and Authorities of the Vice Rector's Office for Research and Social Service, the Academic Direction, the General Management, and the Technical Councils of the Undergraduate and Graduate School respectively.<\/p>\n<p style=\"text-align: justify;\">Other authorities are the Executive Committee, the Directorate of University Chaplaincy, Internal Audit, Legal Counsel, the Directorate of Educational Quality, and the Academic Council, composed of the Rector, Vice-Rectors, Deans, Vice Deans of the schools, and Directors of the Academic Areas.<\/p>\n<\/div>\n<\/div><\/div><div id=\"panel-33724-1-0-1\" class=\"so-panel widget widget_sow-editor panel-last-child\" data-index=\"2\" ><div class=\"so-widget-sow-editor so-widget-sow-editor-base\">\n<div class=\"siteorigin-widget-tinymce textwidget\">\n\t<\/div>\n<\/div><\/div><\/div><div id=\"pgc-33724-1-1\"  class=\"panel-grid-cell\" ><div id=\"panel-33724-1-1-0\" class=\"so-panel widget widget_sow-editor panel-first-child panel-last-child\" data-index=\"3\" ><div class=\"so-widget-sow-editor so-widget-sow-editor-base\">\n<div class=\"siteorigin-widget-tinymce textwidget\">\n\t<p><a href=\"https:\/\/www.uees.edu.sv\/wp-content\/uploads\/2025\/08\/Organigrama-Institucional_-Aprobado-en-sesion-1586.jpg\" target=\"_blank\" rel=\"noopener\"><img class=\"aligncenter wp-image-39146 size-full\" src=\"https:\/\/www.uees.edu.sv\/wp-content\/uploads\/2025\/08\/Organigrama-Institucional_-Aprobado-en-sesion-1586.jpg\" alt=\"\" width=\"1008\" height=\"1344\" \/><\/a><\/p>\n<\/div>\n<\/div><\/div><\/div><\/div><\/div>","protected":false},"excerpt":{"rendered":"<p>Seated from left to right: Brother Santiago Reynaldo Di-Majo, Secretary; Rev. Mauricio Balmore Hern\u00e1ndez Rodr\u00edguez, President; Dr. Cristina Ju\u00e1rez de Amaya, President\/Rector; Dr. Mario Ernesto Palencia Trejo, Vice President; Lic. Adiel Hern\u00e1ndez Gald\u00e1mez. Standing from left to right: Lic. Manuel Guillermo Gonz\u00e1lez Hern\u00e1ndez; Lic. Carlos Humberto Vigil Navarrete; Lic. Sandra Yanira P\u00e9rez de Umanzor; Lic. [&hellip;]<\/p>\n","protected":false},"author":2,"featured_media":0,"parent":0,"menu_order":0,"comment_status":"closed","ping_status":"closed","template":"","meta":{"pmpro_default_level":0},"yoast_head":"<!-- This site is optimized with the Yoast SEO plugin v19.6 - https:\/\/yoast.com\/wordpress\/plugins\/seo\/ -->\n<title>Institutional organization - Universidad Evang\u00e9lica de El Salvador<\/title>\n<meta name=\"description\" content=\"Institutional organization, Universidad Evang\u00e9lica de El Salvador, Organizationally, the University has a structure whose main authority is the Executive Board as the highest regulatory and administrative authority, followed by the Rector, who is a member of the Executive Board, an Academic Vice-Rectory, a Vice-Rectory for Research and Social Service, a Vice-Rectory for Innovation and Virtual Education and a General Management with its Management and Operating Departments.\" \/>\n<meta name=\"robots\" content=\"index, follow, max-snippet:-1, max-image-preview:large, max-video-preview:-1\" \/>\n<link rel=\"canonical\" href=\"https:\/\/www.uees.edu.sv\/en\/institutional-organization\/\" \/>\n<meta property=\"og:locale\" content=\"en_US\" \/>\n<meta property=\"og:type\" content=\"article\" \/>\n<meta property=\"og:title\" content=\"Institutional organization - Universidad Evang\u00e9lica de El Salvador\" \/>\n<meta property=\"og:description\" content=\"Institutional organization, Universidad Evang\u00e9lica de El Salvador, Organizationally, the University has a structure whose main authority is the Executive Board as the highest regulatory and administrative authority, followed by the Rector, who is a member of the Executive Board, an Academic Vice-Rectory, a Vice-Rectory for Research and Social Service, a Vice-Rectory for Innovation and Virtual Education and a General Management with its Management and Operating Departments.\" \/>\n<meta property=\"og:url\" content=\"https:\/\/www.uees.edu.sv\/en\/institutional-organization\/\" \/>\n<meta property=\"og:site_name\" content=\"Universidad Evang\u00e9lica de El Salvador\" \/>\n<meta property=\"article:modified_time\" content=\"2025-12-19T21:03:23+00:00\" \/>\n<meta property=\"og:image\" content=\"https:\/\/www.uees.edu.sv\/wp-content\/uploads\/2025\/10\/Foto-1024x600.jpg\" \/>\n<meta name=\"twitter:card\" content=\"summary_large_image\" \/>\n<meta name=\"twitter:label1\" content=\"Est. reading time\" \/>\n\t<meta name=\"twitter:data1\" content=\"2 minutes\" \/>\n<script type=\"application\/ld+json\" class=\"yoast-schema-graph\">{\"@context\":\"https:\/\/schema.org\",\"@graph\":[{\"@type\":\"WebPage\",\"@id\":\"https:\/\/www.uees.edu.sv\/en\/institutional-organization\/\",\"url\":\"https:\/\/www.uees.edu.sv\/en\/institutional-organization\/\",\"name\":\"Institutional organization - Universidad Evang\u00e9lica de El Salvador\",\"isPartOf\":{\"@id\":\"https:\/\/www.uees.edu.sv\/#website\"},\"datePublished\":\"2021-05-20T15:53:00+00:00\",\"dateModified\":\"2025-12-19T21:03:23+00:00\",\"description\":\"Institutional organization, Universidad Evang\u00e9lica de El Salvador, Organizationally, the University has a structure whose main authority is the Executive Board as the highest regulatory and administrative authority, followed by the Rector, who is a member of the Executive Board, an Academic Vice-Rectory, a Vice-Rectory for Research and Social Service, a Vice-Rectory for Innovation and Virtual Education and a General Management with its Management and Operating Departments.\",\"breadcrumb\":{\"@id\":\"https:\/\/www.uees.edu.sv\/en\/institutional-organization\/#breadcrumb\"},\"inLanguage\":\"en-US\",\"potentialAction\":[{\"@type\":\"ReadAction\",\"target\":[\"https:\/\/www.uees.edu.sv\/en\/institutional-organization\/\"]}]},{\"@type\":\"BreadcrumbList\",\"@id\":\"https:\/\/www.uees.edu.sv\/en\/institutional-organization\/#breadcrumb\",\"itemListElement\":[{\"@type\":\"ListItem\",\"position\":1,\"name\":\"Home\",\"item\":\"https:\/\/www.uees.edu.sv\/en\/\"},{\"@type\":\"ListItem\",\"position\":2,\"name\":\"Institutional organization\"}]},{\"@type\":\"WebSite\",\"@id\":\"https:\/\/www.uees.edu.sv\/#website\",\"url\":\"https:\/\/www.uees.edu.sv\/\",\"name\":\"Universidad Evang\u00e9lica de El Salvador\",\"description\":\"Universidad Evang\u00e9lica de El Salvador\",\"potentialAction\":[{\"@type\":\"SearchAction\",\"target\":{\"@type\":\"EntryPoint\",\"urlTemplate\":\"https:\/\/www.uees.edu.sv\/?s={search_term_string}\"},\"query-input\":\"required name=search_term_string\"}],\"inLanguage\":\"en-US\"}]}<\/script>\n<!-- \/ Yoast SEO plugin. -->","yoast_head_json":{"title":"Institutional organization - Universidad Evang\u00e9lica de El Salvador","description":"Institutional organization, Universidad Evang\u00e9lica de El Salvador, Organizationally, the University has a structure whose main authority is the Executive Board as the highest regulatory and administrative authority, followed by the Rector, who is a member of the Executive Board, an Academic Vice-Rectory, a Vice-Rectory for Research and Social Service, a Vice-Rectory for Innovation and Virtual Education and a General Management with its Management and Operating Departments.","robots":{"index":"index","follow":"follow","max-snippet":"max-snippet:-1","max-image-preview":"max-image-preview:large","max-video-preview":"max-video-preview:-1"},"canonical":"https:\/\/www.uees.edu.sv\/en\/institutional-organization\/","og_locale":"en_US","og_type":"article","og_title":"Institutional organization - Universidad Evang\u00e9lica de El Salvador","og_description":"Institutional organization, Universidad Evang\u00e9lica de El Salvador, Organizationally, the University has a structure whose main authority is the Executive Board as the highest regulatory and administrative authority, followed by the Rector, who is a member of the Executive Board, an Academic Vice-Rectory, a Vice-Rectory for Research and Social Service, a Vice-Rectory for Innovation and Virtual Education and a General Management with its Management and Operating Departments.","og_url":"https:\/\/www.uees.edu.sv\/en\/institutional-organization\/","og_site_name":"Universidad Evang\u00e9lica de El Salvador","article_modified_time":"2025-12-19T21:03:23+00:00","og_image":[{"url":"https:\/\/www.uees.edu.sv\/wp-content\/uploads\/2025\/10\/Foto-1024x600.jpg"}],"twitter_card":"summary_large_image","twitter_misc":{"Est. reading time":"2 minutes"},"schema":{"@context":"https:\/\/schema.org","@graph":[{"@type":"WebPage","@id":"https:\/\/www.uees.edu.sv\/en\/institutional-organization\/","url":"https:\/\/www.uees.edu.sv\/en\/institutional-organization\/","name":"Institutional organization - Universidad Evang\u00e9lica de El Salvador","isPartOf":{"@id":"https:\/\/www.uees.edu.sv\/#website"},"datePublished":"2021-05-20T15:53:00+00:00","dateModified":"2025-12-19T21:03:23+00:00","description":"Institutional organization, Universidad Evang\u00e9lica de El Salvador, Organizationally, the University has a structure whose main authority is the Executive Board as the highest regulatory and administrative authority, followed by the Rector, who is a member of the Executive Board, an Academic Vice-Rectory, a Vice-Rectory for Research and Social Service, a Vice-Rectory for Innovation and Virtual Education and a General Management with its Management and Operating Departments.","breadcrumb":{"@id":"https:\/\/www.uees.edu.sv\/en\/institutional-organization\/#breadcrumb"},"inLanguage":"en-US","potentialAction":[{"@type":"ReadAction","target":["https:\/\/www.uees.edu.sv\/en\/institutional-organization\/"]}]},{"@type":"BreadcrumbList","@id":"https:\/\/www.uees.edu.sv\/en\/institutional-organization\/#breadcrumb","itemListElement":[{"@type":"ListItem","position":1,"name":"Home","item":"https:\/\/www.uees.edu.sv\/en\/"},{"@type":"ListItem","position":2,"name":"Institutional organization"}]},{"@type":"WebSite","@id":"https:\/\/www.uees.edu.sv\/#website","url":"https:\/\/www.uees.edu.sv\/","name":"Universidad Evang\u00e9lica de El Salvador","description":"Universidad Evang\u00e9lica de El Salvador","potentialAction":[{"@type":"SearchAction","target":{"@type":"EntryPoint","urlTemplate":"https:\/\/www.uees.edu.sv\/?s={search_term_string}"},"query-input":"required name=search_term_string"}],"inLanguage":"en-US"}]}},"_links":{"self":[{"href":"https:\/\/www.uees.edu.sv\/en\/wp-json\/wp\/v2\/pages\/33724"}],"collection":[{"href":"https:\/\/www.uees.edu.sv\/en\/wp-json\/wp\/v2\/pages"}],"about":[{"href":"https:\/\/www.uees.edu.sv\/en\/wp-json\/wp\/v2\/types\/page"}],"author":[{"embeddable":true,"href":"https:\/\/www.uees.edu.sv\/en\/wp-json\/wp\/v2\/users\/2"}],"replies":[{"embeddable":true,"href":"https:\/\/www.uees.edu.sv\/en\/wp-json\/wp\/v2\/comments?post=33724"}],"version-history":[{"count":4,"href":"https:\/\/www.uees.edu.sv\/en\/wp-json\/wp\/v2\/pages\/33724\/revisions"}],"predecessor-version":[{"id":45666,"href":"https:\/\/www.uees.edu.sv\/en\/wp-json\/wp\/v2\/pages\/33724\/revisions\/45666"}],"wp:attachment":[{"href":"https:\/\/www.uees.edu.sv\/en\/wp-json\/wp\/v2\/media?parent=33724"}],"curies":[{"name":"wp","href":"https:\/\/api.w.org\/{rel}","templated":true}]}}