{"id":33128,"date":"2022-05-25T14:41:01","date_gmt":"2022-05-25T14:41:01","guid":{"rendered":"https:\/\/www.uees.edu.sv\/ethics-committee-for-health-research-ceis-uees-for-its-spanish-acronym\/"},"modified":"2024-02-06T21:46:41","modified_gmt":"2024-02-06T21:46:41","slug":"ethics-committee-for-health-research-ceis-uees-for-its-spanish-acronym","status":"publish","type":"page","link":"https:\/\/www.uees.edu.sv\/en\/ethics-committee-for-health-research-ceis-uees-for-its-spanish-acronym\/","title":{"rendered":"ETHICS COMMITTEE FOR HEALTH RESEARCH (CEIS UEES for its Spanish acronym)"},"content":{"rendered":"<p>[vc_row][vc_column][vc_column_text]<\/p>\n<div id=\"pl-12243\" class=\"panel-layout\">\n<div id=\"pg-12243-0\" class=\"panel-grid panel-no-style\" data-style=\"{\" data-ratio=\"1\" data-ratio-direction=\"right\">\n<div id=\"pgc-12243-0-0\" class=\"panel-grid-cell\" data-weight=\"1\">\n<div id=\"panel-12243-0-0-0\" class=\"so-panel widget widget_sow-editor panel-first-child panel-last-child\" data-index=\"0\" data-style=\"{\">\n<div class=\"so-widget-sow-editor so-widget-sow-editor-base\">\n<div class=\"siteorigin-widget-tinymce textwidget\">\n<p>&nbsp;<\/p>\n<\/div>\n<\/div>\n<\/div>\n<\/div>\n<\/div>\n<div id=\"pg-12243-1\" class=\"panel-grid panel-no-style\" data-style=\"{\" data-ratio=\"1\" data-ratio-direction=\"right\">\n<div id=\"pgc-12243-1-1\" class=\"panel-grid-cell\" data-weight=\"0.1\">\n<div id=\"panel-12243-1-1-0\" class=\"so-panel widget widget_sow-editor panel-first-child panel-last-child\" data-index=\"1\" data-style=\"{\">\n<div class=\"so-widget-sow-editor so-widget-sow-editor-base\">\n<div class=\"siteorigin-widget-tinymce textwidget\">\n<p><img class=\"aligncenter wp-image-34652\" src=\"https:\/\/www.uees.edu.sv\/wp-content\/uploads\/2024\/02\/1f5cf82b-7b89-4deb-a051-cbd310099b31.jpg\" alt=\"\" width=\"1000\" height=\"667\" srcset=\"https:\/\/www.uees.edu.sv\/wp-content\/uploads\/2024\/02\/1f5cf82b-7b89-4deb-a051-cbd310099b31.jpg 1013w, https:\/\/www.uees.edu.sv\/wp-content\/uploads\/2024\/02\/1f5cf82b-7b89-4deb-a051-cbd310099b31-300x200.jpg 300w, https:\/\/www.uees.edu.sv\/wp-content\/uploads\/2024\/02\/1f5cf82b-7b89-4deb-a051-cbd310099b31-768x513.jpg 768w, https:\/\/www.uees.edu.sv\/wp-content\/uploads\/2024\/02\/1f5cf82b-7b89-4deb-a051-cbd310099b31-270x180.jpg 270w, https:\/\/www.uees.edu.sv\/wp-content\/uploads\/2024\/02\/1f5cf82b-7b89-4deb-a051-cbd310099b31-150x100.jpg 150w, https:\/\/www.uees.edu.sv\/wp-content\/uploads\/2024\/02\/1f5cf82b-7b89-4deb-a051-cbd310099b31-600x400.jpg 600w, https:\/\/www.uees.edu.sv\/wp-content\/uploads\/2024\/02\/1f5cf82b-7b89-4deb-a051-cbd310099b31-272x182.jpg 272w\" sizes=\"(max-width: 1000px) 100vw, 1000px\" \/><\/p>\n<\/div>\n<\/div>\n<\/div>\n<\/div>\n<\/div>\n<\/div>\n<p>[\/vc_column_text][vc_column_text]<\/p>\n<h1 style=\"text-align: center;\"><strong>SWINGING IN OF THE ETHICS COMMITTEE FOR HEALTH RESEARCH CEIS-UEES 2023-2028<\/strong><\/h1>\n<p style=\"text-align: justify;\">The Committee is formed by Dra. Milena de Reyes (President), Lic. Manuel Gonz\u00e1lez (Vice President), Dra. Carolina Garc\u00eda (Secretary), Lic. Carlos Rodriguez (member), Mtra. Rebeca Hurtado (member), Dr. Danilo Escobar (member), Lic. Miguel Quintanilla (member), Ing. Jos\u00e9 Luis Guillen (member), Mtra. Doris de El\u00edas (member), MSc. Dora Henr\u00edquez (member) y Srita. Gabriela Cisneros, support to the CEI.<\/p>\n<p style=\"text-align: justify;\">It is an autonomous and independent group of people with multidisciplinary academic background, formed by the Academic Council of the Universidad Evangelica de El Salvador, which has been operating since 2007 and since July 26, 2016 we have been part of the committee formation in accordance with the United Nations Educational, Scientific and Cultural Organization UNESCO and the World Health Organization\/ Pan American Health Organization through an act chaired by the Vice Minister of Health Services, the President of CSSP (for its Spanish acronym) and the President of the National Committee on Health Research Ethics (CNEIS for its Spanish acronym).<\/p>\n<p style=\"text-align: justify;\">We evaluate and issue reports on projects of the Universidad Evang\u00e9lica de El Salvador schools and other external organizations that require fair and legal endorsement so that the results can have utility, worldwide validity, and be publishable.<\/p>\n<p>[\/vc_column_text][\/vc_column][\/vc_row][vc_row][vc_column width=&#8221;2\/3&#8243;][vc_gallery type=&#8221;slick_slider&#8221; images=&#8221;34654&#8243; img_size=&#8221;medium&#8221;][\/vc_column][vc_column width=&#8221;1\/3&#8243;][vc_column_text]<\/p>\n<p style=\"text-align: left;\"><a href=\"https:\/\/www.uees.edu.sv\/wp-content\/uploads\/2022\/07\/GUIA-OPERATIVA-COMITE-ETICA-UEES-2021.pdf\"><img class=\"wp-image-12917 size-full alignleft\" src=\"https:\/\/www.uees.edu.sv\/wp-content\/uploads\/2021\/09\/pdf2.png\" alt=\"\" width=\"100\" height=\"101\" srcset=\"https:\/\/www.uees.edu.sv\/wp-content\/uploads\/2021\/09\/pdf2.png 100w, https:\/\/www.uees.edu.sv\/wp-content\/uploads\/2021\/09\/pdf2-75x75.png 75w, https:\/\/www.uees.edu.sv\/wp-content\/uploads\/2021\/09\/pdf2-69x69.png 69w\" sizes=\"(max-width: 100px) 100vw, 100px\" \/><\/a><br \/>\n<strong><a href=\"https:\/\/www.uees.edu.sv\/wp-content\/uploads\/2022\/07\/GUIA-OPERATIVA-COMITE-ETICA-UEES-2021.pdf\">DOWNLOAD<\/a><\/strong><br \/>\nUEES Ethics Committee Operational Guide 2021<\/p>\n<p>[\/vc_column_text][vc_column_text]<a href=\"https:\/\/www.uees.edu.sv\/wp-content\/uploads\/2022\/07\/Ejemplos-de-cartas-de-solicitud-por-presentar-al-comite-de-etica.docx\"><img class=\"alignleft wp-image-18918\" src=\"https:\/\/www.uees.edu.sv\/wp-content\/uploads\/2022\/07\/WORD-150x150.png\" alt=\"\" width=\"100\" height=\"98\" srcset=\"https:\/\/www.uees.edu.sv\/wp-content\/uploads\/2022\/07\/WORD-75x75.png 75w, https:\/\/www.uees.edu.sv\/wp-content\/uploads\/2022\/07\/WORD-122x120.png 122w, https:\/\/www.uees.edu.sv\/wp-content\/uploads\/2022\/07\/WORD-69x69.png 69w, https:\/\/www.uees.edu.sv\/wp-content\/uploads\/2022\/07\/WORD-150x147.png 150w, https:\/\/www.uees.edu.sv\/wp-content\/uploads\/2022\/07\/WORD.png 227w\" sizes=\"(max-width: 100px) 100vw, 100px\" \/><\/a><br \/>\n<strong><a href=\"https:\/\/www.uees.edu.sv\/wp-content\/uploads\/2022\/07\/Ejemplos-de-cartas-de-solicitud-por-presentar-al-comite-de-etica.docx\">DOWNLOAD<\/a><\/strong><br \/>\nExamples of request letters to submit to the ethics committee[\/vc_column_text][\/vc_column][\/vc_row][vc_row][vc_column][vc_row_inner][vc_column_inner width=&#8221;1\/6&#8243;][\/vc_column_inner][vc_column_inner width=&#8221;2\/3&#8243;][\/vc_column_inner][vc_column_inner width=&#8221;1\/6&#8243;][\/vc_column_inner][\/vc_row_inner][\/vc_column][\/vc_row][vc_row][vc_column width=&#8221;1\/2&#8243;][\/vc_column][vc_column width=&#8221;1\/2&#8243;][\/vc_column][\/vc_row][vc_row][vc_column width=&#8221;1\/2&#8243;][\/vc_column][vc_column width=&#8221;1\/2&#8243;][\/vc_column][\/vc_row][vc_row][vc_column width=&#8221;1\/2&#8243;][\/vc_column][vc_column width=&#8221;1\/2&#8243;][\/vc_column][\/vc_row][vc_row][vc_column width=&#8221;1\/6&#8243;][\/vc_column][vc_column width=&#8221;1\/6&#8243;][\/vc_column][vc_column width=&#8221;1\/6&#8243;][\/vc_column][vc_column width=&#8221;1\/6&#8243;][\/vc_column][vc_column width=&#8221;1\/6&#8243;][\/vc_column][vc_column width=&#8221;1\/6&#8243;][vc_column_text]<\/p>\n<div id=\"pl-12243\" class=\"panel-layout\">\n<div id=\"pg-12243-0\" class=\"panel-grid panel-no-style\" data-style=\"{\" data-ratio=\"1\" data-ratio-direction=\"right\">\n<div id=\"pgc-12243-0-0\" class=\"panel-grid-cell\" data-weight=\"1\">\n<div id=\"panel-12243-0-0-0\" class=\"so-panel widget widget_sow-editor panel-first-child panel-last-child\" data-index=\"0\" data-style=\"{\">\n<div class=\"so-widget-sow-editor so-widget-sow-editor-base\">\n<div class=\"siteorigin-widget-tinymce textwidget\">\n<p>&nbsp;<\/p>\n<\/div>\n<\/div>\n<\/div>\n<\/div>\n<\/div>\n<div id=\"pg-12243-1\" class=\"panel-grid panel-no-style\" data-style=\"{\" data-ratio=\"1\" data-ratio-direction=\"right\">\n<div id=\"pgc-12243-1-0\" class=\"panel-grid-cell panel-grid-cell-empty\" data-weight=\"0.9\"><\/div>\n<div id=\"pgc-12243-1-1\" class=\"panel-grid-cell\" data-weight=\"0.1\">\n<div id=\"panel-12243-1-1-0\" class=\"so-panel widget widget_sow-editor panel-first-child panel-last-child\" data-index=\"1\" data-style=\"{\">\n<div class=\"so-widget-sow-editor so-widget-sow-editor-base\">\n<div class=\"siteorigin-widget-tinymce textwidget\">\n<p><a href=\"https:\/\/www.uees.edu.sv\/en\/\"><img class=\"alignright wp-image-32485 size-full\" src=\"https:\/\/www.uees.edu.sv\/wp-content\/uploads\/2023\/10\/boton_regresar-copia.png\" alt=\"\" width=\"300\" height=\"150\" srcset=\"https:\/\/www.uees.edu.sv\/wp-content\/uploads\/2023\/10\/boton_regresar-copia.png 300w, https:\/\/www.uees.edu.sv\/wp-content\/uploads\/2023\/10\/boton_regresar-copia-150x75.png 150w\" sizes=\"(max-width: 300px) 100vw, 300px\" \/><\/a><\/p>\n<\/div>\n<\/div>\n<\/div>\n<\/div>\n<\/div>\n<\/div>\n<p>[\/vc_column_text][\/vc_column][\/vc_row]<\/p>\n","protected":false},"excerpt":{"rendered":"<p>[vc_row][vc_column][vc_column_text] &nbsp; [\/vc_column_text][vc_column_text] SWINGING IN OF THE ETHICS COMMITTEE FOR HEALTH RESEARCH CEIS-UEES 2023-2028 The Committee is formed by Dra. Milena de Reyes (President), Lic. Manuel Gonz\u00e1lez (Vice President), Dra. Carolina Garc\u00eda (Secretary), Lic. Carlos Rodriguez (member), Mtra. Rebeca Hurtado (member), Dr. Danilo Escobar (member), Lic. Miguel Quintanilla (member), Ing. Jos\u00e9 Luis Guillen (member), Mtra. [&hellip;]<\/p>\n","protected":false},"author":1,"featured_media":0,"parent":0,"menu_order":0,"comment_status":"closed","ping_status":"closed","template":"","meta":{"pmpro_default_level":0},"yoast_head":"<!-- This site is optimized with the Yoast SEO plugin v19.6 - https:\/\/yoast.com\/wordpress\/plugins\/seo\/ -->\n<title>ETHICS COMMITTEE FOR HEALTH RESEARCH (CEIS UEES for its Spanish acronym) - Universidad Evang\u00e9lica de El Salvador<\/title>\n<meta name=\"robots\" content=\"index, follow, max-snippet:-1, max-image-preview:large, max-video-preview:-1\" \/>\n<link rel=\"canonical\" href=\"https:\/\/www.uees.edu.sv\/en\/ethics-committee-for-health-research-ceis-uees-for-its-spanish-acronym\/\" \/>\n<meta property=\"og:locale\" content=\"en_US\" \/>\n<meta property=\"og:type\" content=\"article\" \/>\n<meta property=\"og:title\" content=\"ETHICS COMMITTEE FOR HEALTH RESEARCH (CEIS UEES for its Spanish acronym) - Universidad Evang\u00e9lica de El Salvador\" \/>\n<meta property=\"og:description\" content=\"[vc_row][vc_column][vc_column_text] &nbsp; [\/vc_column_text][vc_column_text] SWINGING IN OF THE ETHICS COMMITTEE FOR HEALTH RESEARCH CEIS-UEES 2023-2028 The Committee is formed by Dra. Milena de Reyes (President), Lic. Manuel Gonz\u00e1lez (Vice President), Dra. Carolina Garc\u00eda (Secretary), Lic. Carlos Rodriguez (member), Mtra. Rebeca Hurtado (member), Dr. Danilo Escobar (member), Lic. Miguel Quintanilla (member), Ing. Jos\u00e9 Luis Guillen (member), Mtra. [&hellip;]\" \/>\n<meta property=\"og:url\" content=\"https:\/\/www.uees.edu.sv\/en\/ethics-committee-for-health-research-ceis-uees-for-its-spanish-acronym\/\" \/>\n<meta property=\"og:site_name\" content=\"Universidad Evang\u00e9lica de El Salvador\" \/>\n<meta property=\"article:modified_time\" content=\"2024-02-06T21:46:41+00:00\" \/>\n<meta property=\"og:image\" content=\"https:\/\/www.uees.edu.sv\/wp-content\/uploads\/2024\/02\/1f5cf82b-7b89-4deb-a051-cbd310099b31.jpg\" \/>\n<meta name=\"twitter:card\" content=\"summary_large_image\" \/>\n<meta name=\"twitter:label1\" content=\"Est. reading time\" \/>\n\t<meta name=\"twitter:data1\" content=\"2 minutes\" \/>\n<script type=\"application\/ld+json\" class=\"yoast-schema-graph\">{\"@context\":\"https:\/\/schema.org\",\"@graph\":[{\"@type\":\"WebPage\",\"@id\":\"https:\/\/www.uees.edu.sv\/en\/ethics-committee-for-health-research-ceis-uees-for-its-spanish-acronym\/\",\"url\":\"https:\/\/www.uees.edu.sv\/en\/ethics-committee-for-health-research-ceis-uees-for-its-spanish-acronym\/\",\"name\":\"ETHICS COMMITTEE FOR HEALTH RESEARCH (CEIS UEES for its Spanish acronym) - Universidad Evang\u00e9lica de El Salvador\",\"isPartOf\":{\"@id\":\"https:\/\/www.uees.edu.sv\/#website\"},\"datePublished\":\"2022-05-25T14:41:01+00:00\",\"dateModified\":\"2024-02-06T21:46:41+00:00\",\"breadcrumb\":{\"@id\":\"https:\/\/www.uees.edu.sv\/en\/ethics-committee-for-health-research-ceis-uees-for-its-spanish-acronym\/#breadcrumb\"},\"inLanguage\":\"en-US\",\"potentialAction\":[{\"@type\":\"ReadAction\",\"target\":[\"https:\/\/www.uees.edu.sv\/en\/ethics-committee-for-health-research-ceis-uees-for-its-spanish-acronym\/\"]}]},{\"@type\":\"BreadcrumbList\",\"@id\":\"https:\/\/www.uees.edu.sv\/en\/ethics-committee-for-health-research-ceis-uees-for-its-spanish-acronym\/#breadcrumb\",\"itemListElement\":[{\"@type\":\"ListItem\",\"position\":1,\"name\":\"Home\",\"item\":\"https:\/\/www.uees.edu.sv\/en\/\"},{\"@type\":\"ListItem\",\"position\":2,\"name\":\"ETHICS COMMITTEE FOR HEALTH RESEARCH (CEIS UEES for its Spanish acronym)\"}]},{\"@type\":\"WebSite\",\"@id\":\"https:\/\/www.uees.edu.sv\/#website\",\"url\":\"https:\/\/www.uees.edu.sv\/\",\"name\":\"Universidad Evang\u00e9lica de El Salvador\",\"description\":\"Universidad Evang\u00e9lica de El Salvador\",\"potentialAction\":[{\"@type\":\"SearchAction\",\"target\":{\"@type\":\"EntryPoint\",\"urlTemplate\":\"https:\/\/www.uees.edu.sv\/?s={search_term_string}\"},\"query-input\":\"required name=search_term_string\"}],\"inLanguage\":\"en-US\"}]}<\/script>\n<!-- \/ Yoast SEO plugin. -->","yoast_head_json":{"title":"ETHICS COMMITTEE FOR HEALTH RESEARCH (CEIS UEES for its Spanish acronym) - Universidad Evang\u00e9lica de El Salvador","robots":{"index":"index","follow":"follow","max-snippet":"max-snippet:-1","max-image-preview":"max-image-preview:large","max-video-preview":"max-video-preview:-1"},"canonical":"https:\/\/www.uees.edu.sv\/en\/ethics-committee-for-health-research-ceis-uees-for-its-spanish-acronym\/","og_locale":"en_US","og_type":"article","og_title":"ETHICS COMMITTEE FOR HEALTH RESEARCH (CEIS UEES for its Spanish acronym) - Universidad Evang\u00e9lica de El Salvador","og_description":"[vc_row][vc_column][vc_column_text] &nbsp; [\/vc_column_text][vc_column_text] SWINGING IN OF THE ETHICS COMMITTEE FOR HEALTH RESEARCH CEIS-UEES 2023-2028 The Committee is formed by Dra. Milena de Reyes (President), Lic. Manuel Gonz\u00e1lez (Vice President), Dra. Carolina Garc\u00eda (Secretary), Lic. Carlos Rodriguez (member), Mtra. Rebeca Hurtado (member), Dr. Danilo Escobar (member), Lic. Miguel Quintanilla (member), Ing. Jos\u00e9 Luis Guillen (member), Mtra. [&hellip;]","og_url":"https:\/\/www.uees.edu.sv\/en\/ethics-committee-for-health-research-ceis-uees-for-its-spanish-acronym\/","og_site_name":"Universidad Evang\u00e9lica de El Salvador","article_modified_time":"2024-02-06T21:46:41+00:00","og_image":[{"url":"https:\/\/www.uees.edu.sv\/wp-content\/uploads\/2024\/02\/1f5cf82b-7b89-4deb-a051-cbd310099b31.jpg"}],"twitter_card":"summary_large_image","twitter_misc":{"Est. reading time":"2 minutes"},"schema":{"@context":"https:\/\/schema.org","@graph":[{"@type":"WebPage","@id":"https:\/\/www.uees.edu.sv\/en\/ethics-committee-for-health-research-ceis-uees-for-its-spanish-acronym\/","url":"https:\/\/www.uees.edu.sv\/en\/ethics-committee-for-health-research-ceis-uees-for-its-spanish-acronym\/","name":"ETHICS COMMITTEE FOR HEALTH RESEARCH (CEIS UEES for its Spanish acronym) - Universidad Evang\u00e9lica de El Salvador","isPartOf":{"@id":"https:\/\/www.uees.edu.sv\/#website"},"datePublished":"2022-05-25T14:41:01+00:00","dateModified":"2024-02-06T21:46:41+00:00","breadcrumb":{"@id":"https:\/\/www.uees.edu.sv\/en\/ethics-committee-for-health-research-ceis-uees-for-its-spanish-acronym\/#breadcrumb"},"inLanguage":"en-US","potentialAction":[{"@type":"ReadAction","target":["https:\/\/www.uees.edu.sv\/en\/ethics-committee-for-health-research-ceis-uees-for-its-spanish-acronym\/"]}]},{"@type":"BreadcrumbList","@id":"https:\/\/www.uees.edu.sv\/en\/ethics-committee-for-health-research-ceis-uees-for-its-spanish-acronym\/#breadcrumb","itemListElement":[{"@type":"ListItem","position":1,"name":"Home","item":"https:\/\/www.uees.edu.sv\/en\/"},{"@type":"ListItem","position":2,"name":"ETHICS COMMITTEE FOR HEALTH RESEARCH (CEIS UEES for its Spanish acronym)"}]},{"@type":"WebSite","@id":"https:\/\/www.uees.edu.sv\/#website","url":"https:\/\/www.uees.edu.sv\/","name":"Universidad Evang\u00e9lica de El Salvador","description":"Universidad Evang\u00e9lica de El Salvador","potentialAction":[{"@type":"SearchAction","target":{"@type":"EntryPoint","urlTemplate":"https:\/\/www.uees.edu.sv\/?s={search_term_string}"},"query-input":"required name=search_term_string"}],"inLanguage":"en-US"}]}},"_links":{"self":[{"href":"https:\/\/www.uees.edu.sv\/en\/wp-json\/wp\/v2\/pages\/33128"}],"collection":[{"href":"https:\/\/www.uees.edu.sv\/en\/wp-json\/wp\/v2\/pages"}],"about":[{"href":"https:\/\/www.uees.edu.sv\/en\/wp-json\/wp\/v2\/types\/page"}],"author":[{"embeddable":true,"href":"https:\/\/www.uees.edu.sv\/en\/wp-json\/wp\/v2\/users\/1"}],"replies":[{"embeddable":true,"href":"https:\/\/www.uees.edu.sv\/en\/wp-json\/wp\/v2\/comments?post=33128"}],"version-history":[{"count":6,"href":"https:\/\/www.uees.edu.sv\/en\/wp-json\/wp\/v2\/pages\/33128\/revisions"}],"predecessor-version":[{"id":34657,"href":"https:\/\/www.uees.edu.sv\/en\/wp-json\/wp\/v2\/pages\/33128\/revisions\/34657"}],"wp:attachment":[{"href":"https:\/\/www.uees.edu.sv\/en\/wp-json\/wp\/v2\/media?parent=33128"}],"curies":[{"name":"wp","href":"https:\/\/api.w.org\/{rel}","templated":true}]}}