{"id":2981,"date":"2021-09-25T00:37:31","date_gmt":"2021-09-25T00:37:31","guid":{"rendered":"https:\/\/www.uees.edu.sv\/editorialuees\/?page_id=2981"},"modified":"2021-10-08T19:23:42","modified_gmt":"2021-10-08T19:23:42","slug":"publicaciones-libros-3","status":"publish","type":"page","link":"https:\/\/www.uees.edu.sv\/editorialuees\/publicaciones-libros-3\/","title":{"rendered":"Publicaciones Libros"},"content":{"rendered":"\t\t<div data-elementor-type=\"wp-page\" data-elementor-id=\"2981\" class=\"elementor elementor-2981\" data-elementor-settings=\"[]\">\n\t\t\t\t\t\t\t<div class=\"elementor-section-wrap\">\n\t\t\t\t\t\t\t<section class=\"penci-section penci-disSticky penci-structure-20 elementor-section elementor-top-section elementor-element elementor-element-0ab59dc elementor-section-boxed elementor-section-height-default elementor-section-height-default\" data-id=\"0ab59dc\" data-element_type=\"section\">\n\t\t\t\t\t\t<div class=\"elementor-container elementor-column-gap-default\">\n\t\t\t\t\t<div class=\"penci-ercol-50 penci-ercol-order-1 penci-sticky-ct  elementor-column elementor-col-50 elementor-top-column elementor-element elementor-element-1868e1a\" data-id=\"1868e1a\" data-element_type=\"column\">\n\t\t\t<div class=\"elementor-widget-wrap elementor-element-populated\">\n\t\t\t\t\t\t\t\t<div class=\"elementor-element elementor-element-a4c6dab elementor-widget elementor-widget-image\" data-id=\"a4c6dab\" data-element_type=\"widget\" data-widget_type=\"image.default\">\n\t\t\t\t<div class=\"elementor-widget-container\">\n\t\t\t\t\t\t\t\t\t\t\t\t\t\t\t<img width=\"138\" height=\"201\" src=\"https:\/\/www.uees.edu.sv\/editorialuees\/wp-content\/uploads\/2021\/09\/libro-drogas.jpg\" class=\"attachment-medium size-medium\" alt=\"\" loading=\"lazy\" \/>\t\t\t\t\t\t\t\t\t\t\t\t\t\t\t<\/div>\n\t\t\t\t<\/div>\n\t\t\t\t\t<\/div>\n\t\t<\/div>\n\t\t\t\t<div class=\"penci-ercol-50 penci-ercol-order-2 penci-sticky-ct  elementor-column elementor-col-50 elementor-top-column elementor-element elementor-element-0ad40a3\" data-id=\"0ad40a3\" data-element_type=\"column\">\n\t\t\t<div class=\"elementor-widget-wrap elementor-element-populated\">\n\t\t\t\t\t\t\t\t<div class=\"elementor-element elementor-element-f40c503 elementor-widget elementor-widget-penci-fancy_heading\" data-id=\"f40c503\" data-element_type=\"widget\" data-widget_type=\"penci-fancy_heading.default\">\n\t\t\t\t<div class=\"elementor-widget-container\">\n\t\t\t\t\t<div class=\"penci-fancy-heading penci-heading-text-left\">\r\n\t\t\t<div class=\"penci-fancy-heading-inner\">\r\n\t\t\t\t<p class=\"penci-heading-title\"><a href=\"https:\/\/www.uees.edu.sv\/editorialuees\/portfolio\/titulo-drogas-psicoactivas-y-su-incidencia\/\">Drogas psicoactivas y su incidencia<\/a><\/p><div class=\"penci-separator penci-separator- penci-separator-left\"><span class=\"penci-sep_holder penci-sep_holder_l\"><span class=\"penci-sep_line\"><\/span><\/span><span class=\"penci-sep_holder penci-sep_holder_r\"><span class=\"penci-sep_line\"><\/span><\/span><\/div><div class=\"penci-heading-content entry-content\"><p>T\u00edtulo: Drogas psicoactivas y su incidencia<br \/>\nAutor: Fabio Bautista P\u00e9rez, Osmel Alberto S\u00e1nchez<br \/>\nEdici\u00f3n: Colecci\u00f3n Drogas 1, 1\u00aa Edici\u00f3n, 2011<br \/>\nISBN:978-99923-951-3-4<br \/>\nNo. P\u00e1ginas:39<br \/>\nIdioma: espa\u00f1ol\/ingl\u00e9s<\/p>\n<\/div>\t\t\t<\/div>\r\n\t\t<\/div>\r\n\t\t\t\t<\/div>\n\t\t\t\t<\/div>\n\t\t\t\t\t<\/div>\n\t\t<\/div>\n\t\t\t\t\t\t\t<\/div>\n\t\t<\/section>\n\t\t\t\t<section class=\"penci-section penci-disSticky penci-structure-10 elementor-section elementor-top-section elementor-element elementor-element-dd06ff8 elementor-section-boxed elementor-section-height-default elementor-section-height-default\" data-id=\"dd06ff8\" data-element_type=\"section\">\n\t\t\t\t\t\t<div class=\"elementor-container elementor-column-gap-default\">\n\t\t\t\t\t<div class=\"penci-ercol-100 penci-ercol-order-1 penci-sticky-ct  elementor-column elementor-col-100 elementor-top-column elementor-element elementor-element-30249a1\" data-id=\"30249a1\" data-element_type=\"column\">\n\t\t\t<div class=\"elementor-widget-wrap\">\n\t\t\t\t\t\t\t\t\t<\/div>\n\t\t<\/div>\n\t\t\t\t\t\t\t<\/div>\n\t\t<\/section>\n\t\t\t\t<section class=\"penci-section penci-disSticky penci-structure-20 elementor-section elementor-top-section elementor-element elementor-element-a2413d5 elementor-section-boxed elementor-section-height-default elementor-section-height-default\" data-id=\"a2413d5\" data-element_type=\"section\">\n\t\t\t\t\t\t<div class=\"elementor-container elementor-column-gap-default\">\n\t\t\t\t\t<div class=\"penci-ercol-50 penci-ercol-order-1 penci-sticky-ct  elementor-column elementor-col-50 elementor-top-column elementor-element elementor-element-f4587bb\" data-id=\"f4587bb\" data-element_type=\"column\">\n\t\t\t<div class=\"elementor-widget-wrap elementor-element-populated\">\n\t\t\t\t\t\t\t\t<div class=\"elementor-element elementor-element-8c4aaac elementor-widget elementor-widget-image\" data-id=\"8c4aaac\" data-element_type=\"widget\" data-widget_type=\"image.default\">\n\t\t\t\t<div class=\"elementor-widget-container\">\n\t\t\t\t\t\t\t\t\t\t\t\t\t\t\t<img width=\"138\" height=\"201\" src=\"https:\/\/www.uees.edu.sv\/editorialuees\/wp-content\/uploads\/2021\/09\/libro-drogas2.jpg\" class=\"attachment-medium size-medium\" alt=\"\" loading=\"lazy\" \/>\t\t\t\t\t\t\t\t\t\t\t\t\t\t\t<\/div>\n\t\t\t\t<\/div>\n\t\t\t\t\t<\/div>\n\t\t<\/div>\n\t\t\t\t<div class=\"penci-ercol-50 penci-ercol-order-2 penci-sticky-ct  elementor-column elementor-col-50 elementor-top-column elementor-element elementor-element-f5a6154\" data-id=\"f5a6154\" data-element_type=\"column\">\n\t\t\t<div class=\"elementor-widget-wrap elementor-element-populated\">\n\t\t\t\t\t\t\t\t<div class=\"elementor-element elementor-element-1b27805 elementor-widget elementor-widget-penci-fancy_heading\" data-id=\"1b27805\" data-element_type=\"widget\" data-widget_type=\"penci-fancy_heading.default\">\n\t\t\t\t<div class=\"elementor-widget-container\">\n\t\t\t\t\t<div class=\"penci-fancy-heading penci-heading-text-left\">\r\n\t\t\t<div class=\"penci-fancy-heading-inner\">\r\n\t\t\t\t<p class=\"penci-heading-title\"><a href=\"https:\/\/www.uees.edu.sv\/editorialuees\/portfolio\/factores-de-riesgo-y-de-proteccion-del-consumo-de-drogas-en-estudiantes-universitarios-salvadorenos\/\">Factores de riesgo y de protecci\u00f3n del consumo de drogas en estudiantes universitarios salvadore\u00f1os\n<\/a><\/p><div class=\"penci-separator penci-separator- penci-separator-left\"><span class=\"penci-sep_holder penci-sep_holder_l\"><span class=\"penci-sep_line\"><\/span><\/span><span class=\"penci-sep_holder penci-sep_holder_r\"><span class=\"penci-sep_line\"><\/span><\/span><\/div><div class=\"penci-heading-content entry-content\"><p>T\u00edtulo: Factores de riesgo y de protecci\u00f3n del consumo de drogas en estudiantes universitarios salvadore\u00f1os<br \/>\nAutor: Ayde\u00e9 Rivera de Parada<br \/>\nEdici\u00f3n: Colecci\u00f3n Drogas 2, 1\u00aa Edici\u00f3n, 2012<br \/>\nISBN:978-99923-951-7-2<br \/>\nNo. P\u00e1ginas:149<br \/>\nIdioma: espa\u00f1ol\/ingl\u00e9s<\/p>\n<\/div>\t\t\t<\/div>\r\n\t\t<\/div>\r\n\t\t\t\t<\/div>\n\t\t\t\t<\/div>\n\t\t\t\t\t<\/div>\n\t\t<\/div>\n\t\t\t\t\t\t\t<\/div>\n\t\t<\/section>\n\t\t\t\t<section class=\"penci-section penci-disSticky penci-structure-20 elementor-section elementor-top-section elementor-element elementor-element-c1a5e5f elementor-section-boxed elementor-section-height-default elementor-section-height-default\" data-id=\"c1a5e5f\" data-element_type=\"section\">\n\t\t\t\t\t\t<div class=\"elementor-container elementor-column-gap-default\">\n\t\t\t\t\t<div class=\"penci-ercol-50 penci-ercol-order-1 penci-sticky-ct  elementor-column elementor-col-50 elementor-top-column elementor-element elementor-element-31c38ee\" data-id=\"31c38ee\" data-element_type=\"column\">\n\t\t\t<div class=\"elementor-widget-wrap elementor-element-populated\">\n\t\t\t\t\t\t\t\t<div class=\"elementor-element elementor-element-aa1e30e elementor-widget elementor-widget-image\" data-id=\"aa1e30e\" data-element_type=\"widget\" data-widget_type=\"image.default\">\n\t\t\t\t<div class=\"elementor-widget-container\">\n\t\t\t\t\t\t\t\t\t\t\t\t\t\t\t<img src=\"https:\/\/www.uees.edu.sv\/editorialuees\/wp-content\/uploads\/elementor\/thumbs\/portadalibro3-pete5cmlj1id1j2fh30n3rhpwh1n48g7xhcztjrjpg.png\" title=\"portadalibro3\" alt=\"portadalibro3\" \/>\t\t\t\t\t\t\t\t\t\t\t\t\t\t\t<\/div>\n\t\t\t\t<\/div>\n\t\t\t\t\t<\/div>\n\t\t<\/div>\n\t\t\t\t<div class=\"penci-ercol-50 penci-ercol-order-2 penci-sticky-ct  elementor-column elementor-col-50 elementor-top-column elementor-element elementor-element-8b3e00f\" data-id=\"8b3e00f\" data-element_type=\"column\">\n\t\t\t<div class=\"elementor-widget-wrap elementor-element-populated\">\n\t\t\t\t\t\t\t\t<div class=\"elementor-element elementor-element-c9ee6a3 elementor-widget elementor-widget-penci-fancy_heading\" data-id=\"c9ee6a3\" data-element_type=\"widget\" data-widget_type=\"penci-fancy_heading.default\">\n\t\t\t\t<div class=\"elementor-widget-container\">\n\t\t\t\t\t<div class=\"penci-fancy-heading penci-heading-text-left\">\r\n\t\t\t<div class=\"penci-fancy-heading-inner\">\r\n\t\t\t\t<p class=\"penci-heading-title\"><a href=\"https:\/\/www.uees.edu.sv\/editorialuees\/portfolio\/uso-de-drogas-en-estudiantes-de-una-universidad-y-su-relacion-con-el-maltrato-durante-la-ninez\/\">Uso de drogas en estudiantes de una universidad y su relaci\u00f3n con el maltrato durante la ni\u00f1ez.<\/a><\/p><div class=\"penci-separator penci-separator- penci-separator-left\"><span class=\"penci-sep_holder penci-sep_holder_l\"><span class=\"penci-sep_line\"><\/span><\/span><span class=\"penci-sep_holder penci-sep_holder_r\"><span class=\"penci-sep_line\"><\/span><\/span><\/div><div class=\"penci-heading-content entry-content\"><p>T\u00edtulo: Uso de drogas en estudiantes de una universidad y su relaci\u00f3n con el maltrato durante la ni\u00f1ez.<br \/>\nAutor: Cristina Ju\u00e1rez, Eduardo Mart\u00ednez<br \/>\nEdici\u00f3n: Colecci\u00f3n Drogas 3<br \/>\nISBN: 978-99923-951-9-5<br \/>\nNo. P\u00e1ginas: 162<br \/>\nIdioma: espa\u00f1ol\/ingl\u00e9s<\/p>\n<\/div>\t\t\t<\/div>\r\n\t\t<\/div>\r\n\t\t\t\t<\/div>\n\t\t\t\t<\/div>\n\t\t\t\t\t<\/div>\n\t\t<\/div>\n\t\t\t\t\t\t\t<\/div>\n\t\t<\/section>\n\t\t\t\t<section class=\"penci-section penci-disSticky penci-structure-20 elementor-section elementor-top-section elementor-element elementor-element-707bad8 elementor-section-boxed elementor-section-height-default elementor-section-height-default\" data-id=\"707bad8\" data-element_type=\"section\">\n\t\t\t\t\t\t<div class=\"elementor-container elementor-column-gap-default\">\n\t\t\t\t\t<div class=\"penci-ercol-50 penci-ercol-order-1 penci-sticky-ct  elementor-column elementor-col-50 elementor-top-column elementor-element elementor-element-dcd8af2\" data-id=\"dcd8af2\" data-element_type=\"column\">\n\t\t\t<div class=\"elementor-widget-wrap elementor-element-populated\">\n\t\t\t\t\t\t\t\t<div class=\"elementor-element elementor-element-b21cefd elementor-widget elementor-widget-image\" data-id=\"b21cefd\" data-element_type=\"widget\" data-widget_type=\"image.default\">\n\t\t\t\t<div class=\"elementor-widget-container\">\n\t\t\t\t\t\t\t\t\t\t\t\t\t\t\t<img src=\"https:\/\/www.uees.edu.sv\/editorialuees\/wp-content\/uploads\/elementor\/thumbs\/p_librodrogas-pete5cmlj1id1j2fh30n3rhpwh1n48g7xhcztjrjpg.jpg\" title=\"portaDA libro 4\" alt=\"portaDA libro 4\" \/>\t\t\t\t\t\t\t\t\t\t\t\t\t\t\t<\/div>\n\t\t\t\t<\/div>\n\t\t\t\t\t<\/div>\n\t\t<\/div>\n\t\t\t\t<div class=\"penci-ercol-50 penci-ercol-order-2 penci-sticky-ct  elementor-column elementor-col-50 elementor-top-column elementor-element elementor-element-3d1d332\" data-id=\"3d1d332\" data-element_type=\"column\">\n\t\t\t<div class=\"elementor-widget-wrap elementor-element-populated\">\n\t\t\t\t\t\t\t\t<div class=\"elementor-element elementor-element-e0c3e65 elementor-widget elementor-widget-penci-fancy_heading\" data-id=\"e0c3e65\" data-element_type=\"widget\" data-widget_type=\"penci-fancy_heading.default\">\n\t\t\t\t<div class=\"elementor-widget-container\">\n\t\t\t\t\t<div class=\"penci-fancy-heading penci-heading-text-left\">\r\n\t\t\t<div class=\"penci-fancy-heading-inner\">\r\n\t\t\t\t<p class=\"penci-heading-title\"><a href=\"https:\/\/www.uees.edu.sv\/editorialuees\/portfolio\/consumo-de-drogas-psicoactivas-licitas-e-ilicitas-en-estudiantes-universitarios-de-nuevo-ingreso\/\">Consumo de drogas psicoactivas l\u00edcitas e il\u00edcitas en estudiantes universitarios de nuevo ingreso<\/a><\/p><div class=\"penci-separator penci-separator- penci-separator-left\"><span class=\"penci-sep_holder penci-sep_holder_l\"><span class=\"penci-sep_line\"><\/span><\/span><span class=\"penci-sep_holder penci-sep_holder_r\"><span class=\"penci-sep_line\"><\/span><\/span><\/div><div class=\"penci-heading-content entry-content\"><p>T\u00edtulo: Consumo de drogas psicoactivas l\u00edcitas e il\u00edcitas en estudiantes universitarios de nuevo ingreso<br \/>\nAutor: Fabio Bautista P\u00e9rez<br \/>\nEdici\u00f3n: Colecci\u00f3n Drogas 4, 1\u00aa Edici\u00f3n<br \/>\nISBN: 978-99961-916-1-9<br \/>\nNo. P\u00e1ginas: 94<br \/>\nIdioma: espa\u00f1ol\/ingl\u00e9s<\/p>\n<\/div>\t\t\t<\/div>\r\n\t\t<\/div>\r\n\t\t\t\t<\/div>\n\t\t\t\t<\/div>\n\t\t\t\t\t<\/div>\n\t\t<\/div>\n\t\t\t\t\t\t\t<\/div>\n\t\t<\/section>\n\t\t\t\t<section class=\"penci-section penci-disSticky penci-structure-20 elementor-section elementor-top-section elementor-element elementor-element-e551f2c elementor-section-boxed elementor-section-height-default elementor-section-height-default\" data-id=\"e551f2c\" data-element_type=\"section\">\n\t\t\t\t\t\t<div class=\"elementor-container elementor-column-gap-default\">\n\t\t\t\t\t<div class=\"penci-ercol-50 penci-ercol-order-1 penci-sticky-ct  elementor-column elementor-col-50 elementor-top-column elementor-element elementor-element-59a03c9\" data-id=\"59a03c9\" data-element_type=\"column\">\n\t\t\t<div class=\"elementor-widget-wrap elementor-element-populated\">\n\t\t\t\t\t\t\t\t<div class=\"elementor-element elementor-element-71d6b35 elementor-widget elementor-widget-image\" data-id=\"71d6b35\" data-element_type=\"widget\" data-widget_type=\"image.default\">\n\t\t\t\t<div class=\"elementor-widget-container\">\n\t\t\t\t\t\t\t\t\t\t\t\t\t\t\t<img src=\"https:\/\/www.uees.edu.sv\/editorialuees\/wp-content\/uploads\/elementor\/thumbs\/droga5-pete5dkfpvjnd512blf9o996hux0bxjy9m0hatq5j8.jpg\" title=\"droga5\" alt=\"droga5\" \/>\t\t\t\t\t\t\t\t\t\t\t\t\t\t\t<\/div>\n\t\t\t\t<\/div>\n\t\t\t\t\t<\/div>\n\t\t<\/div>\n\t\t\t\t<div class=\"penci-ercol-50 penci-ercol-order-2 penci-sticky-ct  elementor-column elementor-col-50 elementor-top-column elementor-element elementor-element-ac97762\" data-id=\"ac97762\" data-element_type=\"column\">\n\t\t\t<div class=\"elementor-widget-wrap elementor-element-populated\">\n\t\t\t\t\t\t\t\t<div class=\"elementor-element elementor-element-ce15a6f elementor-widget elementor-widget-penci-fancy_heading\" data-id=\"ce15a6f\" data-element_type=\"widget\" data-widget_type=\"penci-fancy_heading.default\">\n\t\t\t\t<div class=\"elementor-widget-container\">\n\t\t\t\t\t<div class=\"penci-fancy-heading penci-heading-text-left\">\r\n\t\t\t<div class=\"penci-fancy-heading-inner\">\r\n\t\t\t\t<p class=\"penci-heading-title\"><a href=\"https:\/\/www.uees.edu.sv\/editorialuees\/portfolio\/consumo-de-sustancias-psicoactivas-en-estudiantes-de-primero-y-segundo-ano-en-una-universidad-privada-de-el-salvador-2\/\">Consumo de sustancias psicoactivas en estudiantes de primero y segundo a\u00f1o en una universidad privada de El Salvador \n<\/a><\/p><div class=\"penci-separator penci-separator- penci-separator-left\"><span class=\"penci-sep_holder penci-sep_holder_l\"><span class=\"penci-sep_line\"><\/span><\/span><span class=\"penci-sep_holder penci-sep_holder_r\"><span class=\"penci-sep_line\"><\/span><\/span><\/div><div class=\"penci-heading-content entry-content\"><p>Autor: Fabio Bautista P\u00e9rez<br \/>\nEdici\u00f3n: Colecci\u00f3n Drogas 5, 1\u00aa Edici\u00f3n<br \/>\nISBN: 978-99961-916-5-7<br \/>\nNo. P\u00e1ginas: 95<br \/>\nIdioma: espa\u00f1ol\/ingl\u00e9s<\/p>\n<\/div>\t\t\t<\/div>\r\n\t\t<\/div>\r\n\t\t\t\t<\/div>\n\t\t\t\t<\/div>\n\t\t\t\t\t<\/div>\n\t\t<\/div>\n\t\t\t\t\t\t\t<\/div>\n\t\t<\/section>\n\t\t\t\t<section class=\"penci-section penci-disSticky penci-structure-20 elementor-section elementor-top-section elementor-element elementor-element-643e371 elementor-section-boxed elementor-section-height-default elementor-section-height-default\" data-id=\"643e371\" data-element_type=\"section\">\n\t\t\t\t\t\t<div class=\"elementor-container elementor-column-gap-default\">\n\t\t\t\t\t<div class=\"penci-ercol-50 penci-ercol-order-1 penci-sticky-ct  elementor-column elementor-col-50 elementor-top-column elementor-element elementor-element-bf46ba7\" data-id=\"bf46ba7\" data-element_type=\"column\">\n\t\t\t<div class=\"elementor-widget-wrap elementor-element-populated\">\n\t\t\t\t\t\t\t\t<div class=\"elementor-element elementor-element-64bd1e5 elementor-widget elementor-widget-image\" data-id=\"64bd1e5\" data-element_type=\"widget\" data-widget_type=\"image.default\">\n\t\t\t\t<div class=\"elementor-widget-container\">\n\t\t\t\t\t\t\t\t\t\t\t\t\t\t\t<img src=\"https:\/\/www.uees.edu.sv\/editorialuees\/wp-content\/uploads\/elementor\/thumbs\/droga6-pete5dkfpvjnd512blf9o996hux0bxjy9m0hatq5j8.jpg\" title=\"droga6\" alt=\"droga6\" \/>\t\t\t\t\t\t\t\t\t\t\t\t\t\t\t<\/div>\n\t\t\t\t<\/div>\n\t\t\t\t\t<\/div>\n\t\t<\/div>\n\t\t\t\t<div class=\"penci-ercol-50 penci-ercol-order-2 penci-sticky-ct  elementor-column elementor-col-50 elementor-top-column elementor-element elementor-element-1c1e218\" data-id=\"1c1e218\" data-element_type=\"column\">\n\t\t\t<div class=\"elementor-widget-wrap elementor-element-populated\">\n\t\t\t\t\t\t\t\t<div class=\"elementor-element elementor-element-a1c876c elementor-widget elementor-widget-penci-fancy_heading\" data-id=\"a1c876c\" data-element_type=\"widget\" data-widget_type=\"penci-fancy_heading.default\">\n\t\t\t\t<div class=\"elementor-widget-container\">\n\t\t\t\t\t<div class=\"penci-fancy-heading penci-heading-text-left\">\r\n\t\t\t<div class=\"penci-fancy-heading-inner\">\r\n\t\t\t\t<p class=\"penci-heading-title\"><a href=\"https:\/\/www.uees.edu.sv\/editorialuees\/portfolio\/estudio-on-line-sobre-consumo-de-drogas-en-la-poblacion-estudiantil-de-una-universidad-privada-de-el-salvador\/\">Estudio on line sobre consumo de drogas en la poblaci\u00f3n estudiantil de una universidad privada de El Salvador<\/a><\/p><div class=\"penci-separator penci-separator- penci-separator-left\"><span class=\"penci-sep_holder penci-sep_holder_l\"><span class=\"penci-sep_line\"><\/span><\/span><span class=\"penci-sep_holder penci-sep_holder_r\"><span class=\"penci-sep_line\"><\/span><\/span><\/div><div class=\"penci-heading-content entry-content\"><p>T\u00edtulo: Estudio on line sobre consumo de drogas en la poblaci\u00f3n estudiantil de una universidad privada de El Salvador<br \/>\nAutor: Fabio Bautista P\u00e9rez<br \/>\nEdici\u00f3n: Colecci\u00f3n Drogas 6, 1\u00aa Edici\u00f3n<br \/>\nISBN: 978-99961-968-2-9<br \/>\nNo. P\u00e1ginas: 79<br \/>\nIdioma: espa\u00f1ol\/ingl\u00e9s<\/p>\n<\/div>\t\t\t<\/div>\r\n\t\t<\/div>\r\n\t\t\t\t<\/div>\n\t\t\t\t<\/div>\n\t\t\t\t\t<\/div>\n\t\t<\/div>\n\t\t\t\t\t\t\t<\/div>\n\t\t<\/section>\n\t\t\t\t<section class=\"penci-section penci-disSticky penci-structure-20 elementor-section elementor-top-section elementor-element elementor-element-c40e35e elementor-section-boxed elementor-section-height-default elementor-section-height-default\" data-id=\"c40e35e\" data-element_type=\"section\">\n\t\t\t\t\t\t<div class=\"elementor-container elementor-column-gap-default\">\n\t\t\t\t\t<div class=\"penci-ercol-50 penci-ercol-order-1 penci-sticky-ct  elementor-column elementor-col-50 elementor-top-column elementor-element elementor-element-0f0a35c\" data-id=\"0f0a35c\" data-element_type=\"column\">\n\t\t\t<div class=\"elementor-widget-wrap\">\n\t\t\t\t\t\t\t\t\t<\/div>\n\t\t<\/div>\n\t\t\t\t<div class=\"penci-ercol-50 penci-ercol-order-2 penci-sticky-ct  elementor-column elementor-col-50 elementor-top-column elementor-element elementor-element-b8b4aae\" data-id=\"b8b4aae\" data-element_type=\"column\">\n\t\t\t<div class=\"elementor-widget-wrap\">\n\t\t\t\t\t\t\t\t\t<\/div>\n\t\t<\/div>\n\t\t\t\t\t\t\t<\/div>\n\t\t<\/section>\n\t\t\t\t<section class=\"penci-section penci-disSticky penci-structure-10 elementor-section elementor-top-section elementor-element elementor-element-5cb6e4a elementor-section-boxed elementor-section-height-default elementor-section-height-default\" data-id=\"5cb6e4a\" data-element_type=\"section\">\n\t\t\t\t\t\t<div class=\"elementor-container elementor-column-gap-default\">\n\t\t\t\t\t<div class=\"penci-ercol-100 penci-ercol-order-1 penci-sticky-ct  elementor-column elementor-col-100 elementor-top-column elementor-element elementor-element-861065a\" data-id=\"861065a\" data-element_type=\"column\">\n\t\t\t<div class=\"elementor-widget-wrap elementor-element-populated\">\n\t\t\t\t\t\t\t\t<div class=\"elementor-element elementor-element-dbcee81 elementor-widget elementor-widget-text-editor\" data-id=\"dbcee81\" data-element_type=\"widget\" data-widget_type=\"text-editor.default\">\n\t\t\t\t<div class=\"elementor-widget-container\">\n\t\t\t\t\t\t\t\t<h6>\u00a0 \u00a0 \u00a0 \u00a0 \u00a0 \u00a0 \u00a0 \u00a0 \u00a0 \u00a0 \u00a0 \u00a0 \u00a0 \u00a0 \u00a0 \u00a0<\/h6><h6>\u00a0<\/h6><h6>\u00a0 \u00a0 \u00a0 \u00a0 \u00a0 \u00a0 \u00a0 \u00a0 \u00a0 \u00a0 \u00a0 \u00a0 \u00a0 \u00a0 \u00a0 \u00a0 \u00a0 \u00a0 \u00a0 \u00a0 \u00a0 \u00a0 \u00a0 \u00a0 \u00a0 \u00a0 \u00a0 \u00a0 \u00a0 \u00a0 \u00a0 \u00a0 \u00a0 \u00a0 \u00a0 \u00a0 \u00a0 \u00a0 \u00a0 \u00a0 \u00a0 \u00a0 \u00a0 \u00a0 \u00a0 \u00a0 \u00a0 \u00a0 \u00a0 \u00a0 &lt;&lt;&lt;&lt;&lt;Anterior\u00a0 \u00a0&#8211;\u00a0 \u00a0Siguiente &gt;&gt;&gt;&gt;&gt;<\/h6>\t\t\t\t\t\t<\/div>\n\t\t\t\t<\/div>\n\t\t\t\t\t<\/div>\n\t\t<\/div>\n\t\t\t\t\t\t\t<\/div>\n\t\t<\/section>\n\t\t\t\t\t\t<\/div>\n\t\t\t\t\t<\/div>\n\t\t","protected":false},"excerpt":{"rendered":"<p>Drogas psicoactivas y su incidencia T\u00edtulo: Drogas psicoactivas y su incidencia Autor: Fabio Bautista P\u00e9rez,&hellip;<\/p>\n","protected":false},"author":1,"featured_media":0,"parent":0,"menu_order":0,"comment_status":"closed","ping_status":"closed","template":"","meta":[],"_links":{"self":[{"href":"https:\/\/www.uees.edu.sv\/editorialuees\/wp-json\/wp\/v2\/pages\/2981"}],"collection":[{"href":"https:\/\/www.uees.edu.sv\/editorialuees\/wp-json\/wp\/v2\/pages"}],"about":[{"href":"https:\/\/www.uees.edu.sv\/editorialuees\/wp-json\/wp\/v2\/types\/page"}],"author":[{"embeddable":true,"href":"https:\/\/www.uees.edu.sv\/editorialuees\/wp-json\/wp\/v2\/users\/1"}],"replies":[{"embeddable":true,"href":"https:\/\/www.uees.edu.sv\/editorialuees\/wp-json\/wp\/v2\/comments?post=2981"}],"version-history":[{"count":47,"href":"https:\/\/www.uees.edu.sv\/editorialuees\/wp-json\/wp\/v2\/pages\/2981\/revisions"}],"predecessor-version":[{"id":3508,"href":"https:\/\/www.uees.edu.sv\/editorialuees\/wp-json\/wp\/v2\/pages\/2981\/revisions\/3508"}],"wp:attachment":[{"href":"https:\/\/www.uees.edu.sv\/editorialuees\/wp-json\/wp\/v2\/media?parent=2981"}],"curies":[{"name":"wp","href":"https:\/\/api.w.org\/{rel}","templated":true}]}}