{"id":2960,"date":"2021-09-25T00:16:57","date_gmt":"2021-09-25T00:16:57","guid":{"rendered":"https:\/\/www.uees.edu.sv\/editorialuees\/?page_id=2960"},"modified":"2021-10-02T16:47:25","modified_gmt":"2021-10-02T16:47:25","slug":"publicaciones-libros-3-2","status":"publish","type":"page","link":"https:\/\/www.uees.edu.sv\/editorialuees\/publicaciones-libros-3-2\/","title":{"rendered":"Publicaciones Libros"},"content":{"rendered":"\t\t<div data-elementor-type=\"wp-page\" data-elementor-id=\"2960\" class=\"elementor elementor-2960\" data-elementor-settings=\"[]\">\n\t\t\t\t\t\t\t<div class=\"elementor-section-wrap\">\n\t\t\t\t\t\t\t<section class=\"penci-section penci-disSticky penci-structure-20 elementor-section elementor-top-section elementor-element elementor-element-0ab59dc elementor-section-boxed elementor-section-height-default elementor-section-height-default\" data-id=\"0ab59dc\" data-element_type=\"section\">\n\t\t\t\t\t\t<div class=\"elementor-container elementor-column-gap-default\">\n\t\t\t\t\t<div class=\"penci-ercol-50 penci-ercol-order-1 penci-sticky-ct  elementor-column elementor-col-50 elementor-top-column elementor-element elementor-element-1868e1a\" data-id=\"1868e1a\" data-element_type=\"column\">\n\t\t\t<div class=\"elementor-widget-wrap elementor-element-populated\">\n\t\t\t\t\t\t\t\t<div class=\"elementor-element elementor-element-a4c6dab elementor-widget elementor-widget-image\" data-id=\"a4c6dab\" data-element_type=\"widget\" data-widget_type=\"image.default\">\n\t\t\t\t<div class=\"elementor-widget-container\">\n\t\t\t\t\t\t\t\t\t\t\t\t\t\t\t<img src=\"https:\/\/www.uees.edu.sv\/editorialuees\/wp-content\/uploads\/elementor\/thumbs\/LIBRO9-pete5dkfpvjnd512blf9o996hux0bxjy9m0hatq5j8.jpg\" title=\"LIBRO9\" alt=\"LIBRO9\" \/>\t\t\t\t\t\t\t\t\t\t\t\t\t\t\t<\/div>\n\t\t\t\t<\/div>\n\t\t\t\t\t<\/div>\n\t\t<\/div>\n\t\t\t\t<div class=\"penci-ercol-50 penci-ercol-order-2 penci-sticky-ct  elementor-column elementor-col-50 elementor-top-column elementor-element elementor-element-0ad40a3\" data-id=\"0ad40a3\" data-element_type=\"column\">\n\t\t\t<div class=\"elementor-widget-wrap elementor-element-populated\">\n\t\t\t\t\t\t\t\t<div class=\"elementor-element elementor-element-f40c503 elementor-widget elementor-widget-penci-fancy_heading\" data-id=\"f40c503\" data-element_type=\"widget\" data-widget_type=\"penci-fancy_heading.default\">\n\t\t\t\t<div class=\"elementor-widget-container\">\n\t\t\t\t\t<div class=\"penci-fancy-heading penci-heading-text-left\">\r\n\t\t\t<div class=\"penci-fancy-heading-inner\">\r\n\t\t\t\t<p class=\"penci-heading-title\"><a href=\"https:\/\/www.uees.edu.sv\/editorialuees\/portfolio\/autoritarismo-y-modernizacion\/\">Autoritarismo y Modernizaci\u00f3n<\/a><\/p><div class=\"penci-separator penci-separator- penci-separator-left\"><span class=\"penci-sep_holder penci-sep_holder_l\"><span class=\"penci-sep_line\"><\/span><\/span><span class=\"penci-sep_holder penci-sep_holder_r\"><span class=\"penci-sep_line\"><\/span><\/span><\/div><div class=\"penci-heading-content entry-content\"><p>T\u00edtulo: Autoritarismo y Modernizaci\u00f3n<br \/>\nAutor: Roberto Turcios<br \/>\nEdici\u00f3n: 1\u00aa Edici\u00f3n, 2018<br \/>\nISBN: 978-99961-968-8-1<br \/>\nNo. P\u00e1ginas: 190<br \/>\nIdioma: espa\u00f1ol<br \/>\n<strong>Costo: $12.00<\/strong><\/p>\n<\/div>\t\t\t<\/div>\r\n\t\t<\/div>\r\n\t\t\t\t<\/div>\n\t\t\t\t<\/div>\n\t\t\t\t\t<\/div>\n\t\t<\/div>\n\t\t\t\t\t\t\t<\/div>\n\t\t<\/section>\n\t\t\t\t<section class=\"penci-section penci-disSticky penci-structure-10 elementor-section elementor-top-section elementor-element elementor-element-dd06ff8 elementor-section-boxed elementor-section-height-default elementor-section-height-default\" data-id=\"dd06ff8\" data-element_type=\"section\">\n\t\t\t\t\t\t<div class=\"elementor-container elementor-column-gap-default\">\n\t\t\t\t\t<div class=\"penci-ercol-100 penci-ercol-order-1 penci-sticky-ct  elementor-column elementor-col-100 elementor-top-column elementor-element elementor-element-30249a1\" data-id=\"30249a1\" data-element_type=\"column\">\n\t\t\t<div class=\"elementor-widget-wrap\">\n\t\t\t\t\t\t\t\t\t<\/div>\n\t\t<\/div>\n\t\t\t\t\t\t\t<\/div>\n\t\t<\/section>\n\t\t\t\t<section class=\"penci-section penci-disSticky penci-structure-20 elementor-section elementor-top-section elementor-element elementor-element-a2413d5 elementor-section-boxed elementor-section-height-default elementor-section-height-default\" data-id=\"a2413d5\" data-element_type=\"section\">\n\t\t\t\t\t\t<div class=\"elementor-container elementor-column-gap-default\">\n\t\t\t\t\t<div class=\"penci-ercol-50 penci-ercol-order-1 penci-sticky-ct  elementor-column elementor-col-50 elementor-top-column elementor-element elementor-element-f4587bb\" data-id=\"f4587bb\" data-element_type=\"column\">\n\t\t\t<div class=\"elementor-widget-wrap elementor-element-populated\">\n\t\t\t\t\t\t\t\t<div class=\"elementor-element elementor-element-8c4aaac elementor-widget elementor-widget-image\" data-id=\"8c4aaac\" data-element_type=\"widget\" data-widget_type=\"image.default\">\n\t\t\t\t<div class=\"elementor-widget-container\">\n\t\t\t\t\t\t\t\t\t\t\t\t\t\t\t<img src=\"https:\/\/www.uees.edu.sv\/editorialuees\/wp-content\/uploads\/elementor\/thumbs\/LIBRO10-pete5dkfpvjnd512blf9o996hux0bxjy9m0hatq5j8.jpg\" title=\"LIBRO10\" alt=\"LIBRO10\" \/>\t\t\t\t\t\t\t\t\t\t\t\t\t\t\t<\/div>\n\t\t\t\t<\/div>\n\t\t\t\t\t<\/div>\n\t\t<\/div>\n\t\t\t\t<div class=\"penci-ercol-50 penci-ercol-order-2 penci-sticky-ct  elementor-column elementor-col-50 elementor-top-column elementor-element elementor-element-f5a6154\" data-id=\"f5a6154\" data-element_type=\"column\">\n\t\t\t<div class=\"elementor-widget-wrap elementor-element-populated\">\n\t\t\t\t\t\t\t\t<div class=\"elementor-element elementor-element-1b27805 elementor-widget elementor-widget-penci-fancy_heading\" data-id=\"1b27805\" data-element_type=\"widget\" data-widget_type=\"penci-fancy_heading.default\">\n\t\t\t\t<div class=\"elementor-widget-container\">\n\t\t\t\t\t<div class=\"penci-fancy-heading penci-heading-text-left\">\r\n\t\t\t<div class=\"penci-fancy-heading-inner\">\r\n\t\t\t\t<p class=\"penci-heading-title\"><a href=\"https:\/\/www.uees.edu.sv\/editorialuees\/portfolio\/elementos-teoricos-juridicos-del-impuesto-a-la-propiedad-de-bienes-inmuebles\/\">Elementos te\u00f3ricos-jur\u00eddicos del impuesto a la propiedad de bienes inmuebles <\/a><\/p><div class=\"penci-separator penci-separator- penci-separator-left\"><span class=\"penci-sep_holder penci-sep_holder_l\"><span class=\"penci-sep_line\"><\/span><\/span><span class=\"penci-sep_holder penci-sep_holder_r\"><span class=\"penci-sep_line\"><\/span><\/span><\/div><div class=\"penci-heading-content entry-content\"><p>T\u00edtulo: Elementos te\u00f3ricos-jur\u00eddicos del impuesto a la propiedad de bienes inmuebles<br \/>\nAutor: Mario Ernesto Ju\u00e1rez Escobar<br \/>\nEdici\u00f3n: 1\u00aa Edici\u00f3n, 2018<br \/>\nISBN: 978-99961-968-7-4<br \/>\nNo. P\u00e1ginas: 114<br \/>\nIdioma: espa\u00f1ol<br \/>\n<strong>Costo: $12.00<\/strong><\/p>\n<\/div>\t\t\t<\/div>\r\n\t\t<\/div>\r\n\t\t\t\t<\/div>\n\t\t\t\t<\/div>\n\t\t\t\t\t<\/div>\n\t\t<\/div>\n\t\t\t\t\t\t\t<\/div>\n\t\t<\/section>\n\t\t\t\t<section class=\"penci-section penci-disSticky penci-structure-20 elementor-section elementor-top-section elementor-element elementor-element-c1a5e5f elementor-section-boxed elementor-section-height-default elementor-section-height-default\" data-id=\"c1a5e5f\" data-element_type=\"section\">\n\t\t\t\t\t\t<div class=\"elementor-container elementor-column-gap-default\">\n\t\t\t\t\t<div class=\"penci-ercol-50 penci-ercol-order-1 penci-sticky-ct  elementor-column elementor-col-50 elementor-top-column elementor-element elementor-element-31c38ee\" data-id=\"31c38ee\" data-element_type=\"column\">\n\t\t\t<div class=\"elementor-widget-wrap elementor-element-populated\">\n\t\t\t\t\t\t\t\t<div class=\"elementor-element elementor-element-aa1e30e elementor-widget elementor-widget-image\" data-id=\"aa1e30e\" data-element_type=\"widget\" data-widget_type=\"image.default\">\n\t\t\t\t<div class=\"elementor-widget-container\">\n\t\t\t\t\t\t\t\t\t\t\t\t\t\t\t<img src=\"https:\/\/www.uees.edu.sv\/editorialuees\/wp-content\/uploads\/elementor\/thumbs\/LIBRO11-pete5dkfpvjnd512blf9o996hux0bxjy9m0hatq5j8.jpg\" title=\"LIBRO11\" alt=\"LIBRO11\" \/>\t\t\t\t\t\t\t\t\t\t\t\t\t\t\t<\/div>\n\t\t\t\t<\/div>\n\t\t\t\t\t<\/div>\n\t\t<\/div>\n\t\t\t\t<div class=\"penci-ercol-50 penci-ercol-order-2 penci-sticky-ct  elementor-column elementor-col-50 elementor-top-column elementor-element elementor-element-8b3e00f\" data-id=\"8b3e00f\" data-element_type=\"column\">\n\t\t\t<div class=\"elementor-widget-wrap elementor-element-populated\">\n\t\t\t\t\t\t\t\t<div class=\"elementor-element elementor-element-c9ee6a3 elementor-widget elementor-widget-penci-fancy_heading\" data-id=\"c9ee6a3\" data-element_type=\"widget\" data-widget_type=\"penci-fancy_heading.default\">\n\t\t\t\t<div class=\"elementor-widget-container\">\n\t\t\t\t\t<div class=\"penci-fancy-heading penci-heading-text-left\">\r\n\t\t\t<div class=\"penci-fancy-heading-inner\">\r\n\t\t\t\t<p class=\"penci-heading-title\"><a href=\"https:\/\/www.uees.edu.sv\/editorialuees\/portfolio\/sistemas-tributarios-latinoamericanos\/\">Sistemas tributarios latinoamericanos<\/a><\/p><div class=\"penci-separator penci-separator- penci-separator-left\"><span class=\"penci-sep_holder penci-sep_holder_l\"><span class=\"penci-sep_line\"><\/span><\/span><span class=\"penci-sep_holder penci-sep_holder_r\"><span class=\"penci-sep_line\"><\/span><\/span><\/div><div class=\"penci-heading-content entry-content\"><p>T\u00edtulo: Sistemas tributarios latinoamericanos<br \/>\nAutor: Mario Ernesto Ju\u00e1rez (compilador), autores varios.<br \/>\nEdici\u00f3n: 1\u00aa Edici\u00f3n, 2020.<br \/>\nISBN: 978-99961-331-4-5<br \/>\nNo. P\u00e1ginas: 147<br \/>\nIdioma: espa\u00f1ol<br \/>\n<strong>Costo: $10.00<\/strong><\/p>\n<\/div>\t\t\t<\/div>\r\n\t\t<\/div>\r\n\t\t\t\t<\/div>\n\t\t\t\t<\/div>\n\t\t\t\t\t<\/div>\n\t\t<\/div>\n\t\t\t\t\t\t\t<\/div>\n\t\t<\/section>\n\t\t\t\t<section class=\"penci-section penci-disSticky penci-structure-20 elementor-section elementor-top-section elementor-element elementor-element-707bad8 elementor-section-boxed elementor-section-height-default elementor-section-height-default\" data-id=\"707bad8\" data-element_type=\"section\">\n\t\t\t\t\t\t<div class=\"elementor-container elementor-column-gap-default\">\n\t\t\t\t\t<div class=\"penci-ercol-50 penci-ercol-order-1 penci-sticky-ct  elementor-column elementor-col-50 elementor-top-column elementor-element elementor-element-dcd8af2\" data-id=\"dcd8af2\" data-element_type=\"column\">\n\t\t\t<div class=\"elementor-widget-wrap elementor-element-populated\">\n\t\t\t\t\t\t\t\t<div class=\"elementor-element elementor-element-b21cefd elementor-widget elementor-widget-image\" data-id=\"b21cefd\" data-element_type=\"widget\" data-widget_type=\"image.default\">\n\t\t\t\t<div class=\"elementor-widget-container\">\n\t\t\t\t\t\t\t\t\t\t\t\t\t\t\t<img src=\"https:\/\/www.uees.edu.sv\/editorialuees\/wp-content\/uploads\/elementor\/thumbs\/LIBRO12-pete5dkfpvjnd512blf9o996hux0bxjy9m0hatq5j8.jpg\" title=\"LIBRO12\" alt=\"LIBRO12\" \/>\t\t\t\t\t\t\t\t\t\t\t\t\t\t\t<\/div>\n\t\t\t\t<\/div>\n\t\t\t\t\t<\/div>\n\t\t<\/div>\n\t\t\t\t<div class=\"penci-ercol-50 penci-ercol-order-2 penci-sticky-ct  elementor-column elementor-col-50 elementor-top-column elementor-element elementor-element-3d1d332\" data-id=\"3d1d332\" data-element_type=\"column\">\n\t\t\t<div class=\"elementor-widget-wrap elementor-element-populated\">\n\t\t\t\t\t\t\t\t<div class=\"elementor-element elementor-element-e0c3e65 elementor-widget elementor-widget-penci-fancy_heading\" data-id=\"e0c3e65\" data-element_type=\"widget\" data-widget_type=\"penci-fancy_heading.default\">\n\t\t\t\t<div class=\"elementor-widget-container\">\n\t\t\t\t\t<div class=\"penci-fancy-heading penci-heading-text-left\">\r\n\t\t\t<div class=\"penci-fancy-heading-inner\">\r\n\t\t\t\t<p class=\"penci-heading-title\"><a href=\"https:\/\/www.uees.edu.sv\/editorialuees\/portfolio\/metodologia-de-la-investigacion-cientifica-y-bioestadistica\/\">Metodolog\u00eda de la Investigaci\u00f3n cient\u00edfica y bioestad\u00edstica<\/a><\/p><div class=\"penci-separator penci-separator- penci-separator-left\"><span class=\"penci-sep_holder penci-sep_holder_l\"><span class=\"penci-sep_line\"><\/span><\/span><span class=\"penci-sep_holder penci-sep_holder_r\"><span class=\"penci-sep_line\"><\/span><\/span><\/div><div class=\"penci-heading-content entry-content\"><p>T\u00edtulo: Metodolog\u00eda de la Investigaci\u00f3n cient\u00edfica y bioestad\u00edstica<br \/>\nAutor: V\u00edctor Patricio D\u00edaz Narv\u00e1ez<br \/>\nEdici\u00f3n: 1\u00aa Edici\u00f3n, El Salvador<br \/>\nISBN:978-99961-331-1-4<br \/>\nNo. P\u00e1ginas: 785<br \/>\nIdioma: espa\u00f1ol<br \/>\n<strong>Costo: $32.00<\/strong><\/p>\n<\/div>\t\t\t<\/div>\r\n\t\t<\/div>\r\n\t\t\t\t<\/div>\n\t\t\t\t<\/div>\n\t\t\t\t\t<\/div>\n\t\t<\/div>\n\t\t\t\t\t\t\t<\/div>\n\t\t<\/section>\n\t\t\t\t<section class=\"penci-section penci-disSticky penci-structure-20 elementor-section elementor-top-section elementor-element elementor-element-c501d2e elementor-section-boxed elementor-section-height-default elementor-section-height-default\" data-id=\"c501d2e\" data-element_type=\"section\">\n\t\t\t\t\t\t<div class=\"elementor-container elementor-column-gap-default\">\n\t\t\t\t\t<div class=\"penci-ercol-50 penci-ercol-order-1 penci-sticky-ct  elementor-column elementor-col-50 elementor-top-column elementor-element elementor-element-ff1c214\" data-id=\"ff1c214\" data-element_type=\"column\">\n\t\t\t<div class=\"elementor-widget-wrap elementor-element-populated\">\n\t\t\t\t\t\t\t\t<div class=\"elementor-element elementor-element-71d6b35 elementor-widget elementor-widget-image\" data-id=\"71d6b35\" data-element_type=\"widget\" data-widget_type=\"image.default\">\n\t\t\t\t<div class=\"elementor-widget-container\">\n\t\t\t\t\t\t\t\t\t\t\t\t\t\t\t<img src=\"https:\/\/www.uees.edu.sv\/editorialuees\/wp-content\/uploads\/elementor\/thumbs\/liniamientos-1-scaled-pete5borc7h2px3smkm0j9q9b369wjchlcpic9sxvo.jpg\" title=\"liniamientos 1\" alt=\"liniamientos 1\" \/>\t\t\t\t\t\t\t\t\t\t\t\t\t\t\t<\/div>\n\t\t\t\t<\/div>\n\t\t\t\t\t<\/div>\n\t\t<\/div>\n\t\t\t\t<div class=\"penci-ercol-50 penci-ercol-order-2 penci-sticky-ct  elementor-column elementor-col-50 elementor-top-column elementor-element elementor-element-89ca796\" data-id=\"89ca796\" data-element_type=\"column\">\n\t\t\t<div class=\"elementor-widget-wrap elementor-element-populated\">\n\t\t\t\t\t\t\t\t<div class=\"elementor-element elementor-element-a1c876c elementor-widget elementor-widget-penci-fancy_heading\" data-id=\"a1c876c\" data-element_type=\"widget\" data-widget_type=\"penci-fancy_heading.default\">\n\t\t\t\t<div class=\"elementor-widget-container\">\n\t\t\t\t\t<div class=\"penci-fancy-heading penci-heading-text-left\">\r\n\t\t\t<div class=\"penci-fancy-heading-inner\">\r\n\t\t\t\t<p class=\"penci-heading-title\"><a href=\"https:\/\/www.uees.edu.sv\/editorialuees\/portfolio\/lineamientos-basicos-para-elaborar-anteproyectos-e-informes-de-investigacion-o-de-innovacion\/\">Lineamientos b\u00e1sicos para elaborar anteproyectos e informes de investigaci\u00f3n o de innovaci\u00f3n<\/a><\/p><div class=\"penci-separator penci-separator- penci-separator-left\"><span class=\"penci-sep_holder penci-sep_holder_l\"><span class=\"penci-sep_line\"><\/span><\/span><span class=\"penci-sep_holder penci-sep_holder_r\"><span class=\"penci-sep_line\"><\/span><\/span><\/div><div class=\"penci-heading-content entry-content\"><p>T\u00edtulo: Lineamientos b\u00e1sicos para elaborar anteproyectos e informes de investigaci\u00f3n o de innovaci\u00f3n<br \/>\nAutor: Mart\u00edn Eugenio Rodr\u00edguez Zepeda, Ayde\u00e9 Rivera de Parada, Fabio Bautista P\u00e9rez<br \/>\nEdici\u00f3n: 1\u00aa Edici\u00f3n, 2016<br \/>\nISBN:97899961-916-0-2<br \/>\nNo. P\u00e1ginas: 72<br \/>\nIdioma: espa\u00f1ol<br \/>\n<strong>Costo: $5.00<\/strong><\/p>\n<\/div>\t\t\t<\/div>\r\n\t\t<\/div>\r\n\t\t\t\t<\/div>\n\t\t\t\t<\/div>\n\t\t\t\t\t<\/div>\n\t\t<\/div>\n\t\t\t\t\t\t\t<\/div>\n\t\t<\/section>\n\t\t\t\t<section class=\"penci-section penci-disSticky penci-structure-20 elementor-section elementor-top-section elementor-element elementor-element-c40e35e elementor-section-boxed elementor-section-height-default elementor-section-height-default\" data-id=\"c40e35e\" data-element_type=\"section\">\n\t\t\t\t\t\t<div class=\"elementor-container elementor-column-gap-default\">\n\t\t\t\t\t<div class=\"penci-ercol-50 penci-ercol-order-1 penci-sticky-ct  elementor-column elementor-col-50 elementor-top-column elementor-element elementor-element-0f0a35c\" data-id=\"0f0a35c\" data-element_type=\"column\">\n\t\t\t<div class=\"elementor-widget-wrap elementor-element-populated\">\n\t\t\t\t\t\t\t\t<div class=\"elementor-element elementor-element-4d43bb2 elementor-widget elementor-widget-image\" data-id=\"4d43bb2\" data-element_type=\"widget\" data-widget_type=\"image.default\">\n\t\t\t\t<div class=\"elementor-widget-container\">\n\t\t\t\t\t\t\t\t\t\t\t\t\t\t\t<img src=\"https:\/\/www.uees.edu.sv\/editorialuees\/wp-content\/uploads\/elementor\/thumbs\/LIBRO13-pete5dkfpvjnd512blf9o996hux0bxjy9m0hatq5j8.jpg\" title=\"LIBRO13\" alt=\"LIBRO13\" \/>\t\t\t\t\t\t\t\t\t\t\t\t\t\t\t<\/div>\n\t\t\t\t<\/div>\n\t\t\t\t\t<\/div>\n\t\t<\/div>\n\t\t\t\t<div class=\"penci-ercol-50 penci-ercol-order-2 penci-sticky-ct  elementor-column elementor-col-50 elementor-top-column elementor-element elementor-element-b8b4aae\" data-id=\"b8b4aae\" data-element_type=\"column\">\n\t\t\t<div class=\"elementor-widget-wrap elementor-element-populated\">\n\t\t\t\t\t\t\t\t<div class=\"elementor-element elementor-element-635ec89 elementor-widget elementor-widget-penci-fancy_heading\" data-id=\"635ec89\" data-element_type=\"widget\" data-widget_type=\"penci-fancy_heading.default\">\n\t\t\t\t<div class=\"elementor-widget-container\">\n\t\t\t\t\t<div class=\"penci-fancy-heading penci-heading-text-left\">\r\n\t\t\t<div class=\"penci-fancy-heading-inner\">\r\n\t\t\t\t<p class=\"penci-heading-title\"><a href=\"https:\/\/www.uees.edu.sv\/editorialuees\/portfolio\/como-escribir-y-publicar-un-articulo-cientifico-en-ciencias-de-la-salud\/\">C\u00f3mo escribir y publicar un art\u00edculo cient\u00edfico en ciencias de la salud<\/a><\/p><div class=\"penci-separator penci-separator- penci-separator-left\"><span class=\"penci-sep_holder penci-sep_holder_l\"><span class=\"penci-sep_line\"><\/span><\/span><span class=\"penci-sep_holder penci-sep_holder_r\"><span class=\"penci-sep_line\"><\/span><\/span><\/div><div class=\"penci-heading-content entry-content\"><p>T\u00edtulo: C\u00f3mo escribir y publicar un art\u00edculo cient\u00edfico en ciencias de la salud<br \/>\nAutor: Jaime Castro N\u00fa\u00f1ez, Glenna Castro N\u00fa\u00f1ez<br \/>\nEdici\u00f3n: 1\u00aa Edici\u00f3n, 2015<br \/>\nISBN:978-99961-916-6-4<br \/>\nNo. P\u00e1ginas: 104<br \/>\n<strong>Costo: $6.00<\/strong><\/p>\n<\/div>\t\t\t<\/div>\r\n\t\t<\/div>\r\n\t\t\t\t<\/div>\n\t\t\t\t<\/div>\n\t\t\t\t\t<\/div>\n\t\t<\/div>\n\t\t\t\t\t\t\t<\/div>\n\t\t<\/section>\n\t\t\t\t<section class=\"penci-section penci-disSticky penci-structure-10 elementor-section elementor-top-section elementor-element elementor-element-5cb6e4a elementor-section-boxed elementor-section-height-default elementor-section-height-default\" data-id=\"5cb6e4a\" data-element_type=\"section\">\n\t\t\t\t\t\t<div class=\"elementor-container elementor-column-gap-default\">\n\t\t\t\t\t<div class=\"penci-ercol-100 penci-ercol-order-1 penci-sticky-ct  elementor-column elementor-col-100 elementor-top-column elementor-element elementor-element-861065a\" data-id=\"861065a\" data-element_type=\"column\">\n\t\t\t<div class=\"elementor-widget-wrap elementor-element-populated\">\n\t\t\t\t\t\t\t\t<div class=\"elementor-element elementor-element-dbcee81 elementor-widget elementor-widget-text-editor\" data-id=\"dbcee81\" data-element_type=\"widget\" data-widget_type=\"text-editor.default\">\n\t\t\t\t<div class=\"elementor-widget-container\">\n\t\t\t\t\t\t\t\t<h6>\u00a0 \u00a0 \u00a0 \u00a0 \u00a0 \u00a0 \u00a0 \u00a0 \u00a0 \u00a0 \u00a0 \u00a0 \u00a0 \u00a0 \u00a0 \u00a0<\/h6><h6>\u00a0<\/h6><h6>\u00a0 \u00a0 \u00a0 \u00a0 \u00a0 \u00a0 \u00a0 \u00a0 \u00a0 \u00a0 \u00a0 \u00a0 \u00a0 \u00a0 \u00a0 \u00a0 \u00a0 \u00a0 \u00a0 \u00a0 \u00a0 \u00a0 \u00a0 \u00a0 \u00a0 \u00a0 \u00a0 \u00a0 \u00a0 \u00a0 \u00a0 \u00a0 \u00a0 \u00a0 \u00a0 \u00a0 \u00a0 \u00a0 \u00a0 \u00a0 \u00a0 \u00a0 \u00a0 \u00a0 \u00a0 \u00a0 \u00a0 \u00a0 \u00a0 \u00a0 <a href=\"https:\/\/www.uees.edu.sv\/editorialuees\/publicaciones-libros-2\">&lt;&lt;&lt;&lt;&lt;Anterior<\/a>\u00a0 \u00a0&#8211;\u00a0 \u00a0Siguiente &gt;&gt;&gt;&gt;&gt;<\/h6>\t\t\t\t\t\t<\/div>\n\t\t\t\t<\/div>\n\t\t\t\t\t<\/div>\n\t\t<\/div>\n\t\t\t\t\t\t\t<\/div>\n\t\t<\/section>\n\t\t\t\t\t\t<\/div>\n\t\t\t\t\t<\/div>\n\t\t","protected":false},"excerpt":{"rendered":"<p>Autoritarismo y Modernizaci\u00f3n T\u00edtulo: Autoritarismo y Modernizaci\u00f3n Autor: Roberto Turcios Edici\u00f3n: 1\u00aa Edici\u00f3n, 2018 ISBN:&hellip;<\/p>\n","protected":false},"author":1,"featured_media":0,"parent":0,"menu_order":0,"comment_status":"closed","ping_status":"closed","template":"","meta":[],"_links":{"self":[{"href":"https:\/\/www.uees.edu.sv\/editorialuees\/wp-json\/wp\/v2\/pages\/2960"}],"collection":[{"href":"https:\/\/www.uees.edu.sv\/editorialuees\/wp-json\/wp\/v2\/pages"}],"about":[{"href":"https:\/\/www.uees.edu.sv\/editorialuees\/wp-json\/wp\/v2\/types\/page"}],"author":[{"embeddable":true,"href":"https:\/\/www.uees.edu.sv\/editorialuees\/wp-json\/wp\/v2\/users\/1"}],"replies":[{"embeddable":true,"href":"https:\/\/www.uees.edu.sv\/editorialuees\/wp-json\/wp\/v2\/comments?post=2960"}],"version-history":[{"count":25,"href":"https:\/\/www.uees.edu.sv\/editorialuees\/wp-json\/wp\/v2\/pages\/2960\/revisions"}],"predecessor-version":[{"id":3279,"href":"https:\/\/www.uees.edu.sv\/editorialuees\/wp-json\/wp\/v2\/pages\/2960\/revisions\/3279"}],"wp:attachment":[{"href":"https:\/\/www.uees.edu.sv\/editorialuees\/wp-json\/wp\/v2\/media?parent=2960"}],"curies":[{"name":"wp","href":"https:\/\/api.w.org\/{rel}","templated":true}]}}