{"id":2826,"date":"2021-09-24T21:07:35","date_gmt":"2021-09-24T21:07:35","guid":{"rendered":"https:\/\/www.uees.edu.sv\/editorialuees\/?page_id=2826"},"modified":"2021-10-02T16:47:01","modified_gmt":"2021-10-02T16:47:01","slug":"publicaciones-libros-2","status":"publish","type":"page","link":"https:\/\/www.uees.edu.sv\/editorialuees\/publicaciones-libros-2\/","title":{"rendered":"Publicaciones Libros"},"content":{"rendered":"\t\t<div data-elementor-type=\"wp-page\" data-elementor-id=\"2826\" class=\"elementor elementor-2826\" data-elementor-settings=\"[]\">\n\t\t\t\t\t\t\t<div class=\"elementor-section-wrap\">\n\t\t\t\t\t\t\t<section class=\"penci-section penci-disSticky penci-structure-20 elementor-section elementor-top-section elementor-element elementor-element-0ab59dc elementor-section-boxed elementor-section-height-default elementor-section-height-default\" data-id=\"0ab59dc\" data-element_type=\"section\">\n\t\t\t\t\t\t<div class=\"elementor-container elementor-column-gap-default\">\n\t\t\t\t\t<div class=\"penci-ercol-50 penci-ercol-order-1 penci-sticky-ct  elementor-column elementor-col-50 elementor-top-column elementor-element elementor-element-1868e1a\" data-id=\"1868e1a\" data-element_type=\"column\">\n\t\t\t<div class=\"elementor-widget-wrap elementor-element-populated\">\n\t\t\t\t\t\t\t\t<div class=\"elementor-element elementor-element-a4c6dab elementor-widget elementor-widget-image\" data-id=\"a4c6dab\" data-element_type=\"widget\" data-widget_type=\"image.default\">\n\t\t\t\t<div class=\"elementor-widget-container\">\n\t\t\t\t\t\t\t\t\t\t\t\t\t\t\t<img src=\"https:\/\/www.uees.edu.sv\/editorialuees\/wp-content\/uploads\/elementor\/thumbs\/LIBRO5-pete5cmlj1id1j2fh30n3rhpwh1n48g7xhcztjrjpg.jpg\" title=\"LIBRO5\" alt=\"LIBRO5\" \/>\t\t\t\t\t\t\t\t\t\t\t\t\t\t\t<\/div>\n\t\t\t\t<\/div>\n\t\t\t\t\t<\/div>\n\t\t<\/div>\n\t\t\t\t<div class=\"penci-ercol-50 penci-ercol-order-2 penci-sticky-ct  elementor-column elementor-col-50 elementor-top-column elementor-element elementor-element-0ad40a3\" data-id=\"0ad40a3\" data-element_type=\"column\">\n\t\t\t<div class=\"elementor-widget-wrap elementor-element-populated\">\n\t\t\t\t\t\t\t\t<div class=\"elementor-element elementor-element-f40c503 elementor-widget elementor-widget-penci-fancy_heading\" data-id=\"f40c503\" data-element_type=\"widget\" data-widget_type=\"penci-fancy_heading.default\">\n\t\t\t\t<div class=\"elementor-widget-container\">\n\t\t\t\t\t<div class=\"penci-fancy-heading penci-heading-text-left\">\r\n\t\t\t<div class=\"penci-fancy-heading-inner\">\r\n\t\t\t\t<p class=\"penci-heading-title\"><a href=\"https:\/\/www.uees.edu.sv\/editorialuees\/portfolio\/resiliencia-y-calidad-de-vida-la-psicologia-educacional-en-dialogo-con-otras-disciplinas\/\"> Resiliencia y calidad de vida. La psicolog\u00eda educacional en di\u00e1logo con otras disciplinas\n<\/a><\/p><div class=\"penci-separator penci-separator- penci-separator-left\"><span class=\"penci-sep_holder penci-sep_holder_l\"><span class=\"penci-sep_line\"><\/span><\/span><span class=\"penci-sep_holder penci-sep_holder_r\"><span class=\"penci-sep_line\"><\/span><\/span><\/div><div class=\"penci-heading-content entry-content\"><p>T\u00edtulo: Resiliencia y calidad de vida. La psicolog\u00eda educacional en di\u00e1logo con otras disciplinas<\/p>\n<p>Autor: Varios<br \/>\nEdici\u00f3n: 1\u00aa Edici\u00f3n, 2015 El Salvador<br \/>\nISBN: 978-956-358-893-4<br \/>\nNo. P\u00e1ginas: 201<br \/>\nIdioma: espa\u00f1ol<\/p>\n<p><strong>Costo: $8.00<\/strong><\/p>\n<\/div>\t\t\t<\/div>\r\n\t\t<\/div>\r\n\t\t\t\t<\/div>\n\t\t\t\t<\/div>\n\t\t\t\t\t<\/div>\n\t\t<\/div>\n\t\t\t\t\t\t\t<\/div>\n\t\t<\/section>\n\t\t\t\t<section class=\"penci-section penci-disSticky penci-structure-20 elementor-section elementor-top-section elementor-element elementor-element-c1a5e5f elementor-section-boxed elementor-section-height-default elementor-section-height-default\" data-id=\"c1a5e5f\" data-element_type=\"section\">\n\t\t\t\t\t\t<div class=\"elementor-container elementor-column-gap-default\">\n\t\t\t\t\t<div class=\"penci-ercol-50 penci-ercol-order-1 penci-sticky-ct  elementor-column elementor-col-50 elementor-top-column elementor-element elementor-element-31c38ee\" data-id=\"31c38ee\" data-element_type=\"column\">\n\t\t\t<div class=\"elementor-widget-wrap elementor-element-populated\">\n\t\t\t\t\t\t\t\t<div class=\"elementor-element elementor-element-aa1e30e elementor-widget elementor-widget-image\" data-id=\"aa1e30e\" data-element_type=\"widget\" data-widget_type=\"image.default\">\n\t\t\t\t<div class=\"elementor-widget-container\">\n\t\t\t\t\t\t\t\t\t\t\t\t\t\t\t<img src=\"https:\/\/www.uees.edu.sv\/editorialuees\/wp-content\/uploads\/elementor\/thumbs\/LIBRO6-pete5dkfpvjnd512blf9o996hux0bxjy9m0hatq5j8.jpg\" title=\"LIBRO6\" alt=\"LIBRO6\" \/>\t\t\t\t\t\t\t\t\t\t\t\t\t\t\t<\/div>\n\t\t\t\t<\/div>\n\t\t\t\t\t<\/div>\n\t\t<\/div>\n\t\t\t\t<div class=\"penci-ercol-50 penci-ercol-order-2 penci-sticky-ct  elementor-column elementor-col-50 elementor-top-column elementor-element elementor-element-8b3e00f\" data-id=\"8b3e00f\" data-element_type=\"column\">\n\t\t\t<div class=\"elementor-widget-wrap elementor-element-populated\">\n\t\t\t\t\t\t\t\t<div class=\"elementor-element elementor-element-c9ee6a3 elementor-widget elementor-widget-penci-fancy_heading\" data-id=\"c9ee6a3\" data-element_type=\"widget\" data-widget_type=\"penci-fancy_heading.default\">\n\t\t\t\t<div class=\"elementor-widget-container\">\n\t\t\t\t\t<div class=\"penci-fancy-heading penci-heading-text-left\">\r\n\t\t\t<div class=\"penci-fancy-heading-inner\">\r\n\t\t\t\t<p class=\"penci-heading-title\"><a href=\"https:\/\/www.uees.edu.sv\/editorialuees\/portfolio\/hacia-una-republica-incluyente-religion-educacion-mujeres-el-salvador-siglo-xix\/\"> \u00bfHacia una rep\u00fablica incluyente? Religi\u00f3n, educaci\u00f3n, mujeres El Salvador siglo XIX<\/a><\/p><div class=\"penci-separator penci-separator- penci-separator-left\"><span class=\"penci-sep_holder penci-sep_holder_l\"><span class=\"penci-sep_line\"><\/span><\/span><span class=\"penci-sep_holder penci-sep_holder_r\"><span class=\"penci-sep_line\"><\/span><\/span><\/div><div class=\"penci-heading-content entry-content\"><p>T\u00edtulo: \u00bfHacia una rep\u00fablica incluyente? Religi\u00f3n, educaci\u00f3n, mujeres El Salvador siglo XIX<br \/>\nAutor: Roberto Vald\u00e9s Valle<br \/>\nEdici\u00f3n: 1\u00aa Edici\u00f3n, 2015<br \/>\nISBN:978-99961-916-8-8<br \/>\nNo. P\u00e1ginas: 217<br \/>\nIdioma: espa\u00f1ol<br \/>\n<strong>Costo: $7.00<\/strong><\/p>\n<\/div>\t\t\t<\/div>\r\n\t\t<\/div>\r\n\t\t\t\t<\/div>\n\t\t\t\t<\/div>\n\t\t\t\t\t<\/div>\n\t\t<\/div>\n\t\t\t\t\t\t\t<\/div>\n\t\t<\/section>\n\t\t\t\t<section class=\"penci-section penci-disSticky penci-structure-20 elementor-section elementor-top-section elementor-element elementor-element-707bad8 elementor-section-boxed elementor-section-height-default elementor-section-height-default\" data-id=\"707bad8\" data-element_type=\"section\">\n\t\t\t\t\t\t<div class=\"elementor-container elementor-column-gap-default\">\n\t\t\t\t\t<div class=\"penci-ercol-50 penci-ercol-order-1 penci-sticky-ct  elementor-column elementor-col-50 elementor-top-column elementor-element elementor-element-dcd8af2\" data-id=\"dcd8af2\" data-element_type=\"column\">\n\t\t\t<div class=\"elementor-widget-wrap elementor-element-populated\">\n\t\t\t\t\t\t\t\t<div class=\"elementor-element elementor-element-b21cefd elementor-widget elementor-widget-image\" data-id=\"b21cefd\" data-element_type=\"widget\" data-widget_type=\"image.default\">\n\t\t\t\t<div class=\"elementor-widget-container\">\n\t\t\t\t\t\t\t\t\t\t\t\t\t\t\t<img src=\"https:\/\/www.uees.edu.sv\/editorialuees\/wp-content\/uploads\/elementor\/thumbs\/LIBRO7-pete5dkfpvjnd512blf9o996hux0bxjy9m0hatq5j8.jpg\" title=\"LIBRO7\" alt=\"LIBRO7\" \/>\t\t\t\t\t\t\t\t\t\t\t\t\t\t\t<\/div>\n\t\t\t\t<\/div>\n\t\t\t\t\t<\/div>\n\t\t<\/div>\n\t\t\t\t<div class=\"penci-ercol-50 penci-ercol-order-2 penci-sticky-ct  elementor-column elementor-col-50 elementor-top-column elementor-element elementor-element-3d1d332\" data-id=\"3d1d332\" data-element_type=\"column\">\n\t\t\t<div class=\"elementor-widget-wrap elementor-element-populated\">\n\t\t\t\t\t\t\t\t<div class=\"elementor-element elementor-element-e0c3e65 elementor-widget elementor-widget-penci-fancy_heading\" data-id=\"e0c3e65\" data-element_type=\"widget\" data-widget_type=\"penci-fancy_heading.default\">\n\t\t\t\t<div class=\"elementor-widget-container\">\n\t\t\t\t\t<div class=\"penci-fancy-heading penci-heading-text-left\">\r\n\t\t\t<div class=\"penci-fancy-heading-inner\">\r\n\t\t\t\t<p class=\"penci-heading-title\"><a href=\"https:\/\/www.uees.edu.sv\/editorialuees\/portfolio\/sacrificando-familias-navegando-leyes-trabajo-y-amor-a-traves-de-las-fronteras\/\">Sacrificando familias (navegando leyes, trabajo y amor a trav\u00e9s de las fronteras)<\/a><\/p><div class=\"penci-separator penci-separator- penci-separator-left\"><span class=\"penci-sep_holder penci-sep_holder_l\"><span class=\"penci-sep_line\"><\/span><\/span><span class=\"penci-sep_holder penci-sep_holder_r\"><span class=\"penci-sep_line\"><\/span><\/span><\/div><div class=\"penci-heading-content entry-content\"><p>T\u00edtulo: Sacrificando familias (navegando leyes, trabajo y amor a trav\u00e9s de las fronteras)<br \/>\nAutor: Leisy J. Abrego<br \/>\nEdici\u00f3n: 1\u00aa Edici\u00f3n en espa\u00f1ol, 2017<br \/>\nISBN: 978-99961-968-5-0<br \/>\nNo. P\u00e1ginas: 285<br \/>\nIdioma:  espa\u00f1ol<br \/>\n<strong>Costo: $10<\/strong><\/p>\n<\/div>\t\t\t<\/div>\r\n\t\t<\/div>\r\n\t\t\t\t<\/div>\n\t\t\t\t<\/div>\n\t\t\t\t\t<\/div>\n\t\t<\/div>\n\t\t\t\t\t\t\t<\/div>\n\t\t<\/section>\n\t\t\t\t<section class=\"penci-section penci-disSticky penci-structure-20 elementor-section elementor-top-section elementor-element elementor-element-c40e35e elementor-section-boxed elementor-section-height-default elementor-section-height-default\" data-id=\"c40e35e\" data-element_type=\"section\">\n\t\t\t\t\t\t<div class=\"elementor-container elementor-column-gap-default\">\n\t\t\t\t\t<div class=\"penci-ercol-50 penci-ercol-order-1 penci-sticky-ct  elementor-column elementor-col-50 elementor-top-column elementor-element elementor-element-0f0a35c\" data-id=\"0f0a35c\" data-element_type=\"column\">\n\t\t\t<div class=\"elementor-widget-wrap elementor-element-populated\">\n\t\t\t\t\t\t\t\t<div class=\"elementor-element elementor-element-71d6b35 elementor-widget elementor-widget-image\" data-id=\"71d6b35\" data-element_type=\"widget\" data-widget_type=\"image.default\">\n\t\t\t\t<div class=\"elementor-widget-container\">\n\t\t\t\t\t\t\t\t\t\t\t\t\t\t\t<img src=\"https:\/\/www.uees.edu.sv\/editorialuees\/wp-content\/uploads\/elementor\/thumbs\/a-medio-rostro-pete5cmlj1id1j2fh30n3rhpwh1n48g7xhcztjrjpg.jpg\" title=\"a medio rostro\" alt=\"a medio rostro\" \/>\t\t\t\t\t\t\t\t\t\t\t\t\t\t\t<\/div>\n\t\t\t\t<\/div>\n\t\t\t\t\t<\/div>\n\t\t<\/div>\n\t\t\t\t<div class=\"penci-ercol-50 penci-ercol-order-2 penci-sticky-ct  elementor-column elementor-col-50 elementor-top-column elementor-element elementor-element-b8b4aae\" data-id=\"b8b4aae\" data-element_type=\"column\">\n\t\t\t<div class=\"elementor-widget-wrap elementor-element-populated\">\n\t\t\t\t\t\t\t\t<div class=\"elementor-element elementor-element-a1c876c elementor-widget elementor-widget-penci-fancy_heading\" data-id=\"a1c876c\" data-element_type=\"widget\" data-widget_type=\"penci-fancy_heading.default\">\n\t\t\t\t<div class=\"elementor-widget-container\">\n\t\t\t\t\t<div class=\"penci-fancy-heading penci-heading-text-left\">\r\n\t\t\t<div class=\"penci-fancy-heading-inner\">\r\n\t\t\t\t<p class=\"penci-heading-title\"><a href=\"https:\/\/www.uees.edu.sv\/editorialuees\/portfolio\/a-medio-rostro-una-historia-de-milagros\/\">A medio rostro (una historia de milagros)<\/a><\/p><div class=\"penci-separator penci-separator- penci-separator-left\"><span class=\"penci-sep_holder penci-sep_holder_l\"><span class=\"penci-sep_line\"><\/span><\/span><span class=\"penci-sep_holder penci-sep_holder_r\"><span class=\"penci-sep_line\"><\/span><\/span><\/div><div class=\"penci-heading-content entry-content\"><p>T\u00edtulo: A medio rostro (una historia de milagros)<br \/>\nAutor: Santiago Leiva<br \/>\nEdici\u00f3n: 1\u00aa Edici\u00f3n, 2014<br \/>\nISBN:978-99961-916-2-6<br \/>\nNo. P\u00e1ginas: 127<br \/>\nIdioma: espa\u00f1ol<br \/>\n<strong>Costo: $7.00<\/strong><\/p>\n<\/div>\t\t\t<\/div>\r\n\t\t<\/div>\r\n\t\t\t\t<\/div>\n\t\t\t\t<\/div>\n\t\t\t\t\t<\/div>\n\t\t<\/div>\n\t\t\t\t\t\t\t<\/div>\n\t\t<\/section>\n\t\t\t\t<section class=\"penci-section penci-disSticky penci-structure-20 elementor-section elementor-top-section elementor-element elementor-element-3449737 elementor-section-boxed elementor-section-height-default elementor-section-height-default\" data-id=\"3449737\" data-element_type=\"section\">\n\t\t\t\t\t\t<div class=\"elementor-container elementor-column-gap-default\">\n\t\t\t\t\t<div class=\"penci-ercol-50 penci-ercol-order-1 penci-sticky-ct  elementor-column elementor-col-50 elementor-top-column elementor-element elementor-element-be70684\" data-id=\"be70684\" data-element_type=\"column\">\n\t\t\t<div class=\"elementor-widget-wrap elementor-element-populated\">\n\t\t\t\t\t\t\t\t<div class=\"elementor-element elementor-element-5e41081 elementor-widget elementor-widget-image\" data-id=\"5e41081\" data-element_type=\"widget\" data-widget_type=\"image.default\">\n\t\t\t\t<div class=\"elementor-widget-container\">\n\t\t\t\t\t\t\t\t\t\t\t\t\t\t\t<img src=\"https:\/\/www.uees.edu.sv\/editorialuees\/wp-content\/uploads\/elementor\/thumbs\/LIBRO8-pete5dkfpvjnd512blf9o996hux0bxjy9m0hatq5j8.jpg\" title=\"LIBRO8\" alt=\"LIBRO8\" \/>\t\t\t\t\t\t\t\t\t\t\t\t\t\t\t<\/div>\n\t\t\t\t<\/div>\n\t\t\t\t\t<\/div>\n\t\t<\/div>\n\t\t\t\t<div class=\"penci-ercol-50 penci-ercol-order-2 penci-sticky-ct  elementor-column elementor-col-50 elementor-top-column elementor-element elementor-element-d44e6cb\" data-id=\"d44e6cb\" data-element_type=\"column\">\n\t\t\t<div class=\"elementor-widget-wrap elementor-element-populated\">\n\t\t\t\t\t\t\t\t<div class=\"elementor-element elementor-element-a238a67 elementor-widget elementor-widget-penci-fancy_heading\" data-id=\"a238a67\" data-element_type=\"widget\" data-widget_type=\"penci-fancy_heading.default\">\n\t\t\t\t<div class=\"elementor-widget-container\">\n\t\t\t\t\t<div class=\"penci-fancy-heading penci-heading-text-left\">\r\n\t\t\t<div class=\"penci-fancy-heading-inner\">\r\n\t\t\t\t<p class=\"penci-heading-title\"><a href=\"https:\/\/www.uees.edu.sv\/editorialuees\/portfolio\/estudios-nahuat-pipiles\/\">Estudios n\u00e1huat pipiles\n<\/a><\/p><div class=\"penci-separator penci-separator- penci-separator-left\"><span class=\"penci-sep_holder penci-sep_holder_l\"><span class=\"penci-sep_line\"><\/span><\/span><span class=\"penci-sep_holder penci-sep_holder_r\"><span class=\"penci-sep_line\"><\/span><\/span><\/div><div class=\"penci-heading-content entry-content\"><p>T\u00edtulo: Estudios n\u00e1huat pipiles<br \/>\nAutor: Rafael Lara Mart\u00ednez<br \/>\nEdici\u00f3n: 1\u00aa Edici\u00f3n, 2017<br \/>\nISBN:978-99961-968-4-3<br \/>\nNo. P\u00e1ginas: 206<br \/>\nIdioma: espa\u00f1ol<br \/>\n<strong>Costo: $10.00<\/strong><\/p>\n<\/div>\t\t\t<\/div>\r\n\t\t<\/div>\r\n\t\t\t\t<\/div>\n\t\t\t\t<\/div>\n\t\t\t\t\t<\/div>\n\t\t<\/div>\n\t\t\t\t\t\t\t<\/div>\n\t\t<\/section>\n\t\t\t\t<section class=\"penci-section penci-disSticky penci-structure-10 elementor-section elementor-top-section elementor-element elementor-element-c272b5e elementor-section-boxed elementor-section-height-default elementor-section-height-default\" data-id=\"c272b5e\" data-element_type=\"section\">\n\t\t\t\t\t\t<div class=\"elementor-container elementor-column-gap-default\">\n\t\t\t\t\t<div class=\"penci-ercol-100 penci-ercol-order-1 penci-sticky-ct  elementor-column elementor-col-100 elementor-top-column elementor-element elementor-element-89d7659\" data-id=\"89d7659\" data-element_type=\"column\">\n\t\t\t<div class=\"elementor-widget-wrap elementor-element-populated\">\n\t\t\t\t\t\t\t\t<div class=\"elementor-element elementor-element-98cf7f5 elementor-widget elementor-widget-text-editor\" data-id=\"98cf7f5\" data-element_type=\"widget\" data-widget_type=\"text-editor.default\">\n\t\t\t\t<div class=\"elementor-widget-container\">\n\t\t\t\t\t\t\t\t<h6>\u00a0 \u00a0 \u00a0 \u00a0 \u00a0 \u00a0 \u00a0 \u00a0 \u00a0 \u00a0 \u00a0 \u00a0 \u00a0 \u00a0 \u00a0 \u00a0<\/h6><h6>\u00a0<\/h6><h6>\u00a0 \u00a0 \u00a0 \u00a0 \u00a0 \u00a0 \u00a0 \u00a0 \u00a0 \u00a0 \u00a0 \u00a0 \u00a0 \u00a0 \u00a0 \u00a0 \u00a0 \u00a0 \u00a0 \u00a0 \u00a0 \u00a0 \u00a0 \u00a0 \u00a0 \u00a0 \u00a0 \u00a0 \u00a0 \u00a0 \u00a0 \u00a0 \u00a0 \u00a0 \u00a0 \u00a0 \u00a0 \u00a0 \u00a0 \u00a0 \u00a0 \u00a0 \u00a0 \u00a0 \u00a0 \u00a0 \u00a0 \u00a0 \u00a0 \u00a0 <a href=\"https:\/\/www.uees.edu.sv\/editorialuees\/publicaciones-libros\/\">&lt;&lt;&lt;&lt;&lt;Anterior<\/a>\u00a0 \u00a0&#8211;\u00a0 \u00a0<a href=\"https:\/\/www.uees.edu.sv\/editorialuees\/publicaciones-libros-3-2\">Siguiente &gt;&gt;&gt;&gt;&gt;<\/a><\/h6>\t\t\t\t\t\t<\/div>\n\t\t\t\t<\/div>\n\t\t\t\t\t<\/div>\n\t\t<\/div>\n\t\t\t\t\t\t\t<\/div>\n\t\t<\/section>\n\t\t\t\t\t\t<\/div>\n\t\t\t\t\t<\/div>\n\t\t","protected":false},"excerpt":{"rendered":"<p>Resiliencia y calidad de vida. La psicolog\u00eda educacional en di\u00e1logo con otras disciplinas T\u00edtulo: Resiliencia&hellip;<\/p>\n","protected":false},"author":1,"featured_media":0,"parent":0,"menu_order":0,"comment_status":"closed","ping_status":"closed","template":"","meta":[],"_links":{"self":[{"href":"https:\/\/www.uees.edu.sv\/editorialuees\/wp-json\/wp\/v2\/pages\/2826"}],"collection":[{"href":"https:\/\/www.uees.edu.sv\/editorialuees\/wp-json\/wp\/v2\/pages"}],"about":[{"href":"https:\/\/www.uees.edu.sv\/editorialuees\/wp-json\/wp\/v2\/types\/page"}],"author":[{"embeddable":true,"href":"https:\/\/www.uees.edu.sv\/editorialuees\/wp-json\/wp\/v2\/users\/1"}],"replies":[{"embeddable":true,"href":"https:\/\/www.uees.edu.sv\/editorialuees\/wp-json\/wp\/v2\/comments?post=2826"}],"version-history":[{"count":41,"href":"https:\/\/www.uees.edu.sv\/editorialuees\/wp-json\/wp\/v2\/pages\/2826\/revisions"}],"predecessor-version":[{"id":3278,"href":"https:\/\/www.uees.edu.sv\/editorialuees\/wp-json\/wp\/v2\/pages\/2826\/revisions\/3278"}],"wp:attachment":[{"href":"https:\/\/www.uees.edu.sv\/editorialuees\/wp-json\/wp\/v2\/media?parent=2826"}],"curies":[{"name":"wp","href":"https:\/\/api.w.org\/{rel}","templated":true}]}}