{"id":1956,"date":"2021-09-21T15:16:45","date_gmt":"2021-09-21T15:16:45","guid":{"rendered":"https:\/\/www.uees.edu.sv\/editorialuees\/?page_id=1956"},"modified":"2023-03-03T17:26:09","modified_gmt":"2023-03-03T17:26:09","slug":"revista-ciencia-cultura-y-sociedad","status":"publish","type":"page","link":"https:\/\/www.uees.edu.sv\/editorialuees\/revista-ciencia-cultura-y-sociedad\/","title":{"rendered":"REVISTA CIENT\u00cdFICA"},"content":{"rendered":"\t\t<div data-elementor-type=\"wp-page\" data-elementor-id=\"1956\" class=\"elementor elementor-1956\" data-elementor-settings=\"[]\">\n\t\t\t\t\t\t\t<div class=\"elementor-section-wrap\">\n\t\t\t\t\t\t\t<section class=\"penci-section penci-disSticky penci-structure-00 elementor-section elementor-top-section elementor-element elementor-element-8ec36a1 elementor-section-boxed elementor-section-height-default elementor-section-height-default\" data-id=\"8ec36a1\" data-element_type=\"section\">\n\t\t\t\t\t\t<div class=\"elementor-container elementor-column-gap-default\">\n\t\t\t\t\t\t\t\t<\/div>\n\t\t<\/section>\n\t\t\t\t<section class=\"penci-section penci-disSticky penci-structure-10 elementor-section elementor-top-section elementor-element elementor-element-1a21058 elementor-section-boxed elementor-section-height-default elementor-section-height-default\" data-id=\"1a21058\" data-element_type=\"section\">\n\t\t\t\t\t\t<div class=\"elementor-container elementor-column-gap-default\">\n\t\t\t\t\t<div class=\"penci-ercol-100 penci-ercol-order-1 penci-sticky-ct  elementor-column elementor-col-100 elementor-top-column elementor-element elementor-element-eca5101\" data-id=\"eca5101\" data-element_type=\"column\">\n\t\t\t<div class=\"elementor-widget-wrap elementor-element-populated\">\n\t\t\t\t\t\t\t\t<div class=\"elementor-element elementor-element-629a922 elementor-widget elementor-widget-image\" data-id=\"629a922\" data-element_type=\"widget\" data-widget_type=\"image.default\">\n\t\t\t\t<div class=\"elementor-widget-container\">\n\t\t\t\t\t\t\t\t\t\t\t\t\t\t\t<img width=\"1024\" height=\"480\" src=\"https:\/\/www.uees.edu.sv\/editorialuees\/wp-content\/uploads\/2023\/03\/banner_editoriales-1024x480.jpg\" class=\"attachment-large size-large\" alt=\"\" loading=\"lazy\" srcset=\"https:\/\/www.uees.edu.sv\/editorialuees\/wp-content\/uploads\/2023\/03\/banner_editoriales-1024x480.jpg 1024w, https:\/\/www.uees.edu.sv\/editorialuees\/wp-content\/uploads\/2023\/03\/banner_editoriales-300x141.jpg 300w, https:\/\/www.uees.edu.sv\/editorialuees\/wp-content\/uploads\/2023\/03\/banner_editoriales-768x360.jpg 768w, https:\/\/www.uees.edu.sv\/editorialuees\/wp-content\/uploads\/2023\/03\/banner_editoriales-1170x549.jpg 1170w, https:\/\/www.uees.edu.sv\/editorialuees\/wp-content\/uploads\/2023\/03\/banner_editoriales-585x275.jpg 585w, https:\/\/www.uees.edu.sv\/editorialuees\/wp-content\/uploads\/2023\/03\/banner_editoriales-150x70.jpg 150w, https:\/\/www.uees.edu.sv\/editorialuees\/wp-content\/uploads\/2023\/03\/banner_editoriales-500x235.jpg 500w, https:\/\/www.uees.edu.sv\/editorialuees\/wp-content\/uploads\/2023\/03\/banner_editoriales.jpg 1300w\" sizes=\"(max-width: 1024px) 100vw, 1024px\" \/>\t\t\t\t\t\t\t\t\t\t\t\t\t\t\t<\/div>\n\t\t\t\t<\/div>\n\t\t\t\t\t<\/div>\n\t\t<\/div>\n\t\t\t\t\t\t\t<\/div>\n\t\t<\/section>\n\t\t\t\t<section class=\"penci-section penci-disSticky penci-structure-10 elementor-section elementor-top-section elementor-element elementor-element-fcd50b1 elementor-section-boxed elementor-section-height-default elementor-section-height-default\" data-id=\"fcd50b1\" data-element_type=\"section\">\n\t\t\t\t\t\t<div class=\"elementor-container elementor-column-gap-default\">\n\t\t\t\t\t<div class=\"penci-ercol-100 penci-ercol-order-1 penci-sticky-ct  elementor-column elementor-col-100 elementor-top-column elementor-element elementor-element-9cc2c11\" data-id=\"9cc2c11\" data-element_type=\"column\">\n\t\t\t<div class=\"elementor-widget-wrap elementor-element-populated\">\n\t\t\t\t\t\t\t\t<div class=\"elementor-element elementor-element-75aa011 elementor-widget elementor-widget-penci-text-block\" data-id=\"75aa011\" data-element_type=\"widget\" data-widget_type=\"penci-text-block.default\">\n\t\t\t\t<div class=\"elementor-widget-container\">\n\t\t\t\t\t<div class=\"penci-block-vc penci-text-editor\">\r\n\t\t\t\t\t\t<div class=\"penci-block_content\">\r\n\t\t\t\t<div class=\"elementor-text-editor elementor-clearfix\"><h1 style=\"text-align: center;\"><span style=\"font-family: arial, helvetica, sans-serif; font-size: 18pt;\"><strong>CIENCIA, CULTURA Y SOCIEDAD<\/strong><\/span><\/h1><\/div>\r\n\t\t\t<\/div>\r\n\t\t<\/div>\r\n\t\t\t\t<\/div>\n\t\t\t\t<\/div>\n\t\t\t\t\t<\/div>\n\t\t<\/div>\n\t\t\t\t\t\t\t<\/div>\n\t\t<\/section>\n\t\t\t\t<section class=\"penci-section penci-disSticky penci-structure-10 elementor-section elementor-top-section elementor-element elementor-element-fa02b53 elementor-section-boxed elementor-section-height-default elementor-section-height-default\" data-id=\"fa02b53\" data-element_type=\"section\">\n\t\t\t\t\t\t<div class=\"elementor-container elementor-column-gap-default\">\n\t\t\t\t\t<div class=\"penci-ercol-100 penci-ercol-order-1 penci-sticky-ct  elementor-column elementor-col-100 elementor-top-column elementor-element elementor-element-2577f48\" data-id=\"2577f48\" data-element_type=\"column\">\n\t\t\t<div class=\"elementor-widget-wrap elementor-element-populated\">\n\t\t\t\t\t\t\t\t<div class=\"elementor-element elementor-element-589527d elementor-widget elementor-widget-heading\" data-id=\"589527d\" data-element_type=\"widget\" data-widget_type=\"heading.default\">\n\t\t\t\t<div class=\"elementor-widget-container\">\n\t\t\t<h2 class=\"elementor-heading-title elementor-size-default\"><a href=\"https:\/\/www.camjol.info\/index.php\/CCS\">Ir a las Revistas<\/a><\/h2>\t\t<\/div>\n\t\t\t\t<\/div>\n\t\t\t\t\t<\/div>\n\t\t<\/div>\n\t\t\t\t\t\t\t<\/div>\n\t\t<\/section>\n\t\t\t\t<section class=\"penci-section penci-disSticky penci-structure-10 elementor-section elementor-top-section elementor-element elementor-element-d99225a elementor-section-boxed elementor-section-height-default elementor-section-height-default\" data-id=\"d99225a\" data-element_type=\"section\">\n\t\t\t\t\t\t<div class=\"elementor-container elementor-column-gap-default\">\n\t\t\t\t\t<div class=\"penci-ercol-100 penci-ercol-order-1 penci-sticky-ct  elementor-column elementor-col-100 elementor-top-column elementor-element elementor-element-18d26ef\" data-id=\"18d26ef\" data-element_type=\"column\">\n\t\t\t<div class=\"elementor-widget-wrap elementor-element-populated\">\n\t\t\t\t\t\t\t\t<div class=\"elementor-element elementor-element-9f53c94 elementor-widget elementor-widget-toggle\" data-id=\"9f53c94\" data-element_type=\"widget\" data-widget_type=\"toggle.default\">\n\t\t\t\t<div class=\"elementor-widget-container\">\n\t\t\t\t\t<div class=\"elementor-toggle\" role=\"tablist\">\n\t\t\t\t\t\t\t<div class=\"elementor-toggle-item\">\n\t\t\t\t\t<div id=\"elementor-tab-title-1671\" class=\"elementor-tab-title\" data-tab=\"1\" role=\"tab\" aria-controls=\"elementor-tab-content-1671\" aria-expanded=\"false\">\n\t\t\t\t\t\t\t\t\t\t\t\t<span class=\"elementor-toggle-icon elementor-toggle-icon-left\" aria-hidden=\"true\">\n\t\t\t\t\t\t\t\t\t\t\t\t\t\t\t<span class=\"elementor-toggle-icon-closed\"><i class=\"fas fa-caret-right\"><\/i><\/span>\n\t\t\t\t\t\t\t\t<span class=\"elementor-toggle-icon-opened\"><i class=\"elementor-toggle-icon-opened fas fa-caret-up\"><\/i><\/span>\n\t\t\t\t\t\t\t\t\t\t\t\t\t<\/span>\n\t\t\t\t\t\t\t\t\t\t\t\t<a href=\"\" class=\"elementor-toggle-title\">COMIT\u00c9 DE REVISTAS CIENT\u00cdFICAS UEES 2021-2022<\/a>\n\t\t\t\t\t<\/div>\n\t\t\t\t\t<div id=\"elementor-tab-content-1671\" class=\"elementor-tab-content elementor-clearfix\" data-tab=\"1\" role=\"tabpanel\" aria-labelledby=\"elementor-tab-title-1671\"><p><span style=\"font-size: 14pt;\"><strong>Comit\u00e9 Editorial revista <em>Ciencia, Cultura y Sociedad <\/em><\/strong><\/span><\/p><p><strong>Norma Hern\u00e1ndez Escobar, Mtra.<br \/><\/strong>Directora Editorial<\/p><p><strong>Lya Ayala Arteaga<br \/><\/strong>Revisora editorial<\/p><p><strong>Guillermo Cu\u00e9llar-Barandiar\u00e1n, MSc.<br \/><\/strong>Antrop\u00f3logo e investigador<br \/>Universidad Tecnol\u00f3gica de El Salvador<\/p><p><strong>Cristina Mu\u00f1oz, Mtra.<br \/><\/strong>Docente investigadora de educaci\u00f3n especial<br \/>Ministerio de Educaci\u00f3n<\/p><p><strong>Gustavo Paniagua<br \/><\/strong>Psic\u00f3logo docente investigador<br \/>Universidad Evang\u00e9lica de El Salvador<br \/>Academia Brit\u00e1nica Cuscatleca<\/p><p><strong>Fabio Bautista, MSc.<br \/><\/strong>Ingeniero agr\u00f3nomo e investigador<br \/>Especialista en estad\u00edstica<br \/>Universidad Tecnol\u00f3gica de El Salvador<\/p><p><strong>Gesti\u00f3n de indexaci\u00f3n<br \/><\/strong><strong>Lcda. Beyra V\u00e1squez<br \/><\/strong>Directora de Biblioteca<br \/>Universidad Evang\u00e9lica<\/p><p><strong>Kevin Cruz<br \/>Bibliotec\u00f3logo<\/strong><\/p><p><strong>Traducci\u00f3n al idioma ingl\u00e9s<br \/><\/strong><strong>Katherine V\u00e1zquez<\/strong><\/p><p><strong>Dise\u00f1o grafica editorial<br \/><\/strong><strong>Lcda. Gabriela Lara Rivas<\/strong><\/p><p><strong>Consejo Cient\u00edfico Internacional<br \/><\/strong><strong>V\u00edctor Rey R\u00edquelme, MSc.<br \/><\/strong>M\u00e1ster en Comunicaci\u00f3n Social<br \/>Director del Servicio de Estudios de la Realidad<br \/>Santiago de Chile<\/p><p><strong>Benjam\u00edn Moallic, PhD.<br \/><\/strong>Escuela de Estudios Superiores en Ciencias Sociales<br \/>Francia<br \/>(EHESS)<\/p><p><strong>Rafael Lara-Mart\u00ednez, PhD.<br \/><\/strong>Tecnol\u00f3gico de Nuevo M\u00e9xico<\/p><p><strong>D\u00e9bora Mainegra Fern\u00e1ndez, PhD.<br \/><\/strong>Docente de la Universidad de Pinar del R\u00edo \u00abHermanos<br \/>Sa\u00edz Montes de Oca\u00bb Cuba<\/p><p><strong>Claudio Rama, PhD.<br \/><\/strong>Especialista en educaci\u00f3n superior en Am\u00e9rica Latina<br \/>Uruguay<\/p><p><strong>Consejo cient\u00edfico no permanente<br \/><\/strong><strong>Ana Iris Pe\u00f1a Ortiz<br \/><\/strong>M\u00e1ster en Estad\u00edstica<br \/>Fiscal\u00eda General de la Rep\u00fablica<\/p><p><strong>Jos\u00e9 Luis Guill\u00e9n<br \/><\/strong>Ingeniero agr\u00f3nomo e investigador, docente Universidad Evang\u00e9lica de<br \/>El Salvador<\/p><p><strong>Gabriel Gir\u00f3n<br \/><\/strong>Licenciado en Teolog\u00eda Facultad de Ciencias Sociales<br \/>Universidad Evang\u00e9lica de El Salvador<\/p><p><strong>Camila Calles, PhD.<br \/><\/strong>Investigadora Universidad Tecnol\u00f3gica de El Salvador<\/p><p><strong>Jos\u00e9 Castillo<br \/><\/strong>Ingeniero en Sistemas<br \/>Maestro en Investigaci\u00f3n<br \/>Universidad Evang\u00e9lica de El Salvador<\/p><\/div>\n\t\t\t\t<\/div>\n\t\t\t\t\t\t\t<div class=\"elementor-toggle-item\">\n\t\t\t\t\t<div id=\"elementor-tab-title-1672\" class=\"elementor-tab-title\" data-tab=\"2\" role=\"tab\" aria-controls=\"elementor-tab-content-1672\" aria-expanded=\"false\">\n\t\t\t\t\t\t\t\t\t\t\t\t<span class=\"elementor-toggle-icon elementor-toggle-icon-left\" aria-hidden=\"true\">\n\t\t\t\t\t\t\t\t\t\t\t\t\t\t\t<span class=\"elementor-toggle-icon-closed\"><i class=\"fas fa-caret-right\"><\/i><\/span>\n\t\t\t\t\t\t\t\t<span class=\"elementor-toggle-icon-opened\"><i class=\"elementor-toggle-icon-opened fas fa-caret-up\"><\/i><\/span>\n\t\t\t\t\t\t\t\t\t\t\t\t\t<\/span>\n\t\t\t\t\t\t\t\t\t\t\t\t<a href=\"\" class=\"elementor-toggle-title\">INSTRUCCIONES  PARA AUTORES<\/a>\n\t\t\t\t\t<\/div>\n\t\t\t\t\t<div id=\"elementor-tab-content-1672\" class=\"elementor-tab-content elementor-clearfix\" data-tab=\"2\" role=\"tabpanel\" aria-labelledby=\"elementor-tab-title-1672\"><table border=\"0\" width=\"600\" cellspacing=\"10\" cellpadding=\"10\" align=\"center\"><tbody><tr><td style=\"text-align: center;\" width=\"492\"><p><a href=\"https:\/\/www.uees.edu.sv\/editorialuees\/wp-content\/uploads\/2021\/10\/Instrucciones-para-autores-Revista-CCS.pdf\" target=\"_blank\" rel=\"noopener\"><img loading=\"lazy\" class=\"alignnone\" src=\"https:\/\/www.uees.edu.sv\/editorialuees\/wp-content\/uploads\/2021\/09\/pdf1.png\" data-rel=\"penci-gallery-image-content\"  alt=\"\" width=\"125\" height=\"125\" \/><\/a><\/p><\/td><td style=\"text-align: center;\" width=\"488\"><a href=\"https:\/\/www.uees.edu.sv\/editorialuees\/wp-content\/uploads\/2021\/09\/Normas-APA-Sexta-Edicion.pdf\" target=\"_blank\" rel=\"noopener\"><img loading=\"lazy\" src=\"https:\/\/www.uees.edu.sv\/editorialuees\/wp-content\/uploads\/2021\/09\/pdf1.png\" alt=\"\" width=\"125\" height=\"127\" \/><\/a><\/td><\/tr><tr><td style=\"text-align: center;\" align=\"center\">LINIAMIENTOS PARA AUTORES<br \/>REVISTA CIENT\u00cdFICA CIENCIA, CULTURA Y SOCIEDAD<\/td><td style=\"text-align: center;\" align=\"center\">MANUAL DE ESTILO DE<br \/>PUBLICACIONES DE LAS NORMAS APA<\/td><\/tr><\/tbody><\/table><\/div>\n\t\t\t\t<\/div>\n\t\t\t\t\t\t\t\t<\/div>\n\t\t\t\t<\/div>\n\t\t\t\t<\/div>\n\t\t\t\t\t<\/div>\n\t\t<\/div>\n\t\t\t\t\t\t\t<\/div>\n\t\t<\/section>\n\t\t\t\t<section class=\"penci-section penci-disSticky penci-structure-10 elementor-section elementor-top-section elementor-element elementor-element-ff83a3a elementor-section-boxed elementor-section-height-default elementor-section-height-default\" data-id=\"ff83a3a\" data-element_type=\"section\">\n\t\t\t\t\t\t<div class=\"elementor-container elementor-column-gap-default\">\n\t\t\t\t\t<div class=\"penci-ercol-100 penci-ercol-order-1 penci-sticky-ct  elementor-column elementor-col-100 elementor-top-column elementor-element elementor-element-6c3d9a8a\" data-id=\"6c3d9a8a\" data-element_type=\"column\">\n\t\t\t<div class=\"elementor-widget-wrap elementor-element-populated\">\n\t\t\t\t\t\t\t\t<div class=\"elementor-element elementor-element-282f03b elementor-widget elementor-widget-penci-fancy_heading\" data-id=\"282f03b\" data-element_type=\"widget\" data-widget_type=\"penci-fancy_heading.default\">\n\t\t\t\t<div class=\"elementor-widget-container\">\n\t\t\t\t\t<div class=\"penci-fancy-heading penci-heading-text-center\">\r\n\t\t\t<div class=\"penci-fancy-heading-inner\">\r\n\t\t\t\t\t\t\t<\/div>\r\n\t\t<\/div>\r\n\t\t\t\t<\/div>\n\t\t\t\t<\/div>\n\t\t\t\t<div class=\"elementor-element elementor-element-1d0f8d28 elementor-widget elementor-widget-text-editor\" data-id=\"1d0f8d28\" data-element_type=\"widget\" data-widget_type=\"text-editor.default\">\n\t\t\t\t<div class=\"elementor-widget-container\">\n\t\t\t\t\t\t\t\t<table style=\"border-collapse: collapse; width: 100%;\"><tbody><tr><td style=\"width: 25%;\"><a href=\"https:\/\/www.lamjol.info\/index.php\/CCS\/issue\/view\/1715?fbclid=IwAR2cSTKOu8rXfGgguNjw5RlQ-1vSwugzl6gq8ogrZzF_strnvhslZRzLddE\" target=\"_blank\" rel=\"noopener\">Vol. 8 No. 1<\/a><\/td><td style=\"width: 25%;\"><a href=\"http:\/\/dsuees.uees.edu.sv\/xmlui\/handle\/20.500.11885\/509\">Vol. 7 No. 1<\/a><\/td><td style=\"width: 25%;\">\u00a0<\/td><td style=\"width: 25%;\">\u00a0<\/td><\/tr><tr><td style=\"width: 25%;\"><a href=\"https:\/\/www.lamjol.info\/index.php\/CCS\/issue\/view\/1715?fbclid=IwAR2cSTKOu8rXfGgguNjw5RlQ-1vSwugzl6gq8ogrZzF_strnvhslZRzLddE\" target=\"_blank\" rel=\"noopener\"><img loading=\"lazy\" class=\"alignright size-full wp-image-3735\" src=\"https:\/\/www.uees.edu.sv\/editorialuees\/wp-content\/uploads\/2023\/01\/ccs_v8n1.jpg\" data-rel=\"penci-gallery-image-content\"  alt=\"\" width=\"300\" height=\"422\" srcset=\"https:\/\/www.uees.edu.sv\/editorialuees\/wp-content\/uploads\/2023\/01\/ccs_v8n1.jpg 300w, https:\/\/www.uees.edu.sv\/editorialuees\/wp-content\/uploads\/2023\/01\/ccs_v8n1-213x300.jpg 213w, https:\/\/www.uees.edu.sv\/editorialuees\/wp-content\/uploads\/2023\/01\/ccs_v8n1-150x211.jpg 150w\" sizes=\"(max-width: 300px) 100vw, 300px\" \/><\/a><\/td><td style=\"width: 25%;\"><a href=\"http:\/\/dsuees.uees.edu.sv\/xmlui\/handle\/20.500.11885\/509\"><img loading=\"lazy\" class=\"alignnone size-full wp-image-3601\" src=\"https:\/\/www.uees.edu.sv\/editorialuees\/wp-content\/uploads\/2022\/03\/CCS_VOL7_NO1.png\" alt=\"\" width=\"248\" height=\"347\" srcset=\"https:\/\/www.uees.edu.sv\/editorialuees\/wp-content\/uploads\/2022\/03\/CCS_VOL7_NO1.png 248w, https:\/\/www.uees.edu.sv\/editorialuees\/wp-content\/uploads\/2022\/03\/CCS_VOL7_NO1-214x300.png 214w, https:\/\/www.uees.edu.sv\/editorialuees\/wp-content\/uploads\/2022\/03\/CCS_VOL7_NO1-150x210.png 150w\" sizes=\"(max-width: 248px) 100vw, 248px\" \/><\/a><\/td><td style=\"width: 25%;\">\u00a0<\/td><td style=\"width: 25%;\">\u00a0<\/td><\/tr><\/tbody><\/table><table style=\"height: 845px;\" border=\"0\" width=\"700\" cellspacing=\"0\" cellpadding=\"0\" align=\"center\"><tbody><tr><td style=\"width: 169.992px;\" align=\"center\" valign=\"top\">Vol. 6. No. 2<br \/><a href=\"http:\/\/dsuees.uees.edu.sv\/xmlui\/handle\/20.500.11885\/456\" target=\"_blank\" rel=\"noopener noreferrer\"><img loading=\"lazy\" class=\"alignnone wp-image-27633 \" src=\"https:\/\/www.uees.edu.sv\/editorialuees\/wp-content\/uploads\/2021\/10\/6_2.jpg\" data-rel=\"penci-gallery-image-content\"  alt=\"\" width=\"150\" height=\"200\" \/><\/a><\/td><td style=\"width: 169.992px;\" align=\"center\" valign=\"top\">Vol. 6. No. 1<br \/><a href=\"http:\/\/dsuees.uees.edu.sv\/xmlui\/handle\/20.500.11885\/441\" target=\"_blank\" rel=\"noopener noreferrer\"><img loading=\"lazy\" class=\"alignnone wp-image-27633 \" src=\"https:\/\/www.uees.edu.sv\/editorialuees\/wp-content\/uploads\/2021\/10\/6_1.jpg\" alt=\"\" width=\"150\" height=\"200\" \/><\/a><\/td><td style=\"width: 169.992px;\" align=\"center\" valign=\"top\">Vol. 5. No. 2<br \/><a href=\"http:\/\/dsuees.uees.edu.sv\/xmlui\/handle\/20.500.11885\/387\" target=\"_blank\" rel=\"noopener noreferrer\"><img loading=\"lazy\" class=\"alignnone wp-image-27633 \" src=\"https:\/\/www.uees.edu.sv\/editorialuees\/wp-content\/uploads\/2021\/10\/5_2.png\" data-rel=\"penci-gallery-image-content\"  alt=\"\" width=\"150\" height=\"200\" \/><\/a><\/td><td style=\"width: 169.992px;\" align=\"center\" valign=\"top\">Vol. 5. No. 1<br \/><a href=\"http:\/\/dsuees.uees.edu.sv\/xmlui\/handle\/20.500.11885\/386\" target=\"_blank\" rel=\"noopener noreferrer\"><img loading=\"lazy\" class=\"alignnone wp-image-27633 \" src=\"https:\/\/www.uees.edu.sv\/editorialuees\/wp-content\/uploads\/2021\/10\/5_1.jpg\" alt=\"\" width=\"150\" height=\"200\" \/><\/a><\/td><\/tr><tr><td style=\"width: 169.992px;\" align=\"center\" valign=\"top\">Vol. 4. No. 2<br \/><a href=\"http:\/\/dsuees.uees.edu.sv\/xmlui\/handle\/20.500.11885\/335\" target=\"_blank\" rel=\"noopener noreferrer\"><img loading=\"lazy\" class=\"alignnone wp-image-27633 \" src=\"https:\/\/www.uees.edu.sv\/editorialuees\/wp-content\/uploads\/2021\/10\/ciencia_cultura4-221x300-1.jpg\" data-rel=\"penci-gallery-image-content\"  alt=\"\" width=\"150\" height=\"200\" \/><\/a><\/td><td style=\"width: 169.992px;\" align=\"center\" valign=\"top\">Vol. 4. No. 1<br \/><a href=\"https:\/\/www.lamjol.info\/index.php\/CCS\"><img loading=\"lazy\" class=\"alignnone wp-image-21531\" src=\"https:\/\/www.uees.edu.sv\/wp-content\/uploads\/2017\/10\/Revista-Ciencia-Cultura-y-Sociedad-Vol.4-N\u00b01-215x300.png\" alt=\"\" width=\"150\" height=\"200\" \/><\/a><\/td><td style=\"width: 169.992px;\" align=\"center\" valign=\"top\">Vol.3. No. 2<br \/><a href=\"http:\/\/dsuees.uees.edu.sv\/xmlui\/handle\/20.500.11885\/256\"><img loading=\"lazy\" class=\"alignnone wp-image-19374\" src=\"https:\/\/www.uees.edu.sv\/wp-content\/uploads\/2017\/10\/libro6.png\" data-rel=\"penci-gallery-image-content\"  alt=\"\" width=\"150\" height=\"200\" \/><\/a><\/td><td style=\"width: 169.992px;\" align=\"center\" valign=\"top\">Vol. 3. No. 1<br \/><a href=\"http:\/\/dsuees.uees.edu.sv\/xmlui\/handle\/20.500.11885\/222\"><img loading=\"lazy\" class=\"alignnone wp-image-19373\" src=\"https:\/\/www.uees.edu.sv\/wp-content\/uploads\/2017\/10\/libro5.png\" alt=\"\" width=\"150\" height=\"200\" \/><\/a><\/td><\/tr><tr><td style=\"width: 169.992px;\" align=\"center\" valign=\"top\">Vol. 2. No. 2<br \/><a href=\"http:\/\/dsuees.uees.edu.sv\/xmlui\/handle\/20.500.11885\/195\"><img loading=\"lazy\" class=\"alignnone wp-image-19372\" src=\"https:\/\/www.uees.edu.sv\/wp-content\/uploads\/2017\/10\/libro4.png\" data-rel=\"penci-gallery-image-content\"  alt=\"\" width=\"150\" height=\"200\" \/><\/a><\/td><td style=\"width: 169.992px;\" align=\"center\" valign=\"top\">Vol. 2. No. 1<br \/><a href=\"http:\/\/dsuees.uees.edu.sv\/xmlui\/handle\/20.500.11885\/73\"><img loading=\"lazy\" class=\"alignnone wp-image-19378\" src=\"https:\/\/www.uees.edu.sv\/wp-content\/uploads\/2017\/10\/libro3.jpg\" alt=\"\" width=\"150\" height=\"200\" \/><\/a><\/td><td style=\"width: 169.992px;\" align=\"center\" valign=\"top\">Vol 1. No. 2<br \/><a href=\"http:\/\/dsuees.uees.edu.sv\/xmlui\/handle\/20.500.11885\/72\"><img loading=\"lazy\" class=\"alignnone wp-image-19376\" src=\"https:\/\/www.uees.edu.sv\/wp-content\/uploads\/2017\/10\/libro2.jpg\" data-rel=\"penci-gallery-image-content\"  alt=\"\" width=\"150\" height=\"200\" \/><\/a><\/td><td style=\"width: 169.992px;\" align=\"center\" valign=\"top\">Vol. 1. No.<br \/><a href=\"http:\/\/dsuees.uees.edu.sv\/xmlui\/handle\/20.500.11885\/58\"><img loading=\"lazy\" class=\"alignnone wp-image-19375\" src=\"https:\/\/www.uees.edu.sv\/wp-content\/uploads\/2017\/10\/libro1.jpg\" alt=\"\" width=\"150\" height=\"200\" \/><\/a><\/td><\/tr><\/tbody><\/table>\t\t\t\t\t\t<\/div>\n\t\t\t\t<\/div>\n\t\t\t\t\t<\/div>\n\t\t<\/div>\n\t\t\t\t\t\t\t<\/div>\n\t\t<\/section>\n\t\t\t\t\t\t<\/div>\n\t\t\t\t\t<\/div>\n\t\t","protected":false},"excerpt":{"rendered":"<p>&nbsp; CIENCIA, CULTURA Y SOCIEDAD COMIT\u00c9 DE REVISTAS CIENT\u00cdFICAS UEES 2021-2022 Comit\u00e9 Editorial revista Ciencia,&hellip;<\/p>\n","protected":false},"author":1,"featured_media":0,"parent":0,"menu_order":0,"comment_status":"closed","ping_status":"closed","template":"","meta":[],"_links":{"self":[{"href":"https:\/\/www.uees.edu.sv\/editorialuees\/wp-json\/wp\/v2\/pages\/1956"}],"collection":[{"href":"https:\/\/www.uees.edu.sv\/editorialuees\/wp-json\/wp\/v2\/pages"}],"about":[{"href":"https:\/\/www.uees.edu.sv\/editorialuees\/wp-json\/wp\/v2\/types\/page"}],"author":[{"embeddable":true,"href":"https:\/\/www.uees.edu.sv\/editorialuees\/wp-json\/wp\/v2\/users\/1"}],"replies":[{"embeddable":true,"href":"https:\/\/www.uees.edu.sv\/editorialuees\/wp-json\/wp\/v2\/comments?post=1956"}],"version-history":[{"count":76,"href":"https:\/\/www.uees.edu.sv\/editorialuees\/wp-json\/wp\/v2\/pages\/1956\/revisions"}],"predecessor-version":[{"id":3791,"href":"https:\/\/www.uees.edu.sv\/editorialuees\/wp-json\/wp\/v2\/pages\/1956\/revisions\/3791"}],"wp:attachment":[{"href":"https:\/\/www.uees.edu.sv\/editorialuees\/wp-json\/wp\/v2\/media?parent=1956"}],"curies":[{"name":"wp","href":"https:\/\/api.w.org\/{rel}","templated":true}]}}