{"id":1863,"date":"2021-09-20T17:12:04","date_gmt":"2021-09-20T17:12:04","guid":{"rendered":"https:\/\/www.uees.edu.sv\/editorialuees\/?page_id=1863"},"modified":"2023-03-07T21:51:45","modified_gmt":"2023-03-07T21:51:45","slug":"direccion-de-publicacion","status":"publish","type":"page","link":"https:\/\/www.uees.edu.sv\/editorialuees\/direccion-de-publicacion\/","title":{"rendered":"Direcci\u00f3n de Publicaciones"},"content":{"rendered":"\t\t<div data-elementor-type=\"wp-page\" data-elementor-id=\"1863\" class=\"elementor elementor-1863\" data-elementor-settings=\"[]\">\n\t\t\t\t\t\t\t<div class=\"elementor-section-wrap\">\n\t\t\t\t\t\t\t<section class=\"penci-section penci-disSticky penci-structure-10 elementor-section elementor-top-section elementor-element elementor-element-6a75bab3 elementor-section-boxed elementor-section-height-default elementor-section-height-default\" data-id=\"6a75bab3\" data-element_type=\"section\">\n\t\t\t\t\t\t<div class=\"elementor-container elementor-column-gap-default\">\n\t\t\t\t\t<div class=\"penci-ercol-100 penci-ercol-order-1 penci-sticky-ct  elementor-column elementor-col-100 elementor-top-column elementor-element elementor-element-4fb91cd\" data-id=\"4fb91cd\" data-element_type=\"column\">\n\t\t\t<div class=\"elementor-widget-wrap elementor-element-populated\">\n\t\t\t\t\t\t\t\t<div class=\"elementor-element elementor-element-29be48d9 elementor-widget elementor-widget-text-editor\" data-id=\"29be48d9\" data-element_type=\"widget\" data-widget_type=\"text-editor.default\">\n\t\t\t\t<div class=\"elementor-widget-container\">\n\t\t\t\t\t\t\t\t<!-- wp:paragraph {\"align\":\"center\"} --><!-- \/wp:paragraph -->\n<p style=\"text-align: justify;\"><img loading=\"lazy\" class=\"size-full wp-image-3801 aligncenter\" src=\"https:\/\/www.uees.edu.sv\/editorialuees\/wp-content\/uploads\/2023\/03\/Editorial-UEES2.png\" alt=\"\" width=\"800\" height=\"600\" srcset=\"https:\/\/www.uees.edu.sv\/editorialuees\/wp-content\/uploads\/2023\/03\/Editorial-UEES2.png 800w, https:\/\/www.uees.edu.sv\/editorialuees\/wp-content\/uploads\/2023\/03\/Editorial-UEES2-300x225.png 300w, https:\/\/www.uees.edu.sv\/editorialuees\/wp-content\/uploads\/2023\/03\/Editorial-UEES2-768x576.png 768w, https:\/\/www.uees.edu.sv\/editorialuees\/wp-content\/uploads\/2023\/03\/Editorial-UEES2-585x439.png 585w, https:\/\/www.uees.edu.sv\/editorialuees\/wp-content\/uploads\/2023\/03\/Editorial-UEES2-150x113.png 150w, https:\/\/www.uees.edu.sv\/editorialuees\/wp-content\/uploads\/2023\/03\/Editorial-UEES2-500x375.png 500w\" sizes=\"(max-width: 800px) 100vw, 800px\" \/><\/p>\n<p>\u00a0<\/p>\n<p style=\"text-align: justify;\">La Direcci\u00f3n de Publicaciones se cre\u00f3 para visibilizar la producci\u00f3n cient\u00edfica de la Universidad Evang\u00e9lica de El Salvador (UEES). Toda la producci\u00f3n generada por las investigaciones y la innovaci\u00f3n se publican en revistas cient\u00edficas, manuales de c\u00e1tedra, anuarios de investigaci\u00f3n en c\u00e1tedra y libros de las distintas disciplinas del conocimiento de autores internos y externos bajo el sello <em>Editorial UEES.<\/em><\/p>\n<p style=\"text-align: justify;\"><em>Editorial UEES<\/em> est\u00e1 adscrita a la Vicerrector\u00eda de Investigaci\u00f3n y Proyecci\u00f3n Social (VRIPS), responsable de dinamizar la investigaci\u00f3n y trabajar con las tres funciones sustantivas prioritarias para esta casa de estudios superiores: <em>Investigaci\u00f3n, Proyecci\u00f3n Social y Difusi\u00f3n Cient\u00edfica.<\/em><\/p>\n<p style=\"text-align: justify;\">Es as\u00ed que la Direcci\u00f3n de Publicaciones tiene a su cargo la edici\u00f3n de las revistas semestrales, indexadas y arbitradas <em>Crea Ciencia<\/em> que publica art\u00edculos en las ciencias de la salud; y revista Ciencia<em>, Cultura y Sociedad<\/em>, art\u00edculos de historia, antropolog\u00eda, educaci\u00f3n, ingenier\u00edas y Ciencias Empresariales y Teol\u00f3gicas. Ambas publicaciones tienen acceso abierto.<\/p>\n<p style=\"text-align: justify;\">\u00a0<em><br \/><\/em>De esta manera, nos complace dar la bienvenida a toda la comunidad universitaria e invitarlos a conocer los diferentes t\u00edtulos que conforman el cat\u00e1logo de la producci\u00f3n acad\u00e9mica-cient\u00edfica de la UEES.<\/p>\n<p style=\"text-align: justify;\">publicada en coordinaci\u00f3n con el Departamento de Teolog\u00eda; Revistas de acceso abierto. Nos complace dar la bienvenida a toda la comunidad universitaria e invitarlos a conocer los diferentes t\u00edtulos que conforman el cat\u00e1logo de publicaciones UEES.<\/p>\t\t\t\t\t\t<\/div>\n\t\t\t\t<\/div>\n\t\t\t\t\t<\/div>\n\t\t<\/div>\n\t\t\t\t\t\t\t<\/div>\n\t\t<\/section>\n\t\t\t\t\t\t<\/div>\n\t\t\t\t\t<\/div>\n\t\t","protected":false},"excerpt":{"rendered":"<p>\u00a0 La Direcci\u00f3n de Publicaciones se cre\u00f3 para visibilizar la producci\u00f3n cient\u00edfica de la Universidad&hellip;<\/p>\n","protected":false},"author":1,"featured_media":0,"parent":0,"menu_order":0,"comment_status":"closed","ping_status":"closed","template":"","meta":[],"_links":{"self":[{"href":"https:\/\/www.uees.edu.sv\/editorialuees\/wp-json\/wp\/v2\/pages\/1863"}],"collection":[{"href":"https:\/\/www.uees.edu.sv\/editorialuees\/wp-json\/wp\/v2\/pages"}],"about":[{"href":"https:\/\/www.uees.edu.sv\/editorialuees\/wp-json\/wp\/v2\/types\/page"}],"author":[{"embeddable":true,"href":"https:\/\/www.uees.edu.sv\/editorialuees\/wp-json\/wp\/v2\/users\/1"}],"replies":[{"embeddable":true,"href":"https:\/\/www.uees.edu.sv\/editorialuees\/wp-json\/wp\/v2\/comments?post=1863"}],"version-history":[{"count":31,"href":"https:\/\/www.uees.edu.sv\/editorialuees\/wp-json\/wp\/v2\/pages\/1863\/revisions"}],"predecessor-version":[{"id":3804,"href":"https:\/\/www.uees.edu.sv\/editorialuees\/wp-json\/wp\/v2\/pages\/1863\/revisions\/3804"}],"wp:attachment":[{"href":"https:\/\/www.uees.edu.sv\/editorialuees\/wp-json\/wp\/v2\/media?parent=1863"}],"curies":[{"name":"wp","href":"https:\/\/api.w.org\/{rel}","templated":true}]}}