{"id":2461,"date":"2021-09-22T21:16:37","date_gmt":"2021-09-22T21:16:37","guid":{"rendered":"https:\/\/www.uees.edu.sv\/editorialuees\/?page_id=2461"},"modified":"2021-10-02T17:08:40","modified_gmt":"2021-10-02T17:08:40","slug":"publicaciones-libros","status":"publish","type":"page","link":"https:\/\/www.uees.edu.sv\/editorialuees\/en\/publicaciones-libros\/","title":{"rendered":"Publications Books"},"content":{"rendered":"<div data-elementor-type=\"wp-page\" data-elementor-id=\"2461\" class=\"elementor elementor-2461\" data-elementor-settings=\"[]\">\n\t\t\t\t\t\t\t<div class=\"elementor-section-wrap\">\n\t\t\t\t\t\t\t<section class=\"penci-section penci-disSticky penci-structure-20 elementor-section elementor-top-section elementor-element elementor-element-0ab59dc elementor-section-boxed elementor-section-height-default elementor-section-height-default\" data-id=\"0ab59dc\" data-element_type=\"section\">\n\t\t\t\t\t\t<div class=\"elementor-container elementor-column-gap-default\">\n\t\t\t\t\t<div class=\"penci-ercol-50 penci-ercol-order-1 penci-sticky-ct  elementor-column elementor-col-50 elementor-top-column elementor-element elementor-element-1868e1a\" data-id=\"1868e1a\" data-element_type=\"column\">\n\t\t\t<div class=\"elementor-widget-wrap elementor-element-populated\">\n\t\t\t\t\t\t\t\t<div class=\"elementor-element elementor-element-a4c6dab elementor-widget elementor-widget-image\" data-id=\"a4c6dab\" data-element_type=\"widget\" data-widget_type=\"image.default\">\n\t\t\t\t<div class=\"elementor-widget-container\">\n\t\t\t\t\t\t\t\t\t\t\t\t\t\t\t<img src=\"https:\/\/www.uees.edu.sv\/editorialuees\/wp-content\/uploads\/elementor\/thumbs\/LIBRO1-pete5cmlj1id1j2fh30n3rhpwh1n48g7xhcztjrjpg.jpg\" title=\"BOOK1\" alt=\"LIBRO1\" \/>\t\t\t\t\t\t\t\t\t\t\t\t\t\t\t<\/div>\n\t\t\t\t<\/div>\n\t\t\t\t\t<\/div>\n\t\t<\/div>\n\t\t\t\t<div class=\"penci-ercol-50 penci-ercol-order-2 penci-sticky-ct  elementor-column elementor-col-50 elementor-top-column elementor-element elementor-element-0ad40a3\" data-id=\"0ad40a3\" data-element_type=\"column\">\n\t\t\t<div class=\"elementor-widget-wrap elementor-element-populated\">\n\t\t\t\t\t\t\t\t<div class=\"elementor-element elementor-element-f40c503 elementor-widget elementor-widget-penci-fancy_heading\" data-id=\"f40c503\" data-element_type=\"widget\" data-widget_type=\"penci-fancy_heading.default\">\n\t\t\t\t<div class=\"elementor-widget-container\">\n\t\t\t\t\t<div class=\"penci-fancy-heading penci-heading-text-left\">\r\n\t\t\t<div class=\"penci-fancy-heading-inner\">\r\n\t\t\t\t<p class=\"penci-heading-title\"><a href=\"https:\/\/www.uees.edu.sv\/editorialuees\/en\/portfolio\/las-figuras-del-enemigo-alteridad-y-conflictos-en-centroamerica\/\">The figures of the enemy. Otherness and the conflicts in Central america <\/a><\/p><div class=\"penci-separator penci-separator- penci-separator-left\"><span class=\"penci-sep_holder penci-sep_holder_l\"><span class=\"penci-sep_line\"><\/span><\/span><span class=\"penci-sep_holder penci-sep_holder_r\"><span class=\"penci-sep_line\"><\/span><\/span><\/div><div class=\"penci-heading-content entry-content\"><p>Author: Benjamin Moallic (compiler) Edition: Collection, Culture and Violence Vol. 1, 1st Edition, 2012<br \/>\nISBN:978-99923-976-1-9<br \/>\nNo. Pages:246<br \/>\nLanguage: Spanish<br \/>\n<strong>Cost: $6.00<\/strong><\/p>\n<\/div>\t\t\t<\/div>\r\n\t\t<\/div>\r\n\t\t\t\t<\/div>\n\t\t\t\t<\/div>\n\t\t\t\t\t<\/div>\n\t\t<\/div>\n\t\t\t\t\t\t\t<\/div>\n\t\t<\/section>\n\t\t\t\t<section class=\"penci-section penci-disSticky penci-structure-10 elementor-section elementor-top-section elementor-element elementor-element-dd06ff8 elementor-section-boxed elementor-section-height-default elementor-section-height-default\" data-id=\"dd06ff8\" data-element_type=\"section\">\n\t\t\t\t\t\t<div class=\"elementor-container elementor-column-gap-default\">\n\t\t\t\t\t<div class=\"penci-ercol-100 penci-ercol-order-1 penci-sticky-ct  elementor-column elementor-col-100 elementor-top-column elementor-element elementor-element-30249a1\" data-id=\"30249a1\" data-element_type=\"column\">\n\t\t\t<div class=\"elementor-widget-wrap\">\n\t\t\t\t\t\t\t\t\t<\/div>\n\t\t<\/div>\n\t\t\t\t\t\t\t<\/div>\n\t\t<\/section>\n\t\t\t\t<section class=\"penci-section penci-disSticky penci-structure-20 elementor-section elementor-top-section elementor-element elementor-element-a2413d5 elementor-section-boxed elementor-section-height-default elementor-section-height-default\" data-id=\"a2413d5\" data-element_type=\"section\">\n\t\t\t\t\t\t<div class=\"elementor-container elementor-column-gap-default\">\n\t\t\t\t\t<div class=\"penci-ercol-50 penci-ercol-order-1 penci-sticky-ct  elementor-column elementor-col-50 elementor-top-column elementor-element elementor-element-f4587bb\" data-id=\"f4587bb\" data-element_type=\"column\">\n\t\t\t<div class=\"elementor-widget-wrap elementor-element-populated\">\n\t\t\t\t\t\t\t\t<div class=\"elementor-element elementor-element-8c4aaac elementor-widget elementor-widget-image\" data-id=\"8c4aaac\" data-element_type=\"widget\" data-widget_type=\"image.default\">\n\t\t\t\t<div class=\"elementor-widget-container\">\n\t\t\t\t\t\t\t\t\t\t\t\t\t\t\t<img src=\"https:\/\/www.uees.edu.sv\/editorialuees\/wp-content\/uploads\/elementor\/thumbs\/LIBRO2-pete5gdyadnibywyv4n5dqjka0j3z0v59zyxqnlz0k.jpg\" title=\"BOOK2\" alt=\"LIBRO2\" \/>\t\t\t\t\t\t\t\t\t\t\t\t\t\t\t<\/div>\n\t\t\t\t<\/div>\n\t\t\t\t\t<\/div>\n\t\t<\/div>\n\t\t\t\t<div class=\"penci-ercol-50 penci-ercol-order-2 penci-sticky-ct  elementor-column elementor-col-50 elementor-top-column elementor-element elementor-element-f5a6154\" data-id=\"f5a6154\" data-element_type=\"column\">\n\t\t\t<div class=\"elementor-widget-wrap elementor-element-populated\">\n\t\t\t\t\t\t\t\t<div class=\"elementor-element elementor-element-1b27805 elementor-widget elementor-widget-penci-fancy_heading\" data-id=\"1b27805\" data-element_type=\"widget\" data-widget_type=\"penci-fancy_heading.default\">\n\t\t\t\t<div class=\"elementor-widget-container\">\n\t\t\t\t\t<div class=\"penci-fancy-heading penci-heading-text-left\">\r\n\t\t\t<div class=\"penci-fancy-heading-inner\">\r\n\t\t\t\t<p class=\"penci-heading-title\"><a href=\"https:\/\/www.uees.edu.sv\/editorialuees\/en\/portfolio\/violencia-en-tiempos-de-paz-conflictividad-y-criminalizacion-en-el-salvador\/\">Violence in times of peace: conflict and criminalisation in El Salvador\n<\/a><\/p><div class=\"penci-separator penci-separator- penci-separator-left\"><span class=\"penci-sep_holder penci-sep_holder_l\"><span class=\"penci-sep_line\"><\/span><\/span><span class=\"penci-sep_holder penci-sep_holder_r\"><span class=\"penci-sep_line\"><\/span><\/span><\/div><div class=\"penci-heading-content entry-content\"><p>Author: Oscar Mendez, Adrian Bergmann (compilers)<br \/>\nEdition: Collection, Culture and Violence, Vol. 3, 1st Edition.<br \/>\nISBN: 978-99923-976-6-4<br \/>\nNo. Pages: 252<br \/>\nLanguage: Spanish<br \/>\n<strong>Cost: $8.00<\/strong><\/p>\n<\/div>\t\t\t<\/div>\r\n\t\t<\/div>\r\n\t\t\t\t<\/div>\n\t\t\t\t<\/div>\n\t\t\t\t\t<\/div>\n\t\t<\/div>\n\t\t\t\t\t\t\t<\/div>\n\t\t<\/section>\n\t\t\t\t<section class=\"penci-section penci-disSticky penci-structure-20 elementor-section elementor-top-section elementor-element elementor-element-c1a5e5f elementor-section-boxed elementor-section-height-default elementor-section-height-default\" data-id=\"c1a5e5f\" data-element_type=\"section\">\n\t\t\t\t\t\t<div class=\"elementor-container elementor-column-gap-default\">\n\t\t\t\t\t<div class=\"penci-ercol-50 penci-ercol-order-1 penci-sticky-ct  elementor-column elementor-col-50 elementor-top-column elementor-element elementor-element-31c38ee\" data-id=\"31c38ee\" data-element_type=\"column\">\n\t\t\t<div class=\"elementor-widget-wrap elementor-element-populated\">\n\t\t\t\t\t\t\t\t<div class=\"elementor-element elementor-element-aa1e30e elementor-widget elementor-widget-image\" data-id=\"aa1e30e\" data-element_type=\"widget\" data-widget_type=\"image.default\">\n\t\t\t\t<div class=\"elementor-widget-container\">\n\t\t\t\t\t\t\t\t\t\t\t\t\t\t\t<img src=\"https:\/\/www.uees.edu.sv\/editorialuees\/wp-content\/uploads\/elementor\/thumbs\/LIBRO3-pete5cmlj1id1j2fh30n3rhpwh1n48g7xhcztjrjpg.jpg\" title=\"LIBRO3\" alt=\"LIBRO3\" \/>\t\t\t\t\t\t\t\t\t\t\t\t\t\t\t<\/div>\n\t\t\t\t<\/div>\n\t\t\t\t\t<\/div>\n\t\t<\/div>\n\t\t\t\t<div class=\"penci-ercol-50 penci-ercol-order-2 penci-sticky-ct  elementor-column elementor-col-50 elementor-top-column elementor-element elementor-element-8b3e00f\" data-id=\"8b3e00f\" data-element_type=\"column\">\n\t\t\t<div class=\"elementor-widget-wrap elementor-element-populated\">\n\t\t\t\t\t\t\t\t<div class=\"elementor-element elementor-element-c9ee6a3 elementor-widget elementor-widget-penci-fancy_heading\" data-id=\"c9ee6a3\" data-element_type=\"widget\" data-widget_type=\"penci-fancy_heading.default\">\n\t\t\t\t<div class=\"elementor-widget-container\">\n\t\t\t\t\t<div class=\"penci-fancy-heading penci-heading-text-left\">\r\n\t\t\t<div class=\"penci-fancy-heading-inner\">\r\n\t\t\t\t<p class=\"penci-heading-title\"><a href=\"https:\/\/www.uees.edu.sv\/editorialuees\/en\/portfolio\/de-las-misiones-de-fe-al-neopentecostalismo\/\">The missions of faith to the neopentecostalismo<\/a><\/p><div class=\"penci-separator penci-separator- penci-separator-left\"><span class=\"penci-sep_holder penci-sep_holder_l\"><span class=\"penci-sep_line\"><\/span><\/span><span class=\"penci-sep_holder penci-sep_holder_r\"><span class=\"penci-sep_line\"><\/span><\/span><\/div><div class=\"penci-heading-content entry-content\"><p>Title: the missions of faith to the neopentecostalismo<br \/>\nAuthor: Luis A. Huezo Mixco (compiler)<br \/>\nEdition: Collection, Culture and Society, Vol.2, 1st Edition, 2013<br \/>\nISBN: 978-99923-976-3-3<br \/>\nNo. Pages: 338<br \/>\nLanguage: Spanish<br \/>\n<strong>Cost: $9.00<\/strong><\/p>\n<\/div>\t\t\t<\/div>\r\n\t\t<\/div>\r\n\t\t\t\t<\/div>\n\t\t\t\t<\/div>\n\t\t\t\t\t<\/div>\n\t\t<\/div>\n\t\t\t\t\t\t\t<\/div>\n\t\t<\/section>\n\t\t\t\t<section class=\"penci-section penci-disSticky penci-structure-20 elementor-section elementor-top-section elementor-element elementor-element-707bad8 elementor-section-boxed elementor-section-height-default elementor-section-height-default\" data-id=\"707bad8\" data-element_type=\"section\">\n\t\t\t\t\t\t<div class=\"elementor-container elementor-column-gap-default\">\n\t\t\t\t\t<div class=\"penci-ercol-50 penci-ercol-order-1 penci-sticky-ct  elementor-column elementor-col-50 elementor-top-column elementor-element elementor-element-dcd8af2\" data-id=\"dcd8af2\" data-element_type=\"column\">\n\t\t\t<div class=\"elementor-widget-wrap elementor-element-populated\">\n\t\t\t\t\t\t\t\t<div class=\"elementor-element elementor-element-b21cefd elementor-widget elementor-widget-image\" data-id=\"b21cefd\" data-element_type=\"widget\" data-widget_type=\"image.default\">\n\t\t\t\t<div class=\"elementor-widget-container\">\n\t\t\t\t\t\t\t\t\t\t\t\t\t\t\t<img src=\"https:\/\/www.uees.edu.sv\/editorialuees\/wp-content\/uploads\/elementor\/thumbs\/LIBRO4-pete5cmlj1id1j2fh30n3rhpwh1n48g7xhcztjrjpg.jpg\" title=\"LIBRO4\" alt=\"LIBRO4\" \/>\t\t\t\t\t\t\t\t\t\t\t\t\t\t\t<\/div>\n\t\t\t\t<\/div>\n\t\t\t\t\t<\/div>\n\t\t<\/div>\n\t\t\t\t<div class=\"penci-ercol-50 penci-ercol-order-2 penci-sticky-ct  elementor-column elementor-col-50 elementor-top-column elementor-element elementor-element-3d1d332\" data-id=\"3d1d332\" data-element_type=\"column\">\n\t\t\t<div class=\"elementor-widget-wrap elementor-element-populated\">\n\t\t\t\t\t\t\t\t<div class=\"elementor-element elementor-element-e0c3e65 elementor-widget elementor-widget-penci-fancy_heading\" data-id=\"e0c3e65\" data-element_type=\"widget\" data-widget_type=\"penci-fancy_heading.default\">\n\t\t\t\t<div class=\"elementor-widget-container\">\n\t\t\t\t\t<div class=\"penci-fancy-heading penci-heading-text-left\">\r\n\t\t\t<div class=\"penci-fancy-heading-inner\">\r\n\t\t\t\t<p class=\"penci-heading-title\"><a href=\"https:\/\/www.uees.edu.sv\/editorialuees\/en\/portfolio\/una-guerra-breve-y-amarga\/\">A short war and bitter<\/a><\/p><div class=\"penci-separator penci-separator- penci-separator-left\"><span class=\"penci-sep_holder penci-sep_holder_l\"><span class=\"penci-sep_line\"><\/span><\/span><span class=\"penci-sep_holder penci-sep_holder_r\"><span class=\"penci-sep_line\"><\/span><\/span><\/div><div class=\"penci-heading-content entry-content\"><p>Title: A brief war and bitter<br \/>\nAuthor: Carlos Perez Pineda<br \/>\nEdition: Collection, Culture and Violence Vol. 4, 1st Edition, 2016<br \/>\nISBN: 978-99923-976-8-8<br \/>\nNo. Pages: 550<br \/>\nLanguage: Spanish<br \/>\n<strong>Cost: $15<\/strong><\/p>\n<\/div>\t\t\t<\/div>\r\n\t\t<\/div>\r\n\t\t\t\t<\/div>\n\t\t\t\t<\/div>\n\t\t\t\t\t<\/div>\n\t\t<\/div>\n\t\t\t\t\t\t\t<\/div>\n\t\t<\/section>\n\t\t\t\t<section class=\"penci-section penci-disSticky penci-structure-20 elementor-section elementor-top-section elementor-element elementor-element-c40e35e elementor-section-boxed elementor-section-height-default elementor-section-height-default\" data-id=\"c40e35e\" data-element_type=\"section\">\n\t\t\t\t\t\t<div class=\"elementor-container elementor-column-gap-default\">\n\t\t\t\t\t<div class=\"penci-ercol-50 penci-ercol-order-1 penci-sticky-ct  elementor-column elementor-col-50 elementor-top-column elementor-element elementor-element-0f0a35c\" data-id=\"0f0a35c\" data-element_type=\"column\">\n\t\t\t<div class=\"elementor-widget-wrap elementor-element-populated\">\n\t\t\t\t\t\t\t\t<div class=\"elementor-element elementor-element-71d6b35 elementor-widget elementor-widget-image\" data-id=\"71d6b35\" data-element_type=\"widget\" data-widget_type=\"image.default\">\n\t\t\t\t<div class=\"elementor-widget-container\">\n\t\t\t\t\t\t\t\t\t\t\t\t\t\t\t<img src=\"https:\/\/www.uees.edu.sv\/editorialuees\/wp-content\/uploads\/elementor\/thumbs\/nuevosmodelosAL-pete5cmlj1id1j2fh30n3rhpwh1n48g7xhcztjrjpg.jpg\" title=\"nuevosmodelosAL\" alt=\"nuevosmodelosAL\" \/>\t\t\t\t\t\t\t\t\t\t\t\t\t\t\t<\/div>\n\t\t\t\t<\/div>\n\t\t\t\t\t<\/div>\n\t\t<\/div>\n\t\t\t\t<div class=\"penci-ercol-50 penci-ercol-order-2 penci-sticky-ct  elementor-column elementor-col-50 elementor-top-column elementor-element elementor-element-b8b4aae\" data-id=\"b8b4aae\" data-element_type=\"column\">\n\t\t\t<div class=\"elementor-widget-wrap elementor-element-populated\">\n\t\t\t\t\t\t\t\t<div class=\"elementor-element elementor-element-a1c876c elementor-widget elementor-widget-penci-fancy_heading\" data-id=\"a1c876c\" data-element_type=\"widget\" data-widget_type=\"penci-fancy_heading.default\">\n\t\t\t\t<div class=\"elementor-widget-container\">\n\t\t\t\t\t<div class=\"penci-fancy-heading penci-heading-text-left\">\r\n\t\t\t<div class=\"penci-fancy-heading-inner\">\r\n\t\t\t\t<p class=\"penci-heading-title\"><a href=\"https:\/\/www.uees.edu.sv\/editorialuees\/en\/portfolio\/los-nuevos-modelos-universitarios-en-america-latina\/\">The new models of university in Latin America<\/a><\/p><div class=\"penci-separator penci-separator- penci-separator-left\"><span class=\"penci-sep_holder penci-sep_holder_l\"><span class=\"penci-sep_line\"><\/span><\/span><span class=\"penci-sep_holder penci-sep_holder_r\"><span class=\"penci-sep_line\"><\/span><\/span><\/div><div class=\"penci-heading-content entry-content\"><p>Title: The new model university in Latin America<br \/>\nAuthor: Claudio Rama<br \/>\nEdition: 1st Edition, 2015<br \/>\nISBN: 978-9945-416-35-0<br \/>\nNo. Pages: 224<br \/>\nLanguage: Spanish<br \/>\n<strong>Cost: $12<\/strong><\/p>\n<\/div>\t\t\t<\/div>\r\n\t\t<\/div>\r\n\t\t\t\t<\/div>\n\t\t\t\t<\/div>\n\t\t\t\t\t<\/div>\n\t\t<\/div>\n\t\t\t\t\t\t\t<\/div>\n\t\t<\/section>\n\t\t\t\t<section class=\"penci-section penci-disSticky penci-structure-10 elementor-section elementor-top-section elementor-element elementor-element-5cb6e4a elementor-section-boxed elementor-section-height-default elementor-section-height-default\" data-id=\"5cb6e4a\" data-element_type=\"section\">\n\t\t\t\t\t\t<div class=\"elementor-container elementor-column-gap-default\">\n\t\t\t\t\t<div class=\"penci-ercol-100 penci-ercol-order-1 penci-sticky-ct  elementor-column elementor-col-100 elementor-top-column elementor-element elementor-element-861065a\" data-id=\"861065a\" data-element_type=\"column\">\n\t\t\t<div class=\"elementor-widget-wrap elementor-element-populated\">\n\t\t\t\t\t\t\t\t<div class=\"elementor-element elementor-element-dbcee81 elementor-widget elementor-widget-text-editor\" data-id=\"dbcee81\" data-element_type=\"widget\" data-widget_type=\"text-editor.default\">\n\t\t\t\t<div class=\"elementor-widget-container\">\n\t\t\t\t\t\t\t\t<h6>\u00a0 \u00a0 \u00a0 \u00a0 \u00a0 \u00a0 \u00a0 \u00a0 \u00a0 \u00a0 \u00a0 \u00a0 \u00a0 \u00a0 \u00a0 \u00a0<\/h6><h6>\u00a0<\/h6><h6>\u00a0 \u00a0 \u00a0 \u00a0 \u00a0 \u00a0 \u00a0 \u00a0 \u00a0 \u00a0 \u00a0 \u00a0 \u00a0 \u00a0 \u00a0 \u00a0 \u00a0 \u00a0 \u00a0 \u00a0 \u00a0 \u00a0 \u00a0 \u00a0 \u00a0 \u00a0 \u00a0 \u00a0 \u00a0 \u00a0 \u00a0 \u00a0 \u00a0 \u00a0 \u00a0 \u00a0 \u00a0 \u00a0 \u00a0 \u00a0 \u00a0 \u00a0 \u00a0 \u00a0 \u00a0 \u00a0 \u00a0 \u00a0 \u00a0 \u00a0 <a href=\"https:\/\/www.uees.edu.sv\/editorialuees\/en\/publicaciones-libros\/\">&lt;&lt;&lt;&lt;&lt;Anterior<\/a>\u00a0 \u00a0&#8211;\u00a0 \u00a0<a href=\"https:\/\/www.uees.edu.sv\/editorialuees\/en\/publicaciones-libros-2\/\">Next &gt;&gt;&gt;&gt;&gt;<\/a><\/h6>\t\t\t\t\t\t<\/div>\n\t\t\t\t<\/div>\n\t\t\t\t\t<\/div>\n\t\t<\/div>\n\t\t\t\t\t\t\t<\/div>\n\t\t<\/section>\n\t\t\t\t\t\t<\/div>\n\t\t\t\t\t<\/div>","protected":false},"excerpt":{"rendered":"<p>Las figuras del enemigo. Alteridad y conflictos en Centroam\u00e9rica Autor: Benjam\u00edn Moallic (compilador) Edici\u00f3n: Colecci\u00f3n&hellip;<\/p>","protected":false},"author":1,"featured_media":0,"parent":0,"menu_order":0,"comment_status":"closed","ping_status":"closed","template":"","meta":[],"_links":{"self":[{"href":"https:\/\/www.uees.edu.sv\/editorialuees\/en\/wp-json\/wp\/v2\/pages\/2461"}],"collection":[{"href":"https:\/\/www.uees.edu.sv\/editorialuees\/en\/wp-json\/wp\/v2\/pages"}],"about":[{"href":"https:\/\/www.uees.edu.sv\/editorialuees\/en\/wp-json\/wp\/v2\/types\/page"}],"author":[{"embeddable":true,"href":"https:\/\/www.uees.edu.sv\/editorialuees\/en\/wp-json\/wp\/v2\/users\/1"}],"replies":[{"embeddable":true,"href":"https:\/\/www.uees.edu.sv\/editorialuees\/en\/wp-json\/wp\/v2\/comments?post=2461"}],"version-history":[{"count":161,"href":"https:\/\/www.uees.edu.sv\/editorialuees\/en\/wp-json\/wp\/v2\/pages\/2461\/revisions"}],"predecessor-version":[{"id":3342,"href":"https:\/\/www.uees.edu.sv\/editorialuees\/en\/wp-json\/wp\/v2\/pages\/2461\/revisions\/3342"}],"wp:attachment":[{"href":"https:\/\/www.uees.edu.sv\/editorialuees\/en\/wp-json\/wp\/v2\/media?parent=2461"}],"curies":[{"name":"wp","href":"https:\/\/api.w.org\/{rel}","templated":true}]}}