{"id":1909,"date":"2021-09-20T22:08:58","date_gmt":"2021-09-20T22:08:58","guid":{"rendered":"https:\/\/www.uees.edu.sv\/editorialuees\/?page_id=1909"},"modified":"2022-03-04T23:30:19","modified_gmt":"2022-03-04T23:30:19","slug":"revista-cientifica-crea-ciencia","status":"publish","type":"page","link":"https:\/\/www.uees.edu.sv\/editorialuees\/en\/revista-cientifica-crea-ciencia\/","title":{"rendered":"SCIENTIFIC JOURNAL"},"content":{"rendered":"<div data-elementor-type=\"wp-page\" data-elementor-id=\"1909\" class=\"elementor elementor-1909\" data-elementor-settings=\"[]\">\n\t\t\t\t\t\t\t<div class=\"elementor-section-wrap\">\n\t\t\t\t\t\t\t<section class=\"penci-section penci-disSticky penci-structure-10 elementor-section elementor-top-section elementor-element elementor-element-4dbdb24 elementor-section-boxed elementor-section-height-default elementor-section-height-default\" data-id=\"4dbdb24\" data-element_type=\"section\">\n\t\t\t\t\t\t<div class=\"elementor-container elementor-column-gap-default\">\n\t\t\t\t\t<div class=\"penci-ercol-100 penci-ercol-order-1 penci-sticky-ct  elementor-column elementor-col-100 elementor-top-column elementor-element elementor-element-5f3f1c5\" data-id=\"5f3f1c5\" data-element_type=\"column\">\n\t\t\t<div class=\"elementor-widget-wrap elementor-element-populated\">\n\t\t\t\t\t\t\t\t<div class=\"elementor-element elementor-element-beee9b5 elementor-widget elementor-widget-penci-text-block\" data-id=\"beee9b5\" data-element_type=\"widget\" data-widget_type=\"penci-text-block.default\">\n\t\t\t\t<div class=\"elementor-widget-container\">\n\t\t\t\t\t<div class=\"penci-block-vc penci-text-editor\">\r\n\t\t\t\t\t\t<div class=\"penci-block_content\">\r\n\t\t\t\t<div class=\"elementor-text-editor elementor-clearfix\"><h3 style=\"text-align: center;\"><span style=\"font-family: arial, helvetica, sans-serif; font-size: 18pt;\">CREATES SCIENCE<\/span><\/h3><\/div>\r\n\t\t\t<\/div>\r\n\t\t<\/div>\r\n\t\t\t\t<\/div>\n\t\t\t\t<\/div>\n\t\t\t\t\t<\/div>\n\t\t<\/div>\n\t\t\t\t\t\t\t<\/div>\n\t\t<\/section>\n\t\t\t\t<section class=\"penci-section penci-disSticky penci-structure-10 elementor-section elementor-top-section elementor-element elementor-element-c23df64 elementor-section-boxed elementor-section-height-default elementor-section-height-default\" data-id=\"c23df64\" data-element_type=\"section\">\n\t\t\t\t\t\t<div class=\"elementor-container elementor-column-gap-default\">\n\t\t\t\t\t<div class=\"penci-ercol-100 penci-ercol-order-1 penci-sticky-ct  elementor-column elementor-col-100 elementor-top-column elementor-element elementor-element-09fea7f\" data-id=\"09fea7f\" data-element_type=\"column\">\n\t\t\t<div class=\"elementor-widget-wrap elementor-element-populated\">\n\t\t\t\t\t\t\t\t<div class=\"elementor-element elementor-element-48209f0 elementor-widget elementor-widget-toggle\" data-id=\"48209f0\" data-element_type=\"widget\" data-widget_type=\"toggle.default\">\n\t\t\t\t<div class=\"elementor-widget-container\">\n\t\t\t\t\t<div class=\"elementor-toggle\" role=\"tablist\">\n\t\t\t\t\t\t\t<div class=\"elementor-toggle-item\">\n\t\t\t\t\t<div id=\"elementor-tab-title-7561\" class=\"elementor-tab-title\" data-tab=\"1\" role=\"tab\" aria-controls=\"elementor-tab-content-7561\" aria-expanded=\"false\">\n\t\t\t\t\t\t\t\t\t\t\t\t<span class=\"elementor-toggle-icon elementor-toggle-icon-left\" aria-hidden=\"true\">\n\t\t\t\t\t\t\t\t\t\t\t\t\t\t\t<span class=\"elementor-toggle-icon-closed\"><i class=\"fas fa-caret-right\"><\/i><\/span>\n\t\t\t\t\t\t\t\t<span class=\"elementor-toggle-icon-opened\"><i class=\"elementor-toggle-icon-opened fas fa-caret-up\"><\/i><\/span>\n\t\t\t\t\t\t\t\t\t\t\t\t\t<\/span>\n\t\t\t\t\t\t\t\t\t\t\t\t<a href=\"\" class=\"elementor-toggle-title\">COMMITTEE OF SCIENTIFIC JOURNALS UEES 2021-2022<\/a>\n\t\t\t\t\t<\/div>\n\t\t\t\t\t<div id=\"elementor-tab-content-7561\" class=\"elementor-tab-content elementor-clearfix\" data-tab=\"1\" role=\"tabpanel\" aria-labelledby=\"elementor-tab-title-7561\"><p><span style=\"font-size: 12pt;\"><strong><span style=\"font-size: 14pt;\">Editorial board scientific journal Created<em> Science<\/em><\/span> <br \/><\/strong><\/span><\/p><p><strong>Sc. Norma Estela Hernandez<br \/><\/strong><span style=\"font-size: 12pt;\">Director of publications<strong><br \/><\/strong><\/span><\/p><p><strong>Esq. Lya Ayala Arteaga<br \/><\/strong><span style=\"font-size: 12pt;\">Review editorial<strong><br \/><\/strong><\/span><\/p><p><strong>Dr. Ruben Mont\u00fafar<br \/><\/strong>Internist, rheumatologist and researcher<br \/>Instituto Salvadore\u00f1o del Seguro Social<\/p><p><strong>Dr. Ruth Salinas<br \/><\/strong>Doctor of medicine, professor, researcher<br \/>Instituto Salvadore\u00f1o del Seguro Social<\/p><p><strong>PhD. Milena Reyes<br \/><\/strong>Doctor of medicine, Faculty of Medicine<br \/>Evangelical university of El Salvador<\/p><p><strong>Dr. Yesenia Arevalo<br \/><\/strong>Doctor of Dental Surgery<br \/>Ministry of Health of El Salvador<\/p><p><strong>Ing. Jose Luis Guillen<br \/><\/strong>Agricultural engineer and researcher.<br \/>Evangelical university of El Salvador<\/p><p><strong>Dr. Jehovani Portillo<br \/><\/strong>Doctor of Dental Surgery<br \/>Faculty of Dentistry<br \/>Evangelical university of El Salvador<\/p><p><span style=\"font-size: 12pt;\"><strong>Management of indexing<br \/><\/strong><\/span><strong>Esq. Beyra Vasquez<br \/><\/strong>Director of Library<br \/>Evangelical University<\/p><p><strong>Kevin Cross<br \/>Bibliotec\u00f3logo<\/strong><\/p><p><span style=\"font-size: 12pt;\"><strong>Translation to the English language<br \/><\/strong><\/span><strong>Katherine Vazquez<\/strong><\/p><p><span style=\"font-size: 12pt;\"><strong>Design graphic editorial<br \/><\/strong><\/span><strong>Esq. Gabriela Lara Rivas<\/strong><\/p><p><span style=\"font-size: 12pt;\"><strong><span style=\"font-size: 12pt;\">International scientific committee<\/span><br \/><\/strong><\/span><strong>Dr. Yuber Ariel Tie<br \/><\/strong>Science in Public Health<br \/>Faculty, National Autonomous University<br \/>Chontales Nicaragua<\/p><p><strong>PhD. V\u00edctor Patricio D\u00edaz-Narv\u00e1ez<br \/><\/strong>Research professor<br \/>Universidad Andr\u00e9s Bello in Chile<\/p><p><strong>Dr. Luis Mejia<br \/><\/strong>Assistant professor<br \/>Department of Human Sciences and Nutrition<br \/>University of Illinois<br \/>Reviewers are not permanent<\/p><p><span style=\"font-size: 12pt;\"><strong><span style=\"font-size: 12pt;\">Scientific council non-permanent<\/span><br \/><\/strong><\/span><strong>Dr. Madia Menjivar<br \/><\/strong>Phd in medicine and research<br \/>National institute on Health\u00a0<br \/>Ministry of Health of The Salador<\/p><p><strong>Dr. Emerson Pocasangre<br \/><\/strong>Professor of Microbiology<br \/>Evangelical university of El Salvador<\/p><p><strong>Master Iris Pe\u00f1a<br \/><\/strong>Specialist in statistics and Research<br \/>The prosecutor General of the Republic<\/p><p><strong>Dr. Andrea Vallecampo<br \/><\/strong>A teacher-researcher<br \/>Evangelical university of El Salvador<\/p><\/div>\n\t\t\t\t<\/div>\n\t\t\t\t\t\t\t<div class=\"elementor-toggle-item\">\n\t\t\t\t\t<div id=\"elementor-tab-title-7562\" class=\"elementor-tab-title\" data-tab=\"2\" role=\"tab\" aria-controls=\"elementor-tab-content-7562\" aria-expanded=\"false\">\n\t\t\t\t\t\t\t\t\t\t\t\t<span class=\"elementor-toggle-icon elementor-toggle-icon-left\" aria-hidden=\"true\">\n\t\t\t\t\t\t\t\t\t\t\t\t\t\t\t<span class=\"elementor-toggle-icon-closed\"><i class=\"fas fa-caret-right\"><\/i><\/span>\n\t\t\t\t\t\t\t\t<span class=\"elementor-toggle-icon-opened\"><i class=\"elementor-toggle-icon-opened fas fa-caret-up\"><\/i><\/span>\n\t\t\t\t\t\t\t\t\t\t\t\t\t<\/span>\n\t\t\t\t\t\t\t\t\t\t\t\t<a href=\"\" class=\"elementor-toggle-title\">INSTRUCTIONS FOR AUTHORS<\/a>\n\t\t\t\t\t<\/div>\n\t\t\t\t\t<div id=\"elementor-tab-content-7562\" class=\"elementor-tab-content elementor-clearfix\" data-tab=\"2\" role=\"tabpanel\" aria-labelledby=\"elementor-tab-title-7562\"><table style=\"width: 100%;\" border=\"0\" width=\"600\" cellspacing=\"10\" cellpadding=\"10\" align=\"center\"><tbody><tr><td style=\"text-align: center; width: 49.7413%;\" width=\"492\"><p><a href=\"https:\/\/www.uees.edu.sv\/editorialuees\/wp-content\/uploads\/2021\/10\/Instrucciones-para-autores-Revista-CC-1.pdf\" target=\"_blank\" rel=\"noopener\"><img loading=\"lazy\" class=\"alignnone\" src=\"https:\/\/www.uees.edu.sv\/editorialuees\/wp-content\/uploads\/2021\/09\/pdf1.png\" data-rel=\"penci-gallery-image-content\"  alt=\"\" width=\"125\" height=\"125\" \/><\/a><\/p><p>LINIAMIENTOS FOR AUTHORS<br \/>SCIENTIFIC JOURNAL CREATED SCIENCE<\/p><\/td><td style=\"text-align: center; width: 55.7858%;\" width=\"488\"><p><a href=\"https:\/\/www.uees.edu.sv\/editorialuees\/wp-content\/uploads\/2021\/09\/normas_vancouver.pdf\" target=\"_blank\" rel=\"noopener\"><img loading=\"lazy\" src=\"https:\/\/www.uees.edu.sv\/editorialuees\/wp-content\/uploads\/2021\/09\/pdf1.png\" alt=\"\" width=\"125\" height=\"127\" \/><\/a><\/p><p>RULES OF VANCOUVER<br \/>FOR BIBLIOGRAPHIC REFERENCES<\/p><\/td><\/tr><\/tbody><\/table><\/div>\n\t\t\t\t<\/div>\n\t\t\t\t\t\t\t\t<\/div>\n\t\t\t\t<\/div>\n\t\t\t\t<\/div>\n\t\t\t\t\t<\/div>\n\t\t<\/div>\n\t\t\t\t\t\t\t<\/div>\n\t\t<\/section>\n\t\t\t\t<section class=\"penci-section penci-disSticky penci-structure-10 elementor-section elementor-top-section elementor-element elementor-element-8ec36a1 elementor-section-boxed elementor-section-height-default elementor-section-height-default\" data-id=\"8ec36a1\" data-element_type=\"section\">\n\t\t\t\t\t\t<div class=\"elementor-container elementor-column-gap-default\">\n\t\t\t\t\t<div class=\"penci-ercol-100 penci-ercol-order-1 penci-sticky-ct  elementor-column elementor-col-100 elementor-top-column elementor-element elementor-element-6c3d9a8a\" data-id=\"6c3d9a8a\" data-element_type=\"column\">\n\t\t\t<div class=\"elementor-widget-wrap elementor-element-populated\">\n\t\t\t\t\t\t\t\t<div class=\"elementor-element elementor-element-282f03b elementor-widget elementor-widget-penci-fancy_heading\" data-id=\"282f03b\" data-element_type=\"widget\" data-widget_type=\"penci-fancy_heading.default\">\n\t\t\t\t<div class=\"elementor-widget-container\">\n\t\t\t\t\t<div class=\"penci-fancy-heading penci-heading-text-center\">\r\n\t\t\t<div class=\"penci-fancy-heading-inner\">\r\n\t\t\t\t\t\t\t<\/div>\r\n\t\t<\/div>\r\n\t\t\t\t<\/div>\n\t\t\t\t<\/div>\n\t\t\t\t<div class=\"elementor-element elementor-element-1d0f8d28 elementor-widget elementor-widget-text-editor\" data-id=\"1d0f8d28\" data-element_type=\"widget\" data-widget_type=\"text-editor.default\">\n\t\t\t\t<div class=\"elementor-widget-container\">\n\t\t\t\t\t\t\t\t<table style=\"border-collapse: collapse; width: 100%;\"><tbody><tr><td style=\"width: 20%;\"><a class=\"current\" href=\"http:\/\/dsuees.uees.edu.sv\/xmlui\/handle\/20.500.11885\/508\">Vol. 14 Num. 1 (2022)<\/a><\/td><td style=\"width: 20%;\">\u00a0<\/td><td style=\"width: 20%;\">\u00a0<\/td><td style=\"width: 20%;\">\u00a0<\/td><td style=\"width: 20%;\">\u00a0<\/td><\/tr><tr><td style=\"width: 20%;\"><img loading=\"lazy\" class=\"alignnone size-full wp-image-3602\" src=\"https:\/\/www.uees.edu.sv\/editorialuees\/wp-content\/uploads\/2022\/03\/RCC_VOL14_No1.jpg\" data-rel=\"penci-gallery-image-content\"  alt=\"\" width=\"248\" height=\"345\" srcset=\"https:\/\/www.uees.edu.sv\/editorialuees\/wp-content\/uploads\/2022\/03\/RCC_VOL14_No1.jpg 248w, https:\/\/www.uees.edu.sv\/editorialuees\/wp-content\/uploads\/2022\/03\/RCC_VOL14_No1-216x300.jpg 216w, https:\/\/www.uees.edu.sv\/editorialuees\/wp-content\/uploads\/2022\/03\/RCC_VOL14_No1-150x209.jpg 150w\" sizes=\"(max-width: 248px) 100vw, 248px\" \/><\/td><td style=\"width: 20%;\">\u00a0<\/td><td style=\"width: 20%;\">\u00a0<\/td><td style=\"width: 20%;\">\u00a0<\/td><td style=\"width: 20%;\">\u00a0<\/td><\/tr><\/tbody><\/table><table border=\"0\" width=\"980\" cellspacing=\"0\" cellpadding=\"0\" align=\"center\"><tbody><tr><td style=\"text-align: center;\" width=\"140\"><p><a class=\"current\" href=\"https:\/\/www.lamjol.info\/index.php\/CREACIENCIA\/issue\/view\/1451\">Vol. 13 Num. 2 (2020)<\/a><\/p><p><img loading=\"lazy\" class=\"alignnone wp-image-36376 size-full\" src=\"https:\/\/www.uees.edu.sv\/wp-content\/uploads\/2021\/07\/creaciencia-1.jpg\" alt=\"\" width=\"150\" height=\"200\" \/><\/p><\/td><td style=\"text-align: center;\" width=\"125\"><a class=\"current\" href=\"https:\/\/www.lamjol.info\/index.php\/CREACIENCIA\/issue\/view\/1345\">Vol. 13 Num. 1 (2020)<\/a><img loading=\"lazy\" class=\"alignnone wp-image-36372 size-full\" src=\"https:\/\/www.uees.edu.sv\/wp-content\/uploads\/2021\/07\/Vol.-13-N\u00fam.-1-2020.jpg\" data-rel=\"penci-gallery-image-content\"  alt=\"\" width=\"150\" height=\"200\" \/><\/td><td style=\"text-align: center;\" width=\"135\"><a class=\"current\" href=\"https:\/\/www.lamjol.info\/index.php\/CREACIENCIA\/issue\/view\/1327\">Vol. 12 Num. 2 (2020)<\/a><img loading=\"lazy\" class=\"alignnone wp-image-36371 size-full\" src=\"https:\/\/www.uees.edu.sv\/wp-content\/uploads\/2021\/07\/Vol.-12-N\u00fam.-2-2020.png\" alt=\"\" width=\"150\" height=\"200\" \/><\/td><td style=\"text-align: center;\" width=\"138\"><a class=\"current\" href=\"https:\/\/www.lamjol.info\/index.php\/CREACIENCIA\/issue\/view\/1108\">Vol. 12 Num. 1 (2018)<\/a><img loading=\"lazy\" class=\"alignnone wp-image-36370 size-full\" src=\"https:\/\/www.uees.edu.sv\/wp-content\/uploads\/2021\/07\/Vol.-12-N\u00fam.-1-2018.jpg\" data-rel=\"penci-gallery-image-content\"  alt=\"\" width=\"150\" height=\"200\" \/><\/td><td style=\"text-align: center;\" width=\"137\"><a class=\"current\" href=\"https:\/\/www.lamjol.info\/index.php\/CREACIENCIA\/index\">Vol. 11, Num. 1-2<\/a><a href=\"https:\/\/www.lamjol.info\/index.php\/CREACIENCIA\/index\"><img loading=\"lazy\" class=\"alignnone wp-image-22605\" src=\"https:\/\/www.uees.edu.sv\/wp-content\/uploads\/2017\/10\/Vol.-11-N\u00fam.-1-2-2017-213x300.jpg\" alt=\"\" width=\"150\" height=\"200\" \/><\/a><\/td><\/tr><tr><td style=\"text-align: center;\" align=\"center\"><a href=\"https:\/\/www.lamjol.info\/index.php\/CREACIENCIA\/issue\/view\/1451\">View Magazine<\/a><\/td><td style=\"text-align: center;\" align=\"center\"><a href=\"https:\/\/www.lamjol.info\/index.php\/CREACIENCIA\/issue\/view\/1345\">View Magazine<\/a><\/td><td style=\"text-align: center;\" align=\"center\"><a href=\"https:\/\/www.lamjol.info\/index.php\/CREACIENCIA\/issue\/view\/1327\">View Magazine<\/a><\/td><td style=\"text-align: center;\" align=\"center\"><a href=\"https:\/\/www.lamjol.info\/index.php\/CREACIENCIA\/issue\/view\/1108\">View Magazine<\/a><\/td><td style=\"text-align: center;\" align=\"center\">View Magazine<\/td><\/tr><\/tbody><\/table><table border=\"0\" width=\"980\" cellspacing=\"0\" cellpadding=\"0\" align=\"center\"><tbody><tr><td style=\"text-align: center;\" width=\"140\"><a href=\"http:\/\/dsuees.uees.edu.sv\/xmlui\/handle\/20.500.11885\/100\">Vol. 11<\/a><a href=\"http:\/\/dsuees.uees.edu.sv\/xmlui\/handle\/20.500.11885\/100\"><br \/><img loading=\"lazy\" class=\"alignnone wp-image-21751\" src=\"https:\/\/www.uees.edu.sv\/wp-content\/uploads\/2017\/10\/portada11-213x300.png\" data-rel=\"penci-gallery-image-content\"  alt=\"\" width=\"150\" height=\"200\" \/><\/a><\/td><td style=\"text-align: center;\" width=\"125\"><a href=\"http:\/\/dsuees.uees.edu.sv\/xmlui\/handle\/20.500.11885\/286\">Vol. 10 N\u00b0 2<\/a><a href=\"http:\/\/dsuees.uees.edu.sv\/xmlui\/handle\/20.500.11885\/286\"><img loading=\"lazy\" class=\"alignnone wp-image-21748\" src=\"https:\/\/www.uees.edu.sv\/wp-content\/uploads\/2017\/10\/portada10.1-210x300.png\" alt=\"\" width=\"150\" height=\"200\" \/><\/a><\/td><td style=\"text-align: center;\" width=\"135\"><a href=\"http:\/\/dsuees.uees.edu.sv\/xmlui\/handle\/20.500.11885\/231\">Vol. 10 N\u00b0 1<\/a><a href=\"http:\/\/dsuees.uees.edu.sv\/xmlui\/handle\/20.500.11885\/231\"><img loading=\"lazy\" class=\"alignnone wp-image-21749\" src=\"https:\/\/www.uees.edu.sv\/wp-content\/uploads\/2017\/10\/portada10.2-210x300.png\" data-rel=\"penci-gallery-image-content\"  alt=\"\" width=\"150\" height=\"200\" \/><\/a><\/td><td style=\"text-align: center;\" width=\"138\"><a href=\"http:\/\/dsuees.uees.edu.sv\/xmlui\/handle\/20.500.11885\/99\">Vol. 10<\/a><a href=\"http:\/\/dsuees.uees.edu.sv\/xmlui\/handle\/20.500.11885\/99\"><br \/><img loading=\"lazy\" class=\"alignnone wp-image-21750\" src=\"https:\/\/www.uees.edu.sv\/wp-content\/uploads\/2017\/10\/portada10-206x300.png\" alt=\"\" width=\"150\" height=\"200\" \/><\/a><\/td><td style=\"text-align: center;\" width=\"137\"><a href=\"http:\/\/dsuees.uees.edu.sv\/xmlui\/handle\/20.500.11885\/186\">Vol. 9, N\u00b0 2<\/a><a href=\"http:\/\/dsuees.uees.edu.sv\/xmlui\/handle\/20.500.11885\/186\"><img loading=\"lazy\" class=\"alignnone wp-image-20440\" src=\"https:\/\/www.uees.edu.sv\/wp-content\/uploads\/2017\/10\/15-213x300.png\" data-rel=\"penci-gallery-image-content\"  alt=\"\" width=\"150\" height=\"200\" \/><\/a><\/td><\/tr><tr><td style=\"text-align: center;\" align=\"center\"><a href=\"http:\/\/dsuees.uees.edu.sv\/xmlui\/handle\/20.500.11885\/100\">View Magazine<\/a><\/td><td style=\"text-align: center;\" align=\"center\"><a href=\"http:\/\/dsuees.uees.edu.sv\/xmlui\/handle\/20.500.11885\/286\">View Magazine<\/a><\/td><td style=\"text-align: center;\" align=\"center\"><a href=\"http:\/\/dsuees.uees.edu.sv\/xmlui\/handle\/20.500.11885\/231\">View Magazine<\/a><\/td><td style=\"text-align: center;\" align=\"center\"><a href=\"https:\/\/www.uees.edu.sv\/wp-content\/uploads\/2017\/pubs\/cc10\/cc10\/index.html\">View Magazine<\/a><\/td><td style=\"text-align: center;\" align=\"center\"><a href=\"http:\/\/dsuees.uees.edu.sv\/xmlui\/handle\/20.500.11885\/186\">View Magazine<\/a><\/td><\/tr><\/tbody><\/table><table style=\"height: 254px;\" border=\"0\" width=\"980\" cellspacing=\"0\" cellpadding=\"0\" align=\"center\"><tbody><tr><td style=\"text-align: center;\"><a href=\"http:\/\/dsuees.uees.edu.sv\/xmlui\/handle\/20.500.11885\/103\">Vol.9 N\u00b01<\/a><a href=\"http:\/\/dsuees.uees.edu.sv\/xmlui\/handle\/20.500.11885\/103\"><br \/><img loading=\"lazy\" class=\"alignnone wp-image-20439\" src=\"https:\/\/www.uees.edu.sv\/wp-content\/uploads\/2017\/10\/14-225x300.png\" alt=\"\" width=\"150\" height=\"200\" \/><\/a><\/td><td style=\"text-align: center;\"><a href=\"http:\/\/dsuees.uees.edu.sv\/xmlui\/handle\/20.500.11885\/103\">N\u00b09<\/a><a href=\"http:\/\/dsuees.uees.edu.sv\/xmlui\/handle\/20.500.11885\/98\"><br \/><img loading=\"lazy\" class=\"aligncenter wp-image-19911\" src=\"https:\/\/www.uees.edu.sv\/wp-content\/uploads\/2017\/10\/crea9.png\" data-rel=\"penci-gallery-image-content\"  alt=\"\" width=\"150\" height=\"200\" \/><\/a><\/td><td style=\"text-align: center;\"><a href=\"http:\/\/dsuees.uees.edu.sv\/xmlui\/handle\/20.500.11885\/102\">Vol.8 N\u00b02<br \/><\/a><a href=\"http:\/\/dsuees.uees.edu.sv\/xmlui\/handle\/20.500.11885\/102\"><img loading=\"lazy\" class=\"alignnone wp-image-20437\" src=\"https:\/\/www.uees.edu.sv\/wp-content\/uploads\/2017\/10\/12-217x300.png\" alt=\"\" width=\"150\" height=\"200\" \/><\/a><\/td><td style=\"text-align: center;\"><a href=\"http:\/\/dsuees.uees.edu.sv\/xmlui\/handle\/20.500.11885\/101\">Vol.8 N\u00b01<\/a><a href=\"http:\/\/dsuees.uees.edu.sv\/xmlui\/handle\/20.500.11885\/101\"><br \/><img loading=\"lazy\" class=\"alignnone wp-image-20438\" src=\"https:\/\/www.uees.edu.sv\/wp-content\/uploads\/2017\/10\/13-212x300.png\" data-rel=\"penci-gallery-image-content\"  alt=\"\" width=\"150\" height=\"200\" \/><\/a><\/td><td style=\"text-align: center;\"><a href=\"http:\/\/dsuees.uees.edu.sv\/xmlui\/handle\/20.500.11885\/97\">N\u00b08<\/a><a href=\"http:\/\/dsuees.uees.edu.sv\/xmlui\/handle\/20.500.11885\/97\"><br \/><img loading=\"lazy\" class=\"aligncenter wp-image-19910\" src=\"https:\/\/www.uees.edu.sv\/wp-content\/uploads\/2017\/10\/crea8.png\" alt=\"\" width=\"150\" height=\"200\" \/><\/a><\/td><\/tr><tr><td style=\"text-align: center;\" align=\"center\"><a href=\"http:\/\/dsuees.uees.edu.sv\/xmlui\/handle\/20.500.11885\/103\">View Magazine<\/a><\/td><td style=\"text-align: center;\" align=\"center\"><a href=\"http:\/\/dsuees.uees.edu.sv\/xmlui\/handle\/20.500.11885\/101\">View Magazine <\/a><\/td><td style=\"text-align: center;\" align=\"center\"><a href=\"http:\/\/dsuees.uees.edu.sv\/xmlui\/handle\/20.500.11885\/102\">View Magazine <\/a><\/td><td style=\"text-align: center;\" align=\"center\"><a href=\"https:\/\/www.uees.edu.sv\/wp-content\/uploads\/2017\/pubs\/cc9\/cc9\/index.html\">View Magazine<\/a><\/td><td style=\"text-align: center;\" align=\"center\"><a href=\"https:\/\/www.uees.edu.sv\/wp-content\/uploads\/2017\/pubs\/cc8\/cc8\/index.html\">View Magazine<\/a><\/td><\/tr><\/tbody><\/table><table border=\"0\" width=\"980\" cellspacing=\"0\" cellpadding=\"0\" align=\"center\"><tbody><tr><td style=\"text-align: center;\" height=\"22\"><a href=\"http:\/\/dsuees.uees.edu.sv\/xmlui\/handle\/20.500.11885\/96\">N\u00b07<br \/><img loading=\"lazy\" class=\"aligncenter wp-image-19891\" src=\"https:\/\/www.uees.edu.sv\/wp-content\/uploads\/2017\/10\/crea7.png\" data-rel=\"penci-gallery-image-content\"  alt=\"\" width=\"150\" height=\"200\" \/><\/a><\/td><td style=\"text-align: center;\"><a href=\"http:\/\/dsuees.uees.edu.sv\/xmlui\/handle\/20.500.11885\/95\">N\u00b06<br \/><img loading=\"lazy\" class=\"aligncenter wp-image-19890\" src=\"https:\/\/www.uees.edu.sv\/wp-content\/uploads\/2017\/10\/crea6.png\" alt=\"\" width=\"150\" height=\"200\" \/><\/a><\/td><td style=\"text-align: center;\"><a href=\"http:\/\/dsuees.uees.edu.sv\/xmlui\/handle\/20.500.11885\/94\">N\u00b05<br \/><img loading=\"lazy\" class=\"aligncenter wp-image-19889\" src=\"https:\/\/www.uees.edu.sv\/wp-content\/uploads\/2017\/10\/crea5.png\" data-rel=\"penci-gallery-image-content\"  alt=\"\" width=\"150\" height=\"200\" \/><\/a><\/td><td style=\"text-align: center;\"><a href=\"http:\/\/dsuees.uees.edu.sv\/xmlui\/handle\/20.500.11885\/93\">N\u00b04<br \/><img loading=\"lazy\" class=\"aligncenter wp-image-19888\" src=\"https:\/\/www.uees.edu.sv\/wp-content\/uploads\/2017\/10\/crea4.png\" alt=\"\" width=\"150\" height=\"200\" \/><\/a><\/td><td style=\"text-align: center;\"><a href=\"http:\/\/dsuees.uees.edu.sv\/xmlui\/handle\/20.500.11885\/92\">N\u00b03<br \/><img loading=\"lazy\" class=\"aligncenter wp-image-19887\" src=\"https:\/\/www.uees.edu.sv\/wp-content\/uploads\/2017\/10\/crea3.png\" data-rel=\"penci-gallery-image-content\"  alt=\"\" width=\"150\" height=\"200\" \/><\/a><\/td><\/tr><tr><td style=\"text-align: center;\" align=\"center\"><a href=\"https:\/\/www.uees.edu.sv\/wp-content\/uploads\/2017\/pubs\/cc7\/cc7\/index.html\">View Magazine<\/a><\/td><td style=\"text-align: center;\" align=\"center\"><a href=\"https:\/\/www.uees.edu.sv\/wp-content\/uploads\/2017\/pubs\/cc6\/cc6\/index.html\">View Magazine<\/a><\/td><td style=\"text-align: center;\" align=\"center\"><a href=\"https:\/\/www.uees.edu.sv\/wp-content\/uploads\/2017\/pubs\/cc5\/cc5\/index.html\">View Magazine<\/a><\/td><td style=\"text-align: center;\" align=\"center\"><a href=\"https:\/\/www.uees.edu.sv\/wp-content\/uploads\/2017\/pubs\/cc4\/cc4\/index.html\">View Magazine<\/a><\/td><td style=\"text-align: center;\" align=\"center\"><a href=\"https:\/\/www.uees.edu.sv\/wp-content\/uploads\/2017\/pubs\/cc3\/cc3\/index.html\">View Magazine<\/a><\/td><\/tr><\/tbody><tbody><tr><td style=\"text-align: center;\" height=\"22\"><a href=\"http:\/\/dsuees.uees.edu.sv\/xmlui\/handle\/20.500.11885\/91\">N\u00b02<br \/><img loading=\"lazy\" class=\"aligncenter wp-image-19886\" src=\"https:\/\/www.uees.edu.sv\/wp-content\/uploads\/2017\/10\/crea2.png\" alt=\"\" width=\"150\" height=\"200\" \/><\/a><a href=\"http:\/\/dsuees.uees.edu.sv\/xmlui\/handle\/20.500.11885\/96\"><br \/><\/a><\/td><td style=\"text-align: center;\"><a href=\"http:\/\/dsuees.uees.edu.sv\/xmlui\/handle\/20.500.11885\/77\">N\u00b01<br \/><img loading=\"lazy\" class=\"aligncenter wp-image-19885\" src=\"https:\/\/www.uees.edu.sv\/wp-content\/uploads\/2017\/10\/crea1.jpg\" alt=\"\" width=\"150\" height=\"200\" \/><\/a><\/td><\/tr><tr><td style=\"text-align: center;\" align=\"center\"><a href=\"https:\/\/www.uees.edu.sv\/wp-content\/uploads\/2017\/pubs\/cc2\/cc2\/index.html\">View Magazine<\/a><\/td><td style=\"text-align: center;\" align=\"center\"><a href=\"https:\/\/www.uees.edu.sv\/wp-content\/uploads\/2017\/pubs\/cc1\/cc1\/index.html\">View Magazine<\/a><\/td><\/tr><\/tbody><\/table>\t\t\t\t\t\t<\/div>\n\t\t\t\t<\/div>\n\t\t\t\t\t<\/div>\n\t\t<\/div>\n\t\t\t\t\t\t\t<\/div>\n\t\t<\/section>\n\t\t\t\t<section class=\"penci-section penci-disSticky penci-structure-00 elementor-section elementor-top-section elementor-element elementor-element-1a21058 elementor-section-boxed elementor-section-height-default elementor-section-height-default\" data-id=\"1a21058\" data-element_type=\"section\">\n\t\t\t\t\t\t<div class=\"elementor-container elementor-column-gap-default\">\n\t\t\t\t\t\t\t\t<\/div>\n\t\t<\/section>\n\t\t\t\t\t\t<\/div>\n\t\t\t\t\t<\/div>","protected":false},"excerpt":{"rendered":"<p>CREA CIENCIA COMIT\u00c9 DE REVISTAS CIENT\u00cdFICAS UEES\u00a0 2021-2022 Comit\u00e9 Editorial revista cient\u00edfica Crea Ciencia Sc.&hellip;<\/p>","protected":false},"author":1,"featured_media":0,"parent":0,"menu_order":0,"comment_status":"closed","ping_status":"closed","template":"","meta":[],"_links":{"self":[{"href":"https:\/\/www.uees.edu.sv\/editorialuees\/en\/wp-json\/wp\/v2\/pages\/1909"}],"collection":[{"href":"https:\/\/www.uees.edu.sv\/editorialuees\/en\/wp-json\/wp\/v2\/pages"}],"about":[{"href":"https:\/\/www.uees.edu.sv\/editorialuees\/en\/wp-json\/wp\/v2\/types\/page"}],"author":[{"embeddable":true,"href":"https:\/\/www.uees.edu.sv\/editorialuees\/en\/wp-json\/wp\/v2\/users\/1"}],"replies":[{"embeddable":true,"href":"https:\/\/www.uees.edu.sv\/editorialuees\/en\/wp-json\/wp\/v2\/comments?post=1909"}],"version-history":[{"count":162,"href":"https:\/\/www.uees.edu.sv\/editorialuees\/en\/wp-json\/wp\/v2\/pages\/1909\/revisions"}],"predecessor-version":[{"id":3605,"href":"https:\/\/www.uees.edu.sv\/editorialuees\/en\/wp-json\/wp\/v2\/pages\/1909\/revisions\/3605"}],"wp:attachment":[{"href":"https:\/\/www.uees.edu.sv\/editorialuees\/en\/wp-json\/wp\/v2\/media?parent=1909"}],"curies":[{"name":"wp","href":"https:\/\/api.w.org\/{rel}","templated":true}]}}