{"id":1863,"date":"2021-09-20T17:12:04","date_gmt":"2021-09-20T17:12:04","guid":{"rendered":"https:\/\/www.uees.edu.sv\/editorialuees\/?page_id=1863"},"modified":"2023-03-07T21:51:45","modified_gmt":"2023-03-07T21:51:45","slug":"direccion-de-publicacion","status":"publish","type":"page","link":"https:\/\/www.uees.edu.sv\/editorialuees\/en\/direccion-de-publicacion\/","title":{"rendered":"Directorate of Publications"},"content":{"rendered":"<div data-elementor-type=\"wp-page\" data-elementor-id=\"1863\" class=\"elementor elementor-1863\" data-elementor-settings=\"[]\">\n\t\t\t\t\t\t\t<div class=\"elementor-section-wrap\">\n\t\t\t\t\t\t\t<section class=\"penci-section penci-disSticky penci-structure-10 elementor-section elementor-top-section elementor-element elementor-element-6a75bab3 elementor-section-boxed elementor-section-height-default elementor-section-height-default\" data-id=\"6a75bab3\" data-element_type=\"section\">\n\t\t\t\t\t\t<div class=\"elementor-container elementor-column-gap-default\">\n\t\t\t\t\t<div class=\"penci-ercol-100 penci-ercol-order-1 penci-sticky-ct  elementor-column elementor-col-100 elementor-top-column elementor-element elementor-element-4fb91cd\" data-id=\"4fb91cd\" data-element_type=\"column\">\n\t\t\t<div class=\"elementor-widget-wrap elementor-element-populated\">\n\t\t\t\t\t\t\t\t<div class=\"elementor-element elementor-element-29be48d9 elementor-widget elementor-widget-text-editor\" data-id=\"29be48d9\" data-element_type=\"widget\" data-widget_type=\"text-editor.default\">\n\t\t\t\t<div class=\"elementor-widget-container\">\n\t\t\t\t\t\t\t\t<!-- wp:paragraph {\"align\":\"center\"} --><!-- \/wp:paragraph -->\n<p style=\"text-align: justify;\"><img loading=\"lazy\" class=\"size-full wp-image-3801 aligncenter\" src=\"https:\/\/www.uees.edu.sv\/editorialuees\/wp-content\/uploads\/2023\/03\/Editorial-UEES2.png\" alt=\"\" width=\"800\" height=\"600\" srcset=\"https:\/\/www.uees.edu.sv\/editorialuees\/wp-content\/uploads\/2023\/03\/Editorial-UEES2.png 800w, https:\/\/www.uees.edu.sv\/editorialuees\/wp-content\/uploads\/2023\/03\/Editorial-UEES2-300x225.png 300w, https:\/\/www.uees.edu.sv\/editorialuees\/wp-content\/uploads\/2023\/03\/Editorial-UEES2-768x576.png 768w, https:\/\/www.uees.edu.sv\/editorialuees\/wp-content\/uploads\/2023\/03\/Editorial-UEES2-585x439.png 585w, https:\/\/www.uees.edu.sv\/editorialuees\/wp-content\/uploads\/2023\/03\/Editorial-UEES2-150x113.png 150w, https:\/\/www.uees.edu.sv\/editorialuees\/wp-content\/uploads\/2023\/03\/Editorial-UEES2-500x375.png 500w\" sizes=\"(max-width: 800px) 100vw, 800px\" \/><\/p>\n<p>\u00a0<\/p>\n<p style=\"text-align: justify;\">The Directorate of Publications was created to disseminate the scientific production of the Evangelical University of El Salvador (UEES). All of the production generated by the research and innovation are published in scientific journals, manuals, chair, yearbooks, research chair and books of different disciplines of knowledge of authors, external and internal, under the seal <em>Editorial UEES.<\/em><\/p>\n<p style=\"text-align: justify;\"><em>Editorial UEES<\/em> is attached to the Vice-rector of Research and Social Projection (VRIPS), responsible to stimulate research and to work with the three functions of substantive priority for this house of higher studies: <em>Research, outreach and Dissemination of Scientific research.<\/em><\/p>\n<p style=\"text-align: justify;\">Thus, the management of Publications is responsible for the edition of the journals bi-annual, indexed and arbitrated <em>Creates Science<\/em> it publishes articles in the health sciences; and Science<em>Culture and Society<\/em>, articles of history, anthropology, education, engineering and Business Sciences, and Theological. Both publications are open access.<\/p>\n<p style=\"text-align: justify;\">\u00a0<em><br \/><\/em>In this way, we are glad to welcome you to the entire university community and invite them to learn about the different titles that make up the catalog of the academic production-scientific UEES.<\/p>\n<p style=\"text-align: justify;\">published in coordination with the Department of Theology; open access Journals. We are glad to welcome you to the entire university community and invite them to learn about the different titles that make up the catalogue of publications UEES.<\/p>\t\t\t\t\t\t<\/div>\n\t\t\t\t<\/div>\n\t\t\t\t\t<\/div>\n\t\t<\/div>\n\t\t\t\t\t\t\t<\/div>\n\t\t<\/section>\n\t\t\t\t\t\t<\/div>\n\t\t\t\t\t<\/div>","protected":false},"excerpt":{"rendered":"<p>\u00a0 La Direcci\u00f3n de Publicaciones se cre\u00f3 para visibilizar la producci\u00f3n cient\u00edfica de la Universidad&hellip;<\/p>","protected":false},"author":1,"featured_media":0,"parent":0,"menu_order":0,"comment_status":"closed","ping_status":"closed","template":"","meta":[],"_links":{"self":[{"href":"https:\/\/www.uees.edu.sv\/editorialuees\/en\/wp-json\/wp\/v2\/pages\/1863"}],"collection":[{"href":"https:\/\/www.uees.edu.sv\/editorialuees\/en\/wp-json\/wp\/v2\/pages"}],"about":[{"href":"https:\/\/www.uees.edu.sv\/editorialuees\/en\/wp-json\/wp\/v2\/types\/page"}],"author":[{"embeddable":true,"href":"https:\/\/www.uees.edu.sv\/editorialuees\/en\/wp-json\/wp\/v2\/users\/1"}],"replies":[{"embeddable":true,"href":"https:\/\/www.uees.edu.sv\/editorialuees\/en\/wp-json\/wp\/v2\/comments?post=1863"}],"version-history":[{"count":31,"href":"https:\/\/www.uees.edu.sv\/editorialuees\/en\/wp-json\/wp\/v2\/pages\/1863\/revisions"}],"predecessor-version":[{"id":3804,"href":"https:\/\/www.uees.edu.sv\/editorialuees\/en\/wp-json\/wp\/v2\/pages\/1863\/revisions\/3804"}],"wp:attachment":[{"href":"https:\/\/www.uees.edu.sv\/editorialuees\/en\/wp-json\/wp\/v2\/media?parent=1863"}],"curies":[{"name":"wp","href":"https:\/\/api.w.org\/{rel}","templated":true}]}}