{"id":4183,"date":"2025-10-06T11:52:14","date_gmt":"2025-10-06T17:52:14","guid":{"rendered":"https:\/\/www.uees.edu.sv\/congreso-uees\/?page_id=4183"},"modified":"2025-10-06T11:53:43","modified_gmt":"2025-10-06T17:53:43","slug":"salud","status":"publish","type":"page","link":"https:\/\/www.uees.edu.sv\/congreso-uees\/salud\/","title":{"rendered":"Salud"},"content":{"rendered":"\t\t<div data-elementor-type=\"wp-page\" data-elementor-id=\"4183\" class=\"elementor elementor-4183\" data-elementor-post-type=\"page\">\n\t\t\t\t<div class=\"elementor-element elementor-element-21c4c38 e-flex e-con-boxed e-con e-parent\" data-id=\"21c4c38\" data-element_type=\"container\">\n\t\t\t\t\t<div class=\"e-con-inner\">\n\t\t<div class=\"elementor-element elementor-element-e39fed4 e-con-full e-flex e-con e-child\" data-id=\"e39fed4\" data-element_type=\"container\">\n\t\t\t\t<div class=\"elementor-element elementor-element-09b00c5 elementor-widget elementor-widget-heading\" data-id=\"09b00c5\" data-element_type=\"widget\" data-widget_type=\"heading.default\">\n\t\t\t\t<div class=\"elementor-widget-container\">\n\t\t\t\t\t<h2 class=\"elementor-heading-title elementor-size-default\">Poster Cient\u00edfico - Salud<\/h2>\t\t\t\t<\/div>\n\t\t\t\t<\/div>\n\t\t\t\t<div class=\"elementor-element elementor-element-fefce87 meta-visibility-show title_position_default title_hover_border_default title-default img_hover_animation_default meta_position_default tpg-category-position-default readmore-btn-default-style grid-hover-overlay-type-always tpg-el-box-border-enable tpg-border-bottom-disable elementor-widget elementor-widget-tpg-list-layout\" data-id=\"fefce87\" data-element_type=\"widget\" data-widget_type=\"tpg-list-layout.default\">\n\t\t\t\t<div class=\"elementor-widget-container\">\n\t\t\t\t\t\n        <div class=\"rt-container-fluid rt-tpg-container tpg-el-main-wrapper list-layout2-main \"\n             data-sc-id=\"elementor\"\n             id=\"rt-tpg-container-2703700861\"\n             data-layout=\"list-layout2\"\n             data-grid-style=\"tpg-even\"\n             data-el-settings=''\n             data-el-query=''\n             data-el-path=''\n        >\n\t\t\t            <div class='tpg-header-wrapper '>\n\t\t\t\t            <\/div>\n\n            <div data-title=\"Loading ...\" class=\"rt-row rt-content-loader list-layout2 tpg-even list-behaviour list-layout-wrapper\">\n\t\t\t\t\n\t<!--Start Offset left & offset right column-->\n\t<div class=\"rt-col-xs-12 rt-col-md-4 rt-col-sm-5 offset-left-wrap offset-left\">\n\n\n\n\n\t<div class=\"rt-holder tpg-post-holder\">\n\t\t<div class=\"rt-detail rt-el-content-wrapper\">\n\t\t\t\t\t\t\t<div class=\"rt-img-holder tpg-el-image-wrap has-thumbnail\">\n\t\t\t\t\t<a data-id=\"4236\" href=\"https:\/\/www.uees.edu.sv\/congreso-uees\/ruth-marie-barrientos-lemus\/\" class=\"tpg-post-link\" target=\"_self\">                        <img fetchpriority=\"high\" decoding=\"async\" src=\"https:\/\/www.uees.edu.sv\/congreso-uees\/wp-content\/uploads\/2025\/10\/Ruth-Marie-Barrientos-e1760469711451.png\"\n                             class=\"rt-img-responsive\"\n                             width=\"768\"\n                             height=\"768\"\n                             alt=\"Ruth Marie Barrientos Lemus\">\n\t\t\t\t\t\t\n\t\t\t\t\t\t\t\n\t\t<\/a>\n\t\t        <div class=\"overlay grid-hover-content\"><\/div>\n\t\t\t\t\t\t<\/div>\n\t\t\t\n\t\t\t<div class=\"post-right-content\">\n\n\t\t\t\t<div class=\"entry-title-wrapper\"><h3 class=\"entry-title\"><a data-id=\"4236\" href=\"https:\/\/www.uees.edu.sv\/congreso-uees\/ruth-marie-barrientos-lemus\/\" class=\"tpg-post-link\" target=\"_self\">Ruth Marie Barrientos Lemus<\/a><\/h3><\/div>\n\n\t\t\t\t\t\t\t\t\t<div class=\"post-meta-tags rt-el-post-meta\">\n\t\t\t\t\t\t            <span class='categories-links'>\n\t\t\t\t<i class='fas fa-folder-open '><\/i><a class=\"poster-cientifico\" href=\"https:\/\/www.uees.edu.sv\/congreso-uees\/category\/poster-cientifico\/\">Poster Cient\u00edfico<\/a><span class=\"rt-separator\">,<\/span><a class=\"salud\" href=\"https:\/\/www.uees.edu.sv\/congreso-uees\/category\/poster-cientifico\/salud\/\">Salud<\/a>\t\t\t<\/span>\n\t\t\t\t\t\t\t\t<\/div>\n\t\t\t\t\n\t\t\t\t\t\t\t\t\t<div class=\"tpg-excerpt tpg-el-excerpt\">\n\t\t\t\t\t\t\t\t\t\t\t\t\t<div class=\"tpg-excerpt-inner\">\n\t\t\t\t\t\t\t\tRuth Marie Barrientos Lemus Contaminaci\u00f3n pl\u00e1stica en el r\u00edo Paz: impacto ambiental y riesgo para la...\t\t\t\t\t\t\t<\/div>\n\t\t\t\t\t\t\t\t\t\t\t\t\t\t\t\t\t<\/div>\n\t\t\t\t\n\t\t\t\t        <div class=\"post-footer\">\n            <div class=\"post-footer\">\n                <div class=\"read-more\">\n\t\t\t\t\t<a data-id=\"4236\" href=\"https:\/\/www.uees.edu.sv\/congreso-uees\/ruth-marie-barrientos-lemus\/\" class=\"tpg-post-link\" target=\"_self\">Leer m\u00e1s<\/a>                <\/div>\n            <\/div>\n        <\/div>\n\t\t\t\t\t<\/div>\n\t\t<\/div>\n\t<\/div>\n\n\n\n\n<\/div> <!--End Offset left & offset right column-->\n\t<!--Start Offset left & offset right column-->\n\t<div class=\"rt-col-xs-12 rt-col-md-8 rt-col-sm-7 offset-right\">\n\n\t<!--Start .rt-row -->\n\t<div class='rt-row'>\n\n\t<!--Start right offset column -->\n\t<div class=\"rt-col-md-6 rt-col-sm-12 rt-col-xs-12 default rt-list-item rt-grid-item\" data-id=\"4139\">\n\n\n\t<div class=\"rt-holder tpg-post-holder\">\n\t\t<div class=\"rt-detail rt-el-content-wrapper\">\n\t\t\t\t\t\t\t<div class=\"rt-img-holder tpg-el-image-wrap has-thumbnail\">\n\t\t\t\t\t<a data-id=\"4139\" href=\"https:\/\/www.uees.edu.sv\/congreso-uees\/wendy-carolina-valladares\/\" class=\"tpg-post-link\" target=\"_self\"><img decoding=\"async\" width=\"408\" height=\"468\" src=\"https:\/\/www.uees.edu.sv\/congreso-uees\/wp-content\/uploads\/2025\/10\/Wendy-Carolina-Valladares.png\" class=\"attachment-medium_large size-medium_large wp-post-image\" alt=\"\" srcset=\"https:\/\/www.uees.edu.sv\/congreso-uees\/wp-content\/uploads\/2025\/10\/Wendy-Carolina-Valladares.png 408w, https:\/\/www.uees.edu.sv\/congreso-uees\/wp-content\/uploads\/2025\/10\/Wendy-Carolina-Valladares-262x300.png 262w\" sizes=\"(max-width: 408px) 100vw, 408px\" \/>\t\t\n\t\t<\/a>\n\t\t        <div class=\"overlay grid-hover-content\"><\/div>\n\t\t\t\t\t\t<\/div>\n\t\t\t\n\t\t\t<div class=\"post-right-content\">\n\n\t\t\t\t<div class=\"entry-title-wrapper\"><h3 class=\"entry-title\"><a data-id=\"4139\" href=\"https:\/\/www.uees.edu.sv\/congreso-uees\/wendy-carolina-valladares\/\" class=\"tpg-post-link\" target=\"_self\">Wendy Carolina Valladares<\/a><\/h3><\/div>\n\n\t\t\t\t\t\t\t\t\t<div class=\"post-meta-tags rt-el-post-meta\">\n\t\t\t\t\t\t            <span class='categories-links'>\n\t\t\t\t<i class='fas fa-folder-open '><\/i><a class=\"poster-cientifico\" href=\"https:\/\/www.uees.edu.sv\/congreso-uees\/category\/poster-cientifico\/\">Poster Cient\u00edfico<\/a><span class=\"rt-separator\">,<\/span><a class=\"salud\" href=\"https:\/\/www.uees.edu.sv\/congreso-uees\/category\/poster-cientifico\/salud\/\">Salud<\/a>\t\t\t<\/span>\n\t\t\t\t\t\t\t\t<\/div>\n\t\t\t\t\n\t\t\t\t\n\t\t\t\t\t\t\t<\/div>\n\t\t<\/div>\n\t<\/div>\n\n\n<\/div> <!--End right offset column -->\n\n\n\n\n\t<!--Start right offset column -->\n\t<div class=\"rt-col-md-6 rt-col-sm-12 rt-col-xs-12 default rt-list-item rt-grid-item\" data-id=\"4131\">\n\n\n\t<div class=\"rt-holder tpg-post-holder\">\n\t\t<div class=\"rt-detail rt-el-content-wrapper\">\n\t\t\t\t\t\t\t<div class=\"rt-img-holder tpg-el-image-wrap has-thumbnail\">\n\t\t\t\t\t<a data-id=\"4131\" href=\"https:\/\/www.uees.edu.sv\/congreso-uees\/mario-bautista-perez\/\" class=\"tpg-post-link\" target=\"_self\"><img decoding=\"async\" width=\"768\" height=\"1023\" src=\"https:\/\/www.uees.edu.sv\/congreso-uees\/wp-content\/uploads\/2025\/10\/Mario-Bautista-Perez-768x1023.jpg\" class=\"attachment-medium_large size-medium_large wp-post-image\" alt=\"\" srcset=\"https:\/\/www.uees.edu.sv\/congreso-uees\/wp-content\/uploads\/2025\/10\/Mario-Bautista-Perez-768x1023.jpg 768w, https:\/\/www.uees.edu.sv\/congreso-uees\/wp-content\/uploads\/2025\/10\/Mario-Bautista-Perez-225x300.jpg 225w, https:\/\/www.uees.edu.sv\/congreso-uees\/wp-content\/uploads\/2025\/10\/Mario-Bautista-Perez-769x1024.jpg 769w, https:\/\/www.uees.edu.sv\/congreso-uees\/wp-content\/uploads\/2025\/10\/Mario-Bautista-Perez-600x799.jpg 600w, https:\/\/www.uees.edu.sv\/congreso-uees\/wp-content\/uploads\/2025\/10\/Mario-Bautista-Perez.jpg 801w\" sizes=\"(max-width: 768px) 100vw, 768px\" \/>\t\t\n\t\t<\/a>\n\t\t        <div class=\"overlay grid-hover-content\"><\/div>\n\t\t\t\t\t\t<\/div>\n\t\t\t\n\t\t\t<div class=\"post-right-content\">\n\n\t\t\t\t<div class=\"entry-title-wrapper\"><h3 class=\"entry-title\"><a data-id=\"4131\" href=\"https:\/\/www.uees.edu.sv\/congreso-uees\/mario-bautista-perez\/\" class=\"tpg-post-link\" target=\"_self\">Fabio Bautista P\u00e9rez<\/a><\/h3><\/div>\n\n\t\t\t\t\t\t\t\t\t<div class=\"post-meta-tags rt-el-post-meta\">\n\t\t\t\t\t\t            <span class='categories-links'>\n\t\t\t\t<i class='fas fa-folder-open '><\/i><a class=\"poster-cientifico\" href=\"https:\/\/www.uees.edu.sv\/congreso-uees\/category\/poster-cientifico\/\">Poster Cient\u00edfico<\/a><span class=\"rt-separator\">,<\/span><a class=\"salud\" href=\"https:\/\/www.uees.edu.sv\/congreso-uees\/category\/poster-cientifico\/salud\/\">Salud<\/a>\t\t\t<\/span>\n\t\t\t\t\t\t\t\t<\/div>\n\t\t\t\t\n\t\t\t\t\n\t\t\t\t\t\t\t<\/div>\n\t\t<\/div>\n\t<\/div>\n\n\n<\/div> <!--End right offset column -->\n\n\n\n\n\t<!--Start right offset column -->\n\t<div class=\"rt-col-md-6 rt-col-sm-12 rt-col-xs-12 default rt-list-item rt-grid-item\" data-id=\"4118\">\n\n\n\t<div class=\"rt-holder tpg-post-holder\">\n\t\t<div class=\"rt-detail rt-el-content-wrapper\">\n\t\t\t\t\t\t\t<div class=\"rt-img-holder tpg-el-image-wrap has-thumbnail\">\n\t\t\t\t\t<a data-id=\"4118\" href=\"https:\/\/www.uees.edu.sv\/congreso-uees\/diana-magaly-boquin-delgado\/\" class=\"tpg-post-link\" target=\"_self\"><img loading=\"lazy\" decoding=\"async\" width=\"768\" height=\"768\" src=\"https:\/\/www.uees.edu.sv\/congreso-uees\/wp-content\/uploads\/2025\/10\/Diana-Magaly-Boquin-Delgado-e1760469836324-768x768.jpeg\" class=\"attachment-medium_large size-medium_large wp-post-image\" alt=\"\" srcset=\"https:\/\/www.uees.edu.sv\/congreso-uees\/wp-content\/uploads\/2025\/10\/Diana-Magaly-Boquin-Delgado-e1760469836324-768x768.jpeg 768w, https:\/\/www.uees.edu.sv\/congreso-uees\/wp-content\/uploads\/2025\/10\/Diana-Magaly-Boquin-Delgado-e1760469836324-300x300.jpeg 300w, https:\/\/www.uees.edu.sv\/congreso-uees\/wp-content\/uploads\/2025\/10\/Diana-Magaly-Boquin-Delgado-e1760469836324-150x150.jpeg 150w, https:\/\/www.uees.edu.sv\/congreso-uees\/wp-content\/uploads\/2025\/10\/Diana-Magaly-Boquin-Delgado-e1760469836324-600x600.jpeg 600w, https:\/\/www.uees.edu.sv\/congreso-uees\/wp-content\/uploads\/2025\/10\/Diana-Magaly-Boquin-Delgado-e1760469836324-100x100.jpeg 100w, https:\/\/www.uees.edu.sv\/congreso-uees\/wp-content\/uploads\/2025\/10\/Diana-Magaly-Boquin-Delgado-e1760469836324.jpeg 864w\" sizes=\"(max-width: 768px) 100vw, 768px\" \/>\t\t\n\t\t<\/a>\n\t\t        <div class=\"overlay grid-hover-content\"><\/div>\n\t\t\t\t\t\t<\/div>\n\t\t\t\n\t\t\t<div class=\"post-right-content\">\n\n\t\t\t\t<div class=\"entry-title-wrapper\"><h3 class=\"entry-title\"><a data-id=\"4118\" href=\"https:\/\/www.uees.edu.sv\/congreso-uees\/diana-magaly-boquin-delgado\/\" class=\"tpg-post-link\" target=\"_self\">Diana Magaly Boqu\u00edn Delgado<\/a><\/h3><\/div>\n\n\t\t\t\t\t\t\t\t\t<div class=\"post-meta-tags rt-el-post-meta\">\n\t\t\t\t\t\t            <span class='categories-links'>\n\t\t\t\t<i class='fas fa-folder-open '><\/i><a class=\"poster-cientifico\" href=\"https:\/\/www.uees.edu.sv\/congreso-uees\/category\/poster-cientifico\/\">Poster Cient\u00edfico<\/a><span class=\"rt-separator\">,<\/span><a class=\"salud\" href=\"https:\/\/www.uees.edu.sv\/congreso-uees\/category\/poster-cientifico\/salud\/\">Salud<\/a>\t\t\t<\/span>\n\t\t\t\t\t\t\t\t<\/div>\n\t\t\t\t\n\t\t\t\t\n\t\t\t\t\t\t\t<\/div>\n\t\t<\/div>\n\t<\/div>\n\n\n<\/div> <!--End right offset column -->\n\n\n\n\n\t<!--Start right offset column -->\n\t<div class=\"rt-col-md-6 rt-col-sm-12 rt-col-xs-12 default rt-list-item rt-grid-item\" data-id=\"4109\">\n\n\n\t<div class=\"rt-holder tpg-post-holder\">\n\t\t<div class=\"rt-detail rt-el-content-wrapper\">\n\t\t\t\t\t\t\t<div class=\"rt-img-holder tpg-el-image-wrap has-thumbnail\">\n\t\t\t\t\t<a data-id=\"4109\" href=\"https:\/\/www.uees.edu.sv\/congreso-uees\/arnold-issac-bolanos-castillo\/\" class=\"tpg-post-link\" target=\"_self\"><img loading=\"lazy\" decoding=\"async\" width=\"657\" height=\"858\" src=\"https:\/\/www.uees.edu.sv\/congreso-uees\/wp-content\/uploads\/2025\/10\/Arnold-Bolanos.jpg\" class=\"attachment-medium_large size-medium_large wp-post-image\" alt=\"\" srcset=\"https:\/\/www.uees.edu.sv\/congreso-uees\/wp-content\/uploads\/2025\/10\/Arnold-Bolanos.jpg 657w, https:\/\/www.uees.edu.sv\/congreso-uees\/wp-content\/uploads\/2025\/10\/Arnold-Bolanos-230x300.jpg 230w, https:\/\/www.uees.edu.sv\/congreso-uees\/wp-content\/uploads\/2025\/10\/Arnold-Bolanos-600x784.jpg 600w\" sizes=\"(max-width: 657px) 100vw, 657px\" \/>\t\t\n\t\t<\/a>\n\t\t        <div class=\"overlay grid-hover-content\"><\/div>\n\t\t\t\t\t\t<\/div>\n\t\t\t\n\t\t\t<div class=\"post-right-content\">\n\n\t\t\t\t<div class=\"entry-title-wrapper\"><h3 class=\"entry-title\"><a data-id=\"4109\" href=\"https:\/\/www.uees.edu.sv\/congreso-uees\/arnold-issac-bolanos-castillo\/\" class=\"tpg-post-link\" target=\"_self\">Arnold Issac Bola\u00f1os Castillo<\/a><\/h3><\/div>\n\n\t\t\t\t\t\t\t\t\t<div class=\"post-meta-tags rt-el-post-meta\">\n\t\t\t\t\t\t            <span class='categories-links'>\n\t\t\t\t<i class='fas fa-folder-open '><\/i><a class=\"poster-cientifico\" href=\"https:\/\/www.uees.edu.sv\/congreso-uees\/category\/poster-cientifico\/\">Poster Cient\u00edfico<\/a><span class=\"rt-separator\">,<\/span><a class=\"salud\" href=\"https:\/\/www.uees.edu.sv\/congreso-uees\/category\/poster-cientifico\/salud\/\">Salud<\/a>\t\t\t<\/span>\n\t\t\t\t\t\t\t\t<\/div>\n\t\t\t\t\n\t\t\t\t\n\t\t\t\t\t\t\t<\/div>\n\t\t<\/div>\n\t<\/div>\n\n\n<\/div> <!--End right offset column -->\n\n\n\n\n\t<!--Start right offset column -->\n\t<div class=\"rt-col-md-6 rt-col-sm-12 rt-col-xs-12 default rt-list-item rt-grid-item\" data-id=\"4100\">\n\n\n\t<div class=\"rt-holder tpg-post-holder\">\n\t\t<div class=\"rt-detail rt-el-content-wrapper\">\n\t\t\t\t\t\t\t<div class=\"rt-img-holder tpg-el-image-wrap has-thumbnail\">\n\t\t\t\t\t<a data-id=\"4100\" href=\"https:\/\/www.uees.edu.sv\/congreso-uees\/grecia-mabel-moz-beltran\/\" class=\"tpg-post-link\" target=\"_self\"><img loading=\"lazy\" decoding=\"async\" width=\"768\" height=\"1024\" src=\"https:\/\/www.uees.edu.sv\/congreso-uees\/wp-content\/uploads\/2025\/10\/Grecia-Moz-1-768x1024.jpg\" class=\"attachment-medium_large size-medium_large wp-post-image\" alt=\"\" srcset=\"https:\/\/www.uees.edu.sv\/congreso-uees\/wp-content\/uploads\/2025\/10\/Grecia-Moz-1-768x1024.jpg 768w, https:\/\/www.uees.edu.sv\/congreso-uees\/wp-content\/uploads\/2025\/10\/Grecia-Moz-1-225x300.jpg 225w, https:\/\/www.uees.edu.sv\/congreso-uees\/wp-content\/uploads\/2025\/10\/Grecia-Moz-1-1152x1536.jpg 1152w, https:\/\/www.uees.edu.sv\/congreso-uees\/wp-content\/uploads\/2025\/10\/Grecia-Moz-1-600x800.jpg 600w, https:\/\/www.uees.edu.sv\/congreso-uees\/wp-content\/uploads\/2025\/10\/Grecia-Moz-1.jpg 1512w\" sizes=\"(max-width: 768px) 100vw, 768px\" \/>\t\t\n\t\t<\/a>\n\t\t        <div class=\"overlay grid-hover-content\"><\/div>\n\t\t\t\t\t\t<\/div>\n\t\t\t\n\t\t\t<div class=\"post-right-content\">\n\n\t\t\t\t<div class=\"entry-title-wrapper\"><h3 class=\"entry-title\"><a data-id=\"4100\" href=\"https:\/\/www.uees.edu.sv\/congreso-uees\/grecia-mabel-moz-beltran\/\" class=\"tpg-post-link\" target=\"_self\">Grecia Mabel Moz Beltran<\/a><\/h3><\/div>\n\n\t\t\t\t\t\t\t\t\t<div class=\"post-meta-tags rt-el-post-meta\">\n\t\t\t\t\t\t            <span class='categories-links'>\n\t\t\t\t<i class='fas fa-folder-open '><\/i><a class=\"poster-cientifico\" href=\"https:\/\/www.uees.edu.sv\/congreso-uees\/category\/poster-cientifico\/\">Poster Cient\u00edfico<\/a><span class=\"rt-separator\">,<\/span><a class=\"salud\" href=\"https:\/\/www.uees.edu.sv\/congreso-uees\/category\/poster-cientifico\/salud\/\">Salud<\/a>\t\t\t<\/span>\n\t\t\t\t\t\t\t\t<\/div>\n\t\t\t\t\n\t\t\t\t\n\t\t\t\t\t\t\t<\/div>\n\t\t<\/div>\n\t<\/div>\n\n\n<\/div> <!--End right offset column -->\n\n\n\n\n\t<!--Start right offset column -->\n\t<div class=\"rt-col-md-6 rt-col-sm-12 rt-col-xs-12 default rt-list-item rt-grid-item\" data-id=\"4092\">\n\n\n\t<div class=\"rt-holder tpg-post-holder\">\n\t\t<div class=\"rt-detail rt-el-content-wrapper\">\n\t\t\t\t\t\t\t<div class=\"rt-img-holder tpg-el-image-wrap has-thumbnail\">\n\t\t\t\t\t<a data-id=\"4092\" href=\"https:\/\/www.uees.edu.sv\/congreso-uees\/karla-marcela-henriquez\/\" class=\"tpg-post-link\" target=\"_self\"><img loading=\"lazy\" decoding=\"async\" width=\"295\" height=\"413\" src=\"https:\/\/www.uees.edu.sv\/congreso-uees\/wp-content\/uploads\/2025\/10\/Karla-Marcela-Henriquez.jpg\" class=\"attachment-medium_large size-medium_large wp-post-image\" alt=\"\" srcset=\"https:\/\/www.uees.edu.sv\/congreso-uees\/wp-content\/uploads\/2025\/10\/Karla-Marcela-Henriquez.jpg 295w, https:\/\/www.uees.edu.sv\/congreso-uees\/wp-content\/uploads\/2025\/10\/Karla-Marcela-Henriquez-214x300.jpg 214w\" sizes=\"(max-width: 295px) 100vw, 295px\" \/>\t\t\n\t\t<\/a>\n\t\t        <div class=\"overlay grid-hover-content\"><\/div>\n\t\t\t\t\t\t<\/div>\n\t\t\t\n\t\t\t<div class=\"post-right-content\">\n\n\t\t\t\t<div class=\"entry-title-wrapper\"><h3 class=\"entry-title\"><a data-id=\"4092\" href=\"https:\/\/www.uees.edu.sv\/congreso-uees\/karla-marcela-henriquez\/\" class=\"tpg-post-link\" target=\"_self\">Karla Marcela Henr\u00edquez<\/a><\/h3><\/div>\n\n\t\t\t\t\t\t\t\t\t<div class=\"post-meta-tags rt-el-post-meta\">\n\t\t\t\t\t\t            <span class='categories-links'>\n\t\t\t\t<i class='fas fa-folder-open '><\/i><a class=\"poster-cientifico\" href=\"https:\/\/www.uees.edu.sv\/congreso-uees\/category\/poster-cientifico\/\">Poster Cient\u00edfico<\/a><span class=\"rt-separator\">,<\/span><a class=\"salud\" href=\"https:\/\/www.uees.edu.sv\/congreso-uees\/category\/poster-cientifico\/salud\/\">Salud<\/a>\t\t\t<\/span>\n\t\t\t\t\t\t\t\t<\/div>\n\t\t\t\t\n\t\t\t\t\n\t\t\t\t\t\t\t<\/div>\n\t\t<\/div>\n\t<\/div>\n\n\n<\/div> <!--End right offset column --><\/div> <!--End .rt-row -->\n\n<\/div> <!--End Offset left & offset right column-->            <\/div>\n\n\t\t\t<div class='rt-pagination-wrap' data-total-pages='2' data-posts-per-page='' data-type='pagination'><div class=\"rt-pagination\"><ul class=\"pagination-list\"><li class=\"active\"><span>1<\/span><\/li><li><a data-paged='2' href='https:\/\/www.uees.edu.sv\/congreso-uees\/wp-json\/wp\/v2\/pages\/4183\/page\/2\/'>2<\/a><\/li><\/ul><\/div><\/div>\n        <\/div>\n\t\t\t\t\t\t<\/div>\n\t\t\t\t<\/div>\n\t\t\t\t<\/div>\n\t\t\t\t\t<\/div>\n\t\t\t\t<\/div>\n\t\t\t\t<\/div>\n\t\t","protected":false},"excerpt":{"rendered":"<p>Poster Cient\u00edfico &#8211; Salud Wendy Carolina Valladares Poster Cient\u00edfico,Salud Wendy Carolina Valladares Infecciones parasitarias intestinales y poliparasitismo en pacientes&#8230; Leer m\u00e1s Mario Bautista P\u00e9rez Poster Cient\u00edfico,Salud Diana Magaly Boqu\u00edn Delgado Poster Cient\u00edfico,Salud Arnold Issac Bola\u00f1os Castillo Poster Cient\u00edfico,Salud Grecia Mabel Moz Beltran Poster Cient\u00edfico,Salud Karla Marcela Henr\u00edquez Poster Cient\u00edfico,Salud Ana Marcela Hernandez Poster Cient\u00edfico,Salud 1 [&hellip;]<\/p>\n","protected":false},"author":1,"featured_media":0,"parent":0,"menu_order":0,"comment_status":"closed","ping_status":"closed","template":"","meta":{"footnotes":""},"class_list":["post-4183","page","type-page","status-publish","hentry"],"rttpg_featured_image_url":null,"rttpg_author":{"display_name":"Antonio","author_link":"https:\/\/www.uees.edu.sv\/congreso-uees\/author\/antonio\/"},"rttpg_comment":0,"rttpg_category":"","rttpg_excerpt":"Poster Cient\u00edfico &#8211; Salud Wendy Carolina Valladares Poster Cient\u00edfico,Salud Wendy Carolina Valladares Infecciones parasitarias intestinales y poliparasitismo en pacientes&#8230; Leer m\u00e1s Mario Bautista P\u00e9rez Poster Cient\u00edfico,Salud Diana Magaly Boqu\u00edn Delgado Poster Cient\u00edfico,Salud Arnold Issac Bola\u00f1os Castillo Poster Cient\u00edfico,Salud Grecia Mabel Moz Beltran Poster Cient\u00edfico,Salud Karla Marcela Henr\u00edquez Poster Cient\u00edfico,Salud Ana Marcela Hernandez Poster Cient\u00edfico,Salud 1&hellip;","_links":{"self":[{"href":"https:\/\/www.uees.edu.sv\/congreso-uees\/wp-json\/wp\/v2\/pages\/4183","targetHints":{"allow":["GET"]}}],"collection":[{"href":"https:\/\/www.uees.edu.sv\/congreso-uees\/wp-json\/wp\/v2\/pages"}],"about":[{"href":"https:\/\/www.uees.edu.sv\/congreso-uees\/wp-json\/wp\/v2\/types\/page"}],"author":[{"embeddable":true,"href":"https:\/\/www.uees.edu.sv\/congreso-uees\/wp-json\/wp\/v2\/users\/1"}],"replies":[{"embeddable":true,"href":"https:\/\/www.uees.edu.sv\/congreso-uees\/wp-json\/wp\/v2\/comments?post=4183"}],"version-history":[{"count":4,"href":"https:\/\/www.uees.edu.sv\/congreso-uees\/wp-json\/wp\/v2\/pages\/4183\/revisions"}],"predecessor-version":[{"id":4187,"href":"https:\/\/www.uees.edu.sv\/congreso-uees\/wp-json\/wp\/v2\/pages\/4183\/revisions\/4187"}],"wp:attachment":[{"href":"https:\/\/www.uees.edu.sv\/congreso-uees\/wp-json\/wp\/v2\/media?parent=4183"}],"curies":[{"name":"wp","href":"https:\/\/api.w.org\/{rel}","templated":true}]}}