{"id":4168,"date":"2025-10-06T11:48:44","date_gmt":"2025-10-06T17:48:44","guid":{"rendered":"https:\/\/www.uees.edu.sv\/congreso-uees\/?page_id=4168"},"modified":"2025-10-06T11:55:03","modified_gmt":"2025-10-06T17:55:03","slug":"ciencias-sociales","status":"publish","type":"page","link":"https:\/\/www.uees.edu.sv\/congreso-uees\/ciencias-sociales\/","title":{"rendered":"Ciencias Sociales"},"content":{"rendered":"\t\t<div data-elementor-type=\"wp-page\" data-elementor-id=\"4168\" class=\"elementor elementor-4168\" data-elementor-post-type=\"page\">\n\t\t\t\t<div class=\"elementor-element elementor-element-21c4c38 e-flex e-con-boxed e-con e-parent\" data-id=\"21c4c38\" data-element_type=\"container\">\n\t\t\t\t\t<div class=\"e-con-inner\">\n\t\t<div class=\"elementor-element elementor-element-e39fed4 e-con-full e-flex e-con e-child\" data-id=\"e39fed4\" data-element_type=\"container\">\n\t\t\t\t<div class=\"elementor-element elementor-element-09b00c5 elementor-widget elementor-widget-heading\" data-id=\"09b00c5\" data-element_type=\"widget\" data-widget_type=\"heading.default\">\n\t\t\t\t<div class=\"elementor-widget-container\">\n\t\t\t\t\t<h2 class=\"elementor-heading-title elementor-size-default\">Poster Cient\u00edfico - Ciencias Sociales<\/h2>\t\t\t\t<\/div>\n\t\t\t\t<\/div>\n\t\t\t\t<div class=\"elementor-element elementor-element-fefce87 meta-visibility-show title_position_default title_hover_border_default title-default img_hover_animation_default meta_position_default tpg-category-position-default readmore-btn-default-style grid-hover-overlay-type-always tpg-el-box-border-enable tpg-border-bottom-disable elementor-widget elementor-widget-tpg-list-layout\" data-id=\"fefce87\" data-element_type=\"widget\" data-widget_type=\"tpg-list-layout.default\">\n\t\t\t\t<div class=\"elementor-widget-container\">\n\t\t\t\t\t\n        <div class=\"rt-container-fluid rt-tpg-container tpg-el-main-wrapper list-layout2-main \"\n             data-sc-id=\"elementor\"\n             id=\"rt-tpg-container-3886365641\"\n             data-layout=\"list-layout2\"\n             data-grid-style=\"tpg-even\"\n             data-el-settings=''\n             data-el-query=''\n             data-el-path=''\n        >\n\t\t\t            <div class='tpg-header-wrapper '>\n\t\t\t\t            <\/div>\n\n            <div data-title=\"Loading ...\" class=\"rt-row rt-content-loader list-layout2 tpg-even list-behaviour list-layout-wrapper\">\n\t\t\t\t\n\t<!--Start Offset left & offset right column-->\n\t<div class=\"rt-col-xs-12 rt-col-md-4 rt-col-sm-5 offset-left-wrap offset-left\">\n\n\n\n\n\t<div class=\"rt-holder tpg-post-holder\">\n\t\t<div class=\"rt-detail rt-el-content-wrapper\">\n\t\t\t\t\t\t\t<div class=\"rt-img-holder tpg-el-image-wrap has-thumbnail\">\n\t\t\t\t\t<a data-id=\"3994\" href=\"https:\/\/www.uees.edu.sv\/congreso-uees\/jennifer-mariela-ramos-quinteros\/\" class=\"tpg-post-link\" target=\"_self\">                        <img fetchpriority=\"high\" decoding=\"async\" src=\"https:\/\/www.uees.edu.sv\/congreso-uees\/wp-content\/uploads\/2025\/10\/user-icon-human-person-sign-vector-10206693-768x768.png\"\n                             class=\"rt-img-responsive\"\n                             width=\"768\"\n                             height=\"768\"\n                             alt=\"Jennifer Mariela Ramos Quinteros\">\n\t\t\t\t\t\t\n\t\t\t\t\t\t\t\n\t\t<\/a>\n\t\t        <div class=\"overlay grid-hover-content\"><\/div>\n\t\t\t\t\t\t<\/div>\n\t\t\t\n\t\t\t<div class=\"post-right-content\">\n\n\t\t\t\t<div class=\"entry-title-wrapper\"><h3 class=\"entry-title\"><a data-id=\"3994\" href=\"https:\/\/www.uees.edu.sv\/congreso-uees\/jennifer-mariela-ramos-quinteros\/\" class=\"tpg-post-link\" target=\"_self\">Jennifer Mariela Ramos Quinteros<\/a><\/h3><\/div>\n\n\t\t\t\t\t\t\t\t\t<div class=\"post-meta-tags rt-el-post-meta\">\n\t\t\t\t\t\t            <span class='categories-links'>\n\t\t\t\t<i class='fas fa-folder-open '><\/i><a class=\"ciencias-sociales\" href=\"https:\/\/www.uees.edu.sv\/congreso-uees\/category\/poster-cientifico\/ciencias-sociales\/\">Ciencias Sociales<\/a><span class=\"rt-separator\">,<\/span><a class=\"poster-cientifico\" href=\"https:\/\/www.uees.edu.sv\/congreso-uees\/category\/poster-cientifico\/\">Poster Cient\u00edfico<\/a>\t\t\t<\/span>\n\t\t\t\t\t\t\t\t<\/div>\n\t\t\t\t\n\t\t\t\t\t\t\t\t\t<div class=\"tpg-excerpt tpg-el-excerpt\">\n\t\t\t\t\t\t\t\t\t\t\t\t\t<div class=\"tpg-excerpt-inner\">\n\t\t\t\t\t\t\t\tJennifer Mariela Ramos Quinteros Percepciones sobre la atenci\u00f3n y acceso al derecho a la salud...\t\t\t\t\t\t\t<\/div>\n\t\t\t\t\t\t\t\t\t\t\t\t\t\t\t\t\t<\/div>\n\t\t\t\t\n\t\t\t\t        <div class=\"post-footer\">\n            <div class=\"post-footer\">\n                <div class=\"read-more\">\n\t\t\t\t\t<a data-id=\"3994\" href=\"https:\/\/www.uees.edu.sv\/congreso-uees\/jennifer-mariela-ramos-quinteros\/\" class=\"tpg-post-link\" target=\"_self\">Leer m\u00e1s<\/a>                <\/div>\n            <\/div>\n        <\/div>\n\t\t\t\t\t<\/div>\n\t\t<\/div>\n\t<\/div>\n\n\n\n\n<\/div> <!--End Offset left & offset right column-->\n\t<!--Start Offset left & offset right column-->\n\t<div class=\"rt-col-xs-12 rt-col-md-8 rt-col-sm-7 offset-right\">\n\n\t<!--Start .rt-row -->\n\t<div class='rt-row'>\n\n\t<!--Start right offset column -->\n\t<div class=\"rt-col-md-6 rt-col-sm-12 rt-col-xs-12 default rt-list-item rt-grid-item\" data-id=\"3986\">\n\n\n\t<div class=\"rt-holder tpg-post-holder\">\n\t\t<div class=\"rt-detail rt-el-content-wrapper\">\n\t\t\t\t\t\t\t<div class=\"rt-img-holder tpg-el-image-wrap has-thumbnail\">\n\t\t\t\t\t<a data-id=\"3986\" href=\"https:\/\/www.uees.edu.sv\/congreso-uees\/ilse-concepcion-zelaya-rodriguez\/\" class=\"tpg-post-link\" target=\"_self\"><img decoding=\"async\" width=\"768\" height=\"1024\" src=\"https:\/\/www.uees.edu.sv\/congreso-uees\/wp-content\/uploads\/2025\/10\/Ilse-Zelaya-768x1024.jpeg\" class=\"attachment-medium_large size-medium_large wp-post-image\" alt=\"\" srcset=\"https:\/\/www.uees.edu.sv\/congreso-uees\/wp-content\/uploads\/2025\/10\/Ilse-Zelaya-768x1024.jpeg 768w, https:\/\/www.uees.edu.sv\/congreso-uees\/wp-content\/uploads\/2025\/10\/Ilse-Zelaya-225x300.jpeg 225w, https:\/\/www.uees.edu.sv\/congreso-uees\/wp-content\/uploads\/2025\/10\/Ilse-Zelaya-1152x1536.jpeg 1152w, https:\/\/www.uees.edu.sv\/congreso-uees\/wp-content\/uploads\/2025\/10\/Ilse-Zelaya-600x800.jpeg 600w, https:\/\/www.uees.edu.sv\/congreso-uees\/wp-content\/uploads\/2025\/10\/Ilse-Zelaya.jpeg 1200w\" sizes=\"(max-width: 768px) 100vw, 768px\" \/>\t\t\n\t\t<\/a>\n\t\t        <div class=\"overlay grid-hover-content\"><\/div>\n\t\t\t\t\t\t<\/div>\n\t\t\t\n\t\t\t<div class=\"post-right-content\">\n\n\t\t\t\t<div class=\"entry-title-wrapper\"><h3 class=\"entry-title\"><a data-id=\"3986\" href=\"https:\/\/www.uees.edu.sv\/congreso-uees\/ilse-concepcion-zelaya-rodriguez\/\" class=\"tpg-post-link\" target=\"_self\">Ilse Concepci\u00f3n Zelaya Rodr\u00edguez<\/a><\/h3><\/div>\n\n\t\t\t\t\t\t\t\t\t<div class=\"post-meta-tags rt-el-post-meta\">\n\t\t\t\t\t\t            <span class='categories-links'>\n\t\t\t\t<i class='fas fa-folder-open '><\/i><a class=\"ciencias-sociales\" href=\"https:\/\/www.uees.edu.sv\/congreso-uees\/category\/poster-cientifico\/ciencias-sociales\/\">Ciencias Sociales<\/a><span class=\"rt-separator\">,<\/span><a class=\"poster-cientifico\" href=\"https:\/\/www.uees.edu.sv\/congreso-uees\/category\/poster-cientifico\/\">Poster Cient\u00edfico<\/a>\t\t\t<\/span>\n\t\t\t\t\t\t\t\t<\/div>\n\t\t\t\t\n\t\t\t\t\n\t\t\t\t\t\t\t<\/div>\n\t\t<\/div>\n\t<\/div>\n\n\n<\/div> <!--End right offset column -->\n\n\n\n\n\t<!--Start right offset column -->\n\t<div class=\"rt-col-md-6 rt-col-sm-12 rt-col-xs-12 default rt-list-item rt-grid-item\" data-id=\"3976\">\n\n\n\t<div class=\"rt-holder tpg-post-holder\">\n\t\t<div class=\"rt-detail rt-el-content-wrapper\">\n\t\t\t\t\t\t\t<div class=\"rt-img-holder tpg-el-image-wrap has-thumbnail\">\n\t\t\t\t\t<a data-id=\"3976\" href=\"https:\/\/www.uees.edu.sv\/congreso-uees\/emily-andrea-melendez-mendoza\/\" class=\"tpg-post-link\" target=\"_self\"><img decoding=\"async\" width=\"768\" height=\"768\" src=\"https:\/\/www.uees.edu.sv\/congreso-uees\/wp-content\/uploads\/2025\/10\/user-icon-human-person-sign-vector-10206693-768x768.png\" class=\"attachment-medium_large size-medium_large wp-post-image\" alt=\"\" srcset=\"https:\/\/www.uees.edu.sv\/congreso-uees\/wp-content\/uploads\/2025\/10\/user-icon-human-person-sign-vector-10206693-768x768.png 768w, https:\/\/www.uees.edu.sv\/congreso-uees\/wp-content\/uploads\/2025\/10\/user-icon-human-person-sign-vector-10206693-300x300.png 300w, https:\/\/www.uees.edu.sv\/congreso-uees\/wp-content\/uploads\/2025\/10\/user-icon-human-person-sign-vector-10206693-150x150.png 150w, https:\/\/www.uees.edu.sv\/congreso-uees\/wp-content\/uploads\/2025\/10\/user-icon-human-person-sign-vector-10206693-600x600.png 600w, https:\/\/www.uees.edu.sv\/congreso-uees\/wp-content\/uploads\/2025\/10\/user-icon-human-person-sign-vector-10206693-100x100.png 100w, https:\/\/www.uees.edu.sv\/congreso-uees\/wp-content\/uploads\/2025\/10\/user-icon-human-person-sign-vector-10206693.png 981w\" sizes=\"(max-width: 768px) 100vw, 768px\" \/>\t\t\n\t\t<\/a>\n\t\t        <div class=\"overlay grid-hover-content\"><\/div>\n\t\t\t\t\t\t<\/div>\n\t\t\t\n\t\t\t<div class=\"post-right-content\">\n\n\t\t\t\t<div class=\"entry-title-wrapper\"><h3 class=\"entry-title\"><a data-id=\"3976\" href=\"https:\/\/www.uees.edu.sv\/congreso-uees\/emily-andrea-melendez-mendoza\/\" class=\"tpg-post-link\" target=\"_self\">Emily Andrea Mel\u00e9ndez Mendoza<\/a><\/h3><\/div>\n\n\t\t\t\t\t\t\t\t\t<div class=\"post-meta-tags rt-el-post-meta\">\n\t\t\t\t\t\t            <span class='categories-links'>\n\t\t\t\t<i class='fas fa-folder-open '><\/i><a class=\"ciencias-sociales\" href=\"https:\/\/www.uees.edu.sv\/congreso-uees\/category\/poster-cientifico\/ciencias-sociales\/\">Ciencias Sociales<\/a><span class=\"rt-separator\">,<\/span><a class=\"poster-cientifico\" href=\"https:\/\/www.uees.edu.sv\/congreso-uees\/category\/poster-cientifico\/\">Poster Cient\u00edfico<\/a>\t\t\t<\/span>\n\t\t\t\t\t\t\t\t<\/div>\n\t\t\t\t\n\t\t\t\t\n\t\t\t\t\t\t\t<\/div>\n\t\t<\/div>\n\t<\/div>\n\n\n<\/div> <!--End right offset column -->\n\n\n\n\n\t<!--Start right offset column -->\n\t<div class=\"rt-col-md-6 rt-col-sm-12 rt-col-xs-12 default rt-list-item rt-grid-item\" data-id=\"3962\">\n\n\n\t<div class=\"rt-holder tpg-post-holder\">\n\t\t<div class=\"rt-detail rt-el-content-wrapper\">\n\t\t\t\t\t\t\t<div class=\"rt-img-holder tpg-el-image-wrap has-thumbnail\">\n\t\t\t\t\t<a data-id=\"3962\" href=\"https:\/\/www.uees.edu.sv\/congreso-uees\/elia-pineda\/\" class=\"tpg-post-link\" target=\"_self\"><img loading=\"lazy\" decoding=\"async\" width=\"500\" height=\"500\" src=\"https:\/\/www.uees.edu.sv\/congreso-uees\/wp-content\/uploads\/2025\/10\/Elia-Pineda.jpg\" class=\"attachment-medium_large size-medium_large wp-post-image\" alt=\"\" srcset=\"https:\/\/www.uees.edu.sv\/congreso-uees\/wp-content\/uploads\/2025\/10\/Elia-Pineda.jpg 500w, https:\/\/www.uees.edu.sv\/congreso-uees\/wp-content\/uploads\/2025\/10\/Elia-Pineda-300x300.jpg 300w, https:\/\/www.uees.edu.sv\/congreso-uees\/wp-content\/uploads\/2025\/10\/Elia-Pineda-150x150.jpg 150w, https:\/\/www.uees.edu.sv\/congreso-uees\/wp-content\/uploads\/2025\/10\/Elia-Pineda-100x100.jpg 100w\" sizes=\"(max-width: 500px) 100vw, 500px\" \/>\t\t\n\t\t<\/a>\n\t\t        <div class=\"overlay grid-hover-content\"><\/div>\n\t\t\t\t\t\t<\/div>\n\t\t\t\n\t\t\t<div class=\"post-right-content\">\n\n\t\t\t\t<div class=\"entry-title-wrapper\"><h3 class=\"entry-title\"><a data-id=\"3962\" href=\"https:\/\/www.uees.edu.sv\/congreso-uees\/elia-pineda\/\" class=\"tpg-post-link\" target=\"_self\">Elia Pineda<\/a><\/h3><\/div>\n\n\t\t\t\t\t\t\t\t\t<div class=\"post-meta-tags rt-el-post-meta\">\n\t\t\t\t\t\t            <span class='categories-links'>\n\t\t\t\t<i class='fas fa-folder-open '><\/i><a class=\"ciencias-sociales\" href=\"https:\/\/www.uees.edu.sv\/congreso-uees\/category\/poster-cientifico\/ciencias-sociales\/\">Ciencias Sociales<\/a><span class=\"rt-separator\">,<\/span><a class=\"poster-cientifico\" href=\"https:\/\/www.uees.edu.sv\/congreso-uees\/category\/poster-cientifico\/\">Poster Cient\u00edfico<\/a>\t\t\t<\/span>\n\t\t\t\t\t\t\t\t<\/div>\n\t\t\t\t\n\t\t\t\t\n\t\t\t\t\t\t\t<\/div>\n\t\t<\/div>\n\t<\/div>\n\n\n<\/div> <!--End right offset column --><\/div> <!--End .rt-row -->\n\n<\/div> <!--End Offset left & offset right column-->            <\/div>\n\n\t\t\t\n        <\/div>\n\t\t\t\t\t\t<\/div>\n\t\t\t\t<\/div>\n\t\t\t\t<\/div>\n\t\t\t\t\t<\/div>\n\t\t\t\t<\/div>\n\t\t\t\t<\/div>\n\t\t","protected":false},"excerpt":{"rendered":"<p>Poster Cient\u00edfico &#8211; Ciencias Sociales Jennifer Mariela Ramos Quinteros Ciencias Sociales,Poster Cient\u00edfico Jennifer Mariela Ramos Quinteros Percepciones sobre la atenci\u00f3n y acceso al derecho a la salud&#8230; Leer m\u00e1s Ilse Concepci\u00f3n Zelaya Rodr\u00edguez Ciencias Sociales,Poster Cient\u00edfico Emily Andrea Mel\u00e9ndez Mendoza Ciencias Sociales,Poster Cient\u00edfico Elia Pineda Ciencias Sociales,Poster Cient\u00edfico<\/p>\n","protected":false},"author":1,"featured_media":0,"parent":0,"menu_order":0,"comment_status":"closed","ping_status":"closed","template":"","meta":{"footnotes":""},"class_list":["post-4168","page","type-page","status-publish","hentry"],"rttpg_featured_image_url":null,"rttpg_author":{"display_name":"Antonio","author_link":"https:\/\/www.uees.edu.sv\/congreso-uees\/author\/antonio\/"},"rttpg_comment":0,"rttpg_category":"","rttpg_excerpt":"Poster Cient\u00edfico &#8211; Ciencias Sociales Jennifer Mariela Ramos Quinteros Ciencias Sociales,Poster Cient\u00edfico Jennifer Mariela Ramos Quinteros Percepciones sobre la atenci\u00f3n y acceso al derecho a la salud&#8230; Leer m\u00e1s Ilse Concepci\u00f3n Zelaya Rodr\u00edguez Ciencias Sociales,Poster Cient\u00edfico Emily Andrea Mel\u00e9ndez Mendoza Ciencias Sociales,Poster Cient\u00edfico Elia Pineda Ciencias Sociales,Poster Cient\u00edfico","_links":{"self":[{"href":"https:\/\/www.uees.edu.sv\/congreso-uees\/wp-json\/wp\/v2\/pages\/4168","targetHints":{"allow":["GET"]}}],"collection":[{"href":"https:\/\/www.uees.edu.sv\/congreso-uees\/wp-json\/wp\/v2\/pages"}],"about":[{"href":"https:\/\/www.uees.edu.sv\/congreso-uees\/wp-json\/wp\/v2\/types\/page"}],"author":[{"embeddable":true,"href":"https:\/\/www.uees.edu.sv\/congreso-uees\/wp-json\/wp\/v2\/users\/1"}],"replies":[{"embeddable":true,"href":"https:\/\/www.uees.edu.sv\/congreso-uees\/wp-json\/wp\/v2\/comments?post=4168"}],"version-history":[{"count":7,"href":"https:\/\/www.uees.edu.sv\/congreso-uees\/wp-json\/wp\/v2\/pages\/4168\/revisions"}],"predecessor-version":[{"id":4196,"href":"https:\/\/www.uees.edu.sv\/congreso-uees\/wp-json\/wp\/v2\/pages\/4168\/revisions\/4196"}],"wp:attachment":[{"href":"https:\/\/www.uees.edu.sv\/congreso-uees\/wp-json\/wp\/v2\/media?parent=4168"}],"curies":[{"name":"wp","href":"https:\/\/api.w.org\/{rel}","templated":true}]}}