{"id":3243,"date":"2025-06-19T10:14:45","date_gmt":"2025-06-19T16:14:45","guid":{"rendered":"https:\/\/www.uees.edu.sv\/congreso-uees\/?page_id=3243"},"modified":"2025-09-27T08:45:13","modified_gmt":"2025-09-27T14:45:13","slug":"talleres","status":"publish","type":"page","link":"https:\/\/www.uees.edu.sv\/congreso-uees\/talleres\/","title":{"rendered":"Talleres"},"content":{"rendered":"\t\t<div data-elementor-type=\"wp-page\" data-elementor-id=\"3243\" class=\"elementor elementor-3243\" data-elementor-post-type=\"page\">\n\t\t\t\t<div class=\"elementor-element elementor-element-f82cd05 e-flex e-con-boxed e-con e-parent\" data-id=\"f82cd05\" data-element_type=\"container\">\n\t\t\t\t\t<div class=\"e-con-inner\">\n\t\t\t\t<div class=\"elementor-element elementor-element-b50a99d elementor-widget elementor-widget-html\" data-id=\"b50a99d\" data-element_type=\"widget\" data-widget_type=\"html.default\">\n\t\t\t\t<div class=\"elementor-widget-container\">\n\t\t\t\t\t <style>\r\n.wp-confer-card, .wp-confer-card * {\r\n  box-sizing: border-box;\r\n  margin: 0;\r\n  padding: 0;\r\n  font-family: 'Segoe UI', Arial, sans-serif !important;\r\n}\r\n.wp-confer-card {\r\n  background: #fff;\r\n  border-radius: 18px;\r\n  box-shadow: 0 4px 24px rgba(0,0,0,0.10);\r\n  max-width: 500px;\r\n  width: 150%;\r\n  overflow: hidden;\r\n  margin: 2rem auto;\r\n  position: relative;\r\n  z-index: 1;\r\n  text-align: justify;\r\n}\r\n.wp-confer-card img {\r\n  max-width: 100%;\r\n  height: auto;\r\n  display: block;\r\n  border-radius: 50px;\r\n}\r\n.wp-confer-card-header {\r\n  height: 70px;\r\n  background: #0a2a5c;\r\n  position: relative;\r\n  z-index: 1;\r\n}\r\n.wp-confer-header-bg {\r\n  width: 100%;\r\n  height: 70px;\r\n  object-fit: cover;\r\n  object-position: 60% 80%;\r\n  display: block;\r\n  position: absolute;\r\n  top: 0;\r\n  left: 0;\r\n  z-index: 0;\r\n}\r\n.wp-confer-card-body {\r\n  padding: 1.5rem 1.2rem 1.2rem 1.2rem;\r\n}\r\n.wp-confer-profile-row {\r\n  display: flex;\r\n  align-items: center;\r\n  gap: 1.1rem;\r\n  margin-bottom: 1rem;\r\n}\r\n.wp-confer-profile-img {\r\n  width: 100px;\r\n  height: 100px;\r\n  border-radius: 50%;\r\n  object-fit: cover;\r\n  background: #e0e0e0;\r\n  border: 3px solid #fff;\r\n  box-shadow: 0 2px 8px rgba(0,0,0,0.08);\r\n  \r\n}\r\n.wp-confer-profile-info {\r\n  display: flex;\r\n  flex-direction: column;\r\n  align-items: flex-start;\r\n}\r\n.wp-confer-profile-info h2 {\r\n  font-size: 14px;\r\n  margin: 0 0 0.2rem 0;\r\n  font-weight: 800;\r\n  color: #222;\r\n}\r\n.wp-confer-country {\r\n  font-size: 1.08rem;\r\n  color: #555;\r\n  margin-right: 0;\r\n  margin-bottom: 0.2rem;\r\n}\r\n.wp-confer-flag img {\r\n  width: 60px;\r\n  height: 40px;\r\n  vertical-align: middle;\r\n  border-radius: 8px;\r\n  border: 1px solid #e0e0e0;\r\n  margin-top: 0.2rem;\r\n}\r\n.wp-confer-talk-title {\r\n  display: block;\r\n  color: #0a2a5c;\r\n  font-weight: 600;\r\n  font-size: 14px;\r\n  margin: 0.7rem 0 1rem 0;\r\n  text-decoration: none;\r\n  pointer-events: none;\r\n  cursor: default;\r\n  \r\n}\r\n.wp-confer-event-details {\r\n  margin-bottom: 1rem;\r\n}\r\n.wp-confer-event-row {\r\n  display: flex;\r\n  align-items: center;\r\n  gap: 0.5rem;\r\n  font-size: 14px;\r\n  color: #444;\r\n  margin-bottom: 0.2rem;\r\n}\r\n.wp-confer-icon {\r\n  display: flex;\r\n  align-items: center;\r\n}\r\n.wp-confer-bio {\r\n  font-size: 14px;\r\n  color: #333;\r\n  margin: 0;\r\n  line-height: 1.5;\r\n}\r\n@media (max-width: 500px) {\r\n  .wp-confer-card {\r\n    max-width: 98vw;\r\n  }\r\n  .wp-confer-card-body {\r\n    padding: 1.1rem 0.5rem 1rem 0.5rem;\r\n  }\r\n  .wp-confer-profile-row {\r\n    flex-direction: column;\r\n    align-items: flex-start;\r\n    gap: 0.7rem;\r\n  }\r\n  .wp-confer-profile-img {\r\n    width: 70px;\r\n    height: 70px;\r\n    margin-bottom: 0.5rem;\r\n  }\r\n  .wp-confer-flag img {\r\n    width: 36px;\r\n    height: 24px;\r\n  }\r\n  .wp-confer-profile-info h2 {\r\n    font-size: 1.05rem;\r\n  }\r\n  .wp-confer-talk-title {\r\n    font-size: 1rem;\r\n  }\r\n  .wp-confer-event-row, .wp-confer-country, .wp-confer-bio {\r\n    font-size: 0.97rem;\r\n  }\r\n  \r\n  .wp-confer-event-row {\r\n    flex-direction: column;\r\n    align-items: flex-start;\r\n    gap: 0.2rem;\r\n  }\r\n}\r\n<\/style>\t\t\t\t<\/div>\n\t\t\t\t<\/div>\n\t\t\t\t\t<\/div>\n\t\t\t\t<\/div>\n\t\t<div class=\"elementor-element elementor-element-d96e4a4 e-flex e-con-boxed e-con e-parent\" data-id=\"d96e4a4\" data-element_type=\"container\">\n\t\t\t\t\t<div class=\"e-con-inner\">\n\t\t<div class=\"elementor-element elementor-element-05fa937 e-con-full e-flex e-con e-child\" data-id=\"05fa937\" data-element_type=\"container\">\n\t\t\t\t<div class=\"elementor-element elementor-element-6929016 elementor-widget elementor-widget-heading\" data-id=\"6929016\" data-element_type=\"widget\" data-widget_type=\"heading.default\">\n\t\t\t\t<div class=\"elementor-widget-container\">\n\t\t\t\t\t<h2 class=\"elementor-heading-title elementor-size-default\">Talleres<\/h2>\t\t\t\t<\/div>\n\t\t\t\t<\/div>\n\t\t\t\t<\/div>\n\t\t\t\t\t<\/div>\n\t\t\t\t<\/div>\n\t\t<div class=\"elementor-element elementor-element-7173c8d e-grid e-con-boxed e-con e-parent\" data-id=\"7173c8d\" data-element_type=\"container\">\n\t\t\t\t\t<div class=\"e-con-inner\">\n\t\t\t\t<div class=\"elementor-element elementor-element-e2b41b0 elementor-widget__width-inherit elementor-widget elementor-widget-html\" data-id=\"e2b41b0\" data-element_type=\"widget\" data-widget_type=\"html.default\">\n\t\t\t\t<div class=\"elementor-widget-container\">\n\t\t\t\t\t\n\n<div class=\"wp-confer-card\">\n  <div class=\"card-header\">\n        <div class=\"wp-confer-card-header\" style=\"height:70px; position:relative;\">\n          <img decoding=\"async\" src=\"https:\/\/www.uees.edu.sv\/congreso-uees\/wp-content\/uploads\/2025\/06\/215eb33bf5e626ef60295821f758daff5210d9cf-scaled.png\" alt=\"Fondo\" class=\"wp-confer-header-bg\" style=\"width:100%; height:70px; object-fit:cover; object-position:60% 80%; position:absolute; top:0; left:0; z-index:0;\">\n        <\/div>\n      <\/div>\n  <div class=\"wp-confer-card-body\">\n    <div class=\"wp-confer-profile-row\">\n      <img decoding=\"async\" src=\"https:\/\/www.uees.edu.sv\/congreso-uees\/wp-content\/uploads\/2025\/06\/Pablo-Fabian-Paz.png\" alt=\"Foto de perfil\" class=\"wp-confer-profile-img\">\n      <div class=\"wp-confer-profile-info\">\n        <h2>ING. PABLO FABIAN PAZ<\/h2>\n        <span class=\"wp-confer-country\">Argentina<\/span>\n        <span class=\"wp-confer-flag\"><img decoding=\"async\" src=\"https:\/\/flagcdn.com\/ar.svg\" alt=\"Bandera de M\u00e9xico\"><\/span>\n      <\/div>\n    <\/div>\n    <span class=\"wp-confer-talk-title\"><strong>Taller 1: <\/strong>T\u00e9cnicas de B\u00fasqueda de patentes.<\/span>\n    <div class=\"wp-confer-event-details\">\n      <div class=\"wp-confer-event-row\">\n        <span class=\"wp-confer-icon\" aria-label=\"Calendario\">\n          <svg width=\"18\" height=\"18\" viewBox=\"0 0 24 24\" fill=\"none\" stroke=\"#0a2a5c\" stroke-width=\"2\" stroke-linecap=\"round\" stroke-linejoin=\"round\"><rect x=\"3\" y=\"4\" width=\"18\" height=\"18\" rx=\"4\"\/><line x1=\"16\" y1=\"2\" x2=\"16\" y2=\"6\"\/><line x1=\"8\" y1=\"2\" x2=\"8\" y2=\"6\"\/><line x1=\"3\" y1=\"10\" x2=\"21\" y2=\"10\"\/><\/svg>\n        <\/span>\n        <span>14 oct | 2:00 p.m. - 4:00 p.m.<\/span>\n      <\/div>\n      <div class=\"wp-confer-event-row\">\n        <span class=\"wp-confer-icon\" aria-label=\"Ubicaci\u00f3n\">\n          <svg width=\"18\" height=\"18\" viewBox=\"0 0 24 24\" fill=\"none\" stroke=\"#0a2a5c\" stroke-width=\"2\" stroke-linecap=\"round\" stroke-linejoin=\"round\"><path d=\"M21 10c0 7-9 13-9 13S3 17 3 10a9 9 0 1 1 18 0z\"\/><circle cx=\"12\" cy=\"10\" r=\"3\"\/><\/svg>\n        <\/span>\n        <span>Tecnolab I<\/span>\n        <span class=\"wp-confer-icon\" aria-label=\"Transmisi\u00f3n\">\n          <svg width=\"18\" height=\"18\" viewBox=\"0 0 24 24\" fill=\"none\" stroke=\"#0a2a5c\" stroke-width=\"2\" stroke-linecap=\"round\" stroke-linejoin=\"round\"><rect x=\"2\" y=\"7\" width=\"20\" height=\"15\" rx=\"2\"\/><polygon points=\"10 12 16 15.5 10 19 10 12\"\/><\/svg>\n        <\/span>\n        <span>Presencial<\/span>\n      <\/div>\n      <div>\n          <span>Cupos agotados<\/span>\n      <\/div>\n    <\/div>\n    <p class=\"wp-confer-bio\">\n     Ingeniero, capacitador de la OMPI cursos virtuales  e-learning, autor de m\u00faltiples cursos sobre redacci\u00f3n de patentes, consultor en estrategias de protecci\u00f3n de resultados de investigaci\u00f3n por mas de 13 a\u00f1os.\n    <\/p>\n  <\/div>\n<\/div>\t\t\t\t<\/div>\n\t\t\t\t<\/div>\n\t\t\t\t<div class=\"elementor-element elementor-element-ec7ea83 elementor-widget elementor-widget-html\" data-id=\"ec7ea83\" data-element_type=\"widget\" data-widget_type=\"html.default\">\n\t\t\t\t<div class=\"elementor-widget-container\">\n\t\t\t\t\t<div class=\"wp-confer-card\">\n  <div class=\"card-header\">\n        <div class=\"wp-confer-card-header\" style=\"height:70px; position:relative;\">\n          <img decoding=\"async\" src=\"https:\/\/www.uees.edu.sv\/congreso-uees\/wp-content\/uploads\/2025\/06\/215eb33bf5e626ef60295821f758daff5210d9cf-scaled.png\" alt=\"Fondo\" class=\"wp-confer-header-bg\" style=\"width:100%; height:70px; object-fit:cover; object-position:60% 80%; position:absolute; top:0; left:0; z-index:0;\">\n        <\/div>\n      <\/div>\n  <div class=\"wp-confer-card-body\">\n    <div class=\"wp-confer-profile-row\">\n      <img decoding=\"async\" src=\"https:\/\/www.uees.edu.sv\/congreso-uees\/wp-content\/uploads\/2025\/06\/Pablo-Fabian-Paz.png\" alt=\"Foto de perfil\" class=\"wp-confer-profile-img\">\n      <div class=\"wp-confer-profile-info\">\n        <h2>ING. PABLO FABIAN PAZ<\/h2>\n        <span class=\"wp-confer-country\">Argentina<\/span>\n        <span class=\"wp-confer-flag\"><img decoding=\"async\" src=\"https:\/\/flagcdn.com\/ar.svg\" alt=\"Bandera de M\u00e9xico\"><\/span>\n      <\/div>\n    <\/div>\n    <span class=\"wp-confer-talk-title\"><strong>Taller 2: <\/strong>Redacci\u00f3n de documento t\u00e9cnico de patente.<\/span>\n    <div class=\"wp-confer-event-details\">\n      <div class=\"wp-confer-event-row\">\n        <span class=\"wp-confer-icon\" aria-label=\"Calendario\">\n          <svg width=\"18\" height=\"18\" viewBox=\"0 0 24 24\" fill=\"none\" stroke=\"#0a2a5c\" stroke-width=\"2\" stroke-linecap=\"round\" stroke-linejoin=\"round\"><rect x=\"3\" y=\"4\" width=\"18\" height=\"18\" rx=\"4\"\/><line x1=\"16\" y1=\"2\" x2=\"16\" y2=\"6\"\/><line x1=\"8\" y1=\"2\" x2=\"8\" y2=\"6\"\/><line x1=\"3\" y1=\"10\" x2=\"21\" y2=\"10\"\/><\/svg>\n        <\/span>\n        <span>15 oct & 16 oct| 2:00 p.m. - 4:00 p.m.<\/span>\n      <\/div>\n      <div class=\"wp-confer-event-row\">\n        <span class=\"wp-confer-icon\" aria-label=\"Ubicaci\u00f3n\">\n          <svg width=\"18\" height=\"18\" viewBox=\"0 0 24 24\" fill=\"none\" stroke=\"#0a2a5c\" stroke-width=\"2\" stroke-linecap=\"round\" stroke-linejoin=\"round\"><path d=\"M21 10c0 7-9 13-9 13S3 17 3 10a9 9 0 1 1 18 0z\"\/><circle cx=\"12\" cy=\"10\" r=\"3\"\/><\/svg>\n        <\/span>\n        <span>Tecnolab I<\/span>\n        <span class=\"wp-confer-icon\" aria-label=\"Transmisi\u00f3n\">\n          <svg width=\"18\" height=\"18\" viewBox=\"0 0 24 24\" fill=\"none\" stroke=\"#0a2a5c\" stroke-width=\"2\" stroke-linecap=\"round\" stroke-linejoin=\"round\"><rect x=\"2\" y=\"7\" width=\"20\" height=\"15\" rx=\"2\"\/><polygon points=\"10 12 16 15.5 10 19 10 12\"\/><\/svg>\n        <\/span>\n        <span>Presencial<\/span>\n      <\/div>\n      <div>\n          <span>Cupos agotados<\/span>\n      <\/div>\n    <\/div>\n    <p class=\"wp-confer-bio\">\n     Ingeniero, capacitador de la OMPI cursos virtuales  e-learning, autor de m\u00faltiples cursos sobre redacci\u00f3n de patentes, consultor en estrategias de protecci\u00f3n de resultados de investigaci\u00f3n por mas de 13 a\u00f1os.\n    <\/p>\n  <\/div>\n<\/div>\t\t\t\t<\/div>\n\t\t\t\t<\/div>\n\t\t\t\t<div class=\"elementor-element elementor-element-0a103f0 elementor-widget elementor-widget-html\" data-id=\"0a103f0\" data-element_type=\"widget\" data-widget_type=\"html.default\">\n\t\t\t\t<div class=\"elementor-widget-container\">\n\t\t\t\t\t<style>\r\n\r\n.fcc-btn {\r\n  background-color: #0b227c;\r\n  color: white;\r\n  margin: 2px;\r\n  padding: 10px 10px;\r\n  text-decoration: none;\r\n  border-radius: 10px\r\n}\r\n\r\n.fcc-btn:hover {\r\n  color: #f5d800;\r\n}\r\n<\/style>\r\n\r\n<div class=\"wp-confer-card\">\r\n  <div class=\"card-header\">\r\n        <div class=\"wp-confer-card-header\" style=\"height:70px; position:relative;\">\r\n          <img decoding=\"async\" src=\"https:\/\/www.uees.edu.sv\/congreso-uees\/wp-content\/uploads\/2025\/06\/215eb33bf5e626ef60295821f758daff5210d9cf-scaled.png\" alt=\"Fondo\" class=\"wp-confer-header-bg\" style=\"width:100%; height:70px; object-fit:cover; object-position:60% 80%; position:absolute; top:0; left:0; z-index:0;\">\r\n        <\/div>\r\n      <\/div>\r\n  <div class=\"wp-confer-card-body\">\r\n    <div class=\"wp-confer-profile-row\">\r\n      <img decoding=\"async\" src=\"https:\/\/www.uees.edu.sv\/congreso-uees\/wp-content\/uploads\/2025\/09\/Nestor.jpg\" alt=\"Foto de perfil\" class=\"wp-confer-profile-img\">\r\n      <div class=\"wp-confer-profile-info\">\r\n        <h2>Mtro. N\u00e9stor Dom\u00ednguez <\/h2>\r\n        <span class=\"wp-confer-country\">Mexico<\/span>\r\n        <span class=\"wp-confer-flag\"><img decoding=\"async\" src=\"https:\/\/flagcdn.com\/mx.svg\" alt=\"Bandera de M\u00e9xico\"><\/span>\r\n      <\/div>\r\n    <\/div>\r\n    <span class=\"wp-confer-talk-title\"><strong>Taller 1: <\/strong>Criterios confiables para publicar en revista cient\u00edficas.<\/span>\r\n    <div class=\"wp-confer-event-details\">\r\n      <div class=\"wp-confer-event-row\">\r\n        <span class=\"wp-confer-icon\" aria-label=\"Calendario\">\r\n          <svg width=\"18\" height=\"18\" viewBox=\"0 0 24 24\" fill=\"none\" stroke=\"#0a2a5c\" stroke-width=\"2\" stroke-linecap=\"round\" stroke-linejoin=\"round\"><rect x=\"3\" y=\"4\" width=\"18\" height=\"18\" rx=\"4\"\/><line x1=\"16\" y1=\"2\" x2=\"16\" y2=\"6\"\/><line x1=\"8\" y1=\"2\" x2=\"8\" y2=\"6\"\/><line x1=\"3\" y1=\"10\" x2=\"21\" y2=\"10\"\/><\/svg>\r\n        <\/span>\r\n        <span>14 oct | 2:00 p.m. - 3:00 p.m.<\/span>\r\n      <\/div>\r\n      <div class=\"wp-confer-event-row\">\r\n        <span class=\"wp-confer-icon\" aria-label=\"Ubicaci\u00f3n\">\r\n          <svg width=\"18\" height=\"18\" viewBox=\"0 0 24 24\" fill=\"none\" stroke=\"#0a2a5c\" stroke-width=\"2\" stroke-linecap=\"round\" stroke-linejoin=\"round\"><path d=\"M21 10c0 7-9 13-9 13S3 17 3 10a9 9 0 1 1 18 0z\"\/><circle cx=\"12\" cy=\"10\" r=\"3\"\/><\/svg>\r\n        <\/span>\r\n        <span>Tecnolab l<\/span>\r\n        <span class=\"wp-confer-icon\" aria-label=\"Transmisi\u00f3n\">\r\n          <svg width=\"18\" height=\"18\" viewBox=\"0 0 24 24\" fill=\"none\" stroke=\"#0a2a5c\" stroke-width=\"2\" stroke-linecap=\"round\" stroke-linejoin=\"round\"><rect x=\"2\" y=\"7\" width=\"20\" height=\"15\" rx=\"2\"\/><polygon points=\"10 12 16 15.5 10 19 10 12\"\/><\/svg>\r\n        <\/span>\r\n        <span>Hibrida<\/span>\r\n      <\/div>\r\n      &nbsp;\r\n      <div>\r\n          <a class=\"fcc-btn\" href=\"https:\/\/docs.google.com\/forms\/d\/e\/1FAIpQLSc9V_uAQ6VNKMHEu84kKt4FuOYmNhk3zmvhwkX1lJzI4Y0xFw\/viewform\">Inscr\u00edbete<\/a>\r\n      <\/div>\r\n    <\/div>\r\n    <p class=\"wp-confer-bio\">\r\n      Licenciado en Sociolog\u00eda por la Universidad Aut\u00f3noma del Estado de M\u00e9xico (UAEM), y Maestro en Sociolog\u00eda por la Universidad Aut\u00f3noma Metropolitana Unidad Azcapotzalco (UAM-Azc), instituci\u00f3n en la que es candidato a doctor en Sociolog\u00eda.\r\n    <\/p>\r\n  <\/div>\r\n<\/div>\t\t\t\t<\/div>\n\t\t\t\t<\/div>\n\t\t\t\t<div class=\"elementor-element elementor-element-0ab7ba5 elementor-widget elementor-widget-html\" data-id=\"0ab7ba5\" data-element_type=\"widget\" data-widget_type=\"html.default\">\n\t\t\t\t<div class=\"elementor-widget-container\">\n\t\t\t\t\t\r\n\r\n<div class=\"wp-confer-card\">\r\n  <div class=\"card-header\">\r\n        <div class=\"wp-confer-card-header\" style=\"height:70px; position:relative;\">\r\n          <img decoding=\"async\" src=\"https:\/\/www.uees.edu.sv\/congreso-uees\/wp-content\/uploads\/2025\/06\/215eb33bf5e626ef60295821f758daff5210d9cf-scaled.png\" alt=\"Fondo\" class=\"wp-confer-header-bg\" style=\"width:100%; height:70px; object-fit:cover; object-position:60% 80%; position:absolute; top:0; left:0; z-index:0;\">\r\n        <\/div>\r\n      <\/div>\r\n  <div class=\"wp-confer-card-body\">\r\n    <div class=\"wp-confer-profile-row\">\r\n      <img decoding=\"async\" src=\"https:\/\/www.uees.edu.sv\/congreso-uees\/wp-content\/uploads\/2025\/06\/Vanesa-Barbara-Fernandez-Bereau-1-e1750351541229.png\" alt=\"Foto de perfil\" class=\"wp-confer-profile-img\">\r\n      <div class=\"wp-confer-profile-info\">\r\n        <h2>VANESA FERNANDEZ BEREAU, Ph. D.<\/h2>\r\n        <span class=\"wp-confer-country\">Cuba<\/span>\r\n        <span class=\"wp-confer-flag\"><img decoding=\"async\" src=\"https:\/\/flagcdn.com\/cu.svg\" alt=\"Bandera de M\u00e9xico\"><\/span>\r\n      <\/div>\r\n    <\/div>\r\n    <span class=\"wp-confer-talk-title\"><strong>Taller 1: <\/strong>Promoci\u00f3n de la Salud en la Comunidad: Estrategias de Integraci\u00f3n Sociocultural<\/span>\r\n    <div class=\"wp-confer-event-details\">\r\n      <div class=\"wp-confer-event-row\">\r\n        <span class=\"wp-confer-icon\" aria-label=\"Calendario\">\r\n          <svg width=\"18\" height=\"18\" viewBox=\"0 0 24 24\" fill=\"none\" stroke=\"#0a2a5c\" stroke-width=\"2\" stroke-linecap=\"round\" stroke-linejoin=\"round\"><rect x=\"3\" y=\"4\" width=\"18\" height=\"18\" rx=\"4\"\/><line x1=\"16\" y1=\"2\" x2=\"16\" y2=\"6\"\/><line x1=\"8\" y1=\"2\" x2=\"8\" y2=\"6\"\/><line x1=\"3\" y1=\"10\" x2=\"21\" y2=\"10\"\/><\/svg>\r\n        <\/span>\r\n        <span>16 oct | 2:00 p.m. - 4:00 p.m.<\/span>\r\n      <\/div>\r\n      <div class=\"wp-confer-event-row\">\r\n        <span class=\"wp-confer-icon\" aria-label=\"Ubicaci\u00f3n\">\r\n          <svg width=\"18\" height=\"18\" viewBox=\"0 0 24 24\" fill=\"none\" stroke=\"#0a2a5c\" stroke-width=\"2\" stroke-linecap=\"round\" stroke-linejoin=\"round\"><path d=\"M21 10c0 7-9 13-9 13S3 17 3 10a9 9 0 1 1 18 0z\"\/><circle cx=\"12\" cy=\"10\" r=\"3\"\/><\/svg>\r\n        <\/span>\r\n        <span>Posgrados aula 01<\/span>\r\n        <span class=\"wp-confer-icon\" aria-label=\"Transmisi\u00f3n\">\r\n          <svg width=\"18\" height=\"18\" viewBox=\"0 0 24 24\" fill=\"none\" stroke=\"#0a2a5c\" stroke-width=\"2\" stroke-linecap=\"round\" stroke-linejoin=\"round\"><rect x=\"2\" y=\"7\" width=\"20\" height=\"15\" rx=\"2\"\/><polygon points=\"10 12 16 15.5 10 19 10 12\"\/><\/svg>\r\n        <\/span>\r\n        <span>Hibrida<\/span>\r\n      <\/div>\r\n      &nbsp;\r\n      <div>\r\n          <a class=\"fcc-btn\" href=\"https:\/\/docs.google.com\/forms\/d\/e\/1FAIpQLSepp6aL1QvRUzyHKxnNmGIf87k0s9r3xcPf_YZ5EkIBIdWirQ\/viewform\">Inscr\u00edbete<\/a>\r\n      <\/div>\r\n    <\/div>\r\n    <p class=\"wp-confer-bio\">\r\n        Ha sido profesora de la Facultad de Ciencia Sociales y de la Carrera de Estudios Socioculturales (ESC), desde el 2010. Actualmente es profesora de la Carrera.\r\n    <\/p>\r\n  <\/div>\r\n<\/div>\t\t\t\t<\/div>\n\t\t\t\t<\/div>\n\t\t\t\t<div class=\"elementor-element elementor-element-58c9cd1 elementor-widget elementor-widget-html\" data-id=\"58c9cd1\" data-element_type=\"widget\" data-widget_type=\"html.default\">\n\t\t\t\t<div class=\"elementor-widget-container\">\n\t\t\t\t\t\r\n\r\n<div class=\"wp-confer-card\">\r\n  <div class=\"card-header\">\r\n        <div class=\"wp-confer-card-header\" style=\"height:70px; position:relative;\">\r\n          <img decoding=\"async\" src=\"https:\/\/www.uees.edu.sv\/congreso-uees\/wp-content\/uploads\/2025\/06\/215eb33bf5e626ef60295821f758daff5210d9cf-scaled.png\" alt=\"Fondo\" class=\"wp-confer-header-bg\" style=\"width:100%; height:70px; object-fit:cover; object-position:60% 80%; position:absolute; top:0; left:0; z-index:0;\">\r\n        <\/div>\r\n      <\/div>\r\n  <div class=\"wp-confer-card-body\">\r\n    <div class=\"wp-confer-profile-row\">\r\n      <img decoding=\"async\" src=\"https:\/\/www.uees.edu.sv\/congreso-uees\/wp-content\/uploads\/2025\/06\/Maria-del-Carmen-Temblador-1-e1750351479446.png\" alt=\"Foto de perfil\" class=\"wp-confer-profile-img\">\r\n      <div class=\"wp-confer-profile-info\">\r\n        <h2>MARIA DEL CARMEN TEMBLADOR, Ph.D.<\/h2>\r\n        <span class=\"wp-confer-country\">Mexico<\/span>\r\n        <span class=\"wp-confer-flag\"><img decoding=\"async\" src=\"https:\/\/flagcdn.com\/mx.svg\" alt=\"Bandera de M\u00e9xico\"><\/span>\r\n      <\/div>\r\n    <\/div>\r\n    <span class=\"wp-confer-talk-title\"><strong>Taller 1: <\/strong>Utilizaci\u00f3n de IA en la producci\u00f3n y gesti\u00f3n cient\u00edfica<\/span>\r\n    <div class=\"wp-confer-event-details\">\r\n      <div class=\"wp-confer-event-row\">\r\n        <span class=\"wp-confer-icon\" aria-label=\"Calendario\">\r\n          <svg width=\"18\" height=\"18\" viewBox=\"0 0 24 24\" fill=\"none\" stroke=\"#0a2a5c\" stroke-width=\"2\" stroke-linecap=\"round\" stroke-linejoin=\"round\"><rect x=\"3\" y=\"4\" width=\"18\" height=\"18\" rx=\"4\"\/><line x1=\"16\" y1=\"2\" x2=\"16\" y2=\"6\"\/><line x1=\"8\" y1=\"2\" x2=\"8\" y2=\"6\"\/><line x1=\"3\" y1=\"10\" x2=\"21\" y2=\"10\"\/><\/svg>\r\n        <\/span>\r\n        <span>17 oct | 10:00 a.m. - 12:00 p.m.<\/span>\r\n      <\/div>\r\n      <div class=\"wp-confer-event-row\">\r\n        <span class=\"wp-confer-icon\" aria-label=\"Ubicaci\u00f3n\">\r\n          <svg width=\"18\" height=\"18\" viewBox=\"0 0 24 24\" fill=\"none\" stroke=\"#0a2a5c\" stroke-width=\"2\" stroke-linecap=\"round\" stroke-linejoin=\"round\"><path d=\"M21 10c0 7-9 13-9 13S3 17 3 10a9 9 0 1 1 18 0z\"\/><circle cx=\"12\" cy=\"10\" r=\"3\"\/><\/svg>\r\n        <\/span>\r\n        <span>Tecnolab<\/span>\r\n        <span class=\"wp-confer-icon\" aria-label=\"Transmisi\u00f3n\">\r\n          <svg width=\"18\" height=\"18\" viewBox=\"0 0 24 24\" fill=\"none\" stroke=\"#0a2a5c\" stroke-width=\"2\" stroke-linecap=\"round\" stroke-linejoin=\"round\"><rect x=\"2\" y=\"7\" width=\"20\" height=\"15\" rx=\"2\"\/><polygon points=\"10 12 16 15.5 10 19 10 12\"\/><\/svg>\r\n        <\/span>\r\n        <span>Hibrida<\/span>\r\n      <\/div>\r\n      &nbsp;\r\n      <div>\r\n          <a class=\"fcc-btn\" href=\"https:\/\/docs.google.com\/forms\/d\/e\/1FAIpQLSecqJrbnugaCW0-GSArovuf6hKs9hgJOqD-6NeUevJ2tq6T-A\/viewform\">Inscr\u00edbete<\/a>\r\n      <\/div>\r\n    <\/div>\r\n    <p class=\"wp-confer-bio\">\r\n        Es Ingeniera Industrial y de Sistemas con maestr\u00edas en Investigaci\u00f3n de Operaciones y en Sistemas de Calidad y productividad. Tiene especialidades en Estad\u00edstica \r\nAplicada, Procesos de aprendizaje basados en Neurociencia y en Psicolog\u00eda Gestalt.\r\n    <\/p>\r\n  <\/div>\r\n<\/div>\t\t\t\t<\/div>\n\t\t\t\t<\/div>\n\t\t\t\t\t<\/div>\n\t\t\t\t<\/div>\n\t\t\t\t<\/div>\n\t\t","protected":false},"excerpt":{"rendered":"<p>Talleres ING. PABLO FABIAN PAZ Argentina Taller 1: T\u00e9cnicas de B\u00fasqueda de patentes. 14 oct | 2:00 p.m. &#8211; 4:00 p.m. Tecnolab I Presencial Cupos agotados Ingeniero, capacitador de la OMPI cursos virtuales e-learning, autor de m\u00faltiples cursos sobre redacci\u00f3n de patentes, consultor en estrategias de protecci\u00f3n de resultados de investigaci\u00f3n por mas de 13 [&hellip;]<\/p>\n","protected":false},"author":1,"featured_media":0,"parent":0,"menu_order":0,"comment_status":"closed","ping_status":"closed","template":"","meta":{"footnotes":""},"class_list":["post-3243","page","type-page","status-publish","hentry"],"rttpg_featured_image_url":null,"rttpg_author":{"display_name":"Antonio","author_link":"https:\/\/www.uees.edu.sv\/congreso-uees\/author\/antonio\/"},"rttpg_comment":0,"rttpg_category":null,"rttpg_excerpt":"Talleres ING. PABLO FABIAN PAZ Argentina Taller 1: T\u00e9cnicas de B\u00fasqueda de patentes. 14 oct | 2:00 p.m. &#8211; 4:00 p.m. Tecnolab I Presencial Cupos agotados Ingeniero, capacitador de la OMPI cursos virtuales e-learning, autor de m\u00faltiples cursos sobre redacci\u00f3n de patentes, consultor en estrategias de protecci\u00f3n de resultados de investigaci\u00f3n por mas de 13&hellip;","_links":{"self":[{"href":"https:\/\/www.uees.edu.sv\/congreso-uees\/wp-json\/wp\/v2\/pages\/3243","targetHints":{"allow":["GET"]}}],"collection":[{"href":"https:\/\/www.uees.edu.sv\/congreso-uees\/wp-json\/wp\/v2\/pages"}],"about":[{"href":"https:\/\/www.uees.edu.sv\/congreso-uees\/wp-json\/wp\/v2\/types\/page"}],"author":[{"embeddable":true,"href":"https:\/\/www.uees.edu.sv\/congreso-uees\/wp-json\/wp\/v2\/users\/1"}],"replies":[{"embeddable":true,"href":"https:\/\/www.uees.edu.sv\/congreso-uees\/wp-json\/wp\/v2\/comments?post=3243"}],"version-history":[{"count":176,"href":"https:\/\/www.uees.edu.sv\/congreso-uees\/wp-json\/wp\/v2\/pages\/3243\/revisions"}],"predecessor-version":[{"id":3802,"href":"https:\/\/www.uees.edu.sv\/congreso-uees\/wp-json\/wp\/v2\/pages\/3243\/revisions\/3802"}],"wp:attachment":[{"href":"https:\/\/www.uees.edu.sv\/congreso-uees\/wp-json\/wp\/v2\/media?parent=3243"}],"curies":[{"name":"wp","href":"https:\/\/api.w.org\/{rel}","templated":true}]}}