{"id":2906,"date":"2025-06-11T13:07:31","date_gmt":"2025-06-11T19:07:31","guid":{"rendered":"https:\/\/www.uees.edu.sv\/congreso-uees\/?page_id=2906"},"modified":"2025-06-25T15:05:32","modified_gmt":"2025-06-25T21:05:32","slug":"mm","status":"publish","type":"page","link":"https:\/\/www.uees.edu.sv\/congreso-uees\/mm\/","title":{"rendered":"Memorias"},"content":{"rendered":"\t\t<div data-elementor-type=\"wp-page\" data-elementor-id=\"2906\" class=\"elementor elementor-2906\" data-elementor-post-type=\"page\">\n\t\t\t\t<div class=\"elementor-element elementor-element-cc84c8d e-flex e-con-boxed e-con e-parent\" data-id=\"cc84c8d\" data-element_type=\"container\">\n\t\t\t\t\t<div class=\"e-con-inner\">\n\t\t<div class=\"elementor-element elementor-element-a975521 e-con-full e-flex e-con e-child\" data-id=\"a975521\" data-element_type=\"container\">\n\t\t\t\t<div class=\"elementor-element elementor-element-40f2459 elementor-widget elementor-widget-heading\" data-id=\"40f2459\" data-element_type=\"widget\" data-widget_type=\"heading.default\">\n\t\t\t\t<div class=\"elementor-widget-container\">\n\t\t\t\t\t<h2 class=\"elementor-heading-title elementor-size-default\">Memorias y Ponencias Publicadas<\/h2>\t\t\t\t<\/div>\n\t\t\t\t<\/div>\n\t\t\t\t<\/div>\n\t\t\t\t\t<\/div>\n\t\t\t\t<\/div>\n\t\t<div class=\"elementor-element elementor-element-7c392b2 e-flex e-con-boxed e-con e-parent\" data-id=\"7c392b2\" data-element_type=\"container\">\n\t\t\t\t\t<div class=\"e-con-inner\">\n\t\t\t\t<div class=\"elementor-element elementor-element-1222600 elementor-widget elementor-widget-heading\" data-id=\"1222600\" data-element_type=\"widget\" data-widget_type=\"heading.default\">\n\t\t\t\t<div class=\"elementor-widget-container\">\n\t\t\t\t\t<h2 class=\"elementor-heading-title elementor-size-default\">PUBLICACI\u00d3N DE RESUMENES Y EXTENSOS<\/h2>\t\t\t\t<\/div>\n\t\t\t\t<\/div>\n\t\t\t\t\t<\/div>\n\t\t\t\t<\/div>\n\t\t<div class=\"elementor-element elementor-element-848de63 e-flex e-con-boxed e-con e-parent\" data-id=\"848de63\" data-element_type=\"container\">\n\t\t\t\t\t<div class=\"e-con-inner\">\n\t\t\t\t<div class=\"elementor-element elementor-element-95c40cc elementor-widget elementor-widget-text-editor\" data-id=\"95c40cc\" data-element_type=\"widget\" data-widget_type=\"text-editor.default\">\n\t\t\t\t<div class=\"elementor-widget-container\">\n\t\t\t\t\t\t\t\t\t<p>Se publicar\u00e1 una \u201cMemoria del Congreso -2025\u201d con todos los res\u00famenes de los trabajos presentados y poster cient\u00edficos. Adem\u00e1s, para los investigadores que deseen publicar sus art\u00edculos cient\u00edficos in\u00e9ditos, se pone a su disposici\u00f3n un N\u00famero Especial- 2026, de la Revista Ciencia Cultura y Sociedad, multidisciplinaria y la Revista Crea Ciencia para las \u00e1reas de la salud.\u00a0 Ambas Revista indexadas y arbitradas, de acceso abierto y publicaci\u00f3n continua.<\/p><p>Consultar las instrucciones para autores y pueda realizar su env\u00edo.<\/p><p><strong>Ciencia Cultura y Sociedad:<\/strong>\u00a0 citaci\u00f3n APA 7\u00ba. edici\u00f3n<\/p><p><a href=\"https:\/\/www.uees.edu.sv\/revistaenlinea\/index.php\/CienciaCulturaSociedad\/about\/submissions#authorGuidelines\">https:\/\/www.uees.edu.sv\/revistaenlinea\/index.php\/CienciaCulturaSociedad\/about\/submissions#authorGuidelines<\/a><\/p><p><strong>Crea Ciencia:<\/strong>\u00a0 \u00c1reas de la Salud \u2013 citaci\u00f3n Vancouver <a href=\"https:\/\/www.uees.edu.sv\/revistaenlinea\/index.php\/CreaCiencia\/about\/submissions#authorGuidelines\">https:\/\/www.uees.edu.sv\/revistaenlinea\/index.php\/CreaCiencia\/about\/submissions#authorGuidelines<\/a><\/p>\t\t\t\t\t\t\t\t<\/div>\n\t\t\t\t<\/div>\n\t\t\t\t\t<\/div>\n\t\t\t\t<\/div>\n\t\t<div class=\"elementor-element elementor-element-dc68f3d e-grid e-con-boxed e-con e-parent\" data-id=\"dc68f3d\" data-element_type=\"container\" data-settings=\"{&quot;background_background&quot;:&quot;classic&quot;}\">\n\t\t\t\t\t<div class=\"e-con-inner\">\n\t\t<div class=\"elementor-element elementor-element-574af7a e-con-full e-flex elementor-invisible e-con e-child\" data-id=\"574af7a\" data-element_type=\"container\" data-settings=\"{&quot;background_background&quot;:&quot;classic&quot;,&quot;animation&quot;:&quot;fadeIn&quot;}\">\n\t\t\t\t<div class=\"elementor-element elementor-element-af02596 elementor-widget elementor-widget-text-editor\" data-id=\"af02596\" data-element_type=\"widget\" data-widget_type=\"text-editor.default\">\n\t\t\t\t<div class=\"elementor-widget-container\">\n\t\t\t\t\t\t\t\t\t<h6 style=\"text-align: center;\"><strong>Memoria Congreso UEES 2021<\/strong><\/h6>\t\t\t\t\t\t\t\t<\/div>\n\t\t\t\t<\/div>\n\t\t\t\t<div class=\"elementor-element elementor-element-f67c96d elementor-view-default elementor-widget elementor-widget-icon\" data-id=\"f67c96d\" data-element_type=\"widget\" data-widget_type=\"icon.default\">\n\t\t\t\t<div class=\"elementor-widget-container\">\n\t\t\t\t\t\t\t<div class=\"elementor-icon-wrapper\">\n\t\t\t<div class=\"elementor-icon\">\n\t\t\t<svg aria-hidden=\"true\" class=\"e-font-icon-svg e-fas-book-open\" viewBox=\"0 0 576 512\" xmlns=\"http:\/\/www.w3.org\/2000\/svg\"><path d=\"M542.22 32.05c-54.8 3.11-163.72 14.43-230.96 55.59-4.64 2.84-7.27 7.89-7.27 13.17v363.87c0 11.55 12.63 18.85 23.28 13.49 69.18-34.82 169.23-44.32 218.7-46.92 16.89-.89 30.02-14.43 30.02-30.66V62.75c.01-17.71-15.35-31.74-33.77-30.7zM264.73 87.64C197.5 46.48 88.58 35.17 33.78 32.05 15.36 31.01 0 45.04 0 62.75V400.6c0 16.24 13.13 29.78 30.02 30.66 49.49 2.6 149.59 12.11 218.77 46.95 10.62 5.35 23.21-1.94 23.21-13.46V100.63c0-5.29-2.62-10.14-7.27-12.99z\"><\/path><\/svg>\t\t\t<\/div>\n\t\t<\/div>\n\t\t\t\t\t\t<\/div>\n\t\t\t\t<\/div>\n\t\t\t\t<div class=\"elementor-element elementor-element-32825da elementor-align-center elementor-widget elementor-widget-button\" data-id=\"32825da\" data-element_type=\"widget\" data-widget_type=\"button.default\">\n\t\t\t\t<div class=\"elementor-widget-container\">\n\t\t\t\t\t\t\t\t\t<div class=\"elementor-button-wrapper\">\n\t\t\t\t\t<a class=\"elementor-button elementor-button-link elementor-size-sm\" href=\"https:\/\/www.uees.edu.sv\/congreso-uees\/wp-content\/uploads\/2025\/06\/Memoria-Congreso-Rev.-finalizada-210422.pdf\">\n\t\t\t\t\t\t<span class=\"elementor-button-content-wrapper\">\n\t\t\t\t\t\t\t\t\t<span class=\"elementor-button-text\">Descargar PDF<\/span>\n\t\t\t\t\t<\/span>\n\t\t\t\t\t<\/a>\n\t\t\t\t<\/div>\n\t\t\t\t\t\t\t\t<\/div>\n\t\t\t\t<\/div>\n\t\t\t\t<\/div>\n\t\t<div class=\"elementor-element elementor-element-1589287 e-con-full e-flex elementor-invisible e-con e-child\" data-id=\"1589287\" data-element_type=\"container\" data-settings=\"{&quot;background_background&quot;:&quot;classic&quot;,&quot;animation&quot;:&quot;fadeIn&quot;}\">\n\t\t\t\t<div class=\"elementor-element elementor-element-899238e elementor-widget elementor-widget-text-editor\" data-id=\"899238e\" data-element_type=\"widget\" data-widget_type=\"text-editor.default\">\n\t\t\t\t<div class=\"elementor-widget-container\">\n\t\t\t\t\t\t\t\t\t<h6 style=\"text-align: center;\"><strong>Memoria Congreso UEES 2022<\/strong><\/h6>\t\t\t\t\t\t\t\t<\/div>\n\t\t\t\t<\/div>\n\t\t\t\t<div class=\"elementor-element elementor-element-4d0ba3a elementor-view-default elementor-widget elementor-widget-icon\" data-id=\"4d0ba3a\" data-element_type=\"widget\" data-widget_type=\"icon.default\">\n\t\t\t\t<div class=\"elementor-widget-container\">\n\t\t\t\t\t\t\t<div class=\"elementor-icon-wrapper\">\n\t\t\t<div class=\"elementor-icon\">\n\t\t\t<svg aria-hidden=\"true\" class=\"e-font-icon-svg e-fas-book-open\" viewBox=\"0 0 576 512\" xmlns=\"http:\/\/www.w3.org\/2000\/svg\"><path d=\"M542.22 32.05c-54.8 3.11-163.72 14.43-230.96 55.59-4.64 2.84-7.27 7.89-7.27 13.17v363.87c0 11.55 12.63 18.85 23.28 13.49 69.18-34.82 169.23-44.32 218.7-46.92 16.89-.89 30.02-14.43 30.02-30.66V62.75c.01-17.71-15.35-31.74-33.77-30.7zM264.73 87.64C197.5 46.48 88.58 35.17 33.78 32.05 15.36 31.01 0 45.04 0 62.75V400.6c0 16.24 13.13 29.78 30.02 30.66 49.49 2.6 149.59 12.11 218.77 46.95 10.62 5.35 23.21-1.94 23.21-13.46V100.63c0-5.29-2.62-10.14-7.27-12.99z\"><\/path><\/svg>\t\t\t<\/div>\n\t\t<\/div>\n\t\t\t\t\t\t<\/div>\n\t\t\t\t<\/div>\n\t\t\t\t<div class=\"elementor-element elementor-element-34e291e elementor-align-center elementor-widget elementor-widget-button\" data-id=\"34e291e\" data-element_type=\"widget\" data-widget_type=\"button.default\">\n\t\t\t\t<div class=\"elementor-widget-container\">\n\t\t\t\t\t\t\t\t\t<div class=\"elementor-button-wrapper\">\n\t\t\t\t\t<a class=\"elementor-button elementor-button-link elementor-size-sm\" href=\"https:\/\/www.uees.edu.sv\/congreso-uees\/wp-content\/uploads\/2025\/06\/Congreso-2022.pdf\">\n\t\t\t\t\t\t<span class=\"elementor-button-content-wrapper\">\n\t\t\t\t\t\t\t\t\t<span class=\"elementor-button-text\">Descargar PDF<\/span>\n\t\t\t\t\t<\/span>\n\t\t\t\t\t<\/a>\n\t\t\t\t<\/div>\n\t\t\t\t\t\t\t\t<\/div>\n\t\t\t\t<\/div>\n\t\t\t\t<\/div>\n\t\t<div class=\"elementor-element elementor-element-3436517 e-con-full e-flex elementor-invisible e-con e-child\" data-id=\"3436517\" data-element_type=\"container\" data-settings=\"{&quot;background_background&quot;:&quot;classic&quot;,&quot;animation&quot;:&quot;fadeIn&quot;}\">\n\t\t\t\t<div class=\"elementor-element elementor-element-061103a elementor-widget elementor-widget-text-editor\" data-id=\"061103a\" data-element_type=\"widget\" data-widget_type=\"text-editor.default\">\n\t\t\t\t<div class=\"elementor-widget-container\">\n\t\t\t\t\t\t\t\t\t<h6 style=\"text-align: center;\"><strong>Memoria Congreso UEES 2023<\/strong><\/h6>\t\t\t\t\t\t\t\t<\/div>\n\t\t\t\t<\/div>\n\t\t\t\t<div class=\"elementor-element elementor-element-f2db318 elementor-view-default elementor-widget elementor-widget-icon\" data-id=\"f2db318\" data-element_type=\"widget\" data-widget_type=\"icon.default\">\n\t\t\t\t<div class=\"elementor-widget-container\">\n\t\t\t\t\t\t\t<div class=\"elementor-icon-wrapper\">\n\t\t\t<div class=\"elementor-icon\">\n\t\t\t<svg aria-hidden=\"true\" class=\"e-font-icon-svg e-fas-book-open\" viewBox=\"0 0 576 512\" xmlns=\"http:\/\/www.w3.org\/2000\/svg\"><path d=\"M542.22 32.05c-54.8 3.11-163.72 14.43-230.96 55.59-4.64 2.84-7.27 7.89-7.27 13.17v363.87c0 11.55 12.63 18.85 23.28 13.49 69.18-34.82 169.23-44.32 218.7-46.92 16.89-.89 30.02-14.43 30.02-30.66V62.75c.01-17.71-15.35-31.74-33.77-30.7zM264.73 87.64C197.5 46.48 88.58 35.17 33.78 32.05 15.36 31.01 0 45.04 0 62.75V400.6c0 16.24 13.13 29.78 30.02 30.66 49.49 2.6 149.59 12.11 218.77 46.95 10.62 5.35 23.21-1.94 23.21-13.46V100.63c0-5.29-2.62-10.14-7.27-12.99z\"><\/path><\/svg>\t\t\t<\/div>\n\t\t<\/div>\n\t\t\t\t\t\t<\/div>\n\t\t\t\t<\/div>\n\t\t\t\t<div class=\"elementor-element elementor-element-898d72f elementor-align-center elementor-widget elementor-widget-button\" data-id=\"898d72f\" data-element_type=\"widget\" data-widget_type=\"button.default\">\n\t\t\t\t<div class=\"elementor-widget-container\">\n\t\t\t\t\t\t\t\t\t<div class=\"elementor-button-wrapper\">\n\t\t\t\t\t<a class=\"elementor-button elementor-button-link elementor-size-sm\" href=\"https:\/\/www.uees.edu.sv\/congreso-uees\/wp-content\/uploads\/2025\/06\/Congreso-2023.pdf\">\n\t\t\t\t\t\t<span class=\"elementor-button-content-wrapper\">\n\t\t\t\t\t\t\t\t\t<span class=\"elementor-button-text\">Descargar PDF<\/span>\n\t\t\t\t\t<\/span>\n\t\t\t\t\t<\/a>\n\t\t\t\t<\/div>\n\t\t\t\t\t\t\t\t<\/div>\n\t\t\t\t<\/div>\n\t\t\t\t<\/div>\n\t\t\t\t\t<\/div>\n\t\t\t\t<\/div>\n\t\t\t\t<\/div>\n\t\t","protected":false},"excerpt":{"rendered":"<p>Memorias y Ponencias Publicadas PUBLICACI\u00d3N DE RESUMENES Y EXTENSOS Se publicar\u00e1 una \u201cMemoria del Congreso -2025\u201d con todos los res\u00famenes de los trabajos presentados y poster cient\u00edficos. Adem\u00e1s, para los investigadores que deseen publicar sus art\u00edculos cient\u00edficos in\u00e9ditos, se pone a su disposici\u00f3n un N\u00famero Especial- 2026, de la Revista Ciencia Cultura y Sociedad, multidisciplinaria [&hellip;]<\/p>\n","protected":false},"author":1,"featured_media":0,"parent":0,"menu_order":0,"comment_status":"closed","ping_status":"closed","template":"","meta":{"footnotes":""},"class_list":["post-2906","page","type-page","status-publish","hentry"],"rttpg_featured_image_url":null,"rttpg_author":{"display_name":"Antonio","author_link":"https:\/\/www.uees.edu.sv\/congreso-uees\/author\/antonio\/"},"rttpg_comment":0,"rttpg_category":null,"rttpg_excerpt":"Memorias y Ponencias Publicadas PUBLICACI\u00d3N DE RESUMENES Y EXTENSOS Se publicar\u00e1 una \u201cMemoria del Congreso -2025\u201d con todos los res\u00famenes de los trabajos presentados y poster cient\u00edficos. Adem\u00e1s, para los investigadores que deseen publicar sus art\u00edculos cient\u00edficos in\u00e9ditos, se pone a su disposici\u00f3n un N\u00famero Especial- 2026, de la Revista Ciencia Cultura y Sociedad, multidisciplinaria&hellip;","_links":{"self":[{"href":"https:\/\/www.uees.edu.sv\/congreso-uees\/wp-json\/wp\/v2\/pages\/2906","targetHints":{"allow":["GET"]}}],"collection":[{"href":"https:\/\/www.uees.edu.sv\/congreso-uees\/wp-json\/wp\/v2\/pages"}],"about":[{"href":"https:\/\/www.uees.edu.sv\/congreso-uees\/wp-json\/wp\/v2\/types\/page"}],"author":[{"embeddable":true,"href":"https:\/\/www.uees.edu.sv\/congreso-uees\/wp-json\/wp\/v2\/users\/1"}],"replies":[{"embeddable":true,"href":"https:\/\/www.uees.edu.sv\/congreso-uees\/wp-json\/wp\/v2\/comments?post=2906"}],"version-history":[{"count":40,"href":"https:\/\/www.uees.edu.sv\/congreso-uees\/wp-json\/wp\/v2\/pages\/2906\/revisions"}],"predecessor-version":[{"id":3526,"href":"https:\/\/www.uees.edu.sv\/congreso-uees\/wp-json\/wp\/v2\/pages\/2906\/revisions\/3526"}],"wp:attachment":[{"href":"https:\/\/www.uees.edu.sv\/congreso-uees\/wp-json\/wp\/v2\/media?parent=2906"}],"curies":[{"name":"wp","href":"https:\/\/api.w.org\/{rel}","templated":true}]}}