{"id":2734,"date":"2025-06-10T14:18:55","date_gmt":"2025-06-10T20:18:55","guid":{"rendered":"https:\/\/www.uees.edu.sv\/congreso-uees\/?page_id=2734"},"modified":"2025-06-18T15:28:44","modified_gmt":"2025-06-18T21:28:44","slug":"eventos-pasados","status":"publish","type":"page","link":"https:\/\/www.uees.edu.sv\/congreso-uees\/eventos-pasados\/","title":{"rendered":"Eventos pasados"},"content":{"rendered":"\t\t<div data-elementor-type=\"wp-page\" data-elementor-id=\"2734\" class=\"elementor elementor-2734\" data-elementor-post-type=\"page\">\n\t\t\t\t<div class=\"elementor-element elementor-element-ae20f61 e-flex e-con-boxed e-con e-parent\" data-id=\"ae20f61\" data-element_type=\"container\">\n\t\t\t\t\t<div class=\"e-con-inner\">\n\t\t<div class=\"elementor-element elementor-element-6019fae e-con-full e-flex e-con e-child\" data-id=\"6019fae\" data-element_type=\"container\">\n\t\t\t\t<div class=\"elementor-element elementor-element-06ce120 elementor-widget elementor-widget-heading\" data-id=\"06ce120\" data-element_type=\"widget\" data-widget_type=\"heading.default\">\n\t\t\t\t<div class=\"elementor-widget-container\">\n\t\t\t\t\t<h2 class=\"elementor-heading-title elementor-size-default\">Eventos Pasados<\/h2>\t\t\t\t<\/div>\n\t\t\t\t<\/div>\n\t\t\t\t<\/div>\n\t\t\t\t\t<\/div>\n\t\t\t\t<\/div>\n\t\t<div class=\"elementor-element elementor-element-a19724f e-flex e-con-boxed e-con e-parent\" data-id=\"a19724f\" data-element_type=\"container\">\n\t\t\t\t\t<div class=\"e-con-inner\">\n\t\t<div class=\"elementor-element elementor-element-d5704f1 e-con-full e-flex e-con e-child\" data-id=\"d5704f1\" data-element_type=\"container\">\n\t\t\t\t<div class=\"elementor-element elementor-element-9f42d24 elementor-widget elementor-widget-shortcode\" data-id=\"9f42d24\" data-element_type=\"widget\" data-widget_type=\"shortcode.default\">\n\t\t\t\t<div class=\"elementor-widget-container\">\n\t\t\t\t\t\t\t<div class=\"elementor-shortcode\"><style type='text\/css' media='all'>#rt-tpg-container-119786202 .rt-holder .rt-woo-info .price{color:#f5d904;}body .rt-tpg-container .rt-tpg-isotope-buttons .selected,\n\t\t\t\t\t#rt-tpg-container-119786202 .layout12 .rt-holder:hover .rt-detail,\n\t\t\t\t\t#rt-tpg-container-119786202 .isotope8 .rt-holder:hover .rt-detail,\n\t\t\t\t\t#rt-tpg-container-119786202 .carousel8 .rt-holder:hover .rt-detail,\n\t\t\t\t\t#rt-tpg-container-119786202 .layout13 .rt-holder .overlay .post-info,\n\t\t\t\t\t#rt-tpg-container-119786202 .isotope9 .rt-holder .overlay .post-info,\n\t\t\t\t\t#rt-tpg-container-119786202.rt-tpg-container .layout4 .rt-holder .rt-detail,\n\t\t\t\t\t.rt-modal-119786202 .md-content,\n\t\t\t\t\t.rt-modal-119786202 .md-content > .rt-md-content-holder .rt-md-content,\n\t\t\t\t\t.rt-popup-wrap-119786202.rt-popup-wrap .rt-popup-navigation-wrap,\n\t\t\t\t\t#rt-tpg-container-119786202 .carousel9 .rt-holder .overlay .post-info{background-color:#f5d904;}#rt-tpg-container-119786202 .layout5 .rt-holder .overlay, #rt-tpg-container-119786202 .isotope2 .rt-holder .overlay, #rt-tpg-container-119786202 .carousel2 .rt-holder .overlay,#rt-tpg-container-119786202 .layout15 .rt-holder h3, #rt-tpg-container-119786202 .isotope11 .rt-holder h3, #rt-tpg-container-119786202 .carousel11 .rt-holder h3, #rt-tpg-container-119786202 .layout16 .rt-holder h3,\n\t\t\t\t\t#rt-tpg-container-119786202 .isotope12 .rt-holder h3, #rt-tpg-container-119786202 .carousel12 .rt-holder h3 {background-color:rgba(245,217,4,0.8);}#rt-tpg-container-119786202 .pagination-list li a,\n\t\t\t\t\trt-tpg-container-119786202 .pagination-list li span,\n\t\t\t\t\trt-tpg-container-119786202 .pagination li a,\n\t\t\t\t\t#rt-tpg-container-119786202 .rt-tpg-isotope-buttons button,\n\t\t\t\t\t#rt-tpg-container-119786202 .rt-tpg-utility .rt-tpg-load-more button,\n\t\t\t\t\t#rt-tpg-container-119786202.rt-tpg-container .swiper-navigation .slider-btn,\n\t\t\t\t\t#rt-tpg-container-119786202.rt-tpg-container .swiper-pagination-bullet,\n\t\t\t\t\t#rt-tpg-container-119786202 .wc1 .rt-holder .rt-img-holder .overlay .product-more ul li a,\n\t\t\t\t\t#rt-tpg-container-119786202 .wc2 .rt-detail .rt-wc-add-to-cart,\n\t\t\t\t\t#rt-tpg-container-119786202 .wc3 .rt-detail .rt-wc-add-to-cart,\n\t\t\t\t\t#rt-tpg-container-119786202 .wc4 .rt-detail .rt-wc-add-to-cart,\n\t\t\t\t\t#rt-tpg-container-119786202 .wc-carousel2 .rt-detail .rt-wc-add-to-cart,\n\t\t\t\t\t#rt-tpg-container-119786202 .wc-isotope2 .rt-detail .rt-wc-add-to-cart,\n\t\t\t\t\t#rt-tpg-container-119786202 .rt-layout-filter-container .rt-filter-wrap .rt-filter-item-wrap.rt-filter-dropdown-wrap .rt-filter-dropdown,\n\t\t\t\t\t#rt-tpg-container-119786202 .rt-layout-filter-container .rt-filter-sub-tax.sub-button-group .rt-filter-button-item,\n\t\t\t\t\t#rt-tpg-container-119786202.rt-tpg-container .rt-pagination-wrap .rt-page-numbers .paginationjs .paginationjs-pages ul li>a,\n\t\t\t\t\t#rt-tpg-container-119786202 .rt-filter-item-wrap.rt-filter-button-wrap span.rt-filter-button-item,\n\t\t\t\t\t#rt-tpg-container-119786202.rt-tpg-container .rt-pagination-wrap  .rt-loadmore-btn,\n\t\t\t\t\t#rt-tpg-container-119786202.rt-tpg-container .rt-pagination-wrap .rt-cb-page-prev-next > *,\n\t\t\t\t\t#rt-tpg-container-119786202 .rt-read-more,\n\t\t\t\t\t#rt-tooltip-119786202, #rt-tooltip-119786202 .rt-tooltip-bottom:after{background-color:#0b227c;}#rt-tpg-container-119786202 .rt-filter-item-wrap.rt-filter-button-wrap span.rt-filter-button-item,\n\t\t\t\t\t#rt-tpg-container-119786202 .rt-layout-filter-container .rt-filter-sub-tax.sub-button-group .rt-filter-button-item{border-color:#0b227c;}#rt-tpg-container-119786202.rt-tpg-container .layout17 .rt-holder .overlay a.tpg-zoom .fa{color:#0b227c;}#rt-tpg-container-119786202 .rt-holder .read-more a {background-color:#0b227c;padding: 8px 15px;}#rt-tpg-container-119786202 .pagination-list li a,\n\t\t\t\t\t#rt-tpg-container-119786202 .pagination li a,\n\t\t\t\t\t#rt-tpg-container-119786202 .rt-tpg-isotope-buttons button,\n\t\t\t\t\t#rt-tpg-container-119786202 .rt-holder .read-more a,\n\t\t\t\t\t#rt-tpg-container-119786202 .rt-tpg-utility .rt-tpg-load-more button,\n\t\t\t\t\t#rt-tpg-container-119786202.rt-tpg-container .swiper-navigation .slider-btn,\n\t\t\t\t\t#rt-tpg-container-119786202 .wc1 .rt-holder .rt-img-holder .overlay .product-more ul li a,\n\t\t\t\t\t#rt-tpg-container-119786202 .edd1 .rt-holder .rt-img-holder .overlay .product-more ul li a,\n\t\t\t\t\t#rt-tpg-container-119786202 .wc2 .rt-detail .rt-wc-add-to-cart,\n\t\t\t\t\t#rt-tpg-container-119786202 .wc3 .rt-detail .rt-wc-add-to-cart,\n\t\t\t\t\t#rt-tpg-container-119786202 .edd2 .rt-detail .rt-wc-add-to-cart,\n\t\t\t\t\t#rt-tpg-container-119786202 .wc4 .rt-detail .rt-wc-add-to-cart,\n\t\t\t\t\t#rt-tpg-container-119786202 .edd3 .rt-detail .rt-wc-add-to-cart,\n\t\t\t\t\t#rt-tpg-container-119786202 .wc-carousel2 .rt-detail .rt-wc-add-to-cart,\n\t\t\t\t\t#rt-tpg-container-119786202 .wc-isotope2 .rt-detail .rt-wc-add-to-cart,\n\t\t\t\t\t#rt-tpg-container-119786202 .rt-tpg-utility .rt-tpg-load-more button,\n\t\t\t\t\t#rt-tooltip-119786202,\n\t\t\t\t\t#rt-tpg-container-119786202 .rt-filter-item-wrap.rt-filter-button-wrap span.rt-filter-button-item,\n\t\t\t\t\t#rt-tpg-container-119786202 .rt-layout-filter-container .rt-filter-sub-tax.sub-button-group .rt-filter-button-item,\n\t\t\t\t\t#rt-tpg-container-119786202 .rt-layout-filter-container .rt-filter-wrap .rt-filter-item-wrap.rt-sort-order-action,\n\t\t\t\t\t#rt-tpg-container-119786202 .rt-layout-filter-container .rt-filter-wrap .rt-filter-item-wrap.rt-filter-dropdown-wrap .rt-filter-dropdown .rt-filter-dropdown-item,\n\t\t\t\t\t#rt-tpg-container-119786202.rt-tpg-container .rt-pagination-wrap .rt-page-numbers .paginationjs .paginationjs-pages ul li>a,\n\t\t\t\t\t#rt-tpg-container-119786202.rt-tpg-container .rt-pagination-wrap .rt-cb-page-prev-next > *,\n\t\t\t\t\t#rt-tpg-container-119786202.rt-tpg-container .rt-pagination-wrap  .rt-loadmore-btn,\n\t\t\t\t\t#rt-tpg-container-119786202 .rt-read-more,\n\t\t\t\t\t#rt-tooltip-119786202 .rt-tooltip-bottom:after{color:#eeee22;}#rt-tpg-container-119786202 .read-more a{border-radius:20px;}#rt-tpg-container-119786202 .rt-img-holder img.rt-img-responsive,#rt-tpg-container-119786202 .rt-img-holder,\n\t\t\t\t\t#rt-tpg-container-119786202 .rt-post-overlay .post-img,\n\t\t\t\t\t#rt-tpg-container-119786202 .post-sm .post-img,\n\t\t\t\t\t#rt-tpg-container-119786202 .rt-post-grid .post-img,\n\t\t\t\t\t#rt-tpg-container-119786202 .post-img img {border-radius:px;}#rt-tpg-container-119786202 .layout1 .rt-holder h2.entry-title,\n\t\t\t\t\t#rt-tpg-container-119786202 .layout1 .rt-holder h3.entry-title,\n\t\t\t\t\t#rt-tpg-container-119786202 .layout1 .rt-holder h4.entry-title,\n\t\t\t\t\t#rt-tpg-container-119786202 .layout1 .rt-holder h2.entry-title a,\n\t\t\t\t\t#rt-tpg-container-119786202 .layout1 .rt-holder h3.entry-title a,\n\t\t\t\t\t#rt-tpg-container-119786202 .layout1 .rt-holder h4.entry-title a,\n\t\t\t\t\t#rt-tpg-container-119786202 .rt-holder .rt-woo-info h2 a,\n\t\t\t\t\t#rt-tpg-container-119786202 .rt-holder .rt-woo-info h3 a,\n\t\t\t\t\t#rt-tpg-container-119786202 .rt-holder .rt-woo-info h4 a,\n\t\t\t\t\t#rt-tpg-container-119786202 .post-content .post-title,\n\t\t\t\t\t#rt-tpg-container-119786202 .rt-post-grid .post-title,\n\t\t\t\t\t#rt-tpg-container-119786202 .rt-post-grid .post-title a,\n\t\t\t\t\t#rt-tpg-container-119786202 .post-content .post-title a,\n\t\t\t\t\t#rt-tpg-container-119786202 .rt-holder .rt-woo-info h2,\n\t\t\t\t\t#rt-tpg-container-119786202 .rt-holder .rt-woo-info h3,\n\t\t\t\t\t#rt-tpg-container-119786202 .rt-holder .rt-woo-info h4{color:#0b227c;font-weight:bold;}<\/style><div class='rt-container-fluid rt-tpg-container tpg-shortcode-main-wrapper ' id='rt-tpg-container-119786202'   data-layout='layout1' data-grid-style='even' data-desktop-col='3'  data-tab-col='2'  data-mobile-col='1' data-sc-id='2979'><div data-title='Loading ...' class='rt-row rt-content-loader   layout1 tpg-even '><div class=\"rt-col-md-4 rt-col-sm-6 rt-col-xs-12 even-grid-item rt-grid-item\" data-id=\"4290\"><div class=\"rt-holder\"><div class=\"rt-img-holder\"><a data-id=\"4290\" class=\"\" href=\"https:\/\/www.uees.edu.sv\/congreso-uees\/convocatoria-expositores-2026\/\"><img fetchpriority=\"high\" decoding=\"async\" width=\"1920\" height=\"1080\" src=\"https:\/\/www.uees.edu.sv\/congreso-uees\/wp-content\/uploads\/2026\/03\/CONGRESO_VRIV2025_PANTALLA-H.jpg\" class=\"rt-img-responsive \" alt=\"\" \/><\/a><\/div><div class='rt-detail'><h3 class=\"entry-title\"><a data-id=\"4290\" class=\"\" href=\"https:\/\/www.uees.edu.sv\/congreso-uees\/convocatoria-expositores-2026\/\">12\u00ba-CONGRESO INTERNACIONAL DE INVESTIGACI\u00d3N CIENT\u00cdFICA E INNOVACI\u00d3N UEIES 2025<\/a><\/h3><div class='post-meta '><span class='read-more'><a data-id='4290' class='' href='https:\/\/www.uees.edu.sv\/congreso-uees\/convocatoria-expositores-2026\/'>Leer m\u00e1s<\/a><\/span><\/div><\/div><\/div><\/div><div class=\"rt-col-md-4 rt-col-sm-6 rt-col-xs-12 even-grid-item rt-grid-item\" data-id=\"2830\"><div class=\"rt-holder\"><div class=\"rt-img-holder\"><a data-id=\"2830\" class=\"\" href=\"https:\/\/www.uees.edu.sv\/congreso-uees\/11o-congreso-internacional-de-investigacion-cientifica-e-innovacion-ueies-2024\/\"><img decoding=\"async\" width=\"1024\" height=\"465\" src=\"https:\/\/www.uees.edu.sv\/congreso-uees\/wp-content\/uploads\/2025\/06\/11CONGRESO_BANNERW-1024x465-1.jpg\" class=\"rt-img-responsive \" alt=\"\" \/><\/a><\/div><div class='rt-detail'><h3 class=\"entry-title\"><a data-id=\"2830\" class=\"\" href=\"https:\/\/www.uees.edu.sv\/congreso-uees\/11o-congreso-internacional-de-investigacion-cientifica-e-innovacion-ueies-2024\/\">11\u00ba-CONGRESO INTERNACIONAL DE INVESTIGACI\u00d3N CIENT\u00cdFICA E INNOVACI\u00d3N UEIES 2024<\/a><\/h3><div class='post-meta '><span class='read-more'><a data-id='2830' class='' href='https:\/\/www.uees.edu.sv\/congreso-uees\/11o-congreso-internacional-de-investigacion-cientifica-e-innovacion-ueies-2024\/'>Leer m\u00e1s<\/a><\/span><\/div><\/div><\/div><\/div><div class=\"rt-col-md-4 rt-col-sm-6 rt-col-xs-12 even-grid-item rt-grid-item\" data-id=\"2828\"><div class=\"rt-holder\"><div class=\"rt-img-holder\"><a data-id=\"2828\" class=\"\" href=\"https:\/\/www.uees.edu.sv\/congreso-uees\/10%e2%81%b0-congreso-internacional-de-investigacion-cientifica-e-innovacion-uees-2023\/\"><img decoding=\"async\" width=\"1300\" height=\"590\" src=\"https:\/\/www.uees.edu.sv\/congreso-uees\/wp-content\/uploads\/2025\/06\/CONGRESO_VRIPS2023_banner.png\" class=\"rt-img-responsive \" alt=\"\" \/><\/a><\/div><div class='rt-detail'><h3 class=\"entry-title\"><a data-id=\"2828\" class=\"\" href=\"https:\/\/www.uees.edu.sv\/congreso-uees\/10%e2%81%b0-congreso-internacional-de-investigacion-cientifica-e-innovacion-uees-2023\/\">10\u2070 CONGRESO INTERNACIONAL DE INVESTIGACI\u00d3N CIENT\u00cdFICA E INNOVACI\u00d3N UEES 2023<\/a><\/h3><div class='post-meta '><span class='read-more'><a data-id='2828' class='' href='https:\/\/www.uees.edu.sv\/congreso-uees\/10%e2%81%b0-congreso-internacional-de-investigacion-cientifica-e-innovacion-uees-2023\/'>Leer m\u00e1s<\/a><\/span><\/div><\/div><\/div><\/div><div class=\"rt-col-md-4 rt-col-sm-6 rt-col-xs-12 even-grid-item rt-grid-item\" data-id=\"2808\"><div class=\"rt-holder\"><div class=\"rt-img-holder\"><a data-id=\"2808\" class=\"\" href=\"https:\/\/www.uees.edu.sv\/congreso-uees\/congreso-internacional-de-investigacion-cientifica-innovacion-uees-2022\/\"><img loading=\"lazy\" decoding=\"async\" width=\"1300\" height=\"590\" src=\"https:\/\/www.uees.edu.sv\/congreso-uees\/wp-content\/uploads\/2025\/06\/CONGRESO_VRIPS2022_BANNERWEB1.jpg\" class=\"rt-img-responsive \" alt=\"\" \/><\/a><\/div><div class='rt-detail'><h3 class=\"entry-title\"><a data-id=\"2808\" class=\"\" href=\"https:\/\/www.uees.edu.sv\/congreso-uees\/congreso-internacional-de-investigacion-cientifica-innovacion-uees-2022\/\">CONGRESO INTERNACIONAL DE INVESTIGACI\u00d3N CIENT\u00cdFICA INNOVACI\u00d3N UEES 2022<\/a><\/h3><div class='post-meta '><span class='read-more'><a data-id='2808' class='' href='https:\/\/www.uees.edu.sv\/congreso-uees\/congreso-internacional-de-investigacion-cientifica-innovacion-uees-2022\/'>Leer m\u00e1s<\/a><\/span><\/div><\/div><\/div><\/div><div class=\"rt-col-md-4 rt-col-sm-6 rt-col-xs-12 even-grid-item rt-grid-item\" data-id=\"2753\"><div class=\"rt-holder\"><div class=\"rt-img-holder\"><a data-id=\"2753\" class=\"\" href=\"https:\/\/www.uees.edu.sv\/congreso-uees\/congreso-cientifico-internacional-multidisciplinario-uees-2021\/\"><img loading=\"lazy\" decoding=\"async\" width=\"1300\" height=\"590\" src=\"https:\/\/www.uees.edu.sv\/congreso-uees\/wp-content\/uploads\/2025\/06\/BANNER_VRIPS2-1.jpg\" class=\"rt-img-responsive \" alt=\"\" \/><\/a><\/div><div class='rt-detail'><h3 class=\"entry-title\"><a data-id=\"2753\" class=\"\" href=\"https:\/\/www.uees.edu.sv\/congreso-uees\/congreso-cientifico-internacional-multidisciplinario-uees-2021\/\">CONGRESO CIENT\u00cdFICO INTERNACIONAL MULTIDISCIPLINARIO UEES-2021<\/a><\/h3><div class='post-meta '><span class='read-more'><a data-id='2753' class='' href='https:\/\/www.uees.edu.sv\/congreso-uees\/congreso-cientifico-internacional-multidisciplinario-uees-2021\/'>Leer m\u00e1s<\/a><\/span><\/div><\/div><\/div><\/div><\/div><\/div><\/div>\n\t\t\t\t\t\t<\/div>\n\t\t\t\t<\/div>\n\t\t\t\t<\/div>\n\t\t\t\t\t<\/div>\n\t\t\t\t<\/div>\n\t\t\t\t<\/div>\n\t\t","protected":false},"excerpt":{"rendered":"<p>Eventos Pasados<\/p>\n","protected":false},"author":1,"featured_media":0,"parent":0,"menu_order":0,"comment_status":"closed","ping_status":"closed","template":"","meta":{"footnotes":""},"class_list":["post-2734","page","type-page","status-publish","hentry"],"rttpg_featured_image_url":null,"rttpg_author":{"display_name":"Antonio","author_link":"https:\/\/www.uees.edu.sv\/congreso-uees\/author\/antonio\/"},"rttpg_comment":0,"rttpg_category":"","rttpg_excerpt":"Eventos Pasados","_links":{"self":[{"href":"https:\/\/www.uees.edu.sv\/congreso-uees\/wp-json\/wp\/v2\/pages\/2734","targetHints":{"allow":["GET"]}}],"collection":[{"href":"https:\/\/www.uees.edu.sv\/congreso-uees\/wp-json\/wp\/v2\/pages"}],"about":[{"href":"https:\/\/www.uees.edu.sv\/congreso-uees\/wp-json\/wp\/v2\/types\/page"}],"author":[{"embeddable":true,"href":"https:\/\/www.uees.edu.sv\/congreso-uees\/wp-json\/wp\/v2\/users\/1"}],"replies":[{"embeddable":true,"href":"https:\/\/www.uees.edu.sv\/congreso-uees\/wp-json\/wp\/v2\/comments?post=2734"}],"version-history":[{"count":25,"href":"https:\/\/www.uees.edu.sv\/congreso-uees\/wp-json\/wp\/v2\/pages\/2734\/revisions"}],"predecessor-version":[{"id":3198,"href":"https:\/\/www.uees.edu.sv\/congreso-uees\/wp-json\/wp\/v2\/pages\/2734\/revisions\/3198"}],"wp:attachment":[{"href":"https:\/\/www.uees.edu.sv\/congreso-uees\/wp-json\/wp\/v2\/media?parent=2734"}],"curies":[{"name":"wp","href":"https:\/\/api.w.org\/{rel}","templated":true}]}}