{"id":2709,"date":"2025-06-10T11:22:56","date_gmt":"2025-06-10T17:22:56","guid":{"rendered":"https:\/\/www.uees.edu.sv\/congreso-uees\/?page_id=2709"},"modified":"2025-06-20T13:31:30","modified_gmt":"2025-06-20T19:31:30","slug":"lugar","status":"publish","type":"page","link":"https:\/\/www.uees.edu.sv\/congreso-uees\/lugar\/","title":{"rendered":"Lugar"},"content":{"rendered":"\t\t<div data-elementor-type=\"wp-page\" data-elementor-id=\"2709\" class=\"elementor elementor-2709\" data-elementor-post-type=\"page\">\n\t\t\t\t<div class=\"elementor-element elementor-element-e91e034 e-flex e-con-boxed e-con e-parent\" data-id=\"e91e034\" data-element_type=\"container\">\n\t\t\t\t\t<div class=\"e-con-inner\">\n\t\t\t\t<div class=\"elementor-element elementor-element-767a071 elementor-widget elementor-widget-heading\" data-id=\"767a071\" data-element_type=\"widget\" data-widget_type=\"heading.default\">\n\t\t\t\t<div class=\"elementor-widget-container\">\n\t\t\t\t\t<h2 class=\"elementor-heading-title elementor-size-default\">Lugar<\/h2>\t\t\t\t<\/div>\n\t\t\t\t<\/div>\n\t\t\t\t\t<\/div>\n\t\t\t\t<\/div>\n\t\t<div class=\"elementor-element elementor-element-8e3aa0d e-flex e-con-boxed e-con e-parent\" data-id=\"8e3aa0d\" data-element_type=\"container\">\n\t\t\t\t\t<div class=\"e-con-inner\">\n\t\t\t\t<div class=\"elementor-element elementor-element-21ec366 elementor-widget elementor-widget-google_maps\" data-id=\"21ec366\" data-element_type=\"widget\" data-widget_type=\"google_maps.default\">\n\t\t\t\t<div class=\"elementor-widget-container\">\n\t\t\t\t\t\t\t<div class=\"elementor-custom-embed\">\n\t\t\t<iframe loading=\"lazy\"\n\t\t\t\t\tsrc=\"https:\/\/maps.google.com\/maps?q=universidad%20evangelica%20de%20el%20salvador&#038;t=m&#038;z=17&#038;output=embed&#038;iwloc=near\"\n\t\t\t\t\ttitle=\"universidad evangelica de el salvador\"\n\t\t\t\t\taria-label=\"universidad evangelica de el salvador\"\n\t\t\t><\/iframe>\n\t\t<\/div>\n\t\t\t\t\t\t<\/div>\n\t\t\t\t<\/div>\n\t\t\t\t\t<\/div>\n\t\t\t\t<\/div>\n\t\t<div class=\"elementor-element elementor-element-816bcdc e-flex e-con-boxed e-con e-parent\" data-id=\"816bcdc\" data-element_type=\"container\">\n\t\t\t\t\t<div class=\"e-con-inner\">\n\t\t\t\t<div class=\"elementor-element elementor-element-1548f76 elementor-widget elementor-widget-text-editor\" data-id=\"1548f76\" data-element_type=\"widget\" data-widget_type=\"text-editor.default\">\n\t\t\t\t<div class=\"elementor-widget-container\">\n\t\t\t\t\t\t\t\t\t<h3>Hoteles cercanos<\/h3><ul><li>Hotel Real InterContinental San Salvador<\/li><li>Barcel\u00f3 San Salvador<\/li><li>Hotel Crowne Plaza<\/li><\/ul><h3>Transporte<\/h3><p>Servicio de buses y taxis disponible en la zona. Estacionamiento gratuito para asistentes.<\/p><h3>Recomendaciones locales<\/h3><p>Visita el Centro Hist\u00f3rico, el Volc\u00e1n de San Salvador y disfruta de la gastronom\u00eda local.<\/p>\t\t\t\t\t\t\t\t<\/div>\n\t\t\t\t<\/div>\n\t\t\t\t\t<\/div>\n\t\t\t\t<\/div>\n\t\t\t\t<\/div>\n\t\t","protected":false},"excerpt":{"rendered":"<p>Lugar Hoteles cercanos Hotel Real InterContinental San Salvador Barcel\u00f3 San Salvador Hotel Crowne Plaza Transporte Servicio de buses y taxis disponible en la zona. Estacionamiento gratuito para asistentes. Recomendaciones locales Visita el Centro Hist\u00f3rico, el Volc\u00e1n de San Salvador y disfruta de la gastronom\u00eda local.<\/p>\n","protected":false},"author":1,"featured_media":0,"parent":0,"menu_order":0,"comment_status":"closed","ping_status":"closed","template":"","meta":{"footnotes":""},"class_list":["post-2709","page","type-page","status-publish","hentry"],"rttpg_featured_image_url":null,"rttpg_author":{"display_name":"Antonio","author_link":"https:\/\/www.uees.edu.sv\/congreso-uees\/author\/antonio\/"},"rttpg_comment":0,"rttpg_category":null,"rttpg_excerpt":"Lugar Hoteles cercanos Hotel Real InterContinental San Salvador Barcel\u00f3 San Salvador Hotel Crowne Plaza Transporte Servicio de buses y taxis disponible en la zona. Estacionamiento gratuito para asistentes. Recomendaciones locales Visita el Centro Hist\u00f3rico, el Volc\u00e1n de San Salvador y disfruta de la gastronom\u00eda local.","_links":{"self":[{"href":"https:\/\/www.uees.edu.sv\/congreso-uees\/wp-json\/wp\/v2\/pages\/2709","targetHints":{"allow":["GET"]}}],"collection":[{"href":"https:\/\/www.uees.edu.sv\/congreso-uees\/wp-json\/wp\/v2\/pages"}],"about":[{"href":"https:\/\/www.uees.edu.sv\/congreso-uees\/wp-json\/wp\/v2\/types\/page"}],"author":[{"embeddable":true,"href":"https:\/\/www.uees.edu.sv\/congreso-uees\/wp-json\/wp\/v2\/users\/1"}],"replies":[{"embeddable":true,"href":"https:\/\/www.uees.edu.sv\/congreso-uees\/wp-json\/wp\/v2\/comments?post=2709"}],"version-history":[{"count":13,"href":"https:\/\/www.uees.edu.sv\/congreso-uees\/wp-json\/wp\/v2\/pages\/2709\/revisions"}],"predecessor-version":[{"id":3346,"href":"https:\/\/www.uees.edu.sv\/congreso-uees\/wp-json\/wp\/v2\/pages\/2709\/revisions\/3346"}],"wp:attachment":[{"href":"https:\/\/www.uees.edu.sv\/congreso-uees\/wp-json\/wp\/v2\/media?parent=2709"}],"curies":[{"name":"wp","href":"https:\/\/api.w.org\/{rel}","templated":true}]}}