{"id":558,"date":"2026-04-13T14:35:08","date_gmt":"2026-04-13T14:35:08","guid":{"rendered":"https:\/\/www.uees.edu.sv\/bolsadeempleo\/?page_id=558"},"modified":"2026-04-13T14:38:51","modified_gmt":"2026-04-13T14:38:51","slug":"terminos-condiciones","status":"publish","type":"page","link":"https:\/\/www.uees.edu.sv\/bolsadeempleo\/terminos-condiciones\/","title":{"rendered":"T\u00e9rminos y condiciones"},"content":{"rendered":"\t\t<div data-elementor-type=\"wp-page\" data-elementor-id=\"558\" class=\"elementor elementor-558\" data-elementor-post-type=\"page\">\n\t\t\t\t<div class=\"elementor-element elementor-element-ec7dcbd e-flex e-con-boxed e-con e-parent\" data-id=\"ec7dcbd\" data-element_type=\"container\" data-e-type=\"container\">\n\t\t\t\t\t<div class=\"e-con-inner\">\n\t\t<div class=\"elementor-element elementor-element-f69a338 e-con-full e-flex e-con e-child\" data-id=\"f69a338\" data-element_type=\"container\" data-e-type=\"container\">\n\t\t\t\t<div class=\"elementor-element elementor-element-69389de elementor-widget elementor-widget-text-editor\" data-id=\"69389de\" data-element_type=\"widget\" data-e-type=\"widget\" data-widget_type=\"text-editor.default\">\n\t\t\t\t\t\t\t\t\t<p><b><span data-contrast=\"auto\">T\u00c9RMINOS Y CONDICIONES DE USO<\/span><\/b><span data-ccp-props=\"{}\">\u00a0<\/span><\/p><p><span data-contrast=\"auto\">Bolsa de Empleo UEES<\/span><span data-ccp-props=\"{}\">\u00a0<\/span><\/p><p><span data-contrast=\"auto\">La presente establece los T\u00e9rminos y Condiciones que regulan el acceso y uso de la plataforma de la Bolsa de Empleo de la Universidad Evang\u00e9lica de El Salvador (en adelante, \u201cUEES\u201d), administrada por la Oficina de Vinculaci\u00f3n con Graduados.<\/span><span data-ccp-props=\"{}\">\u00a0<\/span><\/p><p><span data-contrast=\"auto\">Al registrarse y utilizar esta plataforma, el usuario acepta cumplir con los presentes t\u00e9rminos en su totalidad.<\/span><span data-ccp-props=\"{}\">\u00a0<\/span><\/p><ol><li aria-setsize=\"-1\" data-leveltext=\"%1.\" data-font=\"\" data-listid=\"1\" data-list-defn-props=\"{&quot;134224900&quot;:true,&quot;335552541&quot;:0,&quot;335559685&quot;:720,&quot;335559991&quot;:360,&quot;469769242&quot;:[65533,0],&quot;469777803&quot;:&quot;left&quot;,&quot;469777804&quot;:&quot;%1.&quot;,&quot;469777815&quot;:&quot;hybridMultilevel&quot;}\" data-aria-posinset=\"1\" data-aria-level=\"1\"><b><span data-contrast=\"auto\">Objeto de la plataforma<\/span><\/b><span data-ccp-props=\"{}\">\u00a0<\/span><\/li><\/ol><p><span data-contrast=\"auto\">La Bolsa de Empleo UEES tiene como finalidad facilitar la vinculaci\u00f3n entre empleadores y talento humano, promoviendo oportunidades laborales para estudiantes, egresados y graduados de la UEES.<\/span><span data-ccp-props=\"{}\">\u00a0<\/span><\/p><ol><li aria-setsize=\"-1\" data-leveltext=\"%1.\" data-font=\"\" data-listid=\"1\" data-list-defn-props=\"{&quot;134224900&quot;:true,&quot;335552541&quot;:0,&quot;335559685&quot;:720,&quot;335559991&quot;:360,&quot;469769242&quot;:[65533,0],&quot;469777803&quot;:&quot;left&quot;,&quot;469777804&quot;:&quot;%1.&quot;,&quot;469777815&quot;:&quot;hybridMultilevel&quot;}\" data-aria-posinset=\"2\" data-aria-level=\"1\"><b><span data-contrast=\"auto\">Tipos de usuarios<\/span><\/b><span data-ccp-props=\"{}\">\u00a0<\/span><\/li><\/ol><p><span data-contrast=\"auto\">Podr\u00e1n hacer uso de la plataforma:<\/span><span data-ccp-props=\"{}\">\u00a0<\/span><\/p><ul><li aria-setsize=\"-1\" data-leveltext=\"\uf0b7\" data-font=\"Symbol\" data-listid=\"2\" data-list-defn-props=\"{&quot;335552541&quot;:1,&quot;335559685&quot;:1068,&quot;335559991&quot;:360,&quot;469769226&quot;:&quot;Symbol&quot;,&quot;469769242&quot;:[8226],&quot;469777803&quot;:&quot;left&quot;,&quot;469777804&quot;:&quot;\uf0b7&quot;,&quot;469777815&quot;:&quot;hybridMultilevel&quot;}\" data-aria-posinset=\"1\" data-aria-level=\"1\"><span data-contrast=\"auto\">Estudiantes, egresados y graduados de la UEES.<\/span><span data-ccp-props=\"{}\">\u00a0<\/span><\/li><\/ul><ul><li aria-setsize=\"-1\" data-leveltext=\"\uf0b7\" data-font=\"Symbol\" data-listid=\"2\" data-list-defn-props=\"{&quot;335552541&quot;:1,&quot;335559685&quot;:1068,&quot;335559991&quot;:360,&quot;469769226&quot;:&quot;Symbol&quot;,&quot;469769242&quot;:[8226],&quot;469777803&quot;:&quot;left&quot;,&quot;469777804&quot;:&quot;\uf0b7&quot;,&quot;469777815&quot;:&quot;hybridMultilevel&quot;}\" data-aria-posinset=\"2\" data-aria-level=\"1\"><span data-contrast=\"auto\">Empresas y reclutadores de cualquier organizaci\u00f3n.<\/span><span data-ccp-props=\"{}\">\u00a0<\/span><\/li><\/ul><p><span data-contrast=\"auto\">Las postulaciones a ofertas laborales estar\u00e1n habilitadas \u00fanicamente para la comunidad de la UEES.<\/span><span data-ccp-props=\"{}\">\u00a0<\/span><\/p><ol><li aria-setsize=\"-1\" data-leveltext=\"%1.\" data-font=\"\" data-listid=\"1\" data-list-defn-props=\"{&quot;134224900&quot;:true,&quot;335552541&quot;:0,&quot;335559685&quot;:720,&quot;335559991&quot;:360,&quot;469769242&quot;:[65533,0],&quot;469777803&quot;:&quot;left&quot;,&quot;469777804&quot;:&quot;%1.&quot;,&quot;469777815&quot;:&quot;hybridMultilevel&quot;}\" data-aria-posinset=\"3\" data-aria-level=\"1\"><b><span data-contrast=\"auto\">Registro y cuentas<\/span><\/b><span data-ccp-props=\"{}\">\u00a0<\/span><\/li><\/ol><p><span data-contrast=\"auto\">El registro en la plataforma es obligatorio para acceder a sus funcionalidades.<\/span><span data-ccp-props=\"{}\">\u00a0<\/span><\/p><p><span data-contrast=\"auto\">Los usuarios deber\u00e1n proporcionar informaci\u00f3n veraz, actualizada y completa.\u00a0La informaci\u00f3n registrada ser\u00e1 revisada por los moderadores de la plataforma, especialmente en el caso de empresas, quienes deber\u00e1n pasar por un proceso de validaci\u00f3n antes de obtener acceso completo.<\/span><span data-ccp-props=\"{}\">\u00a0<\/span><\/p><p><span data-contrast=\"auto\">El usuario es responsable de mantener la confidencialidad de sus credenciales de acceso.<\/span><span data-ccp-props=\"{}\">\u00a0<\/span><\/p><ol><li aria-setsize=\"-1\" data-leveltext=\"%1.\" data-font=\"\" data-listid=\"1\" data-list-defn-props=\"{&quot;134224900&quot;:true,&quot;335552541&quot;:0,&quot;335559685&quot;:720,&quot;335559991&quot;:360,&quot;469769242&quot;:[65533,0],&quot;469777803&quot;:&quot;left&quot;,&quot;469777804&quot;:&quot;%1.&quot;,&quot;469777815&quot;:&quot;hybridMultilevel&quot;}\" data-aria-posinset=\"4\" data-aria-level=\"1\"><b><span data-contrast=\"auto\">Uso de la plataforma<\/span><\/b><span data-ccp-props=\"{}\">\u00a0<\/span><\/li><\/ol><p><span data-contrast=\"auto\">Los usuarios podr\u00e1n:<\/span><span data-ccp-props=\"{}\">\u00a0<\/span><\/p><ul><li aria-setsize=\"-1\" data-leveltext=\"\uf0b7\" data-font=\"Symbol\" data-listid=\"3\" data-list-defn-props=\"{&quot;335552541&quot;:1,&quot;335559685&quot;:1068,&quot;335559991&quot;:360,&quot;469769226&quot;:&quot;Symbol&quot;,&quot;469769242&quot;:[8226],&quot;469777803&quot;:&quot;left&quot;,&quot;469777804&quot;:&quot;\uf0b7&quot;,&quot;469777815&quot;:&quot;hybridMultilevel&quot;}\" data-aria-posinset=\"1\" data-aria-level=\"1\"><span data-contrast=\"auto\">Postularse a oportunidades laborales (comunidad UEES).<\/span><span data-ccp-props=\"{}\">\u00a0<\/span><\/li><\/ul><ul><li aria-setsize=\"-1\" data-leveltext=\"\uf0b7\" data-font=\"Symbol\" data-listid=\"3\" data-list-defn-props=\"{&quot;335552541&quot;:1,&quot;335559685&quot;:1068,&quot;335559991&quot;:360,&quot;469769226&quot;:&quot;Symbol&quot;,&quot;469769242&quot;:[8226],&quot;469777803&quot;:&quot;left&quot;,&quot;469777804&quot;:&quot;\uf0b7&quot;,&quot;469777815&quot;:&quot;hybridMultilevel&quot;}\" data-aria-posinset=\"2\" data-aria-level=\"1\"><span data-contrast=\"auto\">Publicar vacantes (empresas y reclutadores).<\/span><span data-ccp-props=\"{}\">\u00a0<\/span><\/li><\/ul><ul><li aria-setsize=\"-1\" data-leveltext=\"\uf0b7\" data-font=\"Symbol\" data-listid=\"3\" data-list-defn-props=\"{&quot;335552541&quot;:1,&quot;335559685&quot;:1068,&quot;335559991&quot;:360,&quot;469769226&quot;:&quot;Symbol&quot;,&quot;469769242&quot;:[8226],&quot;469777803&quot;:&quot;left&quot;,&quot;469777804&quot;:&quot;\uf0b7&quot;,&quot;469777815&quot;:&quot;hybridMultilevel&quot;}\" data-aria-posinset=\"3\" data-aria-level=\"1\"><span data-contrast=\"auto\">Visualizar perfiles y oportunidades disponibles.<\/span><span data-ccp-props=\"{}\">\u00a0<\/span><\/li><\/ul><p><span data-contrast=\"auto\">Queda estrictamente prohibido:<\/span><span data-ccp-props=\"{}\">\u00a0<\/span><\/p><ul><li aria-setsize=\"-1\" data-leveltext=\"\uf0b7\" data-font=\"Symbol\" data-listid=\"4\" data-list-defn-props=\"{&quot;335552541&quot;:1,&quot;335559685&quot;:1068,&quot;335559991&quot;:360,&quot;469769226&quot;:&quot;Symbol&quot;,&quot;469769242&quot;:[8226],&quot;469777803&quot;:&quot;left&quot;,&quot;469777804&quot;:&quot;\uf0b7&quot;,&quot;469777815&quot;:&quot;hybridMultilevel&quot;}\" data-aria-posinset=\"1\" data-aria-level=\"1\"><span data-contrast=\"auto\">Proporcionar informaci\u00f3n falsa o inexacta.<\/span><span data-ccp-props=\"{}\">\u00a0<\/span><\/li><\/ul><ul><li aria-setsize=\"-1\" data-leveltext=\"\uf0b7\" data-font=\"Symbol\" data-listid=\"4\" data-list-defn-props=\"{&quot;335552541&quot;:1,&quot;335559685&quot;:1068,&quot;335559991&quot;:360,&quot;469769226&quot;:&quot;Symbol&quot;,&quot;469769242&quot;:[8226],&quot;469777803&quot;:&quot;left&quot;,&quot;469777804&quot;:&quot;\uf0b7&quot;,&quot;469777815&quot;:&quot;hybridMultilevel&quot;}\" data-aria-posinset=\"2\" data-aria-level=\"1\"><span data-contrast=\"auto\">Hacer uso indebido de los datos disponibles en la plataforma.<\/span><span data-ccp-props=\"{}\">\u00a0<\/span><\/li><\/ul><ul><li aria-setsize=\"-1\" data-leveltext=\"\uf0b7\" data-font=\"Symbol\" data-listid=\"4\" data-list-defn-props=\"{&quot;335552541&quot;:1,&quot;335559685&quot;:1068,&quot;335559991&quot;:360,&quot;469769226&quot;:&quot;Symbol&quot;,&quot;469769242&quot;:[8226],&quot;469777803&quot;:&quot;left&quot;,&quot;469777804&quot;:&quot;\uf0b7&quot;,&quot;469777815&quot;:&quot;hybridMultilevel&quot;}\" data-aria-posinset=\"3\" data-aria-level=\"1\"><span data-contrast=\"auto\">Publicar ofertas fraudulentas o enga\u00f1osas.<\/span><span data-ccp-props=\"{}\">\u00a0<\/span><\/li><\/ul><ul><li aria-setsize=\"-1\" data-leveltext=\"\uf0b7\" data-font=\"Symbol\" data-listid=\"4\" data-list-defn-props=\"{&quot;335552541&quot;:1,&quot;335559685&quot;:1068,&quot;335559991&quot;:360,&quot;469769226&quot;:&quot;Symbol&quot;,&quot;469769242&quot;:[8226],&quot;469777803&quot;:&quot;left&quot;,&quot;469777804&quot;:&quot;\uf0b7&quot;,&quot;469777815&quot;:&quot;hybridMultilevel&quot;}\" data-aria-posinset=\"4\" data-aria-level=\"1\"><span data-contrast=\"auto\">Utilizar la plataforma para fines il\u00edcitos.<\/span><span data-ccp-props=\"{}\">\u00a0<\/span><\/li><\/ul><p><span data-ccp-props=\"{}\">\u00a0<\/span><\/p><ol><li aria-setsize=\"-1\" data-leveltext=\"%1.\" data-font=\"\" data-listid=\"1\" data-list-defn-props=\"{&quot;134224900&quot;:true,&quot;335552541&quot;:0,&quot;335559685&quot;:720,&quot;335559991&quot;:360,&quot;469769242&quot;:[65533,0],&quot;469777803&quot;:&quot;left&quot;,&quot;469777804&quot;:&quot;%1.&quot;,&quot;469777815&quot;:&quot;hybridMultilevel&quot;}\" data-aria-posinset=\"5\" data-aria-level=\"1\"><b><span data-contrast=\"auto\">Validaci\u00f3n y responsabilidad de las empresas<\/span><\/b><span data-ccp-props=\"{}\">\u00a0<\/span><\/li><\/ol><p><span data-contrast=\"auto\">Las empresas deber\u00e1n registrarse y ser\u00e1n sujetas a un proceso de validaci\u00f3n por parte de los moderadores antes de poder publicar vacantes.<\/span><span data-ccp-props=\"{}\">\u00a0<\/span><\/p><p><span data-contrast=\"auto\">Las empresas son responsables de:<\/span><span data-ccp-props=\"{}\">\u00a0<\/span><\/p><ul><li aria-setsize=\"-1\" data-leveltext=\"\uf0b7\" data-font=\"Symbol\" data-listid=\"5\" data-list-defn-props=\"{&quot;335552541&quot;:1,&quot;335559685&quot;:1068,&quot;335559991&quot;:360,&quot;469769226&quot;:&quot;Symbol&quot;,&quot;469769242&quot;:[8226],&quot;469777803&quot;:&quot;left&quot;,&quot;469777804&quot;:&quot;\uf0b7&quot;,&quot;469777815&quot;:&quot;hybridMultilevel&quot;}\" data-aria-posinset=\"1\" data-aria-level=\"1\"><span data-contrast=\"auto\">La veracidad de la informaci\u00f3n publicada.<\/span><span data-ccp-props=\"{}\">\u00a0<\/span><\/li><\/ul><ul><li aria-setsize=\"-1\" data-leveltext=\"\uf0b7\" data-font=\"Symbol\" data-listid=\"5\" data-list-defn-props=\"{&quot;335552541&quot;:1,&quot;335559685&quot;:1068,&quot;335559991&quot;:360,&quot;469769226&quot;:&quot;Symbol&quot;,&quot;469769242&quot;:[8226],&quot;469777803&quot;:&quot;left&quot;,&quot;469777804&quot;:&quot;\uf0b7&quot;,&quot;469777815&quot;:&quot;hybridMultilevel&quot;}\" data-aria-posinset=\"2\" data-aria-level=\"1\"><span data-contrast=\"auto\">La gesti\u00f3n de sus procesos de reclutamiento.<\/span><span data-ccp-props=\"{}\">\u00a0<\/span><\/li><\/ul><ul><li aria-setsize=\"-1\" data-leveltext=\"\uf0b7\" data-font=\"Symbol\" data-listid=\"5\" data-list-defn-props=\"{&quot;335552541&quot;:1,&quot;335559685&quot;:1068,&quot;335559991&quot;:360,&quot;469769226&quot;:&quot;Symbol&quot;,&quot;469769242&quot;:[8226],&quot;469777803&quot;:&quot;left&quot;,&quot;469777804&quot;:&quot;\uf0b7&quot;,&quot;469777815&quot;:&quot;hybridMultilevel&quot;}\" data-aria-posinset=\"3\" data-aria-level=\"1\"><span data-contrast=\"auto\">El seguimiento a los candidatos postulantes.<\/span><span data-ccp-props=\"{}\">\u00a0<\/span><\/li><\/ul><ol><li aria-setsize=\"-1\" data-leveltext=\"%1.\" data-font=\"\" data-listid=\"1\" data-list-defn-props=\"{&quot;134224900&quot;:true,&quot;335552541&quot;:0,&quot;335559685&quot;:720,&quot;335559991&quot;:360,&quot;469769242&quot;:[65533,0],&quot;469777803&quot;:&quot;left&quot;,&quot;469777804&quot;:&quot;%1.&quot;,&quot;469777815&quot;:&quot;hybridMultilevel&quot;}\" data-aria-posinset=\"6\" data-aria-level=\"1\"><b><span data-contrast=\"auto\">Limitaci\u00f3n de responsabilidad<\/span><\/b><span data-ccp-props=\"{}\">\u00a0<\/span><\/li><\/ol><p><span data-contrast=\"auto\">La Bolsa de Empleo UEES:<\/span><span data-ccp-props=\"{}\">\u00a0<\/span><\/p><ul><li aria-setsize=\"-1\" data-leveltext=\"\uf0b7\" data-font=\"Symbol\" data-listid=\"6\" data-list-defn-props=\"{&quot;335552541&quot;:1,&quot;335559685&quot;:1068,&quot;335559991&quot;:360,&quot;469769226&quot;:&quot;Symbol&quot;,&quot;469769242&quot;:[8226],&quot;469777803&quot;:&quot;left&quot;,&quot;469777804&quot;:&quot;\uf0b7&quot;,&quot;469777815&quot;:&quot;hybridMultilevel&quot;}\" data-aria-posinset=\"1\" data-aria-level=\"1\"><span data-contrast=\"auto\">No garantiza la obtenci\u00f3n de empleo.<\/span><span data-ccp-props=\"{}\">\u00a0<\/span><\/li><\/ul><ul><li aria-setsize=\"-1\" data-leveltext=\"\uf0b7\" data-font=\"Symbol\" data-listid=\"6\" data-list-defn-props=\"{&quot;335552541&quot;:1,&quot;335559685&quot;:1068,&quot;335559991&quot;:360,&quot;469769226&quot;:&quot;Symbol&quot;,&quot;469769242&quot;:[8226],&quot;469777803&quot;:&quot;left&quot;,&quot;469777804&quot;:&quot;\uf0b7&quot;,&quot;469777815&quot;:&quot;hybridMultilevel&quot;}\" data-aria-posinset=\"2\" data-aria-level=\"1\"><span data-contrast=\"auto\">No interviene en los procesos de selecci\u00f3n.<\/span><span data-ccp-props=\"{}\">\u00a0<\/span><\/li><\/ul><ul><li aria-setsize=\"-1\" data-leveltext=\"\uf0b7\" data-font=\"Symbol\" data-listid=\"6\" data-list-defn-props=\"{&quot;335552541&quot;:1,&quot;335559685&quot;:1068,&quot;335559991&quot;:360,&quot;469769226&quot;:&quot;Symbol&quot;,&quot;469769242&quot;:[8226],&quot;469777803&quot;:&quot;left&quot;,&quot;469777804&quot;:&quot;\uf0b7&quot;,&quot;469777815&quot;:&quot;hybridMultilevel&quot;}\" data-aria-posinset=\"3\" data-aria-level=\"1\"><span data-contrast=\"auto\">No se responsabiliza por acuerdos, contrataciones o conflictos entre usuarios y empleadores.<\/span><span data-ccp-props=\"{}\">\u00a0<\/span><\/li><\/ul><p><span data-contrast=\"auto\">En caso de fraude o mala pr\u00e1ctica por parte de cualquier usuario, la UEES podr\u00e1 proceder con la eliminaci\u00f3n\u00a0del mismo\u00a0de la plataforma.<\/span><span data-ccp-props=\"{}\">\u00a0<\/span><\/p><ol><li aria-setsize=\"-1\" data-leveltext=\"%1.\" data-font=\"\" data-listid=\"1\" data-list-defn-props=\"{&quot;134224900&quot;:true,&quot;335552541&quot;:0,&quot;335559685&quot;:720,&quot;335559991&quot;:360,&quot;469769242&quot;:[65533,0],&quot;469777803&quot;:&quot;left&quot;,&quot;469777804&quot;:&quot;%1.&quot;,&quot;469777815&quot;:&quot;hybridMultilevel&quot;}\" data-aria-posinset=\"7\" data-aria-level=\"1\"><b><span data-contrast=\"auto\">Protecci\u00f3n de datos personales<\/span><\/b><span data-ccp-props=\"{}\">\u00a0<\/span><\/li><\/ol><p><span data-contrast=\"auto\">La plataforma de la Bolsa de Empleo UEES recopila y trata datos personales de los usuarios, tales como informaci\u00f3n de identificaci\u00f3n, datos acad\u00e9micos y profesionales, as\u00ed como datos de contacto, incluyendo correo electr\u00f3nico y n\u00famero telef\u00f3nico.<\/span><span data-ccp-props=\"{}\">\u00a0<\/span><\/p><p><span data-contrast=\"auto\">La Universidad Evang\u00e9lica de El Salvador, a trav\u00e9s de la Oficina de Vinculaci\u00f3n con Graduados, se compromete a garantizar la confidencialidad, integridad y seguridad de la informaci\u00f3n proporcionada por los usuarios, adoptando las medidas necesarias para evitar su alteraci\u00f3n, p\u00e9rdida, acceso o tratamiento no autorizado.<\/span><span data-ccp-props=\"{}\">\u00a0<\/span><\/p><p><span data-contrast=\"auto\">Los datos personales ser\u00e1n utilizados exclusivamente para los siguientes fines:<\/span><span data-ccp-props=\"{}\">\u00a0<\/span><\/p><ul><li aria-setsize=\"-1\" data-leveltext=\"\uf0b7\" data-font=\"Symbol\" data-listid=\"11\" data-list-defn-props=\"{&quot;335552541&quot;:1,&quot;335559685&quot;:1068,&quot;335559991&quot;:360,&quot;469769226&quot;:&quot;Symbol&quot;,&quot;469769242&quot;:[8226],&quot;469777803&quot;:&quot;left&quot;,&quot;469777804&quot;:&quot;\uf0b7&quot;,&quot;469777815&quot;:&quot;hybridMultilevel&quot;}\" data-aria-posinset=\"1\" data-aria-level=\"1\"><span data-contrast=\"auto\">Facilitar los procesos de intermediaci\u00f3n laboral.<\/span><span data-ccp-props=\"{}\">\u00a0<\/span><\/li><\/ul><ul><li aria-setsize=\"-1\" data-leveltext=\"\uf0b7\" data-font=\"Symbol\" data-listid=\"11\" data-list-defn-props=\"{&quot;335552541&quot;:1,&quot;335559685&quot;:1068,&quot;335559991&quot;:360,&quot;469769226&quot;:&quot;Symbol&quot;,&quot;469769242&quot;:[8226],&quot;469777803&quot;:&quot;left&quot;,&quot;469777804&quot;:&quot;\uf0b7&quot;,&quot;469777815&quot;:&quot;hybridMultilevel&quot;}\" data-aria-posinset=\"2\" data-aria-level=\"1\"><span data-contrast=\"auto\">Permitir el contacto entre empleadores y candidatos.<\/span><span data-ccp-props=\"{}\">\u00a0<\/span><\/li><\/ul><ul><li aria-setsize=\"-1\" data-leveltext=\"\uf0b7\" data-font=\"Symbol\" data-listid=\"11\" data-list-defn-props=\"{&quot;335552541&quot;:1,&quot;335559685&quot;:1068,&quot;335559991&quot;:360,&quot;469769226&quot;:&quot;Symbol&quot;,&quot;469769242&quot;:[8226],&quot;469777803&quot;:&quot;left&quot;,&quot;469777804&quot;:&quot;\uf0b7&quot;,&quot;469777815&quot;:&quot;hybridMultilevel&quot;}\" data-aria-posinset=\"3\" data-aria-level=\"1\"><span data-contrast=\"auto\">Generar an\u00e1lisis estad\u00edsticos internos orientados a la mejora del servicio.<\/span><span data-ccp-props=\"{}\">\u00a0<\/span><\/li><\/ul><p><span data-contrast=\"auto\">En ese sentido, la informaci\u00f3n contenida en los perfiles podr\u00e1 ser visualizada \u00fanicamente por empresas y reclutadores previamente validados dentro de la plataforma, con fines estrictamente relacionados a procesos de reclutamiento y selecci\u00f3n.<\/span><span data-ccp-props=\"{}\">\u00a0<\/span><\/p><p><span data-contrast=\"auto\">Asimismo, al momento de registrarse en la plataforma, el usuario otorga su consentimiento libre, expreso e informado para el tratamiento de sus datos personales conforme a las finalidades antes descritas.\u00a0Dicho consentimiento implica la autorizaci\u00f3n para que su informaci\u00f3n sea utilizada dentro del entorno de la plataforma y compartida con empleadores registrados, bajo los principios de confidencialidad y uso adecuado de la informaci\u00f3n.<\/span><span data-ccp-props=\"{}\">\u00a0<\/span><\/p><p><span data-contrast=\"auto\">La UEES se compromete a no comercializar, ceder o divulgar la informaci\u00f3n personal de los usuarios a terceros no autorizados, salvo en los casos en que exista obligaci\u00f3n legal.<\/span><span data-ccp-props=\"{}\">\u00a0<\/span><\/p><p><span data-contrast=\"auto\">El usuario, por su parte, reconoce que la informaci\u00f3n proporcionada ser\u00e1 utilizada exclusivamente dentro del marco de la Bolsa de Empleo UEES y acepta las condiciones de tratamiento de datos aqu\u00ed establecidas.<\/span><span data-ccp-props=\"{}\">\u00a0<\/span><\/p><ol><li aria-setsize=\"-1\" data-leveltext=\"%1.\" data-font=\"\" data-listid=\"1\" data-list-defn-props=\"{&quot;134224900&quot;:true,&quot;335552541&quot;:0,&quot;335559685&quot;:720,&quot;335559991&quot;:360,&quot;469769242&quot;:[65533,0],&quot;469777803&quot;:&quot;left&quot;,&quot;469777804&quot;:&quot;%1.&quot;,&quot;469777815&quot;:&quot;hybridMultilevel&quot;}\" data-aria-posinset=\"8\" data-aria-level=\"1\"><b><span data-contrast=\"auto\">Permanencia y uso de cuentas<\/span><\/b><span data-ccp-props=\"{}\">\u00a0<\/span><\/li><\/ol><p><span data-contrast=\"auto\">El acceso y uso de la plataforma es gratuito. Una vez registrado, el usuario podr\u00e1 mantener su cuenta activa de forma indefinida.<\/span><span data-ccp-props=\"{}\">\u00a0<\/span><\/p><p><span data-contrast=\"auto\">No obstante, la UEES se reserva el derecho de eliminar cuentas en caso de:<\/span><span data-ccp-props=\"{}\">\u00a0<\/span><\/p><ul><li aria-setsize=\"-1\" data-leveltext=\"\uf0b7\" data-font=\"Symbol\" data-listid=\"9\" data-list-defn-props=\"{&quot;335552541&quot;:1,&quot;335559685&quot;:1068,&quot;335559991&quot;:360,&quot;469769226&quot;:&quot;Symbol&quot;,&quot;469769242&quot;:[8226],&quot;469777803&quot;:&quot;left&quot;,&quot;469777804&quot;:&quot;\uf0b7&quot;,&quot;469777815&quot;:&quot;hybridMultilevel&quot;}\" data-aria-posinset=\"1\" data-aria-level=\"1\"><span data-contrast=\"auto\">Incumplimiento de los presentes t\u00e9rminos.<\/span><span data-ccp-props=\"{}\">\u00a0<\/span><\/li><\/ul><ul><li aria-setsize=\"-1\" data-leveltext=\"\uf0b7\" data-font=\"Symbol\" data-listid=\"9\" data-list-defn-props=\"{&quot;335552541&quot;:1,&quot;335559685&quot;:1068,&quot;335559991&quot;:360,&quot;469769226&quot;:&quot;Symbol&quot;,&quot;469769242&quot;:[8226],&quot;469777803&quot;:&quot;left&quot;,&quot;469777804&quot;:&quot;\uf0b7&quot;,&quot;469777815&quot;:&quot;hybridMultilevel&quot;}\" data-aria-posinset=\"2\" data-aria-level=\"1\"><span data-contrast=\"auto\">Detecci\u00f3n de informaci\u00f3n falsa.<\/span><span data-ccp-props=\"{}\">\u00a0<\/span><\/li><\/ul><ul><li aria-setsize=\"-1\" data-leveltext=\"\uf0b7\" data-font=\"Symbol\" data-listid=\"9\" data-list-defn-props=\"{&quot;335552541&quot;:1,&quot;335559685&quot;:1068,&quot;335559991&quot;:360,&quot;469769226&quot;:&quot;Symbol&quot;,&quot;469769242&quot;:[8226],&quot;469777803&quot;:&quot;left&quot;,&quot;469777804&quot;:&quot;\uf0b7&quot;,&quot;469777815&quot;:&quot;hybridMultilevel&quot;}\" data-aria-posinset=\"3\" data-aria-level=\"1\"><span data-contrast=\"auto\">Actividades fraudulentas o uso indebido de la plataforma.<\/span><span data-ccp-props=\"{}\">\u00a0<\/span><\/li><\/ul>\t\t\t\t\t\t\t\t<\/div>\n\t\t\t\t<\/div>\n\t\t\t\t\t<\/div>\n\t\t\t\t<\/div>\n\t\t\t\t<\/div>\n\t\t","protected":false},"excerpt":{"rendered":"<p>T\u00c9RMINOS Y CONDICIONES DE USO\u00a0 Bolsa de Empleo UEES\u00a0 La presente establece los T\u00e9rminos y Condiciones que regulan el acceso y uso de la plataforma de la Bolsa de Empleo de la Universidad Evang\u00e9lica de El Salvador (en adelante, \u201cUEES\u201d), administrada por la Oficina de Vinculaci\u00f3n con Graduados.\u00a0 Al registrarse y utilizar esta plataforma, el [&hellip;]<\/p>\n","protected":false},"author":1,"featured_media":0,"parent":0,"menu_order":0,"comment_status":"closed","ping_status":"closed","template":"","meta":{"footnotes":""},"class_list":["post-558","page","type-page","status-publish","hentry"],"_links":{"self":[{"href":"https:\/\/www.uees.edu.sv\/bolsadeempleo\/wp-json\/wp\/v2\/pages\/558","targetHints":{"allow":["GET"]}}],"collection":[{"href":"https:\/\/www.uees.edu.sv\/bolsadeempleo\/wp-json\/wp\/v2\/pages"}],"about":[{"href":"https:\/\/www.uees.edu.sv\/bolsadeempleo\/wp-json\/wp\/v2\/types\/page"}],"author":[{"embeddable":true,"href":"https:\/\/www.uees.edu.sv\/bolsadeempleo\/wp-json\/wp\/v2\/users\/1"}],"replies":[{"embeddable":true,"href":"https:\/\/www.uees.edu.sv\/bolsadeempleo\/wp-json\/wp\/v2\/comments?post=558"}],"version-history":[{"count":7,"href":"https:\/\/www.uees.edu.sv\/bolsadeempleo\/wp-json\/wp\/v2\/pages\/558\/revisions"}],"predecessor-version":[{"id":565,"href":"https:\/\/www.uees.edu.sv\/bolsadeempleo\/wp-json\/wp\/v2\/pages\/558\/revisions\/565"}],"wp:attachment":[{"href":"https:\/\/www.uees.edu.sv\/bolsadeempleo\/wp-json\/wp\/v2\/media?parent=558"}],"curies":[{"name":"wp","href":"https:\/\/api.w.org\/{rel}","templated":true}]}}