{"id":3453,"date":"2022-02-21T19:20:12","date_gmt":"2022-02-21T19:20:12","guid":{"rendered":"https:\/\/www.uees.edu.sv\/biblioteca\/?page_id=3453"},"modified":"2022-10-22T15:56:06","modified_gmt":"2022-10-22T15:56:06","slug":"posgrados","status":"publish","type":"page","link":"https:\/\/www.uees.edu.sv\/biblioteca\/posgrados\/","title":{"rendered":"Posgrados"},"content":{"rendered":"<p>[vc_row][vc_column icons_position=&#8221;left&#8221;][\/vc_column][\/vc_row][vc_row][vc_column icons_position=&#8221;left&#8221;][vc_tta_tabs style=&#8221;flat&#8221; shape=&#8221;square&#8221; active_section=&#8221;1&#8243; no_fill_content_area=&#8221;true&#8221; css=&#8221;.vc_custom_1631303417368{background-color: #ffffff !important;}&#8221;][vc_tta_section title=&#8221;POSGRADOS&#8221; tab_id=&#8221;1631303166077-f517d9a1-89a2&#8243;][vc_column_text]<\/p>\n<div id=\"comp-jfvjvirs\" class=\"_1Q9if\" data-testid=\"richTextElement\">\n<h4 class=\"font_2\" style=\"text-align: center;\"><span class=\"color_33\">NUEVAS ADQUISICIONES DE POSGRADOS<\/span><\/h4>\n<\/div>\n<p style=\"text-align: center;\">En esta secci\u00f3n encontrar\u00e1s lo m\u00e1s nuevo en el \u00e1rea\u00a0 de La Escuela de Posgrados<\/p>\n<p>[\/vc_column_text][vc_masonry_media_grid grid_id=&#8221;vc_gid:1666454016305-d832845a-ceb9-2&#8243; include=&#8221;3824,3825,3826,3827,3828,3829,3830,4064,4065,4066,4067,4068,4069,4070,4071,4072,4073,4074&#8243;][\/vc_tta_section][\/vc_tta_tabs][\/vc_column][\/vc_row]<\/p>\n","protected":false},"excerpt":{"rendered":"<p>[vc_row][vc_column icons_position=&#8221;left&#8221;][\/vc_column][\/vc_row][vc_row][vc_column icons_position=&#8221;left&#8221;][vc_tta_tabs style=&#8221;flat&#8221; shape=&#8221;square&#8221; active_section=&#8221;1&#8243; no_fill_content_area=&#8221;true&#8221; css=&#8221;.vc_custom_1631303417368{background-color: #ffffff !important;}&#8221;][vc_tta_section title=&#8221;POSGRADOS&#8221; tab_id=&#8221;1631303166077-f517d9a1-89a2&#8243;][vc_column_text]&hellip;<\/p>\n","protected":false},"author":1,"featured_media":0,"parent":0,"menu_order":0,"comment_status":"closed","ping_status":"closed","template":"","meta":{"give_campaign_id":0,"footnotes":""},"class_list":["post-3453","page","type-page","status-publish","hentry"],"campaignId":"","_links":{"self":[{"href":"https:\/\/www.uees.edu.sv\/biblioteca\/wp-json\/wp\/v2\/pages\/3453","targetHints":{"allow":["GET"]}}],"collection":[{"href":"https:\/\/www.uees.edu.sv\/biblioteca\/wp-json\/wp\/v2\/pages"}],"about":[{"href":"https:\/\/www.uees.edu.sv\/biblioteca\/wp-json\/wp\/v2\/types\/page"}],"author":[{"embeddable":true,"href":"https:\/\/www.uees.edu.sv\/biblioteca\/wp-json\/wp\/v2\/users\/1"}],"replies":[{"embeddable":true,"href":"https:\/\/www.uees.edu.sv\/biblioteca\/wp-json\/wp\/v2\/comments?post=3453"}],"version-history":[{"count":7,"href":"https:\/\/www.uees.edu.sv\/biblioteca\/wp-json\/wp\/v2\/pages\/3453\/revisions"}],"predecessor-version":[{"id":4075,"href":"https:\/\/www.uees.edu.sv\/biblioteca\/wp-json\/wp\/v2\/pages\/3453\/revisions\/4075"}],"wp:attachment":[{"href":"https:\/\/www.uees.edu.sv\/biblioteca\/wp-json\/wp\/v2\/media?parent=3453"}],"curies":[{"name":"wp","href":"https:\/\/api.w.org\/{rel}","templated":true}]}}