{"id":3030,"date":"2021-09-16T20:10:22","date_gmt":"2021-09-16T20:10:22","guid":{"rendered":"https:\/\/www.uees.edu.sv\/biblioteca\/?page_id=3030"},"modified":"2022-08-26T21:17:55","modified_gmt":"2022-08-26T21:17:55","slug":"solvencia-de-biblioteca","status":"publish","type":"page","link":"https:\/\/www.uees.edu.sv\/biblioteca\/solvencia-de-biblioteca\/","title":{"rendered":"Solvencia de Biblioteca"},"content":{"rendered":"<p>[vc_row][vc_column icons_position=&#8221;left&#8221;][vc_column_text]<\/p>\n<div style=\"text-align: justify;\">\n<p style=\"text-align: justify;\">La solvencia de biblioteca es el documento que se le extiende a los estudiantes que han egresado y est\u00e1n en proceso de graduaci\u00f3n, el cual indica si no tienen moras pendiente y han entregado los documentos del trabajo de investigaci\u00f3n (esto es en el caso de las Licenciaturas, Doctorados y Maestr\u00edas)<\/p>\n<p>&nbsp;<\/p>\n<\/div>\n<div style=\"text-align: center;\">\n<p style=\"text-align: center;\"><strong>Solvencia Pregrados <\/strong><span style=\"color: #0000ff;\"><a style=\"color: #0000ff;\" href=\"https:\/\/forms.office.com\/r\/eg6Y6AieHy\">Formulario de inscripci\u00f3n<\/a><\/span><\/p>\n<p style=\"text-align: center;\"><strong>Solvencia Posgrados<\/strong> <span style=\"color: #0000ff;\"><a style=\"color: #0000ff;\" href=\"https:\/\/forms.office.com\/r\/M8pAQ0gVeH\">Formulario de inscripci\u00f3n<\/a><\/span><\/p>\n<div><\/div>\n<\/div>\n<div><\/div>\n<div><\/div>\n<p>[\/vc_column_text][\/vc_column][\/vc_row][vc_row][vc_column icons_position=&#8221;left&#8221;][\/vc_column][\/vc_row]<\/p>\n","protected":false},"excerpt":{"rendered":"<p>[vc_row][vc_column icons_position=&#8221;left&#8221;][vc_column_text] La solvencia de biblioteca es el documento que se le&hellip;<\/p>\n","protected":false},"author":1,"featured_media":0,"parent":0,"menu_order":0,"comment_status":"closed","ping_status":"closed","template":"","meta":{"give_campaign_id":0,"footnotes":""},"class_list":["post-3030","page","type-page","status-publish","hentry"],"campaignId":"","_links":{"self":[{"href":"https:\/\/www.uees.edu.sv\/biblioteca\/wp-json\/wp\/v2\/pages\/3030","targetHints":{"allow":["GET"]}}],"collection":[{"href":"https:\/\/www.uees.edu.sv\/biblioteca\/wp-json\/wp\/v2\/pages"}],"about":[{"href":"https:\/\/www.uees.edu.sv\/biblioteca\/wp-json\/wp\/v2\/types\/page"}],"author":[{"embeddable":true,"href":"https:\/\/www.uees.edu.sv\/biblioteca\/wp-json\/wp\/v2\/users\/1"}],"replies":[{"embeddable":true,"href":"https:\/\/www.uees.edu.sv\/biblioteca\/wp-json\/wp\/v2\/comments?post=3030"}],"version-history":[{"count":3,"href":"https:\/\/www.uees.edu.sv\/biblioteca\/wp-json\/wp\/v2\/pages\/3030\/revisions"}],"predecessor-version":[{"id":3784,"href":"https:\/\/www.uees.edu.sv\/biblioteca\/wp-json\/wp\/v2\/pages\/3030\/revisions\/3784"}],"wp:attachment":[{"href":"https:\/\/www.uees.edu.sv\/biblioteca\/wp-json\/wp\/v2\/media?parent=3030"}],"curies":[{"name":"wp","href":"https:\/\/api.w.org\/{rel}","templated":true}]}}