{"id":2968,"date":"2021-09-13T21:25:00","date_gmt":"2021-09-13T21:25:00","guid":{"rendered":"https:\/\/www.uees.edu.sv\/biblioteca\/?page_id=2968"},"modified":"2022-07-13T20:24:35","modified_gmt":"2022-07-13T20:24:35","slug":"reglamentos","status":"publish","type":"page","link":"https:\/\/www.uees.edu.sv\/biblioteca\/reglamentos\/","title":{"rendered":"Reglamentos"},"content":{"rendered":"<p style=\"text-align: justify;\">La Biblioteca Central UEES tiene los siguientes objetivos: Brindar apoyo para el desarrollo de procesos educativos, cient\u00edficos, culturales, que impulsen la investigaci\u00f3n contribuyendo como pilar fundamental al desarrollo nacional y regional en el \u00e1rea de Gesti\u00f3n de informaci\u00f3n de entidades p\u00fablicas y privadas<\/p>\n<p>&nbsp;<\/p>\n<table border=\"0\" width=\"900\" cellspacing=\"5\" cellpadding=\"5\" align=\"center\">\n<tbody>\n<tr>\n<td valign=\"top\" width=\"300\"><img decoding=\"async\" class=\"wp-image-3126 size-scientia-thumb-tiny aligncenter\" style=\"font-family: inherit; font-style: inherit; font-weight: inherit;\" src=\"https:\/\/www.uees.edu.sv\/biblioteca\/wp-content\/uploads\/2021\/09\/pdf1-90x90.png\" alt=\"\" width=\"90\" height=\"90\" srcset=\"https:\/\/www.uees.edu.sv\/biblioteca\/wp-content\/uploads\/2021\/09\/pdf1-90x90.png 90w, https:\/\/www.uees.edu.sv\/biblioteca\/wp-content\/uploads\/2021\/09\/pdf1-150x150.png 150w\" sizes=\"(max-width: 90px) 100vw, 90px\" \/><\/p>\n<p style=\"text-align: center;\"><span style=\"color: #3366ff;\"><a style=\"color: #3366ff;\" href=\"https:\/\/www.uees.edu.sv\/biblioteca\/wp-content\/uploads\/2022\/07\/REGLAMENTO-DE-BIBLIOTECA-UEES-2022.pdf\">Reglamento de la Biblioteca Central UEES<\/a><\/span><\/p>\n<p>&nbsp;<\/td>\n<td valign=\"top\" width=\"300\"><img decoding=\"async\" class=\"wp-image-3126 size-scientia-thumb-tiny aligncenter\" style=\"font-family: inherit; font-style: inherit; font-weight: inherit;\" src=\"https:\/\/www.uees.edu.sv\/biblioteca\/wp-content\/uploads\/2021\/09\/pdf1-90x90.png\" alt=\"\" width=\"90\" height=\"90\" srcset=\"https:\/\/www.uees.edu.sv\/biblioteca\/wp-content\/uploads\/2021\/09\/pdf1-90x90.png 90w, https:\/\/www.uees.edu.sv\/biblioteca\/wp-content\/uploads\/2021\/09\/pdf1-150x150.png 150w\" sizes=\"(max-width: 90px) 100vw, 90px\" \/><\/p>\n<p style=\"text-align: center;\"><span style=\"color: #3366ff;\"><a style=\"color: #3366ff;\" href=\"https:\/\/www.uees.edu.sv\/biblioteca\/wp-content\/uploads\/2021\/09\/CARTAS-DE-AUTORIZACION-DE-BIBLIOTECA.pdf\">Pol\u00edticas de Donaci\u00f3n de libros<\/a><\/span><\/p>\n<\/td>\n<td valign=\"top\" width=\"300\"><img decoding=\"async\" class=\"wp-image-3126 size-scientia-thumb-tiny aligncenter\" style=\"font-family: inherit; font-style: inherit; font-weight: inherit;\" src=\"https:\/\/www.uees.edu.sv\/biblioteca\/wp-content\/uploads\/2021\/09\/pdf1-90x90.png\" alt=\"\" width=\"90\" height=\"90\" srcset=\"https:\/\/www.uees.edu.sv\/biblioteca\/wp-content\/uploads\/2021\/09\/pdf1-90x90.png 90w, https:\/\/www.uees.edu.sv\/biblioteca\/wp-content\/uploads\/2021\/09\/pdf1-150x150.png 150w\" sizes=\"(max-width: 90px) 100vw, 90px\" \/><\/p>\n<p style=\"text-align: center;\"><span style=\"color: #3366ff;\"><a style=\"color: #3366ff;\" href=\"https:\/\/www.uees.edu.sv\/biblioteca\/wp-content\/uploads\/2021\/09\/CARTAS-DE-AUTORIZACION-DE-BIBLIOTECA.pdf\">Cartas de Autorizaci\u00f3n de Biblioteca<\/a><\/span><\/p>\n<\/td>\n<\/tr>\n<\/tbody>\n<\/table>\n","protected":false},"excerpt":{"rendered":"<p>La Biblioteca Central UEES tiene los siguientes objetivos: Brindar apoyo para el&hellip;<\/p>\n","protected":false},"author":1,"featured_media":0,"parent":0,"menu_order":0,"comment_status":"closed","ping_status":"closed","template":"","meta":{"give_campaign_id":0,"footnotes":""},"class_list":["post-2968","page","type-page","status-publish","hentry"],"campaignId":"","_links":{"self":[{"href":"https:\/\/www.uees.edu.sv\/biblioteca\/wp-json\/wp\/v2\/pages\/2968","targetHints":{"allow":["GET"]}}],"collection":[{"href":"https:\/\/www.uees.edu.sv\/biblioteca\/wp-json\/wp\/v2\/pages"}],"about":[{"href":"https:\/\/www.uees.edu.sv\/biblioteca\/wp-json\/wp\/v2\/types\/page"}],"author":[{"embeddable":true,"href":"https:\/\/www.uees.edu.sv\/biblioteca\/wp-json\/wp\/v2\/users\/1"}],"replies":[{"embeddable":true,"href":"https:\/\/www.uees.edu.sv\/biblioteca\/wp-json\/wp\/v2\/comments?post=2968"}],"version-history":[{"count":5,"href":"https:\/\/www.uees.edu.sv\/biblioteca\/wp-json\/wp\/v2\/pages\/2968\/revisions"}],"predecessor-version":[{"id":3604,"href":"https:\/\/www.uees.edu.sv\/biblioteca\/wp-json\/wp\/v2\/pages\/2968\/revisions\/3604"}],"wp:attachment":[{"href":"https:\/\/www.uees.edu.sv\/biblioteca\/wp-json\/wp\/v2\/media?parent=2968"}],"curies":[{"name":"wp","href":"https:\/\/api.w.org\/{rel}","templated":true}]}}