{"id":2709,"date":"2021-09-08T22:23:58","date_gmt":"2021-09-08T22:23:58","guid":{"rendered":"https:\/\/www.uees.edu.sv\/biblioteca\/?page_id=2709"},"modified":"2022-10-22T15:59:38","modified_gmt":"2022-10-22T15:59:38","slug":"facultad-de-medicina1","status":"publish","type":"page","link":"https:\/\/www.uees.edu.sv\/biblioteca\/facultad-de-medicina1\/","title":{"rendered":"FACULTAD DE MEDICINA"},"content":{"rendered":"<p>[vc_row][vc_column icons_position=&#8221;left&#8221;][vc_column_text]<\/p>\n<div id=\"comp-jfwmsb3w\" class=\"_1Q9if\" style=\"text-align: justify;\" data-testid=\"richTextElement\">\n<p class=\"font_8\"><span class=\"color_25\">La medicina es una rama de la ciencia que se encarga de la prevenci\u00f3n de enfermedades, lesiones y el cuidado de la salud del ser humano para dar una mayor esperanza de vida en nuestro planeta.<\/span><\/p>\n<p class=\"font_8\"><span class=\"color_25\"><span class=\"wixGuard\">\u200b<\/span><\/span><span class=\"color_25\">As\u00ed como la tecnolog\u00eda\u00a0la medicina ha ido avanzando con el paso de los a\u00f1os y esto conlleva a realizar nuevas investigaciones en \u00e9ste campo para descubrir las posibles causas de\u00a0enfermedades que a\u00fan no poseen cura pero s\u00ed tratamiento.<\/span><\/p>\n<p class=\"font_8\"><span class=\"color_25\"><span class=\"wixGuard\">\u200b<\/span><\/span><span class=\"color_25\">Por ello, la Biblioteca Central pone a su disposici\u00f3n nueva bibliograf\u00eda en los siguientes enlaces, para que tanto estudiantes y docentes puedan desarrollar investigaciones en \u00e9ste campo.<\/span><\/p>\n<p>&nbsp;<\/p>\n<\/div>\n<p>[\/vc_column_text][\/vc_column][\/vc_row][vc_row][vc_column icons_position=&#8221;left&#8221;][vc_tta_tabs style=&#8221;flat&#8221; shape=&#8221;square&#8221; alignment=&#8221;center&#8221; active_section=&#8221;1&#8243; no_fill_content_area=&#8221;true&#8221;][vc_tta_section title=&#8221;DOCTORADO EN MEDICINA&#8221; tab_id=&#8221;1631301549235-29ae81d2-330b&#8221;][vc_column_text]<\/p>\n<div id=\"comp-jfvjvirs\" class=\"_1Q9if\" data-testid=\"richTextElement\">\n<h4 class=\"font_2\" style=\"text-align: center;\"><span class=\"color_33\">LO NUEVO EN MEDICINA GENERAL<\/span><\/h4>\n<\/div>\n<p>[\/vc_column_text][vc_masonry_media_grid grid_id=&#8221;vc_gid:1666454355126-8e2996f0-ed45-8&#8243; include=&#8221;3866,3867,3868,3869,3870,3871,3872,3873,3874,3875,3876,3877,3878,3879,3880,3881,3882&#8243;][\/vc_tta_section][vc_tta_section title=&#8221;LICENCIATURA EN ENFERMER\u00cdA&#8221; tab_id=&#8221;1631301549244-2f7b6be6-e70e&#8221;][vc_column_text]<\/p>\n<div id=\"comp-jfvkimgg\" class=\"_1Q9if\" data-testid=\"richTextElement\">\n<div id=\"comp-jfx189g9\" class=\"_1Q9if\" data-testid=\"richTextElement\">\n<h4 class=\"font_2\" style=\"text-align: center;\"><span class=\"color_33\">NOVEDADES EN EL AREA DE ENFERMERIA<\/span><\/h4>\n<\/div>\n<div id=\"comp-jfx1amro\" class=\"_1Q9if\" data-testid=\"richTextElement\">\n<p class=\"font_8\" style=\"text-align: center;\"><span class=\"color_25\">A\u00fan no hay novedades en esta secci\u00f3n<\/span><\/p>\n<\/div>\n<\/div>\n<p>[\/vc_column_text][vc_masonry_media_grid grid_id=&#8221;vc_gid:1666454355128-c26d89fd-5ee5-10&#8243; include=&#8221;3888,3889,3890&#8243;][\/vc_tta_section][vc_tta_section title=&#8221;T\u00c9CNICO EN ENFERMER\u00cdA&#8221; tab_id=&#8221;1645470680446-35e747f6-fec2&#8243;][vc_masonry_media_grid grid_id=&#8221;vc_gid:1666454355128-1478dce9-8cb8-5&#8243; include=&#8221;3892,3893&#8243;][\/vc_tta_section][vc_tta_section title=&#8221;LICENCIATURA EN NUTRICI\u00d3N Y DIETETICA&#8221; tab_id=&#8221;1631301705679-4837e0cf-bb01&#8243;][vc_column_text]<\/p>\n<div id=\"comp-jfvkvg42\" class=\"_1Q9if\" data-testid=\"richTextElement\">\n<h4 class=\"font_2\" style=\"text-align: center;\"><span class=\"color_33\">LO MAS NUEVO EN MATERIA DE NUTRICION Y DIETETICA<\/span><\/h4>\n<\/div>\n<p>[\/vc_column_text][vc_masonry_media_grid grid_id=&#8221;vc_gid:1666454355129-9e77f9c0-6e31-2&#8243; include=&#8221;3883,3884,3885&#8243;][vc_masonry_media_grid grid_id=&#8221;vc_gid:1666454355130-bada23be-79a3-7&#8243;][\/vc_tta_section][\/vc_tta_tabs][\/vc_column][\/vc_row]<\/p>\n","protected":false},"excerpt":{"rendered":"<p>[vc_row][vc_column icons_position=&#8221;left&#8221;][vc_column_text] La medicina es una rama de la ciencia que se&hellip;<\/p>\n","protected":false},"author":1,"featured_media":0,"parent":0,"menu_order":0,"comment_status":"closed","ping_status":"closed","template":"","meta":{"give_campaign_id":0,"footnotes":""},"class_list":["post-2709","page","type-page","status-publish","hentry"],"campaignId":"","_links":{"self":[{"href":"https:\/\/www.uees.edu.sv\/biblioteca\/wp-json\/wp\/v2\/pages\/2709","targetHints":{"allow":["GET"]}}],"collection":[{"href":"https:\/\/www.uees.edu.sv\/biblioteca\/wp-json\/wp\/v2\/pages"}],"about":[{"href":"https:\/\/www.uees.edu.sv\/biblioteca\/wp-json\/wp\/v2\/types\/page"}],"author":[{"embeddable":true,"href":"https:\/\/www.uees.edu.sv\/biblioteca\/wp-json\/wp\/v2\/users\/1"}],"replies":[{"embeddable":true,"href":"https:\/\/www.uees.edu.sv\/biblioteca\/wp-json\/wp\/v2\/comments?post=2709"}],"version-history":[{"count":31,"href":"https:\/\/www.uees.edu.sv\/biblioteca\/wp-json\/wp\/v2\/pages\/2709\/revisions"}],"predecessor-version":[{"id":4076,"href":"https:\/\/www.uees.edu.sv\/biblioteca\/wp-json\/wp\/v2\/pages\/2709\/revisions\/4076"}],"wp:attachment":[{"href":"https:\/\/www.uees.edu.sv\/biblioteca\/wp-json\/wp\/v2\/media?parent=2709"}],"curies":[{"name":"wp","href":"https:\/\/api.w.org\/{rel}","templated":true}]}}