{"id":2705,"date":"2021-09-08T21:47:42","date_gmt":"2021-09-08T21:47:42","guid":{"rendered":"https:\/\/www.uees.edu.sv\/biblioteca\/?page_id=2705"},"modified":"2022-10-21T16:11:25","modified_gmt":"2022-10-21T16:11:25","slug":"facultad-de-odontologia","status":"publish","type":"page","link":"https:\/\/www.uees.edu.sv\/biblioteca\/facultad-de-odontologia\/","title":{"rendered":"FACULTAD DE ODONTOLOG\u00cdA"},"content":{"rendered":"<p>[vc_row][vc_column icons_position=&#8221;left&#8221;][\/vc_column][\/vc_row][vc_row][vc_column icons_position=&#8221;left&#8221;][vc_tta_tabs style=&#8221;flat&#8221; shape=&#8221;square&#8221; active_section=&#8221;1&#8243; no_fill_content_area=&#8221;true&#8221; css=&#8221;.vc_custom_1631303417368{background-color: #ffffff !important;}&#8221;][vc_tta_section title=&#8221;DOCTORADO EN CIRUG\u00cdA DENTAL&#8221; tab_id=&#8221;1631303166077-f517d9a1-89a2&#8243;][vc_column_text]<\/p>\n<div id=\"comp-jfvjvirs\" class=\"_1Q9if\" data-testid=\"richTextElement\">\n<h4 class=\"font_2\" style=\"text-align: center;\"><span class=\"color_33\">NUEVAS ADQUISICIONES EN ODONTOLOG\u00cdA<\/span><\/h4>\n<\/div>\n<p style=\"text-align: center;\">En esta secci\u00f3n encontrar\u00e1s lo m\u00e1s nuevo en el \u00e1rea de la odontolog\u00eda.<\/p>\n<p>[\/vc_column_text][vc_masonry_media_grid grid_id=&#8221;vc_gid:1666368030240-6dc14eca-2399-2&#8243; include=&#8221;3812,3813,3814,3864,3857,3858,3859,3860,3861,3862,3863&#8243;][\/vc_tta_section][\/vc_tta_tabs][\/vc_column][\/vc_row]<\/p>\n","protected":false},"excerpt":{"rendered":"<p>[vc_row][vc_column icons_position=&#8221;left&#8221;][\/vc_column][\/vc_row][vc_row][vc_column icons_position=&#8221;left&#8221;][vc_tta_tabs style=&#8221;flat&#8221; shape=&#8221;square&#8221; active_section=&#8221;1&#8243; no_fill_content_area=&#8221;true&#8221; css=&#8221;.vc_custom_1631303417368{background-color: #ffffff !important;}&#8221;][vc_tta_section title=&#8221;DOCTORADO EN&hellip;<\/p>\n","protected":false},"author":1,"featured_media":0,"parent":0,"menu_order":0,"comment_status":"closed","ping_status":"closed","template":"","meta":{"give_campaign_id":0,"footnotes":""},"class_list":["post-2705","page","type-page","status-publish","hentry"],"campaignId":"","_links":{"self":[{"href":"https:\/\/www.uees.edu.sv\/biblioteca\/wp-json\/wp\/v2\/pages\/2705","targetHints":{"allow":["GET"]}}],"collection":[{"href":"https:\/\/www.uees.edu.sv\/biblioteca\/wp-json\/wp\/v2\/pages"}],"about":[{"href":"https:\/\/www.uees.edu.sv\/biblioteca\/wp-json\/wp\/v2\/types\/page"}],"author":[{"embeddable":true,"href":"https:\/\/www.uees.edu.sv\/biblioteca\/wp-json\/wp\/v2\/users\/1"}],"replies":[{"embeddable":true,"href":"https:\/\/www.uees.edu.sv\/biblioteca\/wp-json\/wp\/v2\/comments?post=2705"}],"version-history":[{"count":14,"href":"https:\/\/www.uees.edu.sv\/biblioteca\/wp-json\/wp\/v2\/pages\/2705\/revisions"}],"predecessor-version":[{"id":3865,"href":"https:\/\/www.uees.edu.sv\/biblioteca\/wp-json\/wp\/v2\/pages\/2705\/revisions\/3865"}],"wp:attachment":[{"href":"https:\/\/www.uees.edu.sv\/biblioteca\/wp-json\/wp\/v2\/media?parent=2705"}],"curies":[{"name":"wp","href":"https:\/\/api.w.org\/{rel}","templated":true}]}}