{"id":2664,"date":"2021-09-08T21:04:50","date_gmt":"2021-09-08T21:04:50","guid":{"rendered":"https:\/\/www.uees.edu.sv\/biblioteca\/?page_id=2664"},"modified":"2022-10-22T15:51:33","modified_gmt":"2022-10-22T15:51:33","slug":"facultad-de-ingenieria","status":"publish","type":"page","link":"https:\/\/www.uees.edu.sv\/biblioteca\/facultad-de-ingenieria\/","title":{"rendered":"FACULTAD DE INGENIER\u00cdA"},"content":{"rendered":"<p>[vc_row][vc_column icons_position=&#8221;left&#8221;][vc_column_text]<\/p>\n<div id=\"comp-jfwmsb3w\" class=\"_1Q9if\" style=\"text-align: justify;\" data-testid=\"richTextElement\"><\/div>\n<div id=\"comp-jfwmruqe\" class=\"_1Q9if\" data-testid=\"richTextElement\">\n<div id=\"comp-ii0hr5jv\" class=\"_1Q9if\" data-testid=\"richTextElement\"><\/div>\n<div id=\"comp-jfwqyta6\" class=\"_1Q9if\" data-testid=\"richTextElement\">\n<p class=\"font_8\" style=\"text-align: justify;\">Los estudiantes y docentes de la Facultad de Ingenier\u00eda podr\u00e1n prestar nuevos materiales bibliogr\u00e1ficos en relaci\u00f3n a sus \u00e1reas, como el dise\u00f1o web, administraci\u00f3n de redes, bases de datos, etc.<\/p>\n<p class=\"font_8\" style=\"text-align: justify;\">La Biblioteca Central pone a disposici\u00f3n sus novedades en los siguientes enlaces:<\/p>\n<\/div>\n<\/div>\n<div id=\"comp-jfwmruqe\" class=\"_1Q9if\" data-testid=\"richTextElement\">\n<p>&nbsp;<\/p>\n<\/div>\n<p>[\/vc_column_text][\/vc_column][\/vc_row][vc_row][vc_column icons_position=&#8221;left&#8221;][vc_tta_tabs style=&#8221;flat&#8221; shape=&#8221;square&#8221; alignment=&#8221;center&#8221; active_section=&#8221;1&#8243; no_fill_content_area=&#8221;true&#8221; css=&#8221;.vc_custom_1631303906132{background-color: #ffffff !important;}&#8221;][vc_tta_section title=&#8221;INGENIER\u00cdA EN DESARROLLO DE CONTENIDOS DIGITALES Y ROB\u00d3TICA APLICADA&#8221; tab_id=&#8221;1645464121837-95253036-e2e6&#8243;][vc_masonry_media_grid grid_id=&#8221;vc_gid:1666453624187-da6e6eee-43fc-8&#8243; include=&#8221;3898,3899&#8243;][\/vc_tta_section][vc_tta_section title=&#8221;INGENIER\u00cdA EN SISTEMAS COMPUTACIONALES&#8221; tab_id=&#8221;1631303477914-e3fda778-17bf&#8221;][vc_masonry_media_grid grid_id=&#8221;vc_gid:1666453624188-d567e9fb-0887-10&#8243; include=&#8221;3895,3896,3897&#8243;][\/vc_tta_section][vc_tta_section title=&#8221;T\u00c9CNICO EN REDES Y SEGURIDAD INFORM\u00c1TICA&#8221; tab_id=&#8221;1666370278340-b07c279e-294d&#8221;][vc_column_text]<\/p>\n<div id=\"comp-jfvjvirs\" class=\"_1Q9if\" data-testid=\"richTextElement\">\n<h4 class=\"font_2\" style=\"text-align: center;\"><span class=\"color_33\">NUEVAS ADQUISICIONES EN T\u00c9CNICO EN REDES Y SEGURIDAD INFORM\u00c1TICA<\/span><\/h4>\n<\/div>\n<p>[\/vc_column_text][vc_masonry_media_grid grid_id=&#8221;vc_gid:1666453624189-31b84670-efaa-2&#8243; include=&#8221;3901,3902,3903,3904,3905,3906,3907,3908&#8243;][\/vc_tta_section][\/vc_tta_tabs][\/vc_column][\/vc_row]<\/p>\n","protected":false},"excerpt":{"rendered":"<p>[vc_row][vc_column icons_position=&#8221;left&#8221;][vc_column_text] Los estudiantes y docentes de la Facultad de Ingenier\u00eda podr\u00e1n&hellip;<\/p>\n","protected":false},"author":1,"featured_media":0,"parent":0,"menu_order":0,"comment_status":"closed","ping_status":"closed","template":"","meta":{"give_campaign_id":0,"footnotes":""},"class_list":["post-2664","page","type-page","status-publish","hentry"],"campaignId":"","_links":{"self":[{"href":"https:\/\/www.uees.edu.sv\/biblioteca\/wp-json\/wp\/v2\/pages\/2664","targetHints":{"allow":["GET"]}}],"collection":[{"href":"https:\/\/www.uees.edu.sv\/biblioteca\/wp-json\/wp\/v2\/pages"}],"about":[{"href":"https:\/\/www.uees.edu.sv\/biblioteca\/wp-json\/wp\/v2\/types\/page"}],"author":[{"embeddable":true,"href":"https:\/\/www.uees.edu.sv\/biblioteca\/wp-json\/wp\/v2\/users\/1"}],"replies":[{"embeddable":true,"href":"https:\/\/www.uees.edu.sv\/biblioteca\/wp-json\/wp\/v2\/comments?post=2664"}],"version-history":[{"count":19,"href":"https:\/\/www.uees.edu.sv\/biblioteca\/wp-json\/wp\/v2\/pages\/2664\/revisions"}],"predecessor-version":[{"id":4063,"href":"https:\/\/www.uees.edu.sv\/biblioteca\/wp-json\/wp\/v2\/pages\/2664\/revisions\/4063"}],"wp:attachment":[{"href":"https:\/\/www.uees.edu.sv\/biblioteca\/wp-json\/wp\/v2\/media?parent=2664"}],"curies":[{"name":"wp","href":"https:\/\/api.w.org\/{rel}","templated":true}]}}