{"id":2309,"date":"2021-08-19T16:22:55","date_gmt":"2021-08-19T16:22:55","guid":{"rendered":"https:\/\/www.uees.edu.sv\/biblioteca\/?page_id=2309"},"modified":"2022-06-01T21:23:55","modified_gmt":"2022-06-01T21:23:55","slug":"nuevas-adquisiciones","status":"publish","type":"page","link":"https:\/\/www.uees.edu.sv\/biblioteca\/nuevas-adquisiciones\/","title":{"rendered":"Nuevas Adquisiciones"},"content":{"rendered":"<p>[vc_row][vc_column width=&#8221;5\/6&#8243; icons_position=&#8221;left&#8221;][vc_column_text]<\/p>\n<p class=\"font_7\" style=\"text-align: justify;\"><span class=\"color_33\"><img fetchpriority=\"high\" decoding=\"async\" class=\"wp-image-2557 size-full aligncenter\" src=\"https:\/\/www.uees.edu.sv\/biblioteca\/wp-content\/uploads\/2021\/09\/DSC_7476-copia.jpg\" alt=\"\" width=\"900\" height=\"552\" srcset=\"https:\/\/www.uees.edu.sv\/biblioteca\/wp-content\/uploads\/2021\/09\/DSC_7476-copia.jpg 900w, https:\/\/www.uees.edu.sv\/biblioteca\/wp-content\/uploads\/2021\/09\/DSC_7476-copia-300x184.jpg 300w, https:\/\/www.uees.edu.sv\/biblioteca\/wp-content\/uploads\/2021\/09\/DSC_7476-copia-768x471.jpg 768w, https:\/\/www.uees.edu.sv\/biblioteca\/wp-content\/uploads\/2021\/09\/DSC_7476-copia-370x227.jpg 370w, https:\/\/www.uees.edu.sv\/biblioteca\/wp-content\/uploads\/2021\/09\/DSC_7476-copia-760x466.jpg 760w, https:\/\/www.uees.edu.sv\/biblioteca\/wp-content\/uploads\/2021\/09\/DSC_7476-copia-700x429.jpg 700w\" sizes=\"(max-width: 900px) 100vw, 900px\" \/><\/span><\/p>\n<p>&nbsp;<\/p>\n<p class=\"font_7\" style=\"text-align: justify;\"><span class=\"color_33\">Biblioteca Central te da la bienvenida a su p\u00e1gina oficial de Nuevas Adquisiciones en donde mostramos e informamos a toda nuestra comunidad de usuarios acerca material bibliogr\u00e1fico que se incorpora a nuestra estanter\u00eda.<\/span><\/p>\n<p class=\"font_7\" style=\"text-align: justify;\"><span class=\"color_33\">Cumplimos con el objetivo de mantener libros actualizados de acuerdo al plan de estudio de cada una de las carreras, en nuestra estanter\u00eda puedes verificar que contamos con una Colecci\u00f3n General amplia seg\u00fan las necesidades de informaci\u00f3n que cada Facultad que nuestra Universidad posee, puedes solicitar los ejemplares existentes en Biblioteca Central haciendo un pr\u00e9stamo interno o externo a trav\u00e9s de nuestro cat\u00e1logo en l\u00ednea.<\/span><\/p>\n<p>&nbsp;<\/p>\n<p>[\/vc_column_text][\/vc_column][vc_column width=&#8221;1\/6&#8243; icons_position=&#8221;left&#8221;][vc_single_image image=&#8221;2822&#8243; img_size=&#8221;full&#8221; alignment=&#8221;center&#8221; onclick=&#8221;custom_link&#8221; link=&#8221;https:\/\/www.uees.edu.sv\/biblioteca\/facultad-de-medicina1\/&#8221;][vc_column_text]\u00a0[\/vc_column_text][vc_single_image image=&#8221;2823&#8243; img_size=&#8221;full&#8221; alignment=&#8221;center&#8221; onclick=&#8221;custom_link&#8221; link=&#8221;https:\/\/www.uees.edu.sv\/biblioteca\/facultad-de-odontologia\/&#8221;][vc_column_text]\u00a0[\/vc_column_text][vc_single_image image=&#8221;2820&#8243; img_size=&#8221;full&#8221; alignment=&#8221;center&#8221; onclick=&#8221;custom_link&#8221; link=&#8221;https:\/\/www.uees.edu.sv\/biblioteca\/facultad-de-ingenieria\/&#8221;][vc_column_text]\u00a0[\/vc_column_text][vc_single_image image=&#8221;2818&#8243; img_size=&#8221;full&#8221; alignment=&#8221;center&#8221; onclick=&#8221;custom_link&#8221; link=&#8221;https:\/\/www.uees.edu.sv\/biblioteca\/facultad-de-ciencias-empresariales\/&#8221;][vc_column_text]\u00a0[\/vc_column_text][vc_single_image image=&#8221;2819&#8243; img_size=&#8221;full&#8221; alignment=&#8221;center&#8221; onclick=&#8221;custom_link&#8221; link=&#8221;https:\/\/www.uees.edu.sv\/biblioteca\/facultad-de-ciencias-sociales\/&#8221;][vc_column_text]\u00a0[\/vc_column_text][vc_single_image image=&#8221;2821&#8243; img_size=&#8221;full&#8221; alignment=&#8221;center&#8221; onclick=&#8221;custom_link&#8221; link=&#8221;https:\/\/www.uees.edu.sv\/biblioteca\/facultad-de-ciencias-juridicas\/&#8221;][vc_column_text]\u00a0[\/vc_column_text][vc_single_image image=&#8221;2848&#8243; img_size=&#8221;full&#8221; alignment=&#8221;center&#8221; onclick=&#8221;custom_link&#8221; link=&#8221;https:\/\/www.uees.edu.sv\/biblioteca\/revistas\/&#8221;][vc_column_text]\u00a0[\/vc_column_text][vc_single_image image=&#8221;3457&#8243; img_size=&#8221;full&#8221; alignment=&#8221;center&#8221; onclick=&#8221;custom_link&#8221; link=&#8221;https:\/\/www.uees.edu.sv\/biblioteca\/posgrados\/&#8221;][\/vc_column][\/vc_row]<\/p>\n","protected":false},"excerpt":{"rendered":"<p>[vc_row][vc_column width=&#8221;5\/6&#8243; icons_position=&#8221;left&#8221;][vc_column_text] &nbsp; Biblioteca Central te da la bienvenida a su&hellip;<\/p>\n","protected":false},"author":1,"featured_media":0,"parent":0,"menu_order":0,"comment_status":"closed","ping_status":"closed","template":"","meta":{"give_campaign_id":0,"footnotes":""},"class_list":["post-2309","page","type-page","status-publish","hentry"],"campaignId":"","_links":{"self":[{"href":"https:\/\/www.uees.edu.sv\/biblioteca\/wp-json\/wp\/v2\/pages\/2309","targetHints":{"allow":["GET"]}}],"collection":[{"href":"https:\/\/www.uees.edu.sv\/biblioteca\/wp-json\/wp\/v2\/pages"}],"about":[{"href":"https:\/\/www.uees.edu.sv\/biblioteca\/wp-json\/wp\/v2\/types\/page"}],"author":[{"embeddable":true,"href":"https:\/\/www.uees.edu.sv\/biblioteca\/wp-json\/wp\/v2\/users\/1"}],"replies":[{"embeddable":true,"href":"https:\/\/www.uees.edu.sv\/biblioteca\/wp-json\/wp\/v2\/comments?post=2309"}],"version-history":[{"count":33,"href":"https:\/\/www.uees.edu.sv\/biblioteca\/wp-json\/wp\/v2\/pages\/2309\/revisions"}],"predecessor-version":[{"id":3492,"href":"https:\/\/www.uees.edu.sv\/biblioteca\/wp-json\/wp\/v2\/pages\/2309\/revisions\/3492"}],"wp:attachment":[{"href":"https:\/\/www.uees.edu.sv\/biblioteca\/wp-json\/wp\/v2\/media?parent=2309"}],"curies":[{"name":"wp","href":"https:\/\/api.w.org\/{rel}","templated":true}]}}